{"id":276962,"date":"2025-09-10T11:00:45","date_gmt":"2025-09-10T15:00:45","guid":{"rendered":"https:\/\/mendomedical.ca\/product\/raisin-10mg-thc-sativa-gummy\/"},"modified":"2026-02-06T11:42:45","modified_gmt":"2026-02-06T16:42:45","slug":"raisin-10mg-thc-sativa-gummy","status":"publish","type":"product","link":"https:\/\/mendomedical.ca\/fr\/produit\/raisin-10mg-thc-sativa-gummy\/","title":{"rendered":"Raisin 10mg THC Sativa Gummy"},"content":{"rendered":"","protected":false},"excerpt":{"rendered":"<div class=\"ExternalClass0AA9CBF8FDDC417181E58C8A6B47FFF3\">\n<h3>Emprise Rapid Grape 10mg THC Sativa Gummy<\/h3>\n<p>Faites l&rsquo;exp\u00e9rience de la commodit\u00e9 du cannabis \u00e0 action rapide avec Emprise Rapid&rsquo;s Grape 10mg THC Sativa Gummy. Formul\u00e9 avec une technologie avanc\u00e9e d&rsquo;\u00e9mulsion de nano THC, ce produit comestible \u00e0 puissance maximale produit des effets en seulement 10 \u00e0 15 minutes, ce qui est nettement plus rapide que les produits comestibles traditionnels. Chaque gomme de 3 g, emball\u00e9e individuellement, contient 10 mg de THC provenant d&rsquo;un extrait de cannabis \u00e0 spectre complet, enrichi d&rsquo;un profil terp\u00e9nique sativa soigneusement s\u00e9lectionn\u00e9. V\u00e9g\u00e9talienne et naturellement aromatis\u00e9e, cette gomme infus\u00e9e au raisin offre aux patients de cannabis m\u00e9dical une exp\u00e9rience de dosage discr\u00e8te, pr\u00e9cise et pr\u00e9visible.   <\/p>\n<h4>Caract\u00e9ristiques principales<\/h4>\n<ul>\n<li>La technologie d&rsquo;action rapide permet d&rsquo;obtenir des effets en 10 \u00e0 15 minutes gr\u00e2ce \u00e0 des \u00e9mulsions de nano THC avanc\u00e9es.<\/li>\n<li>Puissance maximale de 10 mg de THC par gomme pour un dosage coh\u00e9rent et fiable<\/li>\n<li>Extrait de cannabis \u00e0 spectre complet avec un profil terp\u00e9nique sativa comprenant du d-limon\u00e8ne, du b\u00eata-caryophyll\u00e8ne et du myrc\u00e8ne.<\/li>\n<li>Vegan et naturellement aromatis\u00e9 au d\u00e9licieux go\u00fbt de raisin<\/li>\n<li>Format en portion individuelle (1 x 3g) id\u00e9al pour une consommation contr\u00f4l\u00e9e, sur le pouce.<\/li>\n<\/ul>\n<h4>Saveur, ar\u00f4me et profil des terp\u00e8nes<\/h4>\n<p>Ce chewing-gum offre un go\u00fbt de raisin juteux qui rend la m\u00e9dication agr\u00e9able tout en masquant le go\u00fbt naturel du cannabis. Le m\u00e9lange de terp\u00e8nes ax\u00e9 sur la sativa comprend du d-limon\u00e8ne, connu pour ses notes d&rsquo;agrumes et ses propri\u00e9t\u00e9s potentiellement stimulantes, du b\u00eata-caryophyll\u00e8ne, qui offre des nuances poivr\u00e9es et peut favoriser le bien-\u00eatre, et du myrc\u00e8ne, qui apporte des caract\u00e9ristiques terreuses et herbac\u00e9es. Ensemble, ces terp\u00e8nes compl\u00e8tent le profil fruit\u00e9 du raisin tout en renfor\u00e7ant potentiellement les effets sativa, qui peuvent inclure des sentiments d&rsquo;\u00e9nergie, de concentration, de cr\u00e9ativit\u00e9 et de clart\u00e9 mentale.  <\/p>\n<h4>Pourquoi choisir les plantes comestibles ?<\/h4>\n<p>Les edibles de cannabis offrent aux patients m\u00e9dicaux une alternative sans fum\u00e9e, avec une consommation discr\u00e8te et sans inhalation. La technologie d&rsquo;action rapide de ce chewing-gum rem\u00e9die \u00e0 l&rsquo;un des inconv\u00e9nients traditionnels des edibles - les longs temps d&rsquo;attente -, ce qui permet d&rsquo;ajuster plus facilement le dosage et d&rsquo;obtenir les effets souhait\u00e9s de mani\u00e8re plus pr\u00e9visible. Les edibles ont \u00e9galement des effets plus durables que les m\u00e9thodes d&rsquo;inhalation, ce qui peut \u00eatre b\u00e9n\u00e9fique pour les patients qui recherchent un soulagement durable tout au long de la journ\u00e9e.  <\/p>\n<h4>Exp\u00e9dition dans tout le Canada<\/h4>\n<p>Emprise Rapid Grape 10mg THC Sativa Gummy est exp\u00e9di\u00e9 rapidement \u00e0 travers le Canada, avec une livraison gratuite pour les commandes de plus de 150 $. Veuillez noter que les produits contenant de la g\u00e9latine peuvent fondre pendant l&rsquo;exp\u00e9dition durant les mois d&rsquo;\u00e9t\u00e9. Nous vous recommandons de tenir compte de ce probl\u00e8me potentiel lorsque vous passez votre commande.   Malheureusement, nous ne pouvons pas offrir de remboursement ou de remplacement pour les produits qui fondent pendant le transport. Nous vous remercions de votre compr\u00e9hension.<\/p>\n<h4>Avantages et couverture pour les anciens combattants<\/h4>\n<p>Ce produit est admissible \u00e0 la couverture d&rsquo;ACC (Anciens Combattants Canada) et \u00e0 la facturation directe par l&rsquo;entremise de la Croix Bleue, ce qui signifie que les anciens combattants admissibles n&rsquo;ont pas \u00e0 d\u00e9bourser d&rsquo;argent. Si vous n&rsquo;avez pas encore de carte de cannabis m\u00e9dical, vous pouvez en obtenir une rapidement et facilement gr\u00e2ce au <a href=\"https:\/\/mendomedical.ca\/fr\/carte-medicale\/\">processus de demande simplifi\u00e9 de Mendo Medical<\/a>, ce qui vous permettra d&rsquo;avoir acc\u00e8s aux produits de cannabis qui vous ont \u00e9t\u00e9 prescrits tout en b\u00e9n\u00e9ficiant d&rsquo;une couverture compl\u00e8te. <\/p>\n<h4>Ingr\u00e9dients<\/h4>\n<p>Sucre, sirop de tapioca, eau, Rapid Onset Nano (glyc\u00e9rine, eau, polysorbate 80, extraits de cannabis, huile MCT, monost\u00e9arate de sorbitan, sorbate de potassium, benzoate de sodium), pectine, ar\u00f4mes naturels, acide citrique, citrate de sodium, colorant naturel, terp\u00e8nes naturels.<\/p>\n<\/div>\n","protected":false},"featured_media":276961,"comment_status":"open","ping_status":"closed","template":"","meta":{"_acf_changed":false,"site-sidebar-layout":"default","site-content-layout":"","ast-site-content-layout":"default","site-content-style":"default","site-sidebar-style":"default","ast-global-header-display":"","ast-banner-title-visibility":"","ast-main-header-display":"","ast-hfb-above-header-display":"","ast-hfb-below-header-display":"","ast-hfb-mobile-header-display":"","site-post-title":"","ast-breadcrumbs-content":"","ast-featured-img":"","footer-sml-layout":"","ast-disable-related-posts":"","theme-transparent-header-meta":"default","adv-header-id-meta":"","stick-header-meta":"","header-above-stick-meta":"","header-main-stick-meta":"","header-below-stick-meta":"","astra-migrate-meta-layouts":"default","ast-page-background-enabled":"default","ast-page-background-meta":{"desktop":{"background-color":"var(--ast-global-color-4)","background-image":"","background-repeat":"repeat","background-position":"center center","background-size":"auto","background-attachment":"scroll","background-type":"","background-media":"","overlay-type":"","overlay-color":"","overlay-opacity":"","overlay-gradient":""},"tablet":{"background-color":"","background-image":"","background-repeat":"repeat","background-position":"center center","background-size":"auto","background-attachment":"scroll","background-type":"","background-media":"","overlay-type":"","overlay-color":"","overlay-opacity":"","overlay-gradient":""},"mobile":{"background-color":"","background-image":"","background-repeat":"repeat","background-position":"center center","background-size":"auto","background-attachment":"scroll","background-type":"","background-media":"","overlay-type":"","overlay-color":"","overlay-opacity":"","overlay-gradient":""}},"ast-content-background-meta":{"desktop":{"background-color":"var(--ast-global-color-5)","background-image":"","background-repeat":"repeat","background-position":"center center","background-size":"auto","background-attachment":"scroll","background-type":"","background-media":"","overlay-type":"","overlay-color":"","overlay-opacity":"","overlay-gradient":""},"tablet":{"background-color":"var(--ast-global-color-5)","background-image":"","background-repeat":"repeat","background-position":"center center","background-size":"auto","background-attachment":"scroll","background-type":"","background-media":"","overlay-type":"","overlay-color":"","overlay-opacity":"","overlay-gradient":""},"mobile":{"background-color":"var(--ast-global-color-5)","background-image":"","background-repeat":"repeat","background-position":"center center","background-size":"auto","background-attachment":"scroll","background-type":"","background-media":"","overlay-type":"","overlay-color":"","overlay-opacity":"","overlay-gradient":""}}},"product_brand":[],"product_cat":[1132,1128],"product_tag":[],"product_format_filter":[6366],"class_list":{"0":"post-276962","1":"product","2":"type-product","3":"status-publish","4":"has-post-thumbnail","6":"product_cat-bonbons","7":"product_cat-comestibles","8":"pa_flavours-fruite","9":"pa_intensity-thc-moyen","10":"pa_marques-emprise-rapid","11":"pa_origin-alberta-fr","12":"pa_type-de-plante-thc-fr","13":"product_format_filter-1units","14":"desktop-align-left","15":"tablet-align-left","16":"mobile-align-left","18":"first","19":"outofstock","20":"taxable","21":"shipping-taxable","22":"purchasable","23":"product-type-simple"},"group_of_quantity":0,"min_quantity":0,"max_quantity":"","exclude_order_quantity_value_rules":"no","exclude_category_quantity_rules":"no","combine_variations":"no","acf":[],"_links":{"self":[{"href":"https:\/\/mendomedical.ca\/fr\/wp-json\/wp\/v2\/product\/276962","targetHints":{"allow":["GET"]}}],"collection":[{"href":"https:\/\/mendomedical.ca\/fr\/wp-json\/wp\/v2\/product"}],"about":[{"href":"https:\/\/mendomedical.ca\/fr\/wp-json\/wp\/v2\/types\/product"}],"replies":[{"embeddable":true,"href":"https:\/\/mendomedical.ca\/fr\/wp-json\/wp\/v2\/comments?post=276962"}],"wp:featuredmedia":[{"embeddable":true,"href":"https:\/\/mendomedical.ca\/fr\/wp-json\/wp\/v2\/media\/276961"}],"wp:attachment":[{"href":"https:\/\/mendomedical.ca\/fr\/wp-json\/wp\/v2\/media?parent=276962"}],"wp:term":[{"taxonomy":"product_brand","embeddable":true,"href":"https:\/\/mendomedical.ca\/fr\/wp-json\/wp\/v2\/product_brand?post=276962"},{"taxonomy":"product_cat","embeddable":true,"href":"https:\/\/mendomedical.ca\/fr\/wp-json\/wp\/v2\/product_cat?post=276962"},{"taxonomy":"product_tag","embeddable":true,"href":"https:\/\/mendomedical.ca\/fr\/wp-json\/wp\/v2\/product_tag?post=276962"},{"taxonomy":"product_format_filter","embeddable":true,"href":"https:\/\/mendomedical.ca\/fr\/wp-json\/wp\/v2\/product_format_filter?post=276962"}],"curies":[{"name":"wp","href":"https:\/\/api.w.org\/{rel}","templated":true}]}}