{"id":276953,"date":"2024-01-01T06:04:00","date_gmt":"2024-01-01T11:04:00","guid":{"rendered":"https:\/\/mendomedical.ca\/product\/cerise-10mg-thc-indica-gummy\/"},"modified":"2026-02-06T11:49:00","modified_gmt":"2026-02-06T16:49:00","slug":"cerise-10mg-thc-indica-gummy","status":"publish","type":"product","link":"https:\/\/mendomedical.ca\/fr\/produit\/cerise-10mg-thc-indica-gummy\/","title":{"rendered":"Cerise 10mg THC Indica Gummy"},"content":{"rendered":"","protected":false},"excerpt":{"rendered":"<div class=\"ExternalClass88587B3C7EDD41DE8EF0D75E948317BD\">\n<h3>Emprise Rapid Cherry 10mg THC Indica Gummy<\/h3>\n<p>Faites l&rsquo;exp\u00e9rience d&rsquo;un soulagement \u00e0 action rapide avec le Cherry 10mg THC Indica Gummy d&rsquo;Emprise Rapid, un edible pr\u00e9cis\u00e9ment dos\u00e9 con\u00e7u pour les patients de cannabis m\u00e9dical \u00e0 la recherche d&rsquo;effets rapides et fiables. Formul\u00e9 avec des \u00e9mulsions avanc\u00e9es de nano-THC, ce chewing-gum v\u00e9g\u00e9talien offre un effet rapide en seulement 10 \u00e0 15 minutes, ce qui est nettement plus rapide que les edibles traditionnels. Chaque gomme de 3g emball\u00e9e individuellement contient la puissance maximale autoris\u00e9e de 10mg de THC, combin\u00e9e \u00e0 un extrait de cannabis \u00e0 spectre complet et \u00e0 un profil terp\u00e9nique de type Indica comprenant du myrc\u00e8ne, du b\u00eata-caryophyll\u00e8ne et du linalol. Avec son d\u00e9licieux go\u00fbt de cerise juteuse et ses ingr\u00e9dients naturels, cette gomme offre une option pratique et discr\u00e8te pour les utilisateurs m\u00e9dicaux tout au long de la journ\u00e9e ou de la soir\u00e9e.   <\/p>\n<h4>Caract\u00e9ristiques principales<\/h4>\n<ul>\n<li>La technologie d&rsquo;action rapide permet d&rsquo;obtenir des effets en 10 \u00e0 15 minutes gr\u00e2ce \u00e0 des \u00e9mulsions avanc\u00e9es de nano-THC.<\/li>\n<li>Puissance maximale de 10 mg de THC par gomme pour un dosage coh\u00e9rent et fiable<\/li>\n<li>Extrait de cannabis \u00e0 spectre complet de THC avec profil terp\u00e9nique Indica (myrc\u00e8ne, b\u00eata-caryophyll\u00e8ne, linalol)<\/li>\n<li>Formule v\u00e9g\u00e9talienne et naturelle au go\u00fbt authentique de cerise juteuse<\/li>\n<li>Gomme de 3g emball\u00e9e individuellement pour plus de commodit\u00e9, de discr\u00e9tion et un contr\u00f4le pr\u00e9cis du dosage.<\/li>\n<\/ul>\n<h4>Saveur, ar\u00f4me et profil des terp\u00e8nes<\/h4>\n<p>Cette gomme se caract\u00e9rise par un authentique go\u00fbt de cerise juteuse qui masque le go\u00fbt du cannabis tout en offrant une exp\u00e9rience de consommation agr\u00e9able. Le profil terp\u00e9nique \u00e0 dominance indica comprend du myrc\u00e8ne, connu pour ses notes terreuses et herbac\u00e9es, du b\u00eata-caryophyll\u00e8ne, qui apporte un caract\u00e8re \u00e9pic\u00e9 subtil, et du linalol, qui offre des nuances florales. Ensemble, ces terp\u00e8nes peuvent favoriser des effets potentiels tels que la relaxation, le calme, la s\u00e9dation et l&rsquo;introspection, tout en procurant des sensations d&rsquo;euphorie, de cr\u00e9ativit\u00e9 et de clart\u00e9 d&rsquo;esprit. L&rsquo;ar\u00f4me naturel de cerise compl\u00e8te le profil des terp\u00e8nes, cr\u00e9ant une exp\u00e9rience comestible agr\u00e9able et accessible.   <\/p>\n<h4>Pourquoi choisir les plantes comestibles ?<\/h4>\n<p>Les produits comestibles comme le Emprise Rapid Cherry Gummy offrent aux patients du cannabis m\u00e9dical une m\u00e9thode de consommation discr\u00e8te et sans fum\u00e9e, avec un dosage pr\u00e9cis. Ils produisent des effets plus durables que les m\u00e9thodes d&rsquo;inhalation, ce qui peut contribuer \u00e0 un soulagement durable tout au long de la journ\u00e9e ou de la nuit. La technologie d&rsquo;action rapide de ce produit r\u00e9pond \u00e0 l&rsquo;un des inconv\u00e9nients traditionnels des edibles, permettant aux patients de ressentir les effets plus rapidement et d&rsquo;ajuster leur dosage plus efficacement.  <\/p>\n<h4>Exp\u00e9dition dans tout le Canada<\/h4>\n<p>La gomme Emprise Rapid Cherry 10mg THC Indica est exp\u00e9di\u00e9e rapidement \u00e0 travers le Canada, avec une livraison gratuite pour les commandes de plus de 150$. Veuillez noter que les produits contenant de la g\u00e9latine peuvent fondre pendant l&rsquo;exp\u00e9dition durant les mois d&rsquo;\u00e9t\u00e9. Nous vous recommandons de tenir compte de ce probl\u00e8me potentiel lorsque vous passez votre commande.   Malheureusement, nous ne pouvons pas offrir de remboursement ou de remplacement pour les produits qui fondent pendant le transport. Nous vous remercions de votre compr\u00e9hension.<\/p>\n<h4>Avantages et couverture pour les anciens combattants<\/h4>\n<p>La gomme Emprise Rapid Cherry 10mg THC Indica est admissible \u00e0 la couverture d&rsquo;ACC (Anciens Combattants Canada) et \u00e0 la facturation directe par l&rsquo;entremise de la Croix Bleue, ce qui signifie que les anciens combattants admissibles n&rsquo;ont pas \u00e0 d\u00e9bourser d&rsquo;argent. Si vous n&rsquo;avez pas encore de carte de cannabis m\u00e9dical, vous pouvez <a href=\"https:\/\/mendomedical.ca\/fr\/carte-medicale\/\">obtenir votre carte m\u00e9dicale gratuite rapidement et facilement<\/a> pour acc\u00e9der \u00e0 ces avantages et commencer votre traitement. <\/p>\n<h4>Ingr\u00e9dients<\/h4>\n<p>Sucre, sirop de tapioca, eau, Rapid Onset Nano (glyc\u00e9rine, eau, polysorbate 80, extraits de cannabis, huile MCT, monost\u00e9arate de sorbitan, sorbate de potassium, benzoate de sodium), pectine, ar\u00f4mes naturels, acide citrique, citrate de sodium, colorant naturel, terp\u00e8nes naturels.<\/p>\n<\/div>\n","protected":false},"featured_media":276952,"comment_status":"open","ping_status":"closed","template":"","meta":{"_acf_changed":false,"site-sidebar-layout":"default","site-content-layout":"","ast-site-content-layout":"default","site-content-style":"default","site-sidebar-style":"default","ast-global-header-display":"","ast-banner-title-visibility":"","ast-main-header-display":"","ast-hfb-above-header-display":"","ast-hfb-below-header-display":"","ast-hfb-mobile-header-display":"","site-post-title":"","ast-breadcrumbs-content":"","ast-featured-img":"","footer-sml-layout":"","ast-disable-related-posts":"","theme-transparent-header-meta":"default","adv-header-id-meta":"","stick-header-meta":"","header-above-stick-meta":"","header-main-stick-meta":"","header-below-stick-meta":"","astra-migrate-meta-layouts":"default","ast-page-background-enabled":"default","ast-page-background-meta":{"desktop":{"background-color":"var(--ast-global-color-4)","background-image":"","background-repeat":"repeat","background-position":"center center","background-size":"auto","background-attachment":"scroll","background-type":"","background-media":"","overlay-type":"","overlay-color":"","overlay-opacity":"","overlay-gradient":""},"tablet":{"background-color":"","background-image":"","background-repeat":"repeat","background-position":"center center","background-size":"auto","background-attachment":"scroll","background-type":"","background-media":"","overlay-type":"","overlay-color":"","overlay-opacity":"","overlay-gradient":""},"mobile":{"background-color":"","background-image":"","background-repeat":"repeat","background-position":"center center","background-size":"auto","background-attachment":"scroll","background-type":"","background-media":"","overlay-type":"","overlay-color":"","overlay-opacity":"","overlay-gradient":""}},"ast-content-background-meta":{"desktop":{"background-color":"var(--ast-global-color-5)","background-image":"","background-repeat":"repeat","background-position":"center center","background-size":"auto","background-attachment":"scroll","background-type":"","background-media":"","overlay-type":"","overlay-color":"","overlay-opacity":"","overlay-gradient":""},"tablet":{"background-color":"var(--ast-global-color-5)","background-image":"","background-repeat":"repeat","background-position":"center center","background-size":"auto","background-attachment":"scroll","background-type":"","background-media":"","overlay-type":"","overlay-color":"","overlay-opacity":"","overlay-gradient":""},"mobile":{"background-color":"var(--ast-global-color-5)","background-image":"","background-repeat":"repeat","background-position":"center center","background-size":"auto","background-attachment":"scroll","background-type":"","background-media":"","overlay-type":"","overlay-color":"","overlay-opacity":"","overlay-gradient":""}}},"product_brand":[],"product_cat":[1132,1128],"product_tag":[],"product_format_filter":[6366],"class_list":{"0":"post-276953","1":"product","2":"type-product","3":"status-publish","4":"has-post-thumbnail","6":"product_cat-bonbons","7":"product_cat-comestibles","8":"pa_flavours-fruite","9":"pa_intensity-thc-moyen","10":"pa_marques-emprise-rapid","11":"pa_origin-alberta-fr","12":"product_format_filter-1units","13":"desktop-align-left","14":"tablet-align-left","15":"mobile-align-left","17":"first","18":"instock","19":"taxable","20":"shipping-taxable","21":"purchasable","22":"product-type-simple"},"group_of_quantity":0,"min_quantity":0,"max_quantity":"","exclude_order_quantity_value_rules":"no","exclude_category_quantity_rules":"no","combine_variations":"no","acf":[],"_links":{"self":[{"href":"https:\/\/mendomedical.ca\/fr\/wp-json\/wp\/v2\/product\/276953","targetHints":{"allow":["GET"]}}],"collection":[{"href":"https:\/\/mendomedical.ca\/fr\/wp-json\/wp\/v2\/product"}],"about":[{"href":"https:\/\/mendomedical.ca\/fr\/wp-json\/wp\/v2\/types\/product"}],"replies":[{"embeddable":true,"href":"https:\/\/mendomedical.ca\/fr\/wp-json\/wp\/v2\/comments?post=276953"}],"wp:featuredmedia":[{"embeddable":true,"href":"https:\/\/mendomedical.ca\/fr\/wp-json\/wp\/v2\/media\/276952"}],"wp:attachment":[{"href":"https:\/\/mendomedical.ca\/fr\/wp-json\/wp\/v2\/media?parent=276953"}],"wp:term":[{"taxonomy":"product_brand","embeddable":true,"href":"https:\/\/mendomedical.ca\/fr\/wp-json\/wp\/v2\/product_brand?post=276953"},{"taxonomy":"product_cat","embeddable":true,"href":"https:\/\/mendomedical.ca\/fr\/wp-json\/wp\/v2\/product_cat?post=276953"},{"taxonomy":"product_tag","embeddable":true,"href":"https:\/\/mendomedical.ca\/fr\/wp-json\/wp\/v2\/product_tag?post=276953"},{"taxonomy":"product_format_filter","embeddable":true,"href":"https:\/\/mendomedical.ca\/fr\/wp-json\/wp\/v2\/product_format_filter?post=276953"}],"curies":[{"name":"wp","href":"https:\/\/api.w.org\/{rel}","templated":true}]}}