{"id":276949,"date":"2024-01-01T11:20:00","date_gmt":"2024-01-01T16:20:00","guid":{"rendered":"https:\/\/mendomedical.ca\/product\/gomme-a-macher-peach-10mg-thc-10mg-cbd\/"},"modified":"2026-02-06T11:49:00","modified_gmt":"2026-02-06T16:49:00","slug":"gomme-a-macher-peach-10mg-thc-10mg-cbd","status":"publish","type":"product","link":"https:\/\/mendomedical.ca\/fr\/produit\/gomme-a-macher-peach-10mg-thc-10mg-cbd\/","title":{"rendered":"Gomme \u00e0 m\u00e2cher Peach 10mg THC + 10mg CBD"},"content":{"rendered":"","protected":false},"excerpt":{"rendered":"<div class=\"ExternalClass7A4B6AC53D244C2FBBCA1CB3B3563CEA\">\n<h3>Emprise Rapid Peach 10mg THC + 10mg CBD Gummy<\/h3>\n<p>Faites l&rsquo;exp\u00e9rience d&rsquo;un soulagement \u00e9quilibr\u00e9 avec Peach 10:10 Gummy d&rsquo;Emprise Rapid, un edible soigneusement formul\u00e9 qui combine 10mg de THC et 10mg de CBD pour une exp\u00e9rience harmonieuse du cannabis. Ce chewing-gum v\u00e9g\u00e9talien utilise la technologie Advanced Nano THC Emulsion, qui permet d&rsquo;obtenir des effets rapides en seulement 10 \u00e0 15 minutes, ce qui est nettement plus rapide que les edibles traditionnels. Infus\u00e9e avec des extraits de cannabis \u00e0 spectre complet et un profil terp\u00e9nique soigneusement s\u00e9lectionn\u00e9, cette gomme juteuse au go\u00fbt de p\u00eache offre aux consommateurs de cannabis m\u00e9dical une option pratique et pr\u00e9cis\u00e9ment dos\u00e9e pour g\u00e9rer leur routine de bien-\u00eatre.  <\/p>\n<h4>Caract\u00e9ristiques principales<\/h4>\n<ul>\n<li>Formulation \u00e9quilibr\u00e9e de 10 mg de THC et 10 mg de CBD pour un soutien complet des cannabino\u00efdes<\/li>\n<li>La technologie d&rsquo;action rapide s&rsquo;active en 10 \u00e0 15 minutes, beaucoup plus rapidement que les edibles conventionnels.<\/li>\n<li>Enrichi en terp\u00e8nes d-limon\u00e8ne, b\u00eata-caryophyll\u00e8ne, myrc\u00e8ne et linalol pour une exp\u00e9rience \u00e9quilibr\u00e9e.<\/li>\n<li>V\u00e9g\u00e9talien et compos\u00e9 d&rsquo;ingr\u00e9dients naturels pour une option propre et v\u00e9g\u00e9tale.<\/li>\n<li>Le format unique de gomme de 3 g permet un dosage pratique, discret et pr\u00e9cis.<\/li>\n<\/ul>\n<h4>Saveur, ar\u00f4me et profil cannabique<\/h4>\n<p>Cette gomme offre un authentique go\u00fbt de p\u00eache juteuse qui rend la consommation agr\u00e9able tout en masquant le go\u00fbt naturel du cannabis. Le profil aromatique pr\u00e9sente des notes vives et fruit\u00e9es de p\u00eache qui plaisent \u00e0 ceux qui pr\u00e9f\u00e8rent les options m\u00e9dicinales au go\u00fbt agr\u00e9able. <\/p>\n<p>Le profil cannabino\u00efde pr\u00e9sente un rapport \u00e9gal de 10:10 entre le THC et le CBD, procurant un effet \u00e9quilibr\u00e9 que de nombreux utilisateurs m\u00e9dicaux trouvent utile pour g\u00e9rer divers probl\u00e8mes. Cette formulation est enrichie d&rsquo;un m\u00e9lange de terp\u00e8nes comprenant du d-limon\u00e8ne (souvent associ\u00e9 \u00e0 des propri\u00e9t\u00e9s stimulantes), du b\u00eata-caryophyll\u00e8ne (connu pour ses caract\u00e9ristiques anti-inflammatoires potentielles), du myrc\u00e8ne (g\u00e9n\u00e9ralement associ\u00e9 \u00e0 des effets relaxants) et du linalol (fr\u00e9quemment associ\u00e9 \u00e0 des sensations apaisantes). Ensemble, ces terp\u00e8nes compl\u00e8tent les cannabino\u00efdes pour cr\u00e9er une exp\u00e9rience \u00e0 spectre complet qui peut favoriser les sentiments de relaxation, de concentration et d&rsquo;\u00e9quilibre.  <\/p>\n<h4>Pourquoi choisir les plantes comestibles ?<\/h4>\n<p>Les edibles de cannabis tels que les gommes offrent aux utilisateurs m\u00e9dicaux une m\u00e9thode de consommation sans fum\u00e9e et respectueuse des poumons, avec une portabilit\u00e9 discr\u00e8te et un dosage pr\u00e9cis. Le rapport 1:1 THC:CBD de ce produit est particuli\u00e8rement appr\u00e9ci\u00e9 des utilisateurs m\u00e9dicaux qui recherchent des effets \u00e9quilibr\u00e9s sans psychoactivit\u00e9 excessive. Gr\u00e2ce \u00e0 la technologie d&rsquo;action rapide, cette gomme r\u00e9pond \u00e0 l&rsquo;un des principaux d\u00e9fis des edibles traditionnels, \u00e0 savoir le temps d&rsquo;attente, ce qui permet d&rsquo;\u00e9valuer plus facilement le dosage appropri\u00e9 et d&rsquo;obtenir plus rapidement les effets souhait\u00e9s.  <\/p>\n<h4>Exp\u00e9dition dans tout le Canada<\/h4>\n<p>Emprise Rapid Peach 10mg THC + 10mg CBD Gummy est exp\u00e9di\u00e9 rapidement au Canada par Mendo Medical, avec une livraison gratuite pour les commandes de plus de 150 $. Veuillez noter que les produits contenant de la g\u00e9latine peuvent fondre pendant l&rsquo;exp\u00e9dition durant les mois d&rsquo;\u00e9t\u00e9. Nous vous recommandons de tenir compte de ce probl\u00e8me potentiel lorsque vous passez votre commande.   Malheureusement, nous ne pouvons pas offrir de remboursement ou de remplacement pour les produits qui fondent pendant le transport. Nous vous remercions de votre compr\u00e9hension.<\/p>\n<h4>Avantages et couverture pour les anciens combattants<\/h4>\n<p>Ce produit est admissible \u00e0 la couverture d&rsquo;Anciens Combattants Canada (ACC) et \u00e0 la facturation directe par la Croix Bleue, ce qui signifie que les anciens combattants admissibles n&rsquo;ont pas \u00e0 d\u00e9bourser d&rsquo;argent. Si vous n&rsquo;avez pas encore de carte de cannabis m\u00e9dical, vous pouvez en obtenir une rapidement et facilement gr\u00e2ce au <a href=\"https:\/\/mendomedical.ca\/fr\/carte-medicale\/\">processus de demande simplifi\u00e9 de Mendo Medical<\/a>, ce qui vous permettra d&rsquo;acc\u00e9der \u00e0 ces avantages et d&rsquo;acheter des produits de cannabis de qualit\u00e9 m\u00e9dicale en toute l\u00e9galit\u00e9. <\/p>\n<h4>Ingr\u00e9dients<\/h4>\n<p>Sucre, sirop de tapioca, eau, Rapid Onset Nano (glyc\u00e9rine, eau, polysorbate 80, extraits de cannabis, huile MCT, monost\u00e9arate de sorbitan, sorbate de potassium, benzoate de sodium), pectine, ar\u00f4mes naturels, acide citrique, citrate de sodium, colorant naturel, terp\u00e8nes naturels.<\/p>\n<\/div>\n","protected":false},"featured_media":276947,"comment_status":"open","ping_status":"closed","template":"","meta":{"_acf_changed":false,"site-sidebar-layout":"default","site-content-layout":"","ast-site-content-layout":"default","site-content-style":"default","site-sidebar-style":"default","ast-global-header-display":"","ast-banner-title-visibility":"","ast-main-header-display":"","ast-hfb-above-header-display":"","ast-hfb-below-header-display":"","ast-hfb-mobile-header-display":"","site-post-title":"","ast-breadcrumbs-content":"","ast-featured-img":"","footer-sml-layout":"","ast-disable-related-posts":"","theme-transparent-header-meta":"default","adv-header-id-meta":"","stick-header-meta":"","header-above-stick-meta":"","header-main-stick-meta":"","header-below-stick-meta":"","astra-migrate-meta-layouts":"default","ast-page-background-enabled":"default","ast-page-background-meta":{"desktop":{"background-color":"var(--ast-global-color-4)","background-image":"","background-repeat":"repeat","background-position":"center center","background-size":"auto","background-attachment":"scroll","background-type":"","background-media":"","overlay-type":"","overlay-color":"","overlay-opacity":"","overlay-gradient":""},"tablet":{"background-color":"","background-image":"","background-repeat":"repeat","background-position":"center center","background-size":"auto","background-attachment":"scroll","background-type":"","background-media":"","overlay-type":"","overlay-color":"","overlay-opacity":"","overlay-gradient":""},"mobile":{"background-color":"","background-image":"","background-repeat":"repeat","background-position":"center center","background-size":"auto","background-attachment":"scroll","background-type":"","background-media":"","overlay-type":"","overlay-color":"","overlay-opacity":"","overlay-gradient":""}},"ast-content-background-meta":{"desktop":{"background-color":"var(--ast-global-color-5)","background-image":"","background-repeat":"repeat","background-position":"center center","background-size":"auto","background-attachment":"scroll","background-type":"","background-media":"","overlay-type":"","overlay-color":"","overlay-opacity":"","overlay-gradient":""},"tablet":{"background-color":"var(--ast-global-color-5)","background-image":"","background-repeat":"repeat","background-position":"center center","background-size":"auto","background-attachment":"scroll","background-type":"","background-media":"","overlay-type":"","overlay-color":"","overlay-opacity":"","overlay-gradient":""},"mobile":{"background-color":"var(--ast-global-color-5)","background-image":"","background-repeat":"repeat","background-position":"center center","background-size":"auto","background-attachment":"scroll","background-type":"","background-media":"","overlay-type":"","overlay-color":"","overlay-opacity":"","overlay-gradient":""}}},"product_brand":[],"product_cat":[1132,1128],"product_tag":[],"product_format_filter":[],"class_list":{"0":"post-276949","1":"product","2":"type-product","3":"status-publish","4":"has-post-thumbnail","6":"product_cat-bonbons","7":"product_cat-comestibles","8":"pa_flavours-fruite","9":"pa_intensity-med-cbn-fr","10":"pa_intensity-thc-moyen","11":"pa_marques-emprise-rapid","12":"pa_origin-alberta-fr","13":"pa_type-de-plante-thc-fr","14":"desktop-align-left","15":"tablet-align-left","16":"mobile-align-left","18":"first","19":"instock","20":"taxable","21":"shipping-taxable","22":"purchasable","23":"product-type-simple"},"group_of_quantity":0,"min_quantity":0,"max_quantity":"","exclude_order_quantity_value_rules":"no","exclude_category_quantity_rules":"no","combine_variations":"no","acf":[],"_links":{"self":[{"href":"https:\/\/mendomedical.ca\/fr\/wp-json\/wp\/v2\/product\/276949","targetHints":{"allow":["GET"]}}],"collection":[{"href":"https:\/\/mendomedical.ca\/fr\/wp-json\/wp\/v2\/product"}],"about":[{"href":"https:\/\/mendomedical.ca\/fr\/wp-json\/wp\/v2\/types\/product"}],"replies":[{"embeddable":true,"href":"https:\/\/mendomedical.ca\/fr\/wp-json\/wp\/v2\/comments?post=276949"}],"wp:featuredmedia":[{"embeddable":true,"href":"https:\/\/mendomedical.ca\/fr\/wp-json\/wp\/v2\/media\/276947"}],"wp:attachment":[{"href":"https:\/\/mendomedical.ca\/fr\/wp-json\/wp\/v2\/media?parent=276949"}],"wp:term":[{"taxonomy":"product_brand","embeddable":true,"href":"https:\/\/mendomedical.ca\/fr\/wp-json\/wp\/v2\/product_brand?post=276949"},{"taxonomy":"product_cat","embeddable":true,"href":"https:\/\/mendomedical.ca\/fr\/wp-json\/wp\/v2\/product_cat?post=276949"},{"taxonomy":"product_tag","embeddable":true,"href":"https:\/\/mendomedical.ca\/fr\/wp-json\/wp\/v2\/product_tag?post=276949"},{"taxonomy":"product_format_filter","embeddable":true,"href":"https:\/\/mendomedical.ca\/fr\/wp-json\/wp\/v2\/product_format_filter?post=276949"}],"curies":[{"name":"wp","href":"https:\/\/api.w.org\/{rel}","templated":true}]}}