{"id":276948,"date":"2024-01-01T06:01:00","date_gmt":"2024-01-01T11:01:00","guid":{"rendered":"https:\/\/mendomedical.ca\/product\/gummy-multicannabinoid-25mg-sour-raspberry\/"},"modified":"2026-02-12T16:37:15","modified_gmt":"2026-02-12T21:37:15","slug":"gummy-multicannabinoid-25mg-sour-raspberry","status":"publish","type":"product","link":"https:\/\/mendomedical.ca\/fr\/produit\/gummy-multicannabinoid-25mg-sour-raspberry\/","title":{"rendered":"Gummy Multicannabinoid 25mg Sour Raspberry"},"content":{"rendered":"","protected":false},"excerpt":{"rendered":"<div class=\"ExternalClassFC2E6AAB1BD04E20BD804893DC4E67EA\">\n<h3>Sour Raspberry 25mg Multicannabinoid Gummy by Emprise Rapid<\/h3>\n<p>D\u00e9couvrez la nouvelle g\u00e9n\u00e9ration d&rsquo;edibles au cannabis avec les gommes Multicannabino\u00efdes 25mg Sour Raspberry d&rsquo;Emprise Rapid. Cette formulation innovante associe la technologie Advanced Nano THC Emulsion \u00e0 un m\u00e9lange \u00e9quilibr\u00e9 de cinq cannabino\u00efdes -HC, CBN, CBG, CBC et CBD - d\u00e9livrant 5 mg de chacun d&rsquo;entre eux par gomme. Con\u00e7u pour un effet rapide en seulement 10 \u00e0 15 minutes, ce produit comestible v\u00e9g\u00e9talien \u00e0 l&rsquo;ar\u00f4me naturel offre une alternative plus rapide et plus efficace aux gommes de cannabis traditionnelles. La saveur juteuse de framboise acidul\u00e9e est compl\u00e9t\u00e9e par un profil terp\u00e9nique soigneusement s\u00e9lectionn\u00e9 comprenant du d-limon\u00e8ne, du b\u00eata-caryophyll\u00e8ne, du myrc\u00e8ne et du linalol, cr\u00e9ant une exp\u00e9rience bien \u00e9quilibr\u00e9e adapt\u00e9e \u00e0 divers besoins de bien-\u00eatre tout au long de la journ\u00e9e.   <\/p>\n<h4>Caract\u00e9ristiques principales<\/h4>\n<ul>\n<li>La technologie d&rsquo;action rapide permet d&rsquo;obtenir des effets en 10 \u00e0 15 minutes gr\u00e2ce \u00e0 des \u00e9mulsions avanc\u00e9es de nano-THC.<\/li>\n<li>Formule multicannabino\u00efde \u00e9quilibr\u00e9e avec 5 mg de THC, CBN, CBG, CBC et CBD par gomme.<\/li>\n<li>Extrait de cannabis \u00e0 spectre complet avec un m\u00e9lange de terp\u00e8nes Sativa:Indica comprenant du d-limon\u00e8ne, du b\u00eata-caryophyll\u00e8ne, du myrc\u00e8ne et du linalol.<\/li>\n<li>Vegan et naturellement aromatis\u00e9 avec un d\u00e9licieux go\u00fbt de framboise acidul\u00e9e<\/li>\n<li>Format pratique de 3g en portion unique avec 25mg de cannabino\u00efdes par paquet.<\/li>\n<\/ul>\n<h4>Saveur, ar\u00f4me et profil cannabique<\/h4>\n<p>La gomme \u00e0 m\u00e2cher Multicannabino\u00efdes Sour Raspberry 25mg offre une saveur de framboise acidul\u00e9e et juteuse avec un coup de fouet aigre satisfaisant qui pla\u00eet aux amateurs de baies. Le profil aromatique pr\u00e9sente des notes de framboises vives et juteuses qui compl\u00e8tent l&rsquo;exp\u00e9rience gustative. <\/p>\n<p>Cette formulation multicannabino\u00efde fournit 5 mg de THC, CBN, CBG, CBC et CBD, offrant un spectre \u00e9quilibr\u00e9 de cannabino\u00efdes qui peuvent soutenir divers objectifs de bien-\u00eatre. Le profil terp\u00e9nique comprend du d-limon\u00e8ne pour son caract\u00e8re d&rsquo;agrume stimulant, du b\u00eata-caryophyll\u00e8ne pour ses notes \u00e9pic\u00e9es et poivr\u00e9es, du myrc\u00e8ne pour ses qualit\u00e9s terreuses et v\u00e9g\u00e9tales, et du linalol pour ses attributs floraux et apaisants. Ensemble, ces compos\u00e9s agissent en synergie pour cr\u00e9er une exp\u00e9rience globale qui peut aller de l&rsquo;euphorie et de l&rsquo;\u00e9nergie au calme et \u00e0 la d\u00e9tente, en fonction des r\u00e9actions individuelles et du dosage.  <\/p>\n<h4>Pourquoi choisir les plantes comestibles ?<\/h4>\n<p>Les edibles de cannabis tels que les gommes offrent aux utilisateurs m\u00e9dicaux une m\u00e9thode de consommation discr\u00e8te, sans fum\u00e9e, avec des effets plus durables que l&rsquo;inhalation. Le dosage pr\u00e9cis des gommes Emprise Rapid permet des exp\u00e9riences coh\u00e9rentes et contr\u00f4l\u00e9es, tandis que la technologie d&rsquo;action rapide r\u00e9pond \u00e0 un probl\u00e8me courant avec les edibles traditionnels, \u00e0 savoir les longs d\u00e9lais d&rsquo;attente. Les edibles sont donc un excellent choix pour les patients qui recherchent un soulagement pr\u00e9visible sans avoir besoin de fumer ou de vaper.  <\/p>\n<h4>Exp\u00e9dition dans tout le Canada<\/h4>\n<p>Sour Raspberry 25mg Multicannabinoid Gummy est exp\u00e9di\u00e9 rapidement au Canada, et la livraison est gratuite pour les commandes de plus de 150 $. Veuillez noter que les produits contenant de la g\u00e9latine peuvent fondre pendant l&rsquo;exp\u00e9dition durant les mois d&rsquo;\u00e9t\u00e9. Nous vous recommandons de tenir compte de ce probl\u00e8me potentiel lorsque vous passez votre commande.   Malheureusement, nous ne pouvons pas offrir de remboursement ou de remplacement pour les produits qui fondent pendant le transport. Nous vous remercions de votre compr\u00e9hension.<\/p>\n<h4>Avantages et couverture pour les anciens combattants<\/h4>\n<p>Sour Raspberry 25mg Multicannabinoid Gummy est admissible \u00e0 la couverture d&rsquo;ACC (Anciens Combattants Canada) et \u00e0 la facturation directe par l&rsquo;entremise de la Croix Bleue, ce qui signifie que les anciens combattants admissibles n&rsquo;ont rien \u00e0 d\u00e9bourser. Si vous n&rsquo;avez pas encore de carte m\u00e9dicale, vous pouvez <a href=\"https:\/\/mendomedical.ca\/fr\/carte-medicale\/\">obtenir votre carte m\u00e9dicale gratuite rapidement et facilement<\/a> pour acc\u00e9der \u00e0 ces avantages et commencer votre traitement. <\/p>\n<h4>Ingr\u00e9dients<\/h4>\n<p>Sucre, sirop de tapioca, eau, Rapid Onset Nano (glyc\u00e9rine, eau, polysorbate 80, extraits de cannabis, huile MCT, monost\u00e9arate de sorbitan, sorbate de potassium, benzoate de sodium), pectine, ar\u00f4mes naturels, acide citrique, citrate de sodium, colorant naturel, terp\u00e8nes naturels.<\/p>\n<\/div>\n","protected":false},"featured_media":276945,"comment_status":"open","ping_status":"closed","template":"","meta":{"_acf_changed":false,"site-sidebar-layout":"default","site-content-layout":"","ast-site-content-layout":"default","site-content-style":"default","site-sidebar-style":"default","ast-global-header-display":"","ast-banner-title-visibility":"","ast-main-header-display":"","ast-hfb-above-header-display":"","ast-hfb-below-header-display":"","ast-hfb-mobile-header-display":"","site-post-title":"","ast-breadcrumbs-content":"","ast-featured-img":"","footer-sml-layout":"","ast-disable-related-posts":"","theme-transparent-header-meta":"default","adv-header-id-meta":"","stick-header-meta":"","header-above-stick-meta":"","header-main-stick-meta":"","header-below-stick-meta":"","astra-migrate-meta-layouts":"default","ast-page-background-enabled":"default","ast-page-background-meta":{"desktop":{"background-color":"var(--ast-global-color-4)","background-image":"","background-repeat":"repeat","background-position":"center center","background-size":"auto","background-attachment":"scroll","background-type":"","background-media":"","overlay-type":"","overlay-color":"","overlay-opacity":"","overlay-gradient":""},"tablet":{"background-color":"","background-image":"","background-repeat":"repeat","background-position":"center center","background-size":"auto","background-attachment":"scroll","background-type":"","background-media":"","overlay-type":"","overlay-color":"","overlay-opacity":"","overlay-gradient":""},"mobile":{"background-color":"","background-image":"","background-repeat":"repeat","background-position":"center center","background-size":"auto","background-attachment":"scroll","background-type":"","background-media":"","overlay-type":"","overlay-color":"","overlay-opacity":"","overlay-gradient":""}},"ast-content-background-meta":{"desktop":{"background-color":"var(--ast-global-color-5)","background-image":"","background-repeat":"repeat","background-position":"center center","background-size":"auto","background-attachment":"scroll","background-type":"","background-media":"","overlay-type":"","overlay-color":"","overlay-opacity":"","overlay-gradient":""},"tablet":{"background-color":"var(--ast-global-color-5)","background-image":"","background-repeat":"repeat","background-position":"center center","background-size":"auto","background-attachment":"scroll","background-type":"","background-media":"","overlay-type":"","overlay-color":"","overlay-opacity":"","overlay-gradient":""},"mobile":{"background-color":"var(--ast-global-color-5)","background-image":"","background-repeat":"repeat","background-position":"center center","background-size":"auto","background-attachment":"scroll","background-type":"","background-media":"","overlay-type":"","overlay-color":"","overlay-opacity":"","overlay-gradient":""}}},"product_brand":[],"product_cat":[3825,1132,1128],"product_tag":[],"product_format_filter":[6366],"class_list":{"0":"post-276948","1":"product","2":"type-product","3":"status-publish","4":"has-post-thumbnail","6":"product_cat-cbd-minors-3-fr","7":"product_cat-bonbons","8":"product_cat-comestibles","9":"pa_flavours-aigre","10":"pa_flavours-baies","11":"pa_intensity-faible-thc","12":"pa_intensity-low-thcv-fr","13":"pa_intensity-low-cbc-fr","14":"pa_intensity-faible-cbd","15":"pa_intensity-low-cbg-fr","16":"pa_intensity-low-cbn-fr","17":"pa_intensity-cbd-moyen","18":"pa_marques-emprise-rapid","19":"pa_origin-alberta-fr","20":"product_format_filter-1units","21":"desktop-align-left","22":"tablet-align-left","23":"mobile-align-left","25":"first","26":"instock","27":"taxable","28":"shipping-taxable","29":"purchasable","30":"product-type-simple"},"group_of_quantity":0,"min_quantity":0,"max_quantity":"","exclude_order_quantity_value_rules":"no","exclude_category_quantity_rules":"no","combine_variations":"no","acf":[],"_links":{"self":[{"href":"https:\/\/mendomedical.ca\/fr\/wp-json\/wp\/v2\/product\/276948","targetHints":{"allow":["GET"]}}],"collection":[{"href":"https:\/\/mendomedical.ca\/fr\/wp-json\/wp\/v2\/product"}],"about":[{"href":"https:\/\/mendomedical.ca\/fr\/wp-json\/wp\/v2\/types\/product"}],"replies":[{"embeddable":true,"href":"https:\/\/mendomedical.ca\/fr\/wp-json\/wp\/v2\/comments?post=276948"}],"wp:featuredmedia":[{"embeddable":true,"href":"https:\/\/mendomedical.ca\/fr\/wp-json\/wp\/v2\/media\/276945"}],"wp:attachment":[{"href":"https:\/\/mendomedical.ca\/fr\/wp-json\/wp\/v2\/media?parent=276948"}],"wp:term":[{"taxonomy":"product_brand","embeddable":true,"href":"https:\/\/mendomedical.ca\/fr\/wp-json\/wp\/v2\/product_brand?post=276948"},{"taxonomy":"product_cat","embeddable":true,"href":"https:\/\/mendomedical.ca\/fr\/wp-json\/wp\/v2\/product_cat?post=276948"},{"taxonomy":"product_tag","embeddable":true,"href":"https:\/\/mendomedical.ca\/fr\/wp-json\/wp\/v2\/product_tag?post=276948"},{"taxonomy":"product_format_filter","embeddable":true,"href":"https:\/\/mendomedical.ca\/fr\/wp-json\/wp\/v2\/product_format_filter?post=276948"}],"curies":[{"name":"wp","href":"https:\/\/api.w.org\/{rel}","templated":true}]}}