{"id":276397,"date":"2025-09-15T15:05:48","date_gmt":"2025-09-15T19:05:48","guid":{"rendered":"https:\/\/mendomedical.ca\/product\/pre-rolls-rainbow-warrior\/"},"modified":"2026-03-01T10:58:28","modified_gmt":"2026-03-01T15:58:28","slug":"pre-rolls-rainbow-warrior","status":"publish","type":"product","link":"https:\/\/mendomedical.ca\/fr\/produit\/pre-rolls-rainbow-warrior\/","title":{"rendered":"Pr\u00e9-rolls Rainbow Warrior"},"content":{"rendered":"","protected":false},"excerpt":{"rendered":"<div class=\"ExternalClassCECA7895D80F4A1C80D720FFE629DBE3\"><span style=\"font-size: 1.5em; font-weight: bold;\">Pr\u00e9-rolls Rainbow Warrior de Papa Joe&rsquo;s Organics<\/span><\/div>\n<h3>Terp\u00e8nes totaux : 3,76%.<\/h3>\n<div class=\"ExternalClassCECA7895D80F4A1C80D720FFE629DBE3\">\n<p>Les Pr\u00e9-rolls Rainbow Warrior offrent une exp\u00e9rience de cannabis tr\u00e8s puissante, \u00e9labor\u00e9e \u00e0 partir des g\u00e9n\u00e9tiques exceptionnelles Pure Michigan \u00d7 Runtz. Test\u00e9s \u00e0 plus de 30 % de THC avec des niveaux \u00e9lev\u00e9s de terp\u00e8nes, ces pratiques Pr\u00e9-rolls de 0,5 g offrent un profil riche en terp\u00e8nes con\u00e7u pour les consommateurs exp\u00e9riment\u00e9s \u00e0 la recherche d&rsquo;effets substantiels. Chaque paquet contient sept joints roul\u00e9s individuellement, offrant une solution pr\u00eate \u00e0 l&#8217;emploi pour ceux qui cherchent \u00e0 se d\u00e9tendre avec un produit de cannabis de premi\u00e8re qualit\u00e9. La combinaison d&rsquo;une \u00e9l\u00e9vation mentale euphorique et d&rsquo;une relaxation physique apaisante fait de Rainbow Warrior un choix id\u00e9al pour une utilisation en soir\u00e9e.<\/p>\n<h4>Caract\u00e9ristiques principales et points forts du produit<\/h4>\n<ul>\n<li>Cultivar \u00e0 haute puissance test\u00e9 \u00e0 plus de 30 % de THC<\/li>\n<li>Format pratique : 7 Pr\u00e9-rolls \u00d7 0,5g chacun pour un dosage r\u00e9gulier<\/li>\n<li>G\u00e9n\u00e9tique de qualit\u00e9 sup\u00e9rieure combinant les souches Pure Michigan \u00d7 Runtz<\/li>\n<li>Profil terp\u00e9nique riche en limon\u00e8ne, b\u00eata-myrc\u00e8ne et b\u00eata-caryophyll\u00e8ne<\/li>\n<li>Peut favoriser des sensations d&rsquo;euphorie, de d\u00e9tente et de calme, id\u00e9ales pour une consommation en soir\u00e9e.<\/li>\n<\/ul>\n<h4>Saveurs, ar\u00f4mes et profil des terp\u00e8nes<\/h4>\n<p>Rainbow Warrior offre une exp\u00e9rience sensorielle complexe qui commence d\u00e8s que vous s\u00e9parez les cocottes. Un punch imm\u00e9diat de Lemon Diesel piquant accueille les sens, avec un zeste de citron brillant et des nuances douces et fruit\u00e9es de cerise. Au fur et \u00e0 mesure que l&rsquo;ar\u00f4me se d\u00e9veloppe, de subtiles notes florales et terreuses \u00e9mergent, mettant en valeur la composition terp\u00e9nique sophistiqu\u00e9e de la vari\u00e9t\u00e9.<\/p>\n<p>Le profil aromatique refl\u00e8te ces qualit\u00e9s aromatiques, offrant des notes d&rsquo;agrumes, de fruits et de gasoil qui cr\u00e9ent un go\u00fbt audacieux et m\u00e9morable. Ce caract\u00e8re distinctif est d\u00fb aux terp\u00e8nes dominants de la vari\u00e9t\u00e9 : limon\u00e8ne, b\u00eata-myrc\u00e8ne et b\u00eata-caryophyll\u00e8ne, qui travaillent ensemble pour offrir \u00e0 la fois une saveur complexe et des bienfaits th\u00e9rapeutiques potentiels.<\/p>\n<h4>Pourquoi choisir les pr\u00e9-rolls ?<\/h4>\n<p>Les Pr\u00e9-rolls offrent aux consommateurs de cannabis m\u00e9dical une option pratique, mesur\u00e9e avec pr\u00e9cision, qui \u00e9limine le besoin de moudre et de rouler. Les Pr\u00e9-rolls Rainbow Warrior fournissent des doses constantes de 0,5g dans un format pr\u00eat \u00e0 l&#8217;emploi, ce qui les rend id\u00e9aux pour les patients qui recherchent des effets fiables sans temps de pr\u00e9paration. La teneur \u00e9lev\u00e9e en terp\u00e8nes et les niveaux puissants de THC peuvent contribuer \u00e0 la relaxation et au soulagement du stress pour ceux qui g\u00e8rent l&rsquo;inconfort ou les probl\u00e8mes de sommeil.<\/p>\n<h4>Exp\u00e9dition dans tout le Canada<\/h4>\n<p>Les Pr\u00e9-rolls Rainbow Warrior sont exp\u00e9di\u00e9s rapidement \u00e0 travers le Canada, vous assurant de recevoir votre commande rapidement et discr\u00e8tement. Mendo Medical offre la livraison gratuite pour toutes les commandes de plus de 150 $, ce qui rend facile et abordable l&rsquo;acc\u00e8s aux produits de cannabis m\u00e9dical dont vous avez besoin. Les commandes sont trait\u00e9es efficacement pour que vos Pr\u00e9-rolls Rainbow Warrior arrivent \u00e0 votre porte le plus rapidement possible.<\/p>\n<h4>Avantages et couverture pour les anciens combattants<\/h4>\n<p>Les Pr\u00e9-rolls Rainbow Warrior sont admissibles \u00e0 la couverture d&rsquo;ACC (Anciens Combattants Canada), ce qui permet aux anciens combattants admissibles de b\u00e9n\u00e9ficier d&rsquo;un soutien accessible. Mendo Medical propose \u00e9galement une facturation directe par l&rsquo;interm\u00e9diaire de la Croix Bleue, ce qui permet aux patients couverts de recevoir leurs produits sans avoir \u00e0 d\u00e9bourser quoi que ce soit. Si vous n&rsquo;avez pas encore de carte m\u00e9dicale, vous pouvez <a href=\"https:\/\/mendomedical.ca\/fr\/carte-medicale\/\">obtenir votre carte m\u00e9dicale gratuite rapidement et facilement<\/a> pour commencer \u00e0 acc\u00e9der \u00e0 ces avantages et \u00e0 acheter des produits de cannabis m\u00e9dical.<\/p>\n<\/div>\n","protected":false},"featured_media":276395,"comment_status":"open","ping_status":"closed","template":"","meta":{"_acf_changed":false,"site-sidebar-layout":"default","site-content-layout":"","ast-site-content-layout":"default","site-content-style":"default","site-sidebar-style":"default","ast-global-header-display":"","ast-banner-title-visibility":"","ast-main-header-display":"","ast-hfb-above-header-display":"","ast-hfb-below-header-display":"","ast-hfb-mobile-header-display":"","site-post-title":"","ast-breadcrumbs-content":"","ast-featured-img":"","footer-sml-layout":"","ast-disable-related-posts":"","theme-transparent-header-meta":"default","adv-header-id-meta":"","stick-header-meta":"","header-above-stick-meta":"","header-main-stick-meta":"","header-below-stick-meta":"","astra-migrate-meta-layouts":"set","ast-page-background-enabled":"default","ast-page-background-meta":{"desktop":{"background-color":"var(--ast-global-color-4)","background-image":"","background-repeat":"repeat","background-position":"center center","background-size":"auto","background-attachment":"scroll","background-type":"","background-media":"","overlay-type":"","overlay-color":"","overlay-opacity":"","overlay-gradient":""},"tablet":{"background-color":"","background-image":"","background-repeat":"repeat","background-position":"center center","background-size":"auto","background-attachment":"scroll","background-type":"","background-media":"","overlay-type":"","overlay-color":"","overlay-opacity":"","overlay-gradient":""},"mobile":{"background-color":"","background-image":"","background-repeat":"repeat","background-position":"center center","background-size":"auto","background-attachment":"scroll","background-type":"","background-media":"","overlay-type":"","overlay-color":"","overlay-opacity":"","overlay-gradient":""}},"ast-content-background-meta":{"desktop":{"background-color":"var(--ast-global-color-5)","background-image":"","background-repeat":"repeat","background-position":"center center","background-size":"auto","background-attachment":"scroll","background-type":"","background-media":"","overlay-type":"","overlay-color":"","overlay-opacity":"","overlay-gradient":""},"tablet":{"background-color":"var(--ast-global-color-5)","background-image":"","background-repeat":"repeat","background-position":"center center","background-size":"auto","background-attachment":"scroll","background-type":"","background-media":"","overlay-type":"","overlay-color":"","overlay-opacity":"","overlay-gradient":""},"mobile":{"background-color":"var(--ast-global-color-5)","background-image":"","background-repeat":"repeat","background-position":"center center","background-size":"auto","background-attachment":"scroll","background-type":"","background-media":"","overlay-type":"","overlay-color":"","overlay-opacity":"","overlay-gradient":""}}},"product_brand":[],"product_cat":[4803,1144],"product_tag":[],"product_format_filter":[6374],"class_list":{"0":"post-276397","1":"product","2":"type-product","3":"status-publish","4":"has-post-thumbnail","6":"product_cat-pre-rolls-non-infuses","7":"product_cat-pre-roules","8":"pa_flavours-agrume","9":"pa_flavours-fruite","10":"pa_flavours-gazole-diesel","11":"pa_intensity-thc-eleve","12":"pa_marques-papa-joes-organics-fr","13":"pa_origin-colombie-britannique-fr","14":"pa_profil-terpene-caryophyllene","15":"pa_profil-terpene-limonene-fr","16":"pa_profil-terpene-myrcene","17":"pa_type-de-plante-hybride-fr","18":"product_format_filter-0-5g","19":"desktop-align-left","20":"tablet-align-left","21":"mobile-align-left","23":"first","24":"outofstock","25":"taxable","26":"shipping-taxable","27":"purchasable","28":"product-type-simple"},"group_of_quantity":0,"min_quantity":0,"max_quantity":"","exclude_order_quantity_value_rules":"no","exclude_category_quantity_rules":"no","combine_variations":"no","acf":[],"_links":{"self":[{"href":"https:\/\/mendomedical.ca\/fr\/wp-json\/wp\/v2\/product\/276397","targetHints":{"allow":["GET"]}}],"collection":[{"href":"https:\/\/mendomedical.ca\/fr\/wp-json\/wp\/v2\/product"}],"about":[{"href":"https:\/\/mendomedical.ca\/fr\/wp-json\/wp\/v2\/types\/product"}],"replies":[{"embeddable":true,"href":"https:\/\/mendomedical.ca\/fr\/wp-json\/wp\/v2\/comments?post=276397"}],"wp:featuredmedia":[{"embeddable":true,"href":"https:\/\/mendomedical.ca\/fr\/wp-json\/wp\/v2\/media\/276395"}],"wp:attachment":[{"href":"https:\/\/mendomedical.ca\/fr\/wp-json\/wp\/v2\/media?parent=276397"}],"wp:term":[{"taxonomy":"product_brand","embeddable":true,"href":"https:\/\/mendomedical.ca\/fr\/wp-json\/wp\/v2\/product_brand?post=276397"},{"taxonomy":"product_cat","embeddable":true,"href":"https:\/\/mendomedical.ca\/fr\/wp-json\/wp\/v2\/product_cat?post=276397"},{"taxonomy":"product_tag","embeddable":true,"href":"https:\/\/mendomedical.ca\/fr\/wp-json\/wp\/v2\/product_tag?post=276397"},{"taxonomy":"product_format_filter","embeddable":true,"href":"https:\/\/mendomedical.ca\/fr\/wp-json\/wp\/v2\/product_format_filter?post=276397"}],"curies":[{"name":"wp","href":"https:\/\/api.w.org\/{rel}","templated":true}]}}