{"id":275985,"date":"2025-09-13T05:25:39","date_gmt":"2025-09-13T09:25:39","guid":{"rendered":"https:\/\/mendomedical.ca\/product\/sour-green-apple-10-mg-cbg-10-mg-thc-gummy-30-pack\/"},"modified":"2026-02-12T09:50:19","modified_gmt":"2026-02-12T14:50:19","slug":"sour-green-apple-10-mg-cbg-10-mg-thc-gummy-30-pack","status":"publish","type":"product","link":"https:\/\/mendomedical.ca\/fr\/produit\/sour-green-apple-10-mg-cbg-10-mg-thc-gummy-30-pack\/","title":{"rendered":"Sour Green Apple 10 mg CBG + 10 mg THC Gummy (30 Pack)"},"content":{"rendered":"","protected":false},"excerpt":{"rendered":"<div class=\"ExternalClass8BD3E632E3C94AA2B997EDE7856237DA\">\n<h3>Sour Green Apple 10 mg CBG + 10 mg THC Gummy (30 Pack) by Emprise Rapid<\/h3>\n<p>D\u00e9couvrez la formulation innovante des Sour Green Apple Gummies d&rsquo;Emprise Rapid, qui pr\u00e9sentent un rapport \u00e9quilibr\u00e9 de 10 mg de CBG et de 10 mg de THC par gomme. Fabriqu\u00e9s avec une technologie avanc\u00e9e d&rsquo;\u00e9mulsion de nano THC, ces gommes v\u00e9g\u00e9taliennes offrent des effets rapides en seulement 10 \u00e0 15 minutes. Chaque paquet de 30 gommes offre une d\u00e9licieuse saveur de pomme verte acidul\u00e9e, rehauss\u00e9e par un profil terp\u00e9nique soigneusement s\u00e9lectionn\u00e9 comprenant du d-limon\u00e8ne, du b\u00eata-caryophyll\u00e8ne, du myrc\u00e8ne et du linalol. Formul\u00e9s avec des extraits de cannabis \u00e0 spectre complet, ces gommes naturelles offrent aux consommateurs de cannabis m\u00e9dical une option comestible pratique et \u00e0 action rapide.<\/p>\n<h4>Caract\u00e9ristiques principales<\/h4>\n<ul>\n<li>Technologie de nano-\u00e9mulsion \u00e0 action rapide, avec des effets apparaissant en 10 \u00e0 15 minutes.<\/li>\n<li>Rapport \u00e9quilibr\u00e9 1:1 de 10 mg de CBG et 10 mg de THC par gomme (300 mg de CBG + 300 mg de THC au total par paquet).<\/li>\n<li>Extraits de cannabis \u00e0 spectre complet avec des terp\u00e8nes tels que le d-limon\u00e8ne, le b\u00eata-caryophyll\u00e8ne, le myrc\u00e8ne et le linalol.<\/li>\n<li>Formule v\u00e9g\u00e9talienne et naturelle au go\u00fbt juteux de pomme verte acidul\u00e9e<\/li>\n<li>Format pratique de 30 paquets avec des gommes de 3g dos\u00e9es individuellement<\/li>\n<\/ul>\n<h4>Saveur, ar\u00f4me et profil cannabique<\/h4>\n<p>Ces gommes pr\u00e9sentent un authentique ar\u00f4me de pomme verte juteuse, compl\u00e9t\u00e9 par un profil de saveur acidul\u00e9e. Chaque gomme contient 10 mg de CBG (cannabig\u00e9rol) associ\u00e9s \u00e0 10 mg de THC, offrant ainsi une exp\u00e9rience cannabino\u00efde \u00e9quilibr\u00e9e. Le m\u00e9lange de terp\u00e8nes comprend du d-limon\u00e8ne pour ses notes d&rsquo;agrumes, du b\u00eata-caryophyll\u00e8ne pour ses nuances \u00e9pic\u00e9es, du myrc\u00e8ne pour ses caract\u00e9ristiques terreuses et du linalol pour ses qualit\u00e9s aromatiques florales. Les effets potentiels peuvent inclure des sentiments d&rsquo;euphorie, de cr\u00e9ativit\u00e9, de concentration, d&rsquo;\u00e9nergie et de motivation, tout en procurant des sensations apaisantes et \u00e9quilibr\u00e9es. Des utilisateurs ont rapport\u00e9 avoir ressenti des effets de clart\u00e9, d&rsquo;\u00e9l\u00e9vation et de bavardage.<\/p>\n<h4>Pourquoi choisir les plantes comestibles ?<\/h4>\n<p>Les produits comestibles \u00e0 base de cannabis, comme les gommes, offrent aux utilisateurs m\u00e9dicaux une m\u00e9thode de consommation sans fum\u00e9e avec un dosage pr\u00e9cis et pr\u00e9mesur\u00e9. La technologie de nano-\u00e9mulsion d&rsquo;Emprise Rapid r\u00e9sout le probl\u00e8me de l&rsquo;effet retard\u00e9 traditionnellement associ\u00e9 aux edibles, en apportant un soulagement plus rapide \u00e0 ceux qui cherchent \u00e0 g\u00e9rer leurs sympt\u00f4mes en temps voulu. Le format discret et la dur\u00e9e prolong\u00e9e des effets font des edibles un choix id\u00e9al pour une consommation de cannabis constante et contr\u00f4l\u00e9e tout au long de la journ\u00e9e.<\/p>\n<h4>Exp\u00e9dition dans tout le Canada<\/h4>\n<p>Sour Green Apple 10 mg CBG + 10 mg THC Gummy est exp\u00e9di\u00e9 rapidement au Canada par Mendo Medical. Profitez de la livraison gratuite pour les commandes de plus de 150 $. Veuillez noter que les produits contenant de la g\u00e9latine peuvent fondre pendant l&rsquo;exp\u00e9dition durant les mois d&rsquo;\u00e9t\u00e9. Nous vous recommandons de tenir compte de ce probl\u00e8me potentiel lorsque vous passez votre commande. Malheureusement, nous ne pouvons pas offrir de remboursement ou de remplacement pour les produits qui fondent pendant le transport. Nous vous remercions de votre compr\u00e9hension.<\/p>\n<h4>Avantages et couverture pour les anciens combattants<\/h4>\n<p>Ce produit est admissible \u00e0 la couverture d&rsquo;Anciens Combattants Canada (ACC) et peut \u00eatre factur\u00e9 directement par la Croix Bleue, ce qui signifie que les anciens combattants admissibles n&rsquo;ont rien \u00e0 d\u00e9bourser. Si vous n&rsquo;avez pas encore de carte de cannabis m\u00e9dical, vous pouvez obtenir votre <a href=\"https:\/\/mendomedical.ca\/fr\/carte-medicale\/\">carte m\u00e9dicale gratuite rapidement et facilement<\/a> pour acc\u00e9der \u00e0 ces avantages et commencer votre parcours avec le cannabis m\u00e9dical.<\/p>\n<h4>Ingr\u00e9dients<\/h4>\n<p>Sucre, sirop de tapioca, eau, Rapid Onset Nano (glyc\u00e9rine, eau, polysorbate 80, extraits de cannabis, huile MCT, monost\u00e9arate de sorbitan, sorbate de potassium, benzoate de sodium), pectine, ar\u00f4mes naturels, acide citrique, citrate de sodium, colorant naturel, terp\u00e8nes naturels.<\/p>\n<\/div>\n","protected":false},"featured_media":275984,"comment_status":"open","ping_status":"closed","template":"","meta":{"_acf_changed":false,"site-sidebar-layout":"default","site-content-layout":"","ast-site-content-layout":"default","site-content-style":"default","site-sidebar-style":"default","ast-global-header-display":"","ast-banner-title-visibility":"","ast-main-header-display":"","ast-hfb-above-header-display":"","ast-hfb-below-header-display":"","ast-hfb-mobile-header-display":"","site-post-title":"","ast-breadcrumbs-content":"","ast-featured-img":"","footer-sml-layout":"","ast-disable-related-posts":"","theme-transparent-header-meta":"default","adv-header-id-meta":"","stick-header-meta":"","header-above-stick-meta":"","header-main-stick-meta":"","header-below-stick-meta":"","astra-migrate-meta-layouts":"set","ast-page-background-enabled":"default","ast-page-background-meta":{"desktop":{"background-color":"var(--ast-global-color-4)","background-image":"","background-repeat":"repeat","background-position":"center center","background-size":"auto","background-attachment":"scroll","background-type":"","background-media":"","overlay-type":"","overlay-color":"","overlay-opacity":"","overlay-gradient":""},"tablet":{"background-color":"","background-image":"","background-repeat":"repeat","background-position":"center center","background-size":"auto","background-attachment":"scroll","background-type":"","background-media":"","overlay-type":"","overlay-color":"","overlay-opacity":"","overlay-gradient":""},"mobile":{"background-color":"","background-image":"","background-repeat":"repeat","background-position":"center center","background-size":"auto","background-attachment":"scroll","background-type":"","background-media":"","overlay-type":"","overlay-color":"","overlay-opacity":"","overlay-gradient":""}},"ast-content-background-meta":{"desktop":{"background-color":"var(--ast-global-color-5)","background-image":"","background-repeat":"repeat","background-position":"center center","background-size":"auto","background-attachment":"scroll","background-type":"","background-media":"","overlay-type":"","overlay-color":"","overlay-opacity":"","overlay-gradient":""},"tablet":{"background-color":"var(--ast-global-color-5)","background-image":"","background-repeat":"repeat","background-position":"center center","background-size":"auto","background-attachment":"scroll","background-type":"","background-media":"","overlay-type":"","overlay-color":"","overlay-opacity":"","overlay-gradient":""},"mobile":{"background-color":"var(--ast-global-color-5)","background-image":"","background-repeat":"repeat","background-position":"center center","background-size":"auto","background-attachment":"scroll","background-type":"","background-media":"","overlay-type":"","overlay-color":"","overlay-opacity":"","overlay-gradient":""}}},"product_brand":[],"product_cat":[3825,1132,1133,1128],"product_tag":[],"product_format_filter":[6392],"class_list":{"0":"post-275985","1":"product","2":"type-product","3":"status-publish","4":"has-post-thumbnail","6":"product_cat-cbd-minors-3-fr","7":"product_cat-bonbons","8":"product_cat-thc-eleve","9":"product_cat-comestibles","10":"pa_flavours-fruite","11":"pa_intensity-cbg-eleve","12":"pa_intensity-thc-eleve","13":"pa_marques-emprise-rapid","14":"pa_origin-alberta-fr","15":"product_format_filter-3units","16":"desktop-align-left","17":"tablet-align-left","18":"mobile-align-left","20":"first","21":"instock","22":"taxable","23":"shipping-taxable","24":"purchasable","25":"product-type-simple"},"group_of_quantity":0,"min_quantity":0,"max_quantity":"","exclude_order_quantity_value_rules":"no","exclude_category_quantity_rules":"no","combine_variations":"no","acf":[],"_links":{"self":[{"href":"https:\/\/mendomedical.ca\/fr\/wp-json\/wp\/v2\/product\/275985","targetHints":{"allow":["GET"]}}],"collection":[{"href":"https:\/\/mendomedical.ca\/fr\/wp-json\/wp\/v2\/product"}],"about":[{"href":"https:\/\/mendomedical.ca\/fr\/wp-json\/wp\/v2\/types\/product"}],"replies":[{"embeddable":true,"href":"https:\/\/mendomedical.ca\/fr\/wp-json\/wp\/v2\/comments?post=275985"}],"wp:featuredmedia":[{"embeddable":true,"href":"https:\/\/mendomedical.ca\/fr\/wp-json\/wp\/v2\/media\/275984"}],"wp:attachment":[{"href":"https:\/\/mendomedical.ca\/fr\/wp-json\/wp\/v2\/media?parent=275985"}],"wp:term":[{"taxonomy":"product_brand","embeddable":true,"href":"https:\/\/mendomedical.ca\/fr\/wp-json\/wp\/v2\/product_brand?post=275985"},{"taxonomy":"product_cat","embeddable":true,"href":"https:\/\/mendomedical.ca\/fr\/wp-json\/wp\/v2\/product_cat?post=275985"},{"taxonomy":"product_tag","embeddable":true,"href":"https:\/\/mendomedical.ca\/fr\/wp-json\/wp\/v2\/product_tag?post=275985"},{"taxonomy":"product_format_filter","embeddable":true,"href":"https:\/\/mendomedical.ca\/fr\/wp-json\/wp\/v2\/product_format_filter?post=275985"}],"curies":[{"name":"wp","href":"https:\/\/api.w.org\/{rel}","templated":true}]}}