{"id":275976,"date":"2025-09-13T05:55:11","date_gmt":"2025-09-13T09:55:11","guid":{"rendered":"https:\/\/mendomedical.ca\/product\/gomme-multicannabinoide-25-mg-framboise-sour-paquet-de-30\/"},"modified":"2026-03-26T02:16:47","modified_gmt":"2026-03-26T06:16:47","slug":"gummy-multicannabinoide-25-mg-framboise-sour-paquet-de-30","status":"publish","type":"product","link":"https:\/\/mendomedical.ca\/fr\/produit\/gummy-multicannabinoide-25-mg-framboise-sour-paquet-de-30\/","title":{"rendered":"Gummy Multicannabino\u00efde 25 mg Framboise Sour (paquet de 30)"},"content":{"rendered":"","protected":false},"excerpt":{"rendered":"<div class=\"ExternalClass77903D4CF9F94EEC8DC77627C7EA6EFB\">\n<h3>Sour Raspberry 25 mg Multicannabinoid Gummy (30 Pack) by Emprise Rapid<\/h3>\n<p>Faites l&rsquo;exp\u00e9rience d&rsquo;un soulagement \u00e0 action rapide avec les gommes multicannabino\u00efdes 25 mg Sour Raspberry d&rsquo;Emprise Rapid. Ce produit comestible innovant associe la technologie Advanced Nano THC Emulsion \u00e0 une formule multicannabino\u00efde compl\u00e8te comprenant du THC, du CBN, du CBG, du CBC et du CBD. Con\u00e7ue pour les patients de cannabis m\u00e9dical \u00e0 la recherche d&rsquo;effets rapides et \u00e9quilibr\u00e9s, chaque gomme v\u00e9g\u00e9talienne d\u00e9livre 5 mg de cannabino\u00efdes avec un d\u00e9licieux go\u00fbt de framboise acidul\u00e9e. Le format de 30 paquets permet un dosage r\u00e9gulier et un excellent rapport qualit\u00e9-prix pour les utilisateurs r\u00e9guliers.<\/p>\n<h4>Caract\u00e9ristiques principales<\/h4>\n<ul>\n<li>Action rapide en seulement 10 \u00e0 15 minutes gr\u00e2ce \u00e0 la technologie avanc\u00e9e de l&rsquo;\u00e9mulsion de nano THC.<\/li>\n<li>Formule multicannabino\u00efde avec 150 mg de cannabino\u00efdes par paquet (THC, CBN, CBG, CBC, CBD)<\/li>\n<li>30 gommes par paquet, chacune contenant 5 mg de cannabino\u00efdes \u00e9quilibr\u00e9s<\/li>\n<li>V\u00e9g\u00e9talien et naturellement aromatis\u00e9 avec des extraits de cannabis \u00e0 spectre complet<\/li>\n<li>Profil terp\u00e9nique soigneusement formul\u00e9 comprenant du d-limon\u00e8ne, du b\u00eata-caryophyll\u00e8ne, du myrc\u00e8ne et du linalol.<\/li>\n<\/ul>\n<h4>Saveur, ar\u00f4me et profil cannabique<\/h4>\n<p>Ces gommes ont un ar\u00f4me de framboise juteuse, compl\u00e9t\u00e9 par un go\u00fbt acidul\u00e9 de framboise acide qui rend la prise de m\u00e9dicaments agr\u00e9able. La formulation multicannabino\u00efde combine le THC, le CBN, le CBG, le CBC et le CBD pour cr\u00e9er un effet d&rsquo;entourage qui peut offrir un soulagement plus complet que les produits monocannabino\u00efdes. Le profil terp\u00e9nique soigneusement s\u00e9lectionn\u00e9 comprend du d-limon\u00e8ne pour ses qualit\u00e9s stimulantes, du b\u00eata-caryophyll\u00e8ne pour ses propri\u00e9t\u00e9s anti-inflammatoires potentielles, du myrc\u00e8ne pour la relaxation et du linalol pour ses caract\u00e9ristiques calmantes. Cette combinaison de cannabino\u00efdes et de terp\u00e8nes cr\u00e9e une exp\u00e9rience \u00e9quilibr\u00e9e que les utilisateurs d\u00e9crivent comme euphorique, stimulante, d\u00e9tendue, concentr\u00e9e et lucide.<\/p>\n<h4>Pourquoi choisir les plantes comestibles ?<\/h4>\n<p>Les edibles comme ces gommes multicannabino\u00efdes offrent aux patients qui consomment du cannabis m\u00e9dical une alternative discr\u00e8te, sans fum\u00e9e, avec un dosage pr\u00e9cis. La technologie d&rsquo;action rapide rem\u00e9die \u00e0 l&rsquo;un des inconv\u00e9nients traditionnels des edibles, en produisant des effets en 10 \u00e0 15 minutes au lieu des 30 \u00e0 90 minutes habituelles. Il est ainsi plus facile pour les patients de titrer leur dose et de trouver la quantit\u00e9 adapt\u00e9e \u00e0 leurs besoins individuels, tout en b\u00e9n\u00e9ficiant d&rsquo;effets durables.<\/p>\n<h4>Exp\u00e9dition dans tout le Canada<\/h4>\n<p>Les gommes Multicannabino\u00efdes 25 mg Sour Raspberry sont exp\u00e9di\u00e9es rapidement au Canada, et la livraison est gratuite pour les commandes de plus de 150 $. Veuillez noter que les gommes peuvent fondre pendant l&rsquo;exp\u00e9dition durant les mois d&rsquo;\u00e9t\u00e9. Nous vous recommandons de tenir compte de ce probl\u00e8me potentiel lorsque vous passez votre commande. Malheureusement, nous ne pouvons pas offrir de remboursement ou de remplacement pour les produits qui fondent pendant le transport. Nous vous remercions de votre compr\u00e9hension.<\/p>\n<h4>Avantages et couverture pour les anciens combattants<\/h4>\n<p>Les gommes multicannabino\u00efdes Sour Raspberry 25 mg sont admissibles \u00e0 la couverture d&rsquo;ACC (Anciens Combattants Canada) et \u00e0 la facturation directe par la Croix Bleue, ce qui signifie que les anciens combattants admissibles n&rsquo;ont pas \u00e0 d\u00e9bourser d&rsquo;argent. Si vous n&rsquo;avez pas encore de carte de cannabis m\u00e9dical, vous pouvez <a href=\"https:\/\/mendomedical.ca\/fr\/carte-medicale\/\">obtenir votre carte m\u00e9dicale gratuite rapidement et facilement<\/a> pour acc\u00e9der \u00e0 vos avantages et commencer \u00e0 acheter.<\/p>\n<h4>Ingr\u00e9dients<\/h4>\n<p>Sucre, sirop de tapioca, eau, Rapid Onset Nano (glyc\u00e9rine, eau, polysorbate 80, extraits de cannabis, huile MCT, monost\u00e9arate de sorbitan, sorbate de potassium, benzoate de sodium), pectine, ar\u00f4mes naturels, acide citrique, citrate de sodium, colorant naturel, terp\u00e8nes naturels.<\/p>\n<\/div>\n","protected":false},"featured_media":275975,"comment_status":"open","ping_status":"closed","template":"","meta":{"_acf_changed":false,"site-sidebar-layout":"default","site-content-layout":"","ast-site-content-layout":"default","site-content-style":"default","site-sidebar-style":"default","ast-global-header-display":"","ast-banner-title-visibility":"","ast-main-header-display":"","ast-hfb-above-header-display":"","ast-hfb-below-header-display":"","ast-hfb-mobile-header-display":"","site-post-title":"","ast-breadcrumbs-content":"","ast-featured-img":"","footer-sml-layout":"","ast-disable-related-posts":"","theme-transparent-header-meta":"default","adv-header-id-meta":"","stick-header-meta":"","header-above-stick-meta":"","header-main-stick-meta":"","header-below-stick-meta":"","astra-migrate-meta-layouts":"set","ast-page-background-enabled":"default","ast-page-background-meta":{"desktop":{"background-color":"var(--ast-global-color-4)","background-image":"","background-repeat":"repeat","background-position":"center center","background-size":"auto","background-attachment":"scroll","background-type":"","background-media":"","overlay-type":"","overlay-color":"","overlay-opacity":"","overlay-gradient":""},"tablet":{"background-color":"","background-image":"","background-repeat":"repeat","background-position":"center center","background-size":"auto","background-attachment":"scroll","background-type":"","background-media":"","overlay-type":"","overlay-color":"","overlay-opacity":"","overlay-gradient":""},"mobile":{"background-color":"","background-image":"","background-repeat":"repeat","background-position":"center center","background-size":"auto","background-attachment":"scroll","background-type":"","background-media":"","overlay-type":"","overlay-color":"","overlay-opacity":"","overlay-gradient":""}},"ast-content-background-meta":{"desktop":{"background-color":"var(--ast-global-color-5)","background-image":"","background-repeat":"repeat","background-position":"center center","background-size":"auto","background-attachment":"scroll","background-type":"","background-media":"","overlay-type":"","overlay-color":"","overlay-opacity":"","overlay-gradient":""},"tablet":{"background-color":"var(--ast-global-color-5)","background-image":"","background-repeat":"repeat","background-position":"center center","background-size":"auto","background-attachment":"scroll","background-type":"","background-media":"","overlay-type":"","overlay-color":"","overlay-opacity":"","overlay-gradient":""},"mobile":{"background-color":"var(--ast-global-color-5)","background-image":"","background-repeat":"repeat","background-position":"center center","background-size":"auto","background-attachment":"scroll","background-type":"","background-media":"","overlay-type":"","overlay-color":"","overlay-opacity":"","overlay-gradient":""}}},"product_brand":[],"product_cat":[3825,1132,1133,1128],"product_tag":[],"product_format_filter":[6392],"class_list":{"0":"post-275976","1":"product","2":"type-product","3":"status-publish","4":"has-post-thumbnail","6":"product_cat-cbd-minors-3-fr","7":"product_cat-bonbons","8":"product_cat-thc-eleve","9":"product_cat-comestibles","10":"pa_flavours-baies","11":"pa_intensity-thc-eleve","12":"pa_intensity-med-cbc-fr","13":"pa_intensity-cbd-moyen","14":"pa_intensity-med-cbg-fr","15":"pa_intensity-med-cbn-fr","16":"pa_marques-emprise-rapid","17":"pa_origin-alberta-fr","18":"product_format_filter-3units","19":"desktop-align-left","20":"tablet-align-left","21":"mobile-align-left","23":"first","24":"instock","25":"taxable","26":"shipping-taxable","27":"purchasable","28":"product-type-simple"},"group_of_quantity":0,"min_quantity":0,"max_quantity":"","exclude_order_quantity_value_rules":"no","exclude_category_quantity_rules":"no","combine_variations":"no","acf":[],"_links":{"self":[{"href":"https:\/\/mendomedical.ca\/fr\/wp-json\/wp\/v2\/product\/275976","targetHints":{"allow":["GET"]}}],"collection":[{"href":"https:\/\/mendomedical.ca\/fr\/wp-json\/wp\/v2\/product"}],"about":[{"href":"https:\/\/mendomedical.ca\/fr\/wp-json\/wp\/v2\/types\/product"}],"replies":[{"embeddable":true,"href":"https:\/\/mendomedical.ca\/fr\/wp-json\/wp\/v2\/comments?post=275976"}],"wp:featuredmedia":[{"embeddable":true,"href":"https:\/\/mendomedical.ca\/fr\/wp-json\/wp\/v2\/media\/275975"}],"wp:attachment":[{"href":"https:\/\/mendomedical.ca\/fr\/wp-json\/wp\/v2\/media?parent=275976"}],"wp:term":[{"taxonomy":"product_brand","embeddable":true,"href":"https:\/\/mendomedical.ca\/fr\/wp-json\/wp\/v2\/product_brand?post=275976"},{"taxonomy":"product_cat","embeddable":true,"href":"https:\/\/mendomedical.ca\/fr\/wp-json\/wp\/v2\/product_cat?post=275976"},{"taxonomy":"product_tag","embeddable":true,"href":"https:\/\/mendomedical.ca\/fr\/wp-json\/wp\/v2\/product_tag?post=275976"},{"taxonomy":"product_format_filter","embeddable":true,"href":"https:\/\/mendomedical.ca\/fr\/wp-json\/wp\/v2\/product_format_filter?post=275976"}],"curies":[{"name":"wp","href":"https:\/\/api.w.org\/{rel}","templated":true}]}}