{"id":275953,"date":"2025-09-13T05:10:29","date_gmt":"2025-09-13T09:10:29","guid":{"rendered":"https:\/\/mendomedical.ca\/product\/cherry-10-mg-thc-indica-gummy-30-pack\/"},"modified":"2026-02-09T10:45:32","modified_gmt":"2026-02-09T15:45:32","slug":"cherry-10-mg-thc-indica-gummy-30-pack","status":"publish","type":"product","link":"https:\/\/mendomedical.ca\/fr\/produit\/cherry-10-mg-thc-indica-gummy-30-pack\/","title":{"rendered":"Cherry 10mg THC Indica Gummy (30 Pack)"},"content":{"rendered":"","protected":false},"excerpt":{"rendered":"<div class=\"ExternalClass7F9026499B8C4AB081C6781C99613CDD\">\n<h3>Cherry 10mg THC Indica Gummy (30 Pack) par Emprise Rapid<\/h3>\n<p>Faites l&rsquo;exp\u00e9rience de la commodit\u00e9 de la consommation rapide de cannabis avec le Cherry 10mg THC Indica Gummy d&rsquo;Emprise Rapid. Ce produit comestible \u00e0 dominante THC exploite la technologie avanc\u00e9e des nano-\u00e9mulsions pour produire des effets en seulement 10 \u00e0 15 minutes, ce qui est nettement plus rapide que les produits comestibles traditionnels. Chaque paquet contient 30 gommes dos\u00e9es individuellement, fournissant 10mg de THC par pi\u00e8ce pour un total de 300mg de THC. Formul\u00e9s avec un extrait de cannabis \u00e0 spectre complet et un profil terp\u00e9nique indica, ces gommes v\u00e9g\u00e9taliennes et aromatis\u00e9es naturellement offrent un d\u00e9licieux go\u00fbt de cerise tout en favorisant la relaxation et le calme. Id\u00e9ales pour les patients de cannabis m\u00e9dical \u00e0 la recherche d&rsquo;un dosage constant et pr\u00e9visible avec une puissance maximale.<\/p>\n<h4>Caract\u00e9ristiques principales<\/h4>\n<ul>\n<li>La technologie d&rsquo;action rapide s&rsquo;active en 10 \u00e0 15 minutes gr\u00e2ce \u00e0 des \u00e9mulsions de nano THC avanc\u00e9es.<\/li>\n<li>Dosage de puissance maximale avec 10mg de THC par gomme (30 gommes au total, 300mg de THC par paquet).<\/li>\n<li>Extrait de cannabis \u00e0 spectre complet enrichi en terp\u00e8nes indica : myrc\u00e8ne, b\u00eata-caryophyll\u00e8ne et linalol.<\/li>\n<li>Formule v\u00e9g\u00e9talienne avec ar\u00f4mes et colorants naturels<\/li>\n<li>Le format pratique de 30 paquets garantit un dosage coh\u00e9rent et fiable pour les patients m\u00e9dicaux.<\/li>\n<\/ul>\n<h4>Saveur, ar\u00f4me et profil cannabique<\/h4>\n<p>Ces gommes ont un go\u00fbt de cerise juteuse qui offre une exp\u00e9rience de consommation fruit\u00e9e et agr\u00e9able. Chaque gomme contient 10mg de THC provenant d&rsquo;un extrait de cannabis \u00e0 spectre complet, enrichi d&rsquo;un profil terp\u00e9nique indica soigneusement s\u00e9lectionn\u00e9. Les terp\u00e8nes comprennent le myrc\u00e8ne, connu pour ses qualit\u00e9s terreuses, le b\u00eata-caryophyll\u00e8ne, qui offre une note \u00e9pic\u00e9e, et le linalol, qui apporte des nuances florales. Cette combinaison de cannabino\u00efdes et de terp\u00e8nes peut favoriser des effets potentiels tels que la relaxation, le calme, la s\u00e9dation et un sentiment de bien-\u00eatre \u00e9quilibr\u00e9, tandis que certains utilisateurs d\u00e9clarent se sentir euphoriques, cr\u00e9atifs ou introspectifs.<\/p>\n<h4>Pourquoi choisir les plantes comestibles ?<\/h4>\n<p>Les edibles de cannabis offrent aux utilisateurs m\u00e9dicaux une alternative sans fum\u00e9e qui permet une consommation discr\u00e8te et pratique sans avoir recours \u00e0 l&rsquo;inhalation. Les edibles ont g\u00e9n\u00e9ralement des effets plus durables que les autres m\u00e9thodes de consommation, ce qui peut contribuer \u00e0 un soulagement durable tout au long de la journ\u00e9e ou de la soir\u00e9e. Gr\u00e2ce \u00e0 un dosage pr\u00e9cis et pr\u00e9-mesur\u00e9, les edibles comme ces gommes permettent aux patients de maintenir un apport constant en cannabino\u00efdes et de mieux g\u00e9rer leur r\u00e9gime th\u00e9rapeutique.<\/p>\n<h4>Exp\u00e9dition dans tout le Canada<\/h4>\n<p>Cherry 10mg THC Indica Gummy (30 Pack) est exp\u00e9di\u00e9 rapidement au Canada par Mendo Medical, avec une livraison gratuite pour les commandes de plus de 150 $. Veuillez noter que les produits contenant de la g\u00e9latine peuvent fondre pendant l&rsquo;exp\u00e9dition durant les mois d&rsquo;\u00e9t\u00e9. Nous vous recommandons de tenir compte de ce probl\u00e8me potentiel lorsque vous passez votre commande. Malheureusement, nous ne pouvons pas offrir de remboursement ou de remplacement pour les produits qui fondent pendant le transport. Nous vous remercions de votre compr\u00e9hension.<\/p>\n<h4>Avantages et couverture pour les anciens combattants<\/h4>\n<p>Cherry 10mg THC Indica Gummy (30 Pack) est admissible \u00e0 la couverture d&rsquo;Anciens Combattants Canada (ACC) et \u00e0 la facturation directe par la Croix Bleue, ce qui signifie que les anciens combattants admissibles peuvent avoir acc\u00e8s \u00e0 ce produit sans avoir \u00e0 d\u00e9bourser quoi que ce soit. Si vous n&rsquo;avez pas encore de carte de cannabis m\u00e9dical, vous pouvez <a href=\"https:\/\/mendomedical.ca\/fr\/carte-medicale\/\">obtenir votre carte m\u00e9dicale gratuite rapidement et facilement<\/a> pour commencer \u00e0 acc\u00e9der \u00e0 vos avantages et aux produits th\u00e9rapeutiques \u00e0 base de cannabis.<\/p>\n<h4>Ingr\u00e9dients<\/h4>\n<p>Sucre, sirop de tapioca, eau, Rapid Onset Nano (glyc\u00e9rine, eau, polysorbate 80, extraits de cannabis, huile MCT, monost\u00e9arate de sorbitan, sorbate de potassium, benzoate de sodium), pectine, ar\u00f4mes naturels, acide citrique, citrate de sodium, colorant naturel, terp\u00e8nes naturels.<\/p>\n<\/div>\n","protected":false},"featured_media":275952,"comment_status":"open","ping_status":"closed","template":"","meta":{"_acf_changed":false,"site-sidebar-layout":"default","site-content-layout":"","ast-site-content-layout":"default","site-content-style":"default","site-sidebar-style":"default","ast-global-header-display":"","ast-banner-title-visibility":"","ast-main-header-display":"","ast-hfb-above-header-display":"","ast-hfb-below-header-display":"","ast-hfb-mobile-header-display":"","site-post-title":"","ast-breadcrumbs-content":"","ast-featured-img":"","footer-sml-layout":"","ast-disable-related-posts":"","theme-transparent-header-meta":"default","adv-header-id-meta":"","stick-header-meta":"","header-above-stick-meta":"","header-main-stick-meta":"","header-below-stick-meta":"","astra-migrate-meta-layouts":"set","ast-page-background-enabled":"default","ast-page-background-meta":{"desktop":{"background-color":"var(--ast-global-color-4)","background-image":"","background-repeat":"repeat","background-position":"center center","background-size":"auto","background-attachment":"scroll","background-type":"","background-media":"","overlay-type":"","overlay-color":"","overlay-opacity":"","overlay-gradient":""},"tablet":{"background-color":"","background-image":"","background-repeat":"repeat","background-position":"center center","background-size":"auto","background-attachment":"scroll","background-type":"","background-media":"","overlay-type":"","overlay-color":"","overlay-opacity":"","overlay-gradient":""},"mobile":{"background-color":"","background-image":"","background-repeat":"repeat","background-position":"center center","background-size":"auto","background-attachment":"scroll","background-type":"","background-media":"","overlay-type":"","overlay-color":"","overlay-opacity":"","overlay-gradient":""}},"ast-content-background-meta":{"desktop":{"background-color":"var(--ast-global-color-5)","background-image":"","background-repeat":"repeat","background-position":"center center","background-size":"auto","background-attachment":"scroll","background-type":"","background-media":"","overlay-type":"","overlay-color":"","overlay-opacity":"","overlay-gradient":""},"tablet":{"background-color":"var(--ast-global-color-5)","background-image":"","background-repeat":"repeat","background-position":"center center","background-size":"auto","background-attachment":"scroll","background-type":"","background-media":"","overlay-type":"","overlay-color":"","overlay-opacity":"","overlay-gradient":""},"mobile":{"background-color":"var(--ast-global-color-5)","background-image":"","background-repeat":"repeat","background-position":"center center","background-size":"auto","background-attachment":"scroll","background-type":"","background-media":"","overlay-type":"","overlay-color":"","overlay-opacity":"","overlay-gradient":""}}},"product_brand":[],"product_cat":[1132,1133,1128],"product_tag":[],"product_format_filter":[6392],"class_list":{"0":"post-275953","1":"product","2":"type-product","3":"status-publish","4":"has-post-thumbnail","6":"product_cat-bonbons","7":"product_cat-thc-eleve","8":"product_cat-comestibles","9":"pa_flavours-fruite","10":"pa_intensity-thc-eleve","11":"pa_marques-emprise-rapid","12":"pa_origin-alberta-fr","13":"pa_type-de-plante-indica-fr","14":"product_format_filter-3units","15":"desktop-align-left","16":"tablet-align-left","17":"mobile-align-left","19":"first","20":"instock","21":"taxable","22":"shipping-taxable","23":"purchasable","24":"product-type-simple"},"group_of_quantity":0,"min_quantity":0,"max_quantity":"","exclude_order_quantity_value_rules":"no","exclude_category_quantity_rules":"no","combine_variations":"no","acf":[],"_links":{"self":[{"href":"https:\/\/mendomedical.ca\/fr\/wp-json\/wp\/v2\/product\/275953","targetHints":{"allow":["GET"]}}],"collection":[{"href":"https:\/\/mendomedical.ca\/fr\/wp-json\/wp\/v2\/product"}],"about":[{"href":"https:\/\/mendomedical.ca\/fr\/wp-json\/wp\/v2\/types\/product"}],"replies":[{"embeddable":true,"href":"https:\/\/mendomedical.ca\/fr\/wp-json\/wp\/v2\/comments?post=275953"}],"wp:featuredmedia":[{"embeddable":true,"href":"https:\/\/mendomedical.ca\/fr\/wp-json\/wp\/v2\/media\/275952"}],"wp:attachment":[{"href":"https:\/\/mendomedical.ca\/fr\/wp-json\/wp\/v2\/media?parent=275953"}],"wp:term":[{"taxonomy":"product_brand","embeddable":true,"href":"https:\/\/mendomedical.ca\/fr\/wp-json\/wp\/v2\/product_brand?post=275953"},{"taxonomy":"product_cat","embeddable":true,"href":"https:\/\/mendomedical.ca\/fr\/wp-json\/wp\/v2\/product_cat?post=275953"},{"taxonomy":"product_tag","embeddable":true,"href":"https:\/\/mendomedical.ca\/fr\/wp-json\/wp\/v2\/product_tag?post=275953"},{"taxonomy":"product_format_filter","embeddable":true,"href":"https:\/\/mendomedical.ca\/fr\/wp-json\/wp\/v2\/product_format_filter?post=275953"}],"curies":[{"name":"wp","href":"https:\/\/api.w.org\/{rel}","templated":true}]}}