{"id":275946,"date":"2025-09-13T05:40:14","date_gmt":"2025-09-13T09:40:14","guid":{"rendered":"https:\/\/mendomedical.ca\/product\/gomme-a-macher-peach-10-mg-thc-10-mg-cbd-paquet-de-30\/"},"modified":"2026-02-09T10:58:05","modified_gmt":"2026-02-09T15:58:05","slug":"peach-10-mg-thc-10-mg-cbd-gummy-paquet-de-30","status":"publish","type":"product","link":"https:\/\/mendomedical.ca\/fr\/produit\/peach-10-mg-thc-10-mg-cbd-gummy-paquet-de-30\/","title":{"rendered":"Peach 10 mg THC + 10 mg CBD Gummy (paquet de 30)"},"content":{"rendered":"","protected":false},"excerpt":{"rendered":"<div class=\"ExternalClass0088B2209E8645CF9C93523B950F7E6D\">\n<h3>Peach 10 mg THC + 10 mg CBD Gummy (paquet de 30) par Emprise Rapid<\/h3>\n<p>Les gommes Peach 10:10 d&rsquo;Emprise Rapid offrent une formulation \u00e9quilibr\u00e9e 1:1 THC:CBD con\u00e7ue pour les consommateurs de cannabis m\u00e9dical \u00e0 la recherche d&rsquo;effets constants et pr\u00e9visibles. Chaque gomme contient 10 mg de THC et 10 mg de CBD, formul\u00e9s avec une technologie avanc\u00e9e de nano-\u00e9mulsion qui permet un effet rapide en seulement 10 \u00e0 15 minutes. Fabriqu\u00e9s avec des extraits de cannabis \u00e0 spectre complet et infus\u00e9s avec un profil terp\u00e9nique soigneusement s\u00e9lectionn\u00e9, ces gommes v\u00e9g\u00e9taliennes \u00e0 l&rsquo;ar\u00f4me naturel d\u00e9livrent 300 mg de THC total et 300 mg de CBD total par paquet de 30 comprim\u00e9s. L&rsquo;ar\u00f4me de p\u00eache juteuse offre une exp\u00e9rience de consommation agr\u00e9able tout en maintenant les avantages th\u00e9rapeutiques d&rsquo;une distribution \u00e9quilibr\u00e9e de cannabino\u00efdes.<\/p>\n<h4>Caract\u00e9ristiques principales et points forts du produit<\/h4>\n<ul>\n<li>Technologie de nano-\u00e9mulsion \u00e0 action rapide dont les effets commencent \u00e0 se faire sentir en 10 \u00e0 15 minutes<\/li>\n<li>Rapport \u00e9quilibr\u00e9 1:1 avec 10 mg de THC et 10 mg de CBD par gomme.<\/li>\n<li>Extraits de cannabis \u00e0 spectre complet avec un profil terp\u00e9nique comprenant le d-limon\u00e8ne, le b\u00eata-caryophyll\u00e8ne, le myrc\u00e8ne et le linalol.<\/li>\n<li>Formule v\u00e9g\u00e9talienne avec ar\u00f4me naturel de p\u00eache et colorants naturels<\/li>\n<li>Paquet de 30 comprim\u00e9s fournissant 300 mg de THC total et 300 mg de CBD total<\/li>\n<\/ul>\n<h4>Saveur, ar\u00f4me et profil cannabique<\/h4>\n<p>Ces gommes pr\u00e9sentent un authentique ar\u00f4me de p\u00eache juteuse et un profil de saveur fruit\u00e9 qui rend la consommation agr\u00e9able. Le rapport \u00e9quilibr\u00e9 1:1 THC:CBD (10 mg:10 mg par gomme) est compl\u00e9t\u00e9 par un m\u00e9lange de terp\u00e8nes soigneusement \u00e9labor\u00e9. Le profil terp\u00e9nique comprend du d-limon\u00e8ne pour ses notes vives d&rsquo;agrumes, du b\u00eata-caryophyll\u00e8ne pour plus de profondeur, du myrc\u00e8ne pour les nuances terreuses et du linalol pour les caract\u00e9ristiques florales. Cette combinaison de cannabino\u00efdes et de terp\u00e8nes peut produire une s\u00e9rie d&rsquo;effets potentiels, notamment l&rsquo;euphorie, la relaxation, la concentration, la cr\u00e9ativit\u00e9 et une \u00e9nergie \u00e9quilibr\u00e9e, tout en maintenant la clart\u00e9 mentale. L&rsquo;extrait \u00e0 spectre complet permet aux utilisateurs de b\u00e9n\u00e9ficier de l&rsquo;effet d&rsquo;entourage de plusieurs compos\u00e9s de cannabis agissant en synergie.<\/p>\n<h4>Pourquoi choisir les plantes comestibles ?<\/h4>\n<p>Les edibles de cannabis comme ces gommes offrent aux utilisateurs m\u00e9dicaux une m\u00e9thode de consommation sans fum\u00e9e avec un dosage pr\u00e9cis et pr\u00e9-mesur\u00e9. La formulation \u00e9quilibr\u00e9e THC:CBD peut aider \u00e0 atteindre divers objectifs de bien-\u00eatre, tandis que la technologie \u00e0 action rapide procure un soulagement plus rapide que les edibles traditionnels. Le format discret et le dosage r\u00e9gulier font des edibles un excellent choix pour les utilisateurs m\u00e9dicaux qui ont besoin d&rsquo;effets fiables et durables tout au long de la journ\u00e9e.<\/p>\n<h4>Exp\u00e9dition dans tout le Canada<\/h4>\n<p>Peach 10 mg THC + 10 mg CBD Gummy (30 Pack) est exp\u00e9di\u00e9 rapidement au Canada par Mendo Medical. Nous offrons la livraison gratuite pour les commandes de plus de 150 $. Veuillez noter que les produits contenant de la g\u00e9latine peuvent fondre pendant l&rsquo;exp\u00e9dition durant les mois d&rsquo;\u00e9t\u00e9. Nous vous recommandons de tenir compte de ce probl\u00e8me potentiel lorsque vous passez votre commande. Malheureusement, nous ne pouvons pas offrir de remboursement ou de remplacement pour les produits qui fondent pendant le transport. Nous vous remercions de votre compr\u00e9hension.<\/p>\n<h4>Avantages et couverture pour les anciens combattants<\/h4>\n<p>La gomme Peach 10 mg THC + 10 mg CBD (paquet de 30) est admissible \u00e0 la couverture d&rsquo;Anciens Combattants Canada (ACC). Les anciens combattants admissibles peuvent avoir acc\u00e8s \u00e0 la facturation directe par l&rsquo;entremise de la Croix Bleue sans avoir \u00e0 d\u00e9bourser de frais. Si vous n&rsquo;avez pas encore de carte de cannabis m\u00e9dical, vous pouvez <a href=\"https:\/\/mendomedical.ca\/fr\/carte-medicale\/\">obtenir votre carte m\u00e9dicale gratuite rapidement et facilement<\/a> pour commencer \u00e0 acc\u00e9der \u00e0 vos avantages et \u00e0 vos options de couverture.<\/p>\n<h4>Ingr\u00e9dients<\/h4>\n<p>Sucre, sirop de tapioca, eau, Rapid Onset Nano (glyc\u00e9rine, eau, polysorbate 80, extraits de cannabis, huile MCT, monost\u00e9arate de sorbitan, sorbate de potassium, benzoate de sodium), pectine, ar\u00f4mes naturels, acide citrique, citrate de sodium, colorant naturel, terp\u00e8nes naturels.<\/p>\n<\/div>\n","protected":false},"featured_media":275944,"comment_status":"open","ping_status":"closed","template":"","meta":{"_acf_changed":false,"site-sidebar-layout":"default","site-content-layout":"","ast-site-content-layout":"default","site-content-style":"default","site-sidebar-style":"default","ast-global-header-display":"","ast-banner-title-visibility":"","ast-main-header-display":"","ast-hfb-above-header-display":"","ast-hfb-below-header-display":"","ast-hfb-mobile-header-display":"","site-post-title":"","ast-breadcrumbs-content":"","ast-featured-img":"","footer-sml-layout":"","ast-disable-related-posts":"","theme-transparent-header-meta":"default","adv-header-id-meta":"","stick-header-meta":"","header-above-stick-meta":"","header-main-stick-meta":"","header-below-stick-meta":"","astra-migrate-meta-layouts":"set","ast-page-background-enabled":"default","ast-page-background-meta":{"desktop":{"background-color":"var(--ast-global-color-4)","background-image":"","background-repeat":"repeat","background-position":"center center","background-size":"auto","background-attachment":"scroll","background-type":"","background-media":"","overlay-type":"","overlay-color":"","overlay-opacity":"","overlay-gradient":""},"tablet":{"background-color":"","background-image":"","background-repeat":"repeat","background-position":"center center","background-size":"auto","background-attachment":"scroll","background-type":"","background-media":"","overlay-type":"","overlay-color":"","overlay-opacity":"","overlay-gradient":""},"mobile":{"background-color":"","background-image":"","background-repeat":"repeat","background-position":"center center","background-size":"auto","background-attachment":"scroll","background-type":"","background-media":"","overlay-type":"","overlay-color":"","overlay-opacity":"","overlay-gradient":""}},"ast-content-background-meta":{"desktop":{"background-color":"var(--ast-global-color-5)","background-image":"","background-repeat":"repeat","background-position":"center center","background-size":"auto","background-attachment":"scroll","background-type":"","background-media":"","overlay-type":"","overlay-color":"","overlay-opacity":"","overlay-gradient":""},"tablet":{"background-color":"var(--ast-global-color-5)","background-image":"","background-repeat":"repeat","background-position":"center center","background-size":"auto","background-attachment":"scroll","background-type":"","background-media":"","overlay-type":"","overlay-color":"","overlay-opacity":"","overlay-gradient":""},"mobile":{"background-color":"var(--ast-global-color-5)","background-image":"","background-repeat":"repeat","background-position":"center center","background-size":"auto","background-attachment":"scroll","background-type":"","background-media":"","overlay-type":"","overlay-color":"","overlay-opacity":"","overlay-gradient":""}}},"product_brand":[],"product_cat":[3825,1132,1133,1128],"product_tag":[],"product_format_filter":[6392],"class_list":{"0":"post-275946","1":"product","2":"type-product","3":"status-publish","4":"has-post-thumbnail","6":"product_cat-cbd-minors-3-fr","7":"product_cat-bonbons","8":"product_cat-thc-eleve","9":"product_cat-comestibles","10":"pa_flavours-fruite","11":"pa_intensity-thc-eleve","12":"pa_intensity-cbd-moyen","13":"pa_marques-emprise-rapid","14":"pa_origin-alberta-fr","15":"product_format_filter-3units","16":"desktop-align-left","17":"tablet-align-left","18":"mobile-align-left","20":"first","21":"instock","22":"taxable","23":"shipping-taxable","24":"purchasable","25":"product-type-simple"},"group_of_quantity":0,"min_quantity":0,"max_quantity":"","exclude_order_quantity_value_rules":"no","exclude_category_quantity_rules":"no","combine_variations":"no","acf":[],"_links":{"self":[{"href":"https:\/\/mendomedical.ca\/fr\/wp-json\/wp\/v2\/product\/275946","targetHints":{"allow":["GET"]}}],"collection":[{"href":"https:\/\/mendomedical.ca\/fr\/wp-json\/wp\/v2\/product"}],"about":[{"href":"https:\/\/mendomedical.ca\/fr\/wp-json\/wp\/v2\/types\/product"}],"replies":[{"embeddable":true,"href":"https:\/\/mendomedical.ca\/fr\/wp-json\/wp\/v2\/comments?post=275946"}],"wp:featuredmedia":[{"embeddable":true,"href":"https:\/\/mendomedical.ca\/fr\/wp-json\/wp\/v2\/media\/275944"}],"wp:attachment":[{"href":"https:\/\/mendomedical.ca\/fr\/wp-json\/wp\/v2\/media?parent=275946"}],"wp:term":[{"taxonomy":"product_brand","embeddable":true,"href":"https:\/\/mendomedical.ca\/fr\/wp-json\/wp\/v2\/product_brand?post=275946"},{"taxonomy":"product_cat","embeddable":true,"href":"https:\/\/mendomedical.ca\/fr\/wp-json\/wp\/v2\/product_cat?post=275946"},{"taxonomy":"product_tag","embeddable":true,"href":"https:\/\/mendomedical.ca\/fr\/wp-json\/wp\/v2\/product_tag?post=275946"},{"taxonomy":"product_format_filter","embeddable":true,"href":"https:\/\/mendomedical.ca\/fr\/wp-json\/wp\/v2\/product_format_filter?post=275946"}],"curies":[{"name":"wp","href":"https:\/\/api.w.org\/{rel}","templated":true}]}}