{"id":275925,"date":"2025-09-27T17:15:31","date_gmt":"2025-09-27T21:15:31","guid":{"rendered":"https:\/\/mendomedical.ca\/product\/peanut-butter-breath\/"},"modified":"2026-04-04T09:11:56","modified_gmt":"2026-04-04T13:11:56","slug":"peanut-butter-breath","status":"publish","type":"product","link":"https:\/\/mendomedical.ca\/fr\/produit\/peanut-butter-breath\/","title":{"rendered":"Peanut Butter Breath"},"content":{"rendered":"","protected":false},"excerpt":{"rendered":"<div class=\"ExternalClass7B0B19154A7149EEA9961C0736F1734B\">\n<h3>Peanut Butter Breath by Six One Charlie - Cultiv\u00e9 par : Wheelchair Weed Craft Cannabis<\/h3>\n<h3>Terp\u00e8nes totaux : 3%.<\/h3>\n<p>Peanut Butter Breath est une fleur de cannabis hybride \u00e9quilibr\u00e9e (50 % indica\/50 % sativa) cr\u00e9\u00e9e en croisant les c\u00e9l\u00e8bres souches Dosidos et Mendobreath F2. Ce cultivar rare de Wheelchair Weed Craft Cannabis et soigneusement s\u00e9lectionn\u00e9 par Six One Charlie offre une exp\u00e9rience sensorielle unique avec son ar\u00f4me distinctif de noix et de cr\u00e8me et son profil d&rsquo;ar\u00f4me d&rsquo;herbes. Avec un impressionnant 3% de terp\u00e8nes totaux et des niveaux de THC allant de 18 \u00e0 28%, ce format de 7g offre aux patients de cannabis m\u00e9dical une option puissante et bien \u00e9quilibr\u00e9e pour g\u00e9rer divers sympt\u00f4mes. La g\u00e9n\u00e9tique \u00e9quilibr\u00e9e de cette vari\u00e9t\u00e9 offre \u00e0 la fois une clart\u00e9 c\u00e9r\u00e9brale et une relaxation du corps entier, ce qui en fait un choix polyvalent pour une utilisation en journ\u00e9e ou en soir\u00e9e.   <\/p>\n<h4>Caract\u00e9ristiques principales<\/h4>\n<ul>\n<li>Souche hybride \u00e9quilibr\u00e9e (50% indica\/50% sativa) combinant les g\u00e9n\u00e9tiques Dosidos et Mendobreath F2<\/li>\n<li>Teneur \u00e9lev\u00e9e en terp\u00e8nes (3 %) avec une dominance de limon\u00e8ne, de myrc\u00e8ne et de caryophyll\u00e8ne.<\/li>\n<li>La teneur en THC varie de 18 \u00e0 28 % pour une gestion efficace des sympt\u00f4mes.<\/li>\n<li>Effets relaxants durables qui peuvent contribuer \u00e0 soulager le stress, l&rsquo;inconfort et la perte d&rsquo;app\u00e9tit.<\/li>\n<li>Cocottes denses, en forme de raisin, de couleur vert olive, avec des poils rouge-orange vif et des trichomes givr\u00e9s.<\/li>\n<\/ul>\n<h4>Saveur, ar\u00f4me et profil des terp\u00e8nes<\/h4>\n<p>Peanut Butter Breath est \u00e0 la hauteur de son nom avec un ar\u00f4me cr\u00e9meux et de noisette caract\u00e9ristique, compl\u00e9t\u00e9 par des notes terreuses. Le profil de saveur pr\u00e9sente des notes d&rsquo;herbes, d&rsquo;\u00e9pices et de sucreries avec un go\u00fbt riche de noisette et de terre qui persiste en bouche. Cette vari\u00e9t\u00e9 est domin\u00e9e par trois terp\u00e8nes principaux : le limon\u00e8ne, qui apporte des notes d&rsquo;agrumes et des propri\u00e9t\u00e9s potentielles de soutien de l&rsquo;humeur ; le myrc\u00e8ne, connu pour ses caract\u00e9ristiques relaxantes ; et le caryophyll\u00e8ne, qui apporte des notes \u00e9pic\u00e9es et peut offrir des avantages anti-inflammatoires. La teneur en terp\u00e8nes totaux de 3 % garantit une exp\u00e9rience robuste et cors\u00e9e \u00e0 chaque s\u00e9ance.   <\/p>\n<h4>Pourquoi choisir la fleur<\/h4>\n<p>La fleur de cannabis reste un choix privil\u00e9gi\u00e9 pour les utilisateurs m\u00e9dicaux qui recherchent des effets imm\u00e9diats et un contr\u00f4le pr\u00e9cis du dosage. Fumer ou vaporiser la fleur permet d&rsquo;obtenir rapidement des effets, g\u00e9n\u00e9ralement en quelques minutes, ce qui la rend id\u00e9ale pour g\u00e9rer les sympt\u00f4mes aigus. Le profil de la plante enti\u00e8re pr\u00e9serve le spectre complet des cannabino\u00efdes et des terp\u00e8nes, ce qui peut renforcer les b\u00e9n\u00e9fices th\u00e9rapeutiques gr\u00e2ce \u00e0 l&rsquo;effet d&rsquo;entourage.  <\/p>\n<h4>Exp\u00e9dition dans tout le Canada<\/h4>\n<p>Peanut Butter Breath est exp\u00e9di\u00e9 rapidement \u00e0 travers le Canada gr\u00e2ce au r\u00e9seau de livraison fiable de Mendo Medical. Nous offrons une livraison gratuite pour toutes les commandes de plus de 150 $, assurant ainsi une livraison accessible de vos produits de cannabis m\u00e9dical. Les commandes sont emball\u00e9es discr\u00e8tement et en toute s\u00e9curit\u00e9 pour maintenir la qualit\u00e9 du produit pendant le transport, de sorte que votre fleur arrive dans des conditions optimales.  <\/p>\n<h4>Avantages et couverture pour les anciens combattants<\/h4>\n<p>Peanut Butter Breath est admissible \u00e0 la couverture d&rsquo;Anciens Combattants Canada (ACC) et se qualifie pour la facturation directe par l&rsquo;entremise de Blue Cross, ce qui signifie qu&rsquo;il n&rsquo;y a pas de frais de poche pour les anciens combattants admissibles. Si vous n&rsquo;avez pas encore de carte de cannabis m\u00e9dical, vous pouvez en obtenir une rapidement et facilement gr\u00e2ce au <a href=\"https:\/\/mendomedical.ca\/fr\/carte-medicale\/\">processus de demande simplifi\u00e9 de Mendo Medical<\/a>, ce qui vous permettra d&rsquo;acc\u00e9der \u00e0 vos avantages et de commencer votre traitement sans d\u00e9lai. <\/p>\n<\/div>\n","protected":false},"featured_media":275401,"comment_status":"open","ping_status":"closed","template":"","meta":{"_acf_changed":false,"site-sidebar-layout":"default","site-content-layout":"","ast-site-content-layout":"default","site-content-style":"default","site-sidebar-style":"default","ast-global-header-display":"","ast-banner-title-visibility":"","ast-main-header-display":"","ast-hfb-above-header-display":"","ast-hfb-below-header-display":"","ast-hfb-mobile-header-display":"","site-post-title":"","ast-breadcrumbs-content":"","ast-featured-img":"","footer-sml-layout":"","ast-disable-related-posts":"","theme-transparent-header-meta":"default","adv-header-id-meta":"","stick-header-meta":"","header-above-stick-meta":"","header-main-stick-meta":"","header-below-stick-meta":"","astra-migrate-meta-layouts":"set","ast-page-background-enabled":"default","ast-page-background-meta":{"desktop":{"background-color":"var(--ast-global-color-4)","background-image":"","background-repeat":"repeat","background-position":"center center","background-size":"auto","background-attachment":"scroll","background-type":"","background-media":"","overlay-type":"","overlay-color":"","overlay-opacity":"","overlay-gradient":""},"tablet":{"background-color":"","background-image":"","background-repeat":"repeat","background-position":"center center","background-size":"auto","background-attachment":"scroll","background-type":"","background-media":"","overlay-type":"","overlay-color":"","overlay-opacity":"","overlay-gradient":""},"mobile":{"background-color":"","background-image":"","background-repeat":"repeat","background-position":"center center","background-size":"auto","background-attachment":"scroll","background-type":"","background-media":"","overlay-type":"","overlay-color":"","overlay-opacity":"","overlay-gradient":""}},"ast-content-background-meta":{"desktop":{"background-color":"var(--ast-global-color-5)","background-image":"","background-repeat":"repeat","background-position":"center center","background-size":"auto","background-attachment":"scroll","background-type":"","background-media":"","overlay-type":"","overlay-color":"","overlay-opacity":"","overlay-gradient":""},"tablet":{"background-color":"var(--ast-global-color-5)","background-image":"","background-repeat":"repeat","background-position":"center center","background-size":"auto","background-attachment":"scroll","background-type":"","background-media":"","overlay-type":"","overlay-color":"","overlay-opacity":"","overlay-gradient":""},"mobile":{"background-color":"var(--ast-global-color-5)","background-image":"","background-repeat":"repeat","background-position":"center center","background-size":"auto","background-attachment":"scroll","background-type":"","background-media":"","overlay-type":"","overlay-color":"","overlay-opacity":"","overlay-gradient":""}}},"product_brand":[],"product_cat":[4801,1137],"product_tag":[],"product_format_filter":[6373],"class_list":{"0":"post-275925","1":"product","2":"type-product","3":"status-publish","4":"has-post-thumbnail","6":"product_cat-six-one-charlie-fr","7":"product_cat-fleur","8":"pa_flavours-pimenter","9":"pa_flavours-a-base-de-plantes","10":"pa_flavours-doux","11":"pa_intensity-thc-eleve","12":"pa_marques-six-one-charlie-fr","13":"pa_origin-colombie-britannique-fr","14":"pa_packaging-date-1-30-2026","15":"pa_prix-par-gramme-8-57","16":"pa_profil-terpene-caryophyllene","17":"pa_profil-terpene-limonene-fr","18":"pa_profil-terpene-myrcene","19":"pa_type-de-plante-hybride-fr","20":"pa_type-de-plante-thc-fr","21":"product_format_filter-7g","22":"desktop-align-left","23":"tablet-align-left","24":"mobile-align-left","26":"first","27":"outofstock","28":"taxable","29":"shipping-taxable","30":"purchasable","31":"product-type-simple"},"group_of_quantity":0,"min_quantity":0,"max_quantity":"","exclude_order_quantity_value_rules":"no","exclude_category_quantity_rules":"no","combine_variations":"no","acf":[],"_links":{"self":[{"href":"https:\/\/mendomedical.ca\/fr\/wp-json\/wp\/v2\/product\/275925","targetHints":{"allow":["GET"]}}],"collection":[{"href":"https:\/\/mendomedical.ca\/fr\/wp-json\/wp\/v2\/product"}],"about":[{"href":"https:\/\/mendomedical.ca\/fr\/wp-json\/wp\/v2\/types\/product"}],"replies":[{"embeddable":true,"href":"https:\/\/mendomedical.ca\/fr\/wp-json\/wp\/v2\/comments?post=275925"}],"wp:featuredmedia":[{"embeddable":true,"href":"https:\/\/mendomedical.ca\/fr\/wp-json\/wp\/v2\/media\/275401"}],"wp:attachment":[{"href":"https:\/\/mendomedical.ca\/fr\/wp-json\/wp\/v2\/media?parent=275925"}],"wp:term":[{"taxonomy":"product_brand","embeddable":true,"href":"https:\/\/mendomedical.ca\/fr\/wp-json\/wp\/v2\/product_brand?post=275925"},{"taxonomy":"product_cat","embeddable":true,"href":"https:\/\/mendomedical.ca\/fr\/wp-json\/wp\/v2\/product_cat?post=275925"},{"taxonomy":"product_tag","embeddable":true,"href":"https:\/\/mendomedical.ca\/fr\/wp-json\/wp\/v2\/product_tag?post=275925"},{"taxonomy":"product_format_filter","embeddable":true,"href":"https:\/\/mendomedical.ca\/fr\/wp-json\/wp\/v2\/product_format_filter?post=275925"}],"curies":[{"name":"wp","href":"https:\/\/api.w.org\/{rel}","templated":true}]}}