{"id":275339,"date":"2025-09-11T20:45:05","date_gmt":"2025-09-12T00:45:05","guid":{"rendered":"https:\/\/mendomedical.ca\/product\/orange-sanguine-tout-en-un-live-resin-vape\/"},"modified":"2026-04-02T20:04:01","modified_gmt":"2026-04-03T00:04:01","slug":"blood-orange-live-resin-vape-tout-en-un","status":"publish","type":"product","link":"https:\/\/mendomedical.ca\/fr\/produit\/blood-orange-live-resin-vape-tout-en-un\/","title":{"rendered":"Blood Orange Live Resin Vape Tout-en-un"},"content":{"rendered":"","protected":false},"excerpt":{"rendered":"<div class=\"ExternalClass9EEF91964D0D434F934B016EA0E99FC2\">\n<h3>Blood Orange All-In-One Live Resin Vape de November Rain<\/h3>\n<h3>Terp\u00e8nes totaux : 8%.<\/h3>\n<p>Le Blood Orange All-In-One Live Resin Vape de November Rain vous offre une exp\u00e9rience de vapotage de premi\u00e8re qualit\u00e9 dans un bo\u00eetier biod\u00e9gradable et respectueux de l&rsquo;environnement. Ce dispositif jetable de 1 g associe une puissance impressionnante \u00e0 une saveur d&rsquo;agrumes vibrante, avec un taux de THC \u00e9lev\u00e9 et un profil terp\u00e9nique de 8 % qui cr\u00e9e un tirage doux et savoureux. Con\u00e7ue pour la commodit\u00e9 et la qualit\u00e9, cette vape tout-en-un offre une exp\u00e9rience \u00e0 la fois stimulante et relaxante, parfaite pour les patients de cannabis m\u00e9dical qui recherchent \u00e0 la fois l&rsquo;efficacit\u00e9 et le plaisir.<\/p>\n<h4>Caract\u00e9ristiques principales<\/h4>\n<ul>\n<li>Formule \u00e0 haute teneur en THC pour un soulagement efficace<\/li>\n<li>Riche de 8 % de terp\u00e8nes, ce qui renforce la saveur et les effets th\u00e9rapeutiques potentiels.<\/li>\n<li>Bo\u00eetier biod\u00e9gradable respectueux de l&rsquo;environnement pour les consommateurs soucieux de l&rsquo;environnement<\/li>\n<li>Conception pratique de 1g tout-en-un jetable ne n\u00e9cessitant ni charge ni entretien<\/li>\n<li>Extraction de r\u00e9sine vivante pr\u00e9servant le spectre complet des cannabino\u00efdes et des terp\u00e8nes de la plante.<\/li>\n<\/ul>\n<h4>Profil aromatique et gustatif<\/h4>\n<p>Le Blood Orange All-In-One Live Resin Vape pr\u00e9sente une palette de saveurs vibrantes d&rsquo;agrumes avec des notes pro\u00e9minentes d&rsquo;orange sanguine. Le profil gustatif pr\u00e9sente des nuances d&rsquo;agrumes rafra\u00eechissantes, compl\u00e9t\u00e9es par une douceur fruit\u00e9e, de subtiles nuances d&rsquo;herbes et des accents tropicaux qui cr\u00e9ent une exp\u00e9rience de vapotage complexe et agr\u00e9able. L&rsquo;ar\u00f4me pr\u00e9sente des notes d&rsquo;agrumes orange vif qui sont imm\u00e9diatement reconnaissables et invitantes. Avec une teneur totale en terp\u00e8nes de 8 %, cette vape offre une saveur authentique et robuste \u00e0 chaque tirage tout en soutenant potentiellement l&rsquo;effet d&rsquo;entourage pour des avantages th\u00e9rapeutiques am\u00e9lior\u00e9s.<\/p>\n<h4>Pourquoi choisir Vapes ?<\/h4>\n<p>Les vapes offrent aux patients qui consomment du cannabis m\u00e9dical un contr\u00f4le pr\u00e9cis du dosage et une apparition rapide des effets, g\u00e9n\u00e9ralement dans les minutes qui suivent l&rsquo;inhalation. Cette m\u00e9thode d&rsquo;administration permet une consommation discr\u00e8te sans combustion, r\u00e9duisant potentiellement les irritants respiratoires par rapport au tabagisme. La commodit\u00e9 des appareils jetables tout-en-un \u00e9limine le besoin d&rsquo;\u00e9quipement ou de pr\u00e9paration suppl\u00e9mentaire, ce qui les rend id\u00e9ales pour g\u00e9rer les sympt\u00f4mes en d\u00e9placement ou pour les patients qui recherchent une m\u00e9thode de consommation n\u00e9cessitant peu d&rsquo;entretien.<\/p>\n<h4>Exp\u00e9dition dans tout le Canada<\/h4>\n<p>Le Blood Orange All-In-One Live Resin Vape est exp\u00e9di\u00e9 rapidement \u00e0 travers le Canada par Mendo Medical. Nous offrons la livraison gratuite pour toutes les commandes de plus de 150 $, assurant un acc\u00e8s pratique \u00e0 vos produits de cannabis m\u00e9dical, peu importe o\u00f9 vous vous trouvez. Les commandes sont emball\u00e9es discr\u00e8tement et exp\u00e9di\u00e9es rapidement pour s&rsquo;assurer que votre m\u00e9dicament arrive en toute s\u00e9curit\u00e9 et efficacement.<\/p>\n<h4>Avantages et couverture pour les anciens combattants<\/h4>\n<p>Le Blood Orange All-In-One Live Resin Vape est admissible \u00e0 la couverture d&rsquo;ACC (Anciens Combattants Canada). Les v\u00e9t\u00e9rans admissibles peuvent acc\u00e9der \u00e0 la facturation directe par l&rsquo;entremise de la Croix Bleue, ce qui vous permet d&rsquo;obtenir votre cannabis m\u00e9dical sans avoir \u00e0 d\u00e9bourser quoi que ce soit. Si vous n&rsquo;avez pas encore de carte de cannabis m\u00e9dical, vous pouvez <a href=\"https:\/\/mendomedical.ca\/fr\/carte-medicale\/\">obtenir votre carte m\u00e9dicale gratuite rapidement et facilement<\/a> pour commencer \u00e0 acc\u00e9der \u00e0 la couverture et aux avantages th\u00e9rapeutiques du cannabis m\u00e9dical.<\/p>\n<h4>Ingr\u00e9dients<\/h4>\n<p>Extraits de cannabis, terp\u00e8nes botaniques<\/p>\n<\/div>\n","protected":false},"featured_media":275336,"comment_status":"open","ping_status":"closed","template":"","meta":{"_acf_changed":false,"site-sidebar-layout":"default","site-content-layout":"","ast-site-content-layout":"default","site-content-style":"default","site-sidebar-style":"default","ast-global-header-display":"","ast-banner-title-visibility":"","ast-main-header-display":"","ast-hfb-above-header-display":"","ast-hfb-below-header-display":"","ast-hfb-mobile-header-display":"","site-post-title":"","ast-breadcrumbs-content":"","ast-featured-img":"","footer-sml-layout":"","ast-disable-related-posts":"","theme-transparent-header-meta":"default","adv-header-id-meta":"","stick-header-meta":"","header-above-stick-meta":"","header-main-stick-meta":"","header-below-stick-meta":"","astra-migrate-meta-layouts":"set","ast-page-background-enabled":"default","ast-page-background-meta":{"desktop":{"background-color":"var(--ast-global-color-4)","background-image":"","background-repeat":"repeat","background-position":"center center","background-size":"auto","background-attachment":"scroll","background-type":"","background-media":"","overlay-type":"","overlay-color":"","overlay-opacity":"","overlay-gradient":""},"tablet":{"background-color":"","background-image":"","background-repeat":"repeat","background-position":"center center","background-size":"auto","background-attachment":"scroll","background-type":"","background-media":"","overlay-type":"","overlay-color":"","overlay-opacity":"","overlay-gradient":""},"mobile":{"background-color":"","background-image":"","background-repeat":"repeat","background-position":"center center","background-size":"auto","background-attachment":"scroll","background-type":"","background-media":"","overlay-type":"","overlay-color":"","overlay-opacity":"","overlay-gradient":""}},"ast-content-background-meta":{"desktop":{"background-color":"var(--ast-global-color-5)","background-image":"","background-repeat":"repeat","background-position":"center center","background-size":"auto","background-attachment":"scroll","background-type":"","background-media":"","overlay-type":"","overlay-color":"","overlay-opacity":"","overlay-gradient":""},"tablet":{"background-color":"var(--ast-global-color-5)","background-image":"","background-repeat":"repeat","background-position":"center center","background-size":"auto","background-attachment":"scroll","background-type":"","background-media":"","overlay-type":"","overlay-color":"","overlay-opacity":"","overlay-gradient":""},"mobile":{"background-color":"var(--ast-global-color-5)","background-image":"","background-repeat":"repeat","background-position":"center center","background-size":"auto","background-attachment":"scroll","background-type":"","background-media":"","overlay-type":"","overlay-color":"","overlay-opacity":"","overlay-gradient":""}}},"product_brand":[],"product_cat":[1163,1159,1161],"product_tag":[],"product_format_filter":[6369],"class_list":{"0":"post-275339","1":"product","2":"type-product","3":"status-publish","4":"has-post-thumbnail","6":"product_cat-cured-et-resine-vivante-fr","7":"product_cat-vapoteuses","8":"product_cat-tout-en-un","9":"pa_flavours-agrume","10":"pa_flavours-fruite","11":"pa_flavours-a-base-de-plantes","12":"pa_flavours-tropical-fr","13":"pa_intensity-thc-eleve","14":"pa_intensity-faible-cbd","15":"pa_marques-november-rain-fr","16":"pa_origin-colombie-britannique-fr","17":"pa_type-de-plante-hybride-sativa-fr","18":"product_format_filter-1g","19":"desktop-align-left","20":"tablet-align-left","21":"mobile-align-left","23":"first","24":"instock","25":"taxable","26":"shipping-taxable","27":"purchasable","28":"product-type-simple"},"group_of_quantity":0,"min_quantity":0,"max_quantity":"","exclude_order_quantity_value_rules":"no","exclude_category_quantity_rules":"no","combine_variations":"no","acf":[],"_links":{"self":[{"href":"https:\/\/mendomedical.ca\/fr\/wp-json\/wp\/v2\/product\/275339","targetHints":{"allow":["GET"]}}],"collection":[{"href":"https:\/\/mendomedical.ca\/fr\/wp-json\/wp\/v2\/product"}],"about":[{"href":"https:\/\/mendomedical.ca\/fr\/wp-json\/wp\/v2\/types\/product"}],"replies":[{"embeddable":true,"href":"https:\/\/mendomedical.ca\/fr\/wp-json\/wp\/v2\/comments?post=275339"}],"wp:featuredmedia":[{"embeddable":true,"href":"https:\/\/mendomedical.ca\/fr\/wp-json\/wp\/v2\/media\/275336"}],"wp:attachment":[{"href":"https:\/\/mendomedical.ca\/fr\/wp-json\/wp\/v2\/media?parent=275339"}],"wp:term":[{"taxonomy":"product_brand","embeddable":true,"href":"https:\/\/mendomedical.ca\/fr\/wp-json\/wp\/v2\/product_brand?post=275339"},{"taxonomy":"product_cat","embeddable":true,"href":"https:\/\/mendomedical.ca\/fr\/wp-json\/wp\/v2\/product_cat?post=275339"},{"taxonomy":"product_tag","embeddable":true,"href":"https:\/\/mendomedical.ca\/fr\/wp-json\/wp\/v2\/product_tag?post=275339"},{"taxonomy":"product_format_filter","embeddable":true,"href":"https:\/\/mendomedical.ca\/fr\/wp-json\/wp\/v2\/product_format_filter?post=275339"}],"curies":[{"name":"wp","href":"https:\/\/api.w.org\/{rel}","templated":true}]}}