{"id":275073,"date":"2025-09-17T15:05:38","date_gmt":"2025-09-17T19:05:38","guid":{"rendered":"https:\/\/mendomedical.ca\/product\/lever-de-soleil-a-la-mandarine\/"},"modified":"2026-03-24T13:37:35","modified_gmt":"2026-03-24T17:37:35","slug":"mandarin-sunrise","status":"publish","type":"product","link":"https:\/\/mendomedical.ca\/fr\/produit\/mandarin-sunrise\/","title":{"rendered":"Mandarin Sunrise"},"content":{"rendered":"","protected":false},"excerpt":{"rendered":"<div class=\"ExternalClassD5994C0669B249A597489AD95DC4C738\"><span style=\"font-size: 1.5em; font-weight: bold;\">Mandarin Sunrise par Rocky Mountain Cannabis<\/span><\/div>\n<div class=\"ExternalClassD5994C0669B249A597489AD95DC4C738\">\n<h3>Terp\u00e8nes totaux : 4,12 %.<\/h3>\n<p>Mandarin Sunrise est une fleur \u00e0 dominance sativa qui combine les g\u00e9n\u00e9tiques Orange Skunk et Herijuana pour offrir une exp\u00e9rience de cannabis lumineuse et \u00e9nergisante. Ce format de 7g pr\u00e9sente des cocottes vert clair vibrantes avec un profil distinctif d&rsquo;agrumes et une composition \u00e9quilibr\u00e9e en cannabino\u00efdes qui comprend des niveaux notables de CBG aux c\u00f4t\u00e9s du CBD. Avec une teneur totale en terp\u00e8nes de 4,12 %, Mandarin Sunrise offre une exp\u00e9rience aromatique et gustative robuste con\u00e7ue pour ceux qui recherchent des effets clairs et l\u00e9gers.<\/p>\n<h4>Caract\u00e9ristiques principales<\/h4>\n<ul>\n<li>Souche \u00e0 dominante sativa combinant les g\u00e9n\u00e9tiques Orange Skunk x Herijuana<\/li>\n<li>Teneur totale en terp\u00e8nes de 4,12 % avec une large gamme de profils terp\u00e9niques.<\/li>\n<li>Profil \u00e9quilibr\u00e9 de cannabino\u00efdes comprenant du CBG, du CBD et du THC<\/li>\n<li>Des cocottes vert clair qui attirent le regard et un sac vibrant d&rsquo;attrait<\/li>\n<li>Effets potentiels sur la t\u00eate et le corps, id\u00e9aux pour une utilisation en journ\u00e9e<\/li>\n<\/ul>\n<h4>Saveur, ar\u00f4me et profil cannabique<\/h4>\n<p>Mandarin Sunrise offre un profil aromatique complexe avec des notes d&rsquo;agrumes pro\u00e9minentes, compl\u00e9t\u00e9es par des nuances cr\u00e9meuses et sucr\u00e9es et des notes de gasoil et de pin. L&rsquo;ar\u00f4me se pr\u00e9sente comme un gaz d&rsquo;agrumes avec des couches cr\u00e9meuses, rappelant les mandarines fra\u00eechement press\u00e9es avec de subtiles caract\u00e9ristiques skunky. Le profil des cannabino\u00efdes offre une composition \u00e9quilibr\u00e9e avec une forte pr\u00e9sence de CBG et une dose de CBD, ainsi qu&rsquo;une gamme vari\u00e9e de terp\u00e8nes qui contribuent \u00e0 l&rsquo;exp\u00e9rience sensorielle distinctive de la vari\u00e9t\u00e9.<\/p>\n<h4>Pourquoi choisir les fleurs de cannabis<\/h4>\n<p>La fleur de cannabis offre aux utilisateurs m\u00e9dicaux la m\u00e9thode de consommation la plus polyvalente, avec un contr\u00f4le imm\u00e9diat du dosage et des effets. La fleur peut \u00eatre vaporis\u00e9e ou utilis\u00e9e dans diverses m\u00e9thodes de pr\u00e9paration, ce qui permet aux patients d&rsquo;adapter leur exp\u00e9rience \u00e0 leurs besoins sp\u00e9cifiques de bien-\u00eatre tout en acc\u00e9dant au spectre complet des cannabino\u00efdes et des terp\u00e8nes pr\u00e9sents dans la plante.<\/p>\n<h4>Exp\u00e9dition dans tout le Canada<\/h4>\n<p>Mandarin Sunrise est exp\u00e9di\u00e9 rapidement \u00e0 travers le Canada par l&rsquo;interm\u00e9diaire de Mendo Medical. Nous offrons une livraison gratuite pour toutes les commandes de plus de 150 $, ce qui permet aux patients de cannabis m\u00e9dical d&rsquo;un oc\u00e9an \u00e0 l&rsquo;autre d&rsquo;avoir acc\u00e8s \u00e0 cette fleur de premi\u00e8re qualit\u00e9 de fa\u00e7on pratique et abordable.<\/p>\n<h4>Avantages et couverture pour les anciens combattants<\/h4>\n<p>Mandarin Sunrise est admissible \u00e0 la couverture d&rsquo;ACC (Anciens Combattants Canada) et \u00e0 la facturation directe par l&rsquo;entremise de la Croix Bleue, ce qui signifie qu&rsquo;il n&rsquo;y a pas de frais \u00e0 d\u00e9bourser pour les anciens combattants admissibles. Si vous n&rsquo;avez pas encore de carte de cannabis m\u00e9dical, vous pouvez <a href=\"https:\/\/mendomedical.ca\/fr\/carte-medicale\/\">obtenir votre carte m\u00e9dicale gratuite rapidement et facilement<\/a> pour commencer \u00e0 acc\u00e9der \u00e0 vos avantages et \u00e0 vos options de couverture.<\/p>\n<\/div>\n","protected":false},"featured_media":279231,"comment_status":"open","ping_status":"closed","template":"","meta":{"_acf_changed":false,"site-sidebar-layout":"default","site-content-layout":"","ast-site-content-layout":"default","site-content-style":"default","site-sidebar-style":"default","ast-global-header-display":"","ast-banner-title-visibility":"","ast-main-header-display":"","ast-hfb-above-header-display":"","ast-hfb-below-header-display":"","ast-hfb-mobile-header-display":"","site-post-title":"","ast-breadcrumbs-content":"","ast-featured-img":"","footer-sml-layout":"","ast-disable-related-posts":"","theme-transparent-header-meta":"default","adv-header-id-meta":"","stick-header-meta":"","header-above-stick-meta":"","header-main-stick-meta":"","header-below-stick-meta":"","astra-migrate-meta-layouts":"set","ast-page-background-enabled":"default","ast-page-background-meta":{"desktop":{"background-color":"var(--ast-global-color-4)","background-image":"","background-repeat":"repeat","background-position":"center center","background-size":"auto","background-attachment":"scroll","background-type":"","background-media":"","overlay-type":"","overlay-color":"","overlay-opacity":"","overlay-gradient":""},"tablet":{"background-color":"","background-image":"","background-repeat":"repeat","background-position":"center center","background-size":"auto","background-attachment":"scroll","background-type":"","background-media":"","overlay-type":"","overlay-color":"","overlay-opacity":"","overlay-gradient":""},"mobile":{"background-color":"","background-image":"","background-repeat":"repeat","background-position":"center center","background-size":"auto","background-attachment":"scroll","background-type":"","background-media":"","overlay-type":"","overlay-color":"","overlay-opacity":"","overlay-gradient":""}},"ast-content-background-meta":{"desktop":{"background-color":"var(--ast-global-color-5)","background-image":"","background-repeat":"repeat","background-position":"center center","background-size":"auto","background-attachment":"scroll","background-type":"","background-media":"","overlay-type":"","overlay-color":"","overlay-opacity":"","overlay-gradient":""},"tablet":{"background-color":"var(--ast-global-color-5)","background-image":"","background-repeat":"repeat","background-position":"center center","background-size":"auto","background-attachment":"scroll","background-type":"","background-media":"","overlay-type":"","overlay-color":"","overlay-opacity":"","overlay-gradient":""},"mobile":{"background-color":"var(--ast-global-color-5)","background-image":"","background-repeat":"repeat","background-position":"center center","background-size":"auto","background-attachment":"scroll","background-type":"","background-media":"","overlay-type":"","overlay-color":"","overlay-opacity":"","overlay-gradient":""}}},"product_brand":[],"product_cat":[1137],"product_tag":[],"product_format_filter":[6373],"class_list":{"0":"post-275073","1":"product","2":"type-product","3":"status-publish","4":"has-post-thumbnail","6":"product_cat-fleur","7":"pa_flavours-agrume","8":"pa_flavours-cremeux","9":"pa_flavours-gazole-diesel","10":"pa_flavours-pin","11":"pa_flavours-doux","12":"pa_intensity-thc-eleve","13":"pa_intensity-low-cbg-fr","14":"pa_marques-rocky-mountain-cannabis-fr","15":"pa_origin-colombie-britannique-fr","16":"pa_packaging-date-01-13-2026","17":"pa_type-de-plante-sativa-fr","18":"product_format_filter-7g","19":"desktop-align-left","20":"tablet-align-left","21":"mobile-align-left","23":"first","24":"outofstock","25":"taxable","26":"shipping-taxable","27":"purchasable","28":"product-type-simple"},"group_of_quantity":0,"min_quantity":0,"max_quantity":"","exclude_order_quantity_value_rules":"no","exclude_category_quantity_rules":"no","combine_variations":"no","acf":[],"_links":{"self":[{"href":"https:\/\/mendomedical.ca\/fr\/wp-json\/wp\/v2\/product\/275073","targetHints":{"allow":["GET"]}}],"collection":[{"href":"https:\/\/mendomedical.ca\/fr\/wp-json\/wp\/v2\/product"}],"about":[{"href":"https:\/\/mendomedical.ca\/fr\/wp-json\/wp\/v2\/types\/product"}],"replies":[{"embeddable":true,"href":"https:\/\/mendomedical.ca\/fr\/wp-json\/wp\/v2\/comments?post=275073"}],"wp:featuredmedia":[{"embeddable":true,"href":"https:\/\/mendomedical.ca\/fr\/wp-json\/wp\/v2\/media\/279231"}],"wp:attachment":[{"href":"https:\/\/mendomedical.ca\/fr\/wp-json\/wp\/v2\/media?parent=275073"}],"wp:term":[{"taxonomy":"product_brand","embeddable":true,"href":"https:\/\/mendomedical.ca\/fr\/wp-json\/wp\/v2\/product_brand?post=275073"},{"taxonomy":"product_cat","embeddable":true,"href":"https:\/\/mendomedical.ca\/fr\/wp-json\/wp\/v2\/product_cat?post=275073"},{"taxonomy":"product_tag","embeddable":true,"href":"https:\/\/mendomedical.ca\/fr\/wp-json\/wp\/v2\/product_tag?post=275073"},{"taxonomy":"product_format_filter","embeddable":true,"href":"https:\/\/mendomedical.ca\/fr\/wp-json\/wp\/v2\/product_format_filter?post=275073"}],"curies":[{"name":"wp","href":"https:\/\/api.w.org\/{rel}","templated":true}]}}