{"id":274789,"date":"2025-09-09T18:30:14","date_gmt":"2025-09-09T22:30:14","guid":{"rendered":"https:\/\/mendomedical.ca\/product\/berlin-berries-rosin-vape-cart\/"},"modified":"2026-04-14T00:31:59","modified_gmt":"2026-04-14T04:31:59","slug":"berlin-berries-rosin-vape-cart","status":"publish","type":"product","link":"https:\/\/mendomedical.ca\/fr\/produit\/berlin-berries-rosin-vape-cart\/","title":{"rendered":"Berlin Berries Rosin Vape Cart"},"content":{"rendered":"","protected":false},"excerpt":{"rendered":"<div class=\"ExternalClass495E71AD8DDB4021AE2C5B426BBBA8D8\">\n<h3>Berlin Berries Rosin Vape Cart par Cannonfire<\/h3>\n<h3>Terp\u00e8nes totaux : 4,38%.<\/h3>\n<p>La Berlin Berries Rosin Vape Cart de Cannonfire offre une exp\u00e9rience de vapotage authentique et sp\u00e9cifique \u00e0 la souche, fabriqu\u00e9e \u00e0 partir de rosine de haschisch pure. Cette cartouche de 1g \u00e0 filetage 510 ne contient pas de terp\u00e8nes ajout\u00e9s, de distillat ou de produits de remplissage - juste de la rosine propre extraite du cultivar Berlin Berries, un croisement de Georgia Pie et de Gastro Pop #5. Log\u00e9e dans un mat\u00e9riel tout en c\u00e9ramique de premi\u00e8re qualit\u00e9, cette vape pr\u00e9serve le profil d&rsquo;ar\u00f4me naturel et assure une production de vapeur douce et coh\u00e9rente. Avec une teneur en THC de 77,3 % et un profil terp\u00e9nique robuste totalisant 4,38 %, Berlin Berries offre un profil d&rsquo;effet \u00e9quilibr\u00e9 \u00e0 la fois entra\u00eenant et profond\u00e9ment relaxant, ce qui en fait un excellent choix pour les patients de cannabis m\u00e9dical \u00e0 la recherche de qualit\u00e9 et de transparence.<\/p>\n<h4>Caract\u00e9ristiques principales<\/h4>\n<ul>\n<li>Rosin de haschisch pure et sp\u00e9cifique \u00e0 la souche, sans additif, distillat ou agent de remplissage.<\/li>\n<li>Mat\u00e9riel enti\u00e8rement en c\u00e9ramique de premi\u00e8re qualit\u00e9 pour une pr\u00e9servation optimale des ar\u00f4mes et une vapeur propre.<\/li>\n<li>Une puissance \u00e9lev\u00e9e de 77,3 % de THC avec des cannabino\u00efdes de soutien CBG (2,427 %) et CBC (0,855 %).<\/li>\n<li>Riche en terp\u00e8nes (4,38 %), dont le linalol, le b\u00eata-caryophyll\u00e8ne et le limon\u00e8ne.<\/li>\n<li>Compatible avec les piles 510 standard pour une utilisation pratique<\/li>\n<\/ul>\n<h4>Saveur, ar\u00f4me et profil cannabique<\/h4>\n<p>Berlin Berries pr\u00e9sente un profil doux et fruit\u00e9, caract\u00e9ris\u00e9 par des notes de baies sucr\u00e9es avec de l\u00e9g\u00e8res nuances florales. L&rsquo;ar\u00f4me est compl\u00e9t\u00e9 par de subtils accents d&rsquo;agrumes et une finale douce et hach\u00e9e qui refl\u00e8te le caract\u00e8re authentique du cultivar. Les utilisateurs peuvent d\u00e9tecter des notes gazeuses, semblables \u00e0 celles du diesel, \u00e0 c\u00f4t\u00e9 d&rsquo;\u00e9l\u00e9ments herbac\u00e9s et sucr\u00e9s, cr\u00e9ant ainsi une exp\u00e9rience sensorielle complexe et satisfaisante.<\/p>\n<p>Le profil cannabino\u00efde est domin\u00e9 par le THC \u00e0 77,3 %, avec des concentrations significatives de CBG (2,427 %) et de CBC (0,855 %) contribuant \u00e0 un effet bien \u00e9quilibr\u00e9. La composition en terp\u00e8nes est domin\u00e9e par le linalol (0,992 %), qui peut avoir des propri\u00e9t\u00e9s apaisantes et calmantes ; le b\u00eata-caryophyll\u00e8ne (0,749 %), connu pour ses effets anti-inflammatoires potentiels ; et le limon\u00e8ne (0,576 %), qui peut avoir des effets stimulants sur l&rsquo;humeur. Ensemble, ces compos\u00e9s cr\u00e9ent un effet d&rsquo;entourage que les utilisateurs m\u00e9dicaux trouvent souvent b\u00e9n\u00e9fique pour g\u00e9rer le stress, l&rsquo;inconfort et promouvoir la relaxation.<\/p>\n<p>Les effets potentiels comprennent l&rsquo;euphorie, l&rsquo;\u00e9l\u00e9vation et un sentiment de calme qui se transforme en un \u00e9tat r\u00eaveur et introspectif. L&rsquo;utilisateur peut ressentir des sensations apaisantes et une relaxation profonde, ce qui rend cette vape adapt\u00e9e \u00e0 une utilisation en soir\u00e9e ou \u00e0 la recherche d&rsquo;un repos plus profond.<\/p>\n<h4>Pourquoi choisir Vapes ?<\/h4>\n<p>Les cartouches de vaporisation offrent aux patients qui consomment du cannabis m\u00e9dical un contr\u00f4le pr\u00e9cis du dosage et un soulagement rapide sans combustion. La cartouche de vape Rosin de Berlin Berries offre une m\u00e9thode de consommation discr\u00e8te et pratique avec une odeur minimale, ce qui la rend id\u00e9ale pour les patients qui ont besoin de m\u00e9dicaments tout au long de la journ\u00e9e. Les vapes \u00e0 base de rosine pure comme celle-ci pr\u00e9servent le spectre complet des cannabino\u00efdes et des terp\u00e8nes, offrant potentiellement des avantages th\u00e9rapeutiques plus complets que les alternatives \u00e0 base de distillat.<\/p>\n<h4>Exp\u00e9dition dans tout le Canada<\/h4>\n<p>Le Berlin Berries Rosin Vape Cart est exp\u00e9di\u00e9 rapidement dans tout le Canada, avec une livraison gratuite disponible pour les commandes de plus de 150 $. Recevez votre authentique vape de rosine de hachage directement \u00e0 votre porte, o\u00f9 que vous soyez dans le pays.<\/p>\n<h4>Avantages et couverture pour les anciens combattants<\/h4>\n<p>Le Vape Cart Berlin Berries Rosin est admissible \u00e0 la couverture d&rsquo;ACC (Anciens Combattants Canada) et \u00e0 la facturation directe par l&rsquo;entremise de la Croix Bleue, ce qui signifie qu&rsquo;aucun d\u00e9bours\u00e9 n&rsquo;est n\u00e9cessaire pour les anciens combattants admissibles. Si vous n&rsquo;avez pas encore de carte de cannabis m\u00e9dical, vous pouvez <a href=\"https:\/\/mendomedical.ca\/fr\/carte-medicale\/\">obtenir votre carte m\u00e9dicale gratuite rapidement et facilement<\/a> pour acc\u00e9der \u00e0 ces avantages et commencer votre traitement.<\/p>\n<h4>Ingr\u00e9dients<\/h4>\n<p>Rosin de Hash<\/p>\n<\/div>\n","protected":false},"featured_media":274785,"comment_status":"open","ping_status":"closed","template":"","meta":{"_acf_changed":false,"site-sidebar-layout":"default","site-content-layout":"","ast-site-content-layout":"default","site-content-style":"default","site-sidebar-style":"default","ast-global-header-display":"","ast-banner-title-visibility":"","ast-main-header-display":"","ast-hfb-above-header-display":"","ast-hfb-below-header-display":"","ast-hfb-mobile-header-display":"","site-post-title":"","ast-breadcrumbs-content":"","ast-featured-img":"","footer-sml-layout":"","ast-disable-related-posts":"","theme-transparent-header-meta":"default","adv-header-id-meta":"","stick-header-meta":"","header-above-stick-meta":"","header-main-stick-meta":"","header-below-stick-meta":"","astra-migrate-meta-layouts":"set","ast-page-background-enabled":"default","ast-page-background-meta":{"desktop":{"background-color":"var(--ast-global-color-4)","background-image":"","background-repeat":"repeat","background-position":"center center","background-size":"auto","background-attachment":"scroll","background-type":"","background-media":"","overlay-type":"","overlay-color":"","overlay-opacity":"","overlay-gradient":""},"tablet":{"background-color":"","background-image":"","background-repeat":"repeat","background-position":"center center","background-size":"auto","background-attachment":"scroll","background-type":"","background-media":"","overlay-type":"","overlay-color":"","overlay-opacity":"","overlay-gradient":""},"mobile":{"background-color":"","background-image":"","background-repeat":"repeat","background-position":"center center","background-size":"auto","background-attachment":"scroll","background-type":"","background-media":"","overlay-type":"","overlay-color":"","overlay-opacity":"","overlay-gradient":""}},"ast-content-background-meta":{"desktop":{"background-color":"var(--ast-global-color-5)","background-image":"","background-repeat":"repeat","background-position":"center center","background-size":"auto","background-attachment":"scroll","background-type":"","background-media":"","overlay-type":"","overlay-color":"","overlay-opacity":"","overlay-gradient":""},"tablet":{"background-color":"var(--ast-global-color-5)","background-image":"","background-repeat":"repeat","background-position":"center center","background-size":"auto","background-attachment":"scroll","background-type":"","background-media":"","overlay-type":"","overlay-color":"","overlay-opacity":"","overlay-gradient":""},"mobile":{"background-color":"var(--ast-global-color-5)","background-image":"","background-repeat":"repeat","background-position":"center center","background-size":"auto","background-attachment":"scroll","background-type":"","background-media":"","overlay-type":"","overlay-color":"","overlay-opacity":"","overlay-gradient":""}}},"product_brand":[],"product_cat":[1160,1164,1530,1159],"product_tag":[],"product_format_filter":[6369],"class_list":{"0":"post-274789","1":"product","2":"type-product","3":"status-publish","4":"has-post-thumbnail","6":"product_cat-cart-fil-510","7":"product_cat-cured-et-rosin-vivante-fr","8":"product_cat-spectre-complet1","9":"product_cat-vapoteuses","10":"pa_flavours-baies","11":"pa_flavours-fruite","12":"pa_flavours-gazole-diesel","13":"pa_flavours-a-base-de-plantes","14":"pa_flavours-doux","15":"pa_intensity-thc-eleve","16":"pa_intensity-low-cbc-fr","17":"pa_intensity-low-cbg-fr","18":"pa_marques-cannonfire-fr","19":"pa_origin-quebec-fr","20":"pa_profil-terpene-bisabolol-fr","21":"pa_profil-terpene-caryophyllene","22":"pa_profil-terpene-humulene-fr","23":"pa_profil-terpene-limonene-fr","24":"pa_profil-terpene-linalol-fr","25":"pa_profil-terpene-pinene-fr","26":"pa_profil-terpene-terpineol-fr","27":"pa_type-de-plante-hybride-fr","28":"product_format_filter-1g","29":"desktop-align-left","30":"tablet-align-left","31":"mobile-align-left","33":"first","34":"instock","35":"taxable","36":"shipping-taxable","37":"purchasable","38":"product-type-simple"},"group_of_quantity":0,"min_quantity":0,"max_quantity":"","exclude_order_quantity_value_rules":"no","exclude_category_quantity_rules":"no","combine_variations":"no","acf":[],"_links":{"self":[{"href":"https:\/\/mendomedical.ca\/fr\/wp-json\/wp\/v2\/product\/274789","targetHints":{"allow":["GET"]}}],"collection":[{"href":"https:\/\/mendomedical.ca\/fr\/wp-json\/wp\/v2\/product"}],"about":[{"href":"https:\/\/mendomedical.ca\/fr\/wp-json\/wp\/v2\/types\/product"}],"replies":[{"embeddable":true,"href":"https:\/\/mendomedical.ca\/fr\/wp-json\/wp\/v2\/comments?post=274789"}],"wp:featuredmedia":[{"embeddable":true,"href":"https:\/\/mendomedical.ca\/fr\/wp-json\/wp\/v2\/media\/274785"}],"wp:attachment":[{"href":"https:\/\/mendomedical.ca\/fr\/wp-json\/wp\/v2\/media?parent=274789"}],"wp:term":[{"taxonomy":"product_brand","embeddable":true,"href":"https:\/\/mendomedical.ca\/fr\/wp-json\/wp\/v2\/product_brand?post=274789"},{"taxonomy":"product_cat","embeddable":true,"href":"https:\/\/mendomedical.ca\/fr\/wp-json\/wp\/v2\/product_cat?post=274789"},{"taxonomy":"product_tag","embeddable":true,"href":"https:\/\/mendomedical.ca\/fr\/wp-json\/wp\/v2\/product_tag?post=274789"},{"taxonomy":"product_format_filter","embeddable":true,"href":"https:\/\/mendomedical.ca\/fr\/wp-json\/wp\/v2\/product_format_filter?post=274789"}],"curies":[{"name":"wp","href":"https:\/\/api.w.org\/{rel}","templated":true}]}}