{"id":274713,"date":"2025-09-09T19:00:20","date_gmt":"2025-09-09T23:00:20","guid":{"rendered":"https:\/\/mendomedical.ca\/product\/black-maple-22-signature-live-rosin\/"},"modified":"2026-02-17T15:50:11","modified_gmt":"2026-02-17T20:50:11","slug":"black-maple-22-signature-live-rosin","status":"publish","type":"product","link":"https:\/\/mendomedical.ca\/fr\/produit\/black-maple-22-signature-live-rosin\/","title":{"rendered":"Black Maple #22 Signature Live Rosin"},"content":{"rendered":"","protected":false},"excerpt":{"rendered":"<div class=\"ExternalClassEB9C456105EA4D8A847F7AD690687808\">\n<h3>Black Maple #22 Signature Live Rosin<\/h3>\n<h3>Terp\u00e8nes totaux : 18,11 %.<\/h3>\n<p>D\u00e9couvrez le savoir-faire exceptionnel de Sauce Rosin Labs avec Black Maple #22 Signature Live Rosin, un extrait sans solvant de premi\u00e8re qualit\u00e9 de 1 g qui met en valeur la combinaison unique de souches Dulce de Uva x Sherbanger. Ce Live Rosin de consistance signature offre un voyage de saveurs complexes qui commence par une douceur satur\u00e9e avant de passer \u00e0 une intensit\u00e9 de gaz de caoutchouc distinctif, le tout soutenu par une base kush lisse pour un final propre et cr\u00e9meux.<\/p>\n<h4>Caract\u00e9ristiques principales et points forts du produit<\/h4>\n<ul>\n<li>Rosine vivante de premi\u00e8re qualit\u00e9 de 1 g pr\u00e9sentant la consistance caract\u00e9ristique de Sauce Rosin Labs, qui emp\u00eache le dess\u00e8chement.<\/li>\n<li>M\u00e9lange unique de souches Dulce de Uva x Sherbanger offrant des effets potentiels euphorisants, stimulants et relaxants.<\/li>\n<li>Teneur \u00e9lev\u00e9e en terp\u00e8nes (18,11 % de terp\u00e8nes totaux) pour une complexit\u00e9 aromatique accrue.<\/li>\n<li>Fabriqu\u00e9 \u00e0 l&rsquo;aide de hachis d&rsquo;eau glac\u00e9e avec une gamme de microns de 73\u03bc-159\u03bc pour une qualit\u00e9 sup\u00e9rieure.<\/li>\n<li>Proc\u00e9d\u00e9 d&rsquo;extraction 100% sans solvant pr\u00e9servant les compos\u00e9s naturels de la plante<\/li>\n<\/ul>\n<h4>Saveur, ar\u00f4me, profils des cannabino\u00efdes et des terp\u00e8nes<\/h4>\n<p>La Black Maple #22 offre une exp\u00e9rience sensorielle distinctive gr\u00e2ce \u00e0 son profil aromatique complexe qui se caract\u00e9rise par des notes de gaz\/diesel, des nuances sucr\u00e9es et des caract\u00e9ristiques uniques de caoutchouc. L&rsquo;ar\u00f4me combine des \u00e9l\u00e9ments de caoutchouc, de gaz, de douceur et de kush, cr\u00e9ant un bouquet incomparable. Cet extrait contient du THC ainsi qu&rsquo;un riche profil terp\u00e9nique comprenant du \u03b2-caryophyll\u00e8ne, du germacr\u00e8ne B, du limon\u00e8ne et du \u03b3-\u00e9l\u00e9m\u00e8ne. Avec 18,11 % de terp\u00e8nes totaux, ce produit offre une complexit\u00e9 de go\u00fbt am\u00e9lior\u00e9e et peut soutenir l&rsquo;effet d&rsquo;entourage pour une exp\u00e9rience de cannabis plus compl\u00e8te.<\/p>\n<h4>Pourquoi choisir le Live Rosin ?<\/h4>\n<p>La Live Rosin repr\u00e9sente le summum de l&rsquo;extraction de cannabis sans solvant, pr\u00e9servant les profils naturels de terp\u00e8nes et de cannabino\u00efdes de la plante sans solvants chimiques. Pour les utilisateurs m\u00e9dicaux, la Live Rosin peut offrir un potentiel th\u00e9rapeutique accru gr\u00e2ce \u00e0 l&rsquo;effet d&rsquo;entourage, tout en permettant un contr\u00f4le pr\u00e9cis du dosage et une exp\u00e9rience de consommation propre.<\/p>\n<h4>Exp\u00e9dition dans tout le Canada<\/h4>\n<p>Black Maple #22 Signature Live Rosin est exp\u00e9di\u00e9 rapidement \u00e0 travers le Canada gr\u00e2ce au r\u00e9seau de livraison fiable de Mendo Medical. Profitez de l&rsquo;exp\u00e9dition gratuite pour les commandes de plus de 150 $, ce qui vous permet d&rsquo;acc\u00e9der facilement \u00e0 des produits de cannabis m\u00e9dical de qualit\u00e9 sup\u00e9rieure dans tout le pays. Notre emballage s\u00e9curis\u00e9 garantit que votre Live Rosin arrive dans des conditions optimales.<\/p>\n<h4>Avantages et couverture pour les anciens combattants<\/h4>\n<p>Black Maple #22 Signature Live Rosin est admissible \u00e0 la couverture d&rsquo;ACC (Anciens Combattants Canada), et les anciens combattants admissibles peuvent acc\u00e9der \u00e0 la facturation directe par l&rsquo;entremise de la Croix Bleue sans avoir \u00e0 d\u00e9bourser quoi que ce soit. Si vous n&rsquo;avez pas encore de carte de cannabis m\u00e9dical, vous pouvez <a href=\"https:\/\/mendomedical.ca\/fr\/carte-medicale\/\">obtenir votre carte m\u00e9dicale gratuite rapidement et facilement<\/a> pour commencer \u00e0 acc\u00e9der \u00e0 ces pr\u00e9cieux avantages et options de couverture.<\/p>\n<h4>Ingr\u00e9dients<\/h4>\n<p>Extrait de cannabis<\/p>\n<\/div>\n","protected":false},"featured_media":274701,"comment_status":"open","ping_status":"closed","template":"","meta":{"_acf_changed":false,"site-sidebar-layout":"default","site-content-layout":"","ast-site-content-layout":"default","site-content-style":"default","site-sidebar-style":"default","ast-global-header-display":"","ast-banner-title-visibility":"","ast-main-header-display":"","ast-hfb-above-header-display":"","ast-hfb-below-header-display":"","ast-hfb-mobile-header-display":"","site-post-title":"","ast-breadcrumbs-content":"","ast-featured-img":"","footer-sml-layout":"","ast-disable-related-posts":"","theme-transparent-header-meta":"default","adv-header-id-meta":"","stick-header-meta":"","header-above-stick-meta":"","header-main-stick-meta":"","header-below-stick-meta":"","astra-migrate-meta-layouts":"set","ast-page-background-enabled":"default","ast-page-background-meta":{"desktop":{"background-color":"var(--ast-global-color-4)","background-image":"","background-repeat":"repeat","background-position":"center center","background-size":"auto","background-attachment":"scroll","background-type":"","background-media":"","overlay-type":"","overlay-color":"","overlay-opacity":"","overlay-gradient":""},"tablet":{"background-color":"","background-image":"","background-repeat":"repeat","background-position":"center center","background-size":"auto","background-attachment":"scroll","background-type":"","background-media":"","overlay-type":"","overlay-color":"","overlay-opacity":"","overlay-gradient":""},"mobile":{"background-color":"","background-image":"","background-repeat":"repeat","background-position":"center center","background-size":"auto","background-attachment":"scroll","background-type":"","background-media":"","overlay-type":"","overlay-color":"","overlay-opacity":"","overlay-gradient":""}},"ast-content-background-meta":{"desktop":{"background-color":"var(--ast-global-color-5)","background-image":"","background-repeat":"repeat","background-position":"center center","background-size":"auto","background-attachment":"scroll","background-type":"","background-media":"","overlay-type":"","overlay-color":"","overlay-opacity":"","overlay-gradient":""},"tablet":{"background-color":"var(--ast-global-color-5)","background-image":"","background-repeat":"repeat","background-position":"center center","background-size":"auto","background-attachment":"scroll","background-type":"","background-media":"","overlay-type":"","overlay-color":"","overlay-opacity":"","overlay-gradient":""},"mobile":{"background-color":"var(--ast-global-color-5)","background-image":"","background-repeat":"repeat","background-position":"center center","background-size":"auto","background-attachment":"scroll","background-type":"","background-media":"","overlay-type":"","overlay-color":"","overlay-opacity":"","overlay-gradient":""}}},"product_brand":[],"product_cat":[1125,1118,1119],"product_tag":[],"product_format_filter":[6369],"class_list":{"0":"post-274713","1":"product","2":"type-product","3":"status-publish","4":"has-post-thumbnail","6":"product_cat-rosin-vivante","7":"product_cat-concentres","8":"product_cat-tout-sans-solvant","9":"pa_flavours-rubber-fr","10":"pa_flavours-gazole-diesel","11":"pa_flavours-doux","12":"pa_intensity-thc-eleve","13":"pa_intensity-low-cbc-fr","14":"pa_intensity-low-cbg-fr","15":"pa_marques-sauce-rosin-labs-fr","16":"pa_origin-nouveau-brunswick","17":"pa_profil-terpene-caryophyllene","18":"pa_profil-terpene-farnesene-fr","19":"pa_profil-terpene-humulene-fr","20":"pa_profil-terpene-limonene-fr","21":"pa_profil-terpene-linalol-fr","22":"pa_type-de-plante-hybride-fr","23":"product_format_filter-1g","24":"desktop-align-left","25":"tablet-align-left","26":"mobile-align-left","28":"first","29":"instock","30":"taxable","31":"shipping-taxable","32":"purchasable","33":"product-type-simple"},"group_of_quantity":0,"min_quantity":0,"max_quantity":"","exclude_order_quantity_value_rules":"no","exclude_category_quantity_rules":"no","combine_variations":"no","acf":[],"_links":{"self":[{"href":"https:\/\/mendomedical.ca\/fr\/wp-json\/wp\/v2\/product\/274713","targetHints":{"allow":["GET"]}}],"collection":[{"href":"https:\/\/mendomedical.ca\/fr\/wp-json\/wp\/v2\/product"}],"about":[{"href":"https:\/\/mendomedical.ca\/fr\/wp-json\/wp\/v2\/types\/product"}],"replies":[{"embeddable":true,"href":"https:\/\/mendomedical.ca\/fr\/wp-json\/wp\/v2\/comments?post=274713"}],"wp:featuredmedia":[{"embeddable":true,"href":"https:\/\/mendomedical.ca\/fr\/wp-json\/wp\/v2\/media\/274701"}],"wp:attachment":[{"href":"https:\/\/mendomedical.ca\/fr\/wp-json\/wp\/v2\/media?parent=274713"}],"wp:term":[{"taxonomy":"product_brand","embeddable":true,"href":"https:\/\/mendomedical.ca\/fr\/wp-json\/wp\/v2\/product_brand?post=274713"},{"taxonomy":"product_cat","embeddable":true,"href":"https:\/\/mendomedical.ca\/fr\/wp-json\/wp\/v2\/product_cat?post=274713"},{"taxonomy":"product_tag","embeddable":true,"href":"https:\/\/mendomedical.ca\/fr\/wp-json\/wp\/v2\/product_tag?post=274713"},{"taxonomy":"product_format_filter","embeddable":true,"href":"https:\/\/mendomedical.ca\/fr\/wp-json\/wp\/v2\/product_format_filter?post=274713"}],"curies":[{"name":"wp","href":"https:\/\/api.w.org\/{rel}","templated":true}]}}