{"id":274708,"date":"2025-09-09T20:15:29","date_gmt":"2025-09-10T00:15:29","guid":{"rendered":"https:\/\/mendomedical.ca\/product\/quartier-de-lartisanat\/"},"modified":"2026-02-06T21:17:53","modified_gmt":"2026-02-07T02:17:53","slug":"craft-quarter-platinum-punch-remix","status":"publish","type":"product","link":"https:\/\/mendomedical.ca\/fr\/produit\/craft-quarter-platinum-punch-remix\/","title":{"rendered":"Platinum Punch Remix"},"content":{"rendered":"","protected":false},"excerpt":{"rendered":"<div class=\"ExternalClass39834582C94E40C2B46149DA47D16A5B\">\n<h3>BIG Craft Quarter - Platinum Punch Remix 7g<\/h3>\n<h3>Terp\u00e8nes totaux : 3,62%.<\/h3>\n<p>Le BIG Craft Quarter vous propose de la fleur de Platinum Punch Remix cultiv\u00e9e en Ontario dans un format pratique de 7g. Cette vari\u00e9t\u00e9 \u00e0 dominance THC contient plus de 3 % de terp\u00e8nes dans une fleur jamais irradi\u00e9e qui a \u00e9t\u00e9 correctement s\u00e9ch\u00e9e pour pr\u00e9server son ar\u00f4me et sa structure exceptionnels. Con\u00e7ue pour les consommateurs de cannabis m\u00e9dical de tous les jours qui recherchent une qualit\u00e9 sup\u00e9rieure sans pour autant payer le prix fort, cette fleur artisanale offre une valeur exceptionnelle tout en maintenant les normes \u00e9lev\u00e9es attendues d&rsquo;une culture artisanale.  <\/p>\n<h4>Caract\u00e9ristiques principales<\/h4>\n<ul>\n<li>Souche Platinum Punch Remix cultiv\u00e9e en Ontario avec une teneur en terp\u00e8nes de plus de 3%.<\/li>\n<li>Fleur jamais irradi\u00e9e et correctement s\u00e9ch\u00e9e pour une qualit\u00e9 optimale<\/li>\n<li>Profil de cannabino\u00efdes \u00e0 dominance THC avec des effets potentiels calmants et s\u00e9datifs<\/li>\n<li>Prix ax\u00e9s sur la valeur sans compromis sur les normes de qualit\u00e9 de l&rsquo;artisanat<\/li>\n<li>Format de 7g parfait pour les consommateurs r\u00e9guliers de cannabis m\u00e9dical<\/li>\n<\/ul>\n<h4>Saveur, ar\u00f4me et profil cannabique<\/h4>\n<p>La Platinum Punch Remix pr\u00e9sente un profil de saveur complexe combinant une douceur fruit\u00e9e avec des notes gazeuses distinctes de diesel. L&rsquo;ar\u00f4me offre des notes gazeuses fruit\u00e9es pro\u00e9minentes qui refl\u00e8tent la composition terp\u00e9nique sophistiqu\u00e9e de la vari\u00e9t\u00e9. Cette fleur \u00e0 dominante THC pr\u00e9sente trois terp\u00e8nes principaux : le b\u00eata-caryophyll\u00e8ne, le b\u00eata-myrc\u00e8ne et l&rsquo;alpha-humul\u00e8ne, qui contribuent \u00e0 des effets potentiels tels que la relaxation calme, la s\u00e9dation et la stimulation de l&rsquo;app\u00e9tit. Le riche profil terp\u00e9nique am\u00e9liore \u00e0 la fois l&rsquo;exp\u00e9rience sensorielle et le potentiel th\u00e9rapeutique de cette vari\u00e9t\u00e9 cultiv\u00e9e avec soin.   <\/p>\n<h4>Pourquoi choisir Flower Products ?<\/h4>\n<p>Les produits \u00e0 base de fleurs offrent aux utilisateurs m\u00e9dicaux l&rsquo;exp\u00e9rience du cannabis la plus traditionnelle et la plus polyvalente, permettant un contr\u00f4le pr\u00e9cis du dosage et une apparition imm\u00e9diate des effets. Les profils terp\u00e9niques naturels restent intacts dans les fleurs de qualit\u00e9, ce qui peut am\u00e9liorer les bienfaits th\u00e9rapeutiques gr\u00e2ce \u00e0 l&rsquo;effet d&rsquo;entourage. <\/p>\n<h4>Exp\u00e9dition dans tout le Canada<\/h4>\n<p>Craft Quarter assure une exp\u00e9dition rapide et fiable \u00e0 travers le Canada, garantissant que votre BIG Craft Quarter vous parvienne dans des conditions optimales. Nous offrons la livraison gratuite pour les commandes de plus de 150 $, ce qui rend l&rsquo;acc\u00e8s \u00e0 votre cannabis m\u00e9dical facile et abordable. Toutes les commandes sont emball\u00e9es discr\u00e8tement et exp\u00e9di\u00e9es avec des informations de suivi pour votre tranquillit\u00e9 d&rsquo;esprit.  <\/p>\n<h4>Avantages et couverture pour les anciens combattants<\/h4>\n<p>Ce produit BIG Craft Quarter est admissible \u00e0 la couverture d&rsquo;Anciens Combattants Canada (ACC), et nous offrons la facturation directe par l&rsquo;entremise de la Croix Bleue pour les anciens combattants admissibles, \u00e9liminant ainsi les frais remboursables. Si vous n&rsquo;avez pas encore votre carte de cannabis m\u00e9dical, vous pouvez en obtenir une rapidement et facilement gr\u00e2ce \u00e0 notre <a href=\"https:\/\/mendomedical.ca\/fr\/carte-medicale\/\">service gratuit de carte m\u00e9dicale<\/a>, ce qui facilite l&rsquo;acc\u00e8s aux produits de cannabis m\u00e9dical dont vous avez besoin. <\/p>\n<\/div>\n","protected":false},"featured_media":274419,"comment_status":"open","ping_status":"closed","template":"","meta":{"_acf_changed":false,"site-sidebar-layout":"default","site-content-layout":"","ast-site-content-layout":"default","site-content-style":"default","site-sidebar-style":"default","ast-global-header-display":"","ast-banner-title-visibility":"","ast-main-header-display":"","ast-hfb-above-header-display":"","ast-hfb-below-header-display":"","ast-hfb-mobile-header-display":"","site-post-title":"","ast-breadcrumbs-content":"","ast-featured-img":"","footer-sml-layout":"","ast-disable-related-posts":"","theme-transparent-header-meta":"default","adv-header-id-meta":"","stick-header-meta":"","header-above-stick-meta":"","header-main-stick-meta":"","header-below-stick-meta":"","astra-migrate-meta-layouts":"set","ast-page-background-enabled":"default","ast-page-background-meta":{"desktop":{"background-color":"var(--ast-global-color-4)","background-image":"","background-repeat":"repeat","background-position":"center center","background-size":"auto","background-attachment":"scroll","background-type":"","background-media":"","overlay-type":"","overlay-color":"","overlay-opacity":"","overlay-gradient":""},"tablet":{"background-color":"","background-image":"","background-repeat":"repeat","background-position":"center center","background-size":"auto","background-attachment":"scroll","background-type":"","background-media":"","overlay-type":"","overlay-color":"","overlay-opacity":"","overlay-gradient":""},"mobile":{"background-color":"","background-image":"","background-repeat":"repeat","background-position":"center center","background-size":"auto","background-attachment":"scroll","background-type":"","background-media":"","overlay-type":"","overlay-color":"","overlay-opacity":"","overlay-gradient":""}},"ast-content-background-meta":{"desktop":{"background-color":"var(--ast-global-color-5)","background-image":"","background-repeat":"repeat","background-position":"center center","background-size":"auto","background-attachment":"scroll","background-type":"","background-media":"","overlay-type":"","overlay-color":"","overlay-opacity":"","overlay-gradient":""},"tablet":{"background-color":"var(--ast-global-color-5)","background-image":"","background-repeat":"repeat","background-position":"center center","background-size":"auto","background-attachment":"scroll","background-type":"","background-media":"","overlay-type":"","overlay-color":"","overlay-opacity":"","overlay-gradient":""},"mobile":{"background-color":"var(--ast-global-color-5)","background-image":"","background-repeat":"repeat","background-position":"center center","background-size":"auto","background-attachment":"scroll","background-type":"","background-media":"","overlay-type":"","overlay-color":"","overlay-opacity":"","overlay-gradient":""}}},"product_brand":[],"product_cat":[1137],"product_tag":[],"product_format_filter":[6373],"class_list":{"0":"post-274708","1":"product","2":"type-product","3":"status-publish","4":"has-post-thumbnail","6":"product_cat-fleur","7":"pa_flavours-fruite","8":"pa_flavours-gazole-diesel","9":"pa_flavours-doux","10":"pa_intensity-thc-eleve","11":"pa_marques-grand","12":"pa_origin-ontario-fr","13":"pa_packaging-date-10-27-2025","14":"pa_profil-terpene-caryophyllene","15":"pa_profil-terpene-humulene-fr","16":"pa_profil-terpene-limonene-fr","17":"pa_profil-terpene-myrcene","18":"pa_type-de-plante-hybride-indica-fr","19":"product_format_filter-7g","20":"desktop-align-left","21":"tablet-align-left","22":"mobile-align-left","24":"first","25":"outofstock","26":"taxable","27":"shipping-taxable","28":"purchasable","29":"product-type-simple"},"group_of_quantity":0,"min_quantity":0,"max_quantity":"","exclude_order_quantity_value_rules":"no","exclude_category_quantity_rules":"no","combine_variations":"no","acf":[],"_links":{"self":[{"href":"https:\/\/mendomedical.ca\/fr\/wp-json\/wp\/v2\/product\/274708","targetHints":{"allow":["GET"]}}],"collection":[{"href":"https:\/\/mendomedical.ca\/fr\/wp-json\/wp\/v2\/product"}],"about":[{"href":"https:\/\/mendomedical.ca\/fr\/wp-json\/wp\/v2\/types\/product"}],"replies":[{"embeddable":true,"href":"https:\/\/mendomedical.ca\/fr\/wp-json\/wp\/v2\/comments?post=274708"}],"wp:featuredmedia":[{"embeddable":true,"href":"https:\/\/mendomedical.ca\/fr\/wp-json\/wp\/v2\/media\/274419"}],"wp:attachment":[{"href":"https:\/\/mendomedical.ca\/fr\/wp-json\/wp\/v2\/media?parent=274708"}],"wp:term":[{"taxonomy":"product_brand","embeddable":true,"href":"https:\/\/mendomedical.ca\/fr\/wp-json\/wp\/v2\/product_brand?post=274708"},{"taxonomy":"product_cat","embeddable":true,"href":"https:\/\/mendomedical.ca\/fr\/wp-json\/wp\/v2\/product_cat?post=274708"},{"taxonomy":"product_tag","embeddable":true,"href":"https:\/\/mendomedical.ca\/fr\/wp-json\/wp\/v2\/product_tag?post=274708"},{"taxonomy":"product_format_filter","embeddable":true,"href":"https:\/\/mendomedical.ca\/fr\/wp-json\/wp\/v2\/product_format_filter?post=274708"}],"curies":[{"name":"wp","href":"https:\/\/api.w.org\/{rel}","templated":true}]}}