{"id":274706,"date":"2025-09-09T17:45:28","date_gmt":"2025-09-09T21:45:28","guid":{"rendered":"https:\/\/mendomedical.ca\/product\/muffin-aux-myrtilles-black-hash\/"},"modified":"2026-04-16T16:05:11","modified_gmt":"2026-04-16T20:05:11","slug":"blueberry-muffin-black-hash","status":"publish","type":"product","link":"https:\/\/mendomedical.ca\/fr\/produit\/blueberry-muffin-black-hash\/","title":{"rendered":"Blueberry Muffin Black Hash"},"content":{"rendered":"","protected":false},"excerpt":{"rendered":"<div class=\"ExternalClass9924244648E1451BB752C62566F72F7D\">\n<h3>Blueberry Muffin Black Hash<\/h3>\n<p>BIG&rsquo;s Blueberry Muffin Black Hash offre un savoir-faire traditionnel de fabrication de hasch dans un format pratique de 4g. Ce concentr\u00e9 noir collant est fabriqu\u00e9 \u00e0 partir de fleurs de Blueberry Muffin de premi\u00e8re qualit\u00e9 en utilisant des m\u00e9thodes \u00e9prouv\u00e9es, ce qui donne un produit facile \u00e0 travailler qui offre une valeur exceptionnelle pour les consommateurs canadiens de cannabis m\u00e9dical. Avec son profil cannabino\u00efde unique comprenant \u00e0 la fois du THC et du CBD, ce hasch fait \u00e0 la main offre une exp\u00e9rience \u00e9quilibr\u00e9e sans aucun additif.<\/p>\n<h4>Caract\u00e9ristiques principales<\/h4>\n<ul>\n<li>M\u00e9thodes traditionnelles de fabrication du haschisch sans aucun additif pour une qualit\u00e9 pure et authentique.<\/li>\n<li>Profil cannabique unique avec environ 25 % de THC et jusqu&rsquo;\u00e0 10 % de CBD dans un rapport de 3:1<\/li>\n<li>Texture noire collante, facile \u00e0 manipuler et \u00e0 travailler pour diverses m\u00e9thodes de consommation.<\/li>\n<li>Fabriqu\u00e9 \u00e0 la main \u00e0 partir de fleurs de la souche Blueberry Muffin pour une qualit\u00e9 constante.<\/li>\n<li>Co\u00fbt par gramme exceptionnel, id\u00e9al pour les consommateurs r\u00e9guliers de haschisch.<\/li>\n<\/ul>\n<h4>Saveur, ar\u00f4me et profil cannabique<\/h4>\n<p>Ce concentr\u00e9 pr\u00e9sente un profil de myrtille caract\u00e9ristique, compl\u00e9t\u00e9 par des saveurs de baies, de pin et d&rsquo;\u00e9pices. L&rsquo;ar\u00f4me pr\u00e9sente un m\u00e9lange harmonieux de myrtille, de pin et de notes terreuses qui refl\u00e8tent la composition naturelle en terp\u00e8nes de la vari\u00e9t\u00e9. Le profil cannabino\u00efde pr\u00e9sente un rapport \u00e9quilibr\u00e9 de 3:1 entre le THC et le CBD, avec jusqu&rsquo;\u00e0 2 % de terp\u00e8nes, dont le bisabolol, le caryophyll\u00e8ne et l&rsquo;humul\u00e8ne, qui sont les compos\u00e9s dominants. Les utilisateurs peuvent s&rsquo;attendre \u00e0 des effets potentiels calmes, cr\u00e9atifs, lucides, apaisants et \u00e9quilibr\u00e9s.<\/p>\n<h4>Pourquoi choisir les concentr\u00e9s ?<\/h4>\n<p>Les concentr\u00e9s comme le hash offrent aux consommateurs de cannabis m\u00e9dical une option puissante et efficace qui permet d&rsquo;obtenir des effets plus durables avec de plus petites quantit\u00e9s. Le profil \u00e9quilibr\u00e9 de THC et de CBD de ce produit peut contribuer \u00e0 r\u00e9pondre \u00e0 divers besoins th\u00e9rapeutiques tout en offrant un excellent rapport qualit\u00e9-prix aux patients soucieux de leur budget.<\/p>\n<h4>Exp\u00e9dition dans tout le Canada<\/h4>\n<p>Blueberry Muffin Black Hash est exp\u00e9di\u00e9 rapidement \u00e0 travers le Canada gr\u00e2ce \u00e0 notre r\u00e9seau de livraison fiable. Nous offrons une livraison gratuite pour les commandes de plus de 150 $, ce qui rend pratique et abordable l&rsquo;acc\u00e8s \u00e0 vos produits de cannabis m\u00e9dical dans tout le pays.<\/p>\n<h4>Avantages et couverture pour les anciens combattants<\/h4>\n<p>Ce produit est admissible \u00e0 la couverture d&rsquo;Anciens Combattants Canada (ACC) et \u00e0 la facturation directe par l&rsquo;entremise de la Croix Bleue, ce qui fait en sorte que les anciens combattants admissibles n&rsquo;ont pas \u00e0 d\u00e9bourser d&rsquo;argent. Si vous n&rsquo;avez pas encore de carte de cannabis m\u00e9dical, vous pouvez en obtenir une rapidement et facilement gr\u00e2ce \u00e0 notre <a href=\"https:\/\/mendomedical.ca\/fr\/carte-medicale\/\">service gratuit de carte m\u00e9dicale<\/a>.<\/p>\n<\/div>\n","protected":false},"featured_media":274417,"comment_status":"open","ping_status":"closed","template":"","meta":{"_acf_changed":false,"site-sidebar-layout":"default","site-content-layout":"","ast-site-content-layout":"default","site-content-style":"default","site-sidebar-style":"default","ast-global-header-display":"","ast-banner-title-visibility":"","ast-main-header-display":"","ast-hfb-above-header-display":"","ast-hfb-below-header-display":"","ast-hfb-mobile-header-display":"","site-post-title":"","ast-breadcrumbs-content":"","ast-featured-img":"","footer-sml-layout":"","ast-disable-related-posts":"","theme-transparent-header-meta":"default","adv-header-id-meta":"","stick-header-meta":"","header-above-stick-meta":"","header-main-stick-meta":"","header-below-stick-meta":"","astra-migrate-meta-layouts":"set","ast-page-background-enabled":"default","ast-page-background-meta":{"desktop":{"background-color":"var(--ast-global-color-4)","background-image":"","background-repeat":"repeat","background-position":"center center","background-size":"auto","background-attachment":"scroll","background-type":"","background-media":"","overlay-type":"","overlay-color":"","overlay-opacity":"","overlay-gradient":""},"tablet":{"background-color":"","background-image":"","background-repeat":"repeat","background-position":"center center","background-size":"auto","background-attachment":"scroll","background-type":"","background-media":"","overlay-type":"","overlay-color":"","overlay-opacity":"","overlay-gradient":""},"mobile":{"background-color":"","background-image":"","background-repeat":"repeat","background-position":"center center","background-size":"auto","background-attachment":"scroll","background-type":"","background-media":"","overlay-type":"","overlay-color":"","overlay-opacity":"","overlay-gradient":""}},"ast-content-background-meta":{"desktop":{"background-color":"var(--ast-global-color-5)","background-image":"","background-repeat":"repeat","background-position":"center center","background-size":"auto","background-attachment":"scroll","background-type":"","background-media":"","overlay-type":"","overlay-color":"","overlay-opacity":"","overlay-gradient":""},"tablet":{"background-color":"var(--ast-global-color-5)","background-image":"","background-repeat":"repeat","background-position":"center center","background-size":"auto","background-attachment":"scroll","background-type":"","background-media":"","overlay-type":"","overlay-color":"","overlay-opacity":"","overlay-gradient":""},"mobile":{"background-color":"var(--ast-global-color-5)","background-image":"","background-repeat":"repeat","background-position":"center center","background-size":"auto","background-attachment":"scroll","background-type":"","background-media":"","overlay-type":"","overlay-color":"","overlay-opacity":"","overlay-gradient":""}}},"product_brand":[],"product_cat":[1121,1118,1119],"product_tag":[],"product_format_filter":[6420],"class_list":{"0":"post-274706","1":"product","2":"type-product","3":"status-publish","4":"has-post-thumbnail","6":"product_cat-haschisch","7":"product_cat-concentres","8":"product_cat-tout-sans-solvant","9":"pa_flavours-baies","10":"pa_flavours-pimenter","11":"pa_flavours-pin","12":"pa_intensity-faible-cbd","13":"pa_intensity-thc-moyen","14":"pa_marques-grand","15":"pa_origin-ontario-fr","16":"pa_profil-terpene-bisabolol-fr","17":"pa_profil-terpene-caryophyllene","18":"pa_profil-terpene-humulene-fr","19":"pa_type-de-plante-indica-fr","20":"pa_type-de-plante-thc-fr","21":"product_format_filter-4g","22":"desktop-align-left","23":"tablet-align-left","24":"mobile-align-left","26":"first","27":"instock","28":"taxable","29":"shipping-taxable","30":"purchasable","31":"product-type-simple"},"group_of_quantity":0,"min_quantity":0,"max_quantity":"","exclude_order_quantity_value_rules":"no","exclude_category_quantity_rules":"no","combine_variations":"no","acf":[],"_links":{"self":[{"href":"https:\/\/mendomedical.ca\/fr\/wp-json\/wp\/v2\/product\/274706","targetHints":{"allow":["GET"]}}],"collection":[{"href":"https:\/\/mendomedical.ca\/fr\/wp-json\/wp\/v2\/product"}],"about":[{"href":"https:\/\/mendomedical.ca\/fr\/wp-json\/wp\/v2\/types\/product"}],"replies":[{"embeddable":true,"href":"https:\/\/mendomedical.ca\/fr\/wp-json\/wp\/v2\/comments?post=274706"}],"wp:featuredmedia":[{"embeddable":true,"href":"https:\/\/mendomedical.ca\/fr\/wp-json\/wp\/v2\/media\/274417"}],"wp:attachment":[{"href":"https:\/\/mendomedical.ca\/fr\/wp-json\/wp\/v2\/media?parent=274706"}],"wp:term":[{"taxonomy":"product_brand","embeddable":true,"href":"https:\/\/mendomedical.ca\/fr\/wp-json\/wp\/v2\/product_brand?post=274706"},{"taxonomy":"product_cat","embeddable":true,"href":"https:\/\/mendomedical.ca\/fr\/wp-json\/wp\/v2\/product_cat?post=274706"},{"taxonomy":"product_tag","embeddable":true,"href":"https:\/\/mendomedical.ca\/fr\/wp-json\/wp\/v2\/product_tag?post=274706"},{"taxonomy":"product_format_filter","embeddable":true,"href":"https:\/\/mendomedical.ca\/fr\/wp-json\/wp\/v2\/product_format_filter?post=274706"}],"curies":[{"name":"wp","href":"https:\/\/api.w.org\/{rel}","templated":true}]}}