{"id":272737,"date":"2025-09-05T02:30:57","date_gmt":"2025-09-05T06:30:57","guid":{"rendered":"https:\/\/mendomedical.ca\/product\/relief-gummies-rapides-thccbd-11\/"},"modified":"2026-03-19T14:14:59","modified_gmt":"2026-03-19T18:14:59","slug":"relief-gummies-rapides-thccbd-11","status":"publish","type":"product","link":"https:\/\/mendomedical.ca\/fr\/produit\/relief-gummies-rapides-thccbd-11\/","title":{"rendered":"Relief - Gummies rapides THC:CBD 1:1"},"content":{"rendered":"","protected":false},"excerpt":{"rendered":"<div class=\"ExternalClassA1DB645F541E455AA968E796FC8E404E\">\n<h3>Relief - Gummies rapides THC:CBD 1:1<\/h3>\n<p>Kerklaan Therapeutics Relief - Rapid THC:CBD 1:1 Gummies offre une exp\u00e9rience \u00e9quilibr\u00e9e du cannabis avec une technologie d&rsquo;absorption avanc\u00e9e pour ceux qui recherchent un soutien efficace au bien-\u00eatre. Chaque paquet de 2 unit\u00e9s contient des gommes infus\u00e9es avec un ratio pr\u00e9cis de 1:1 de 5mg de THC et 5mg de CBD chacune, am\u00e9lior\u00e9 par la technologie propri\u00e9taire O2W\u2122 pour un effet plus rapide et une meilleure biodisponibilit\u00e9. Ces gommes aromatis\u00e9es \u00e0 la grenade sont con\u00e7ues pour les utilisateurs m\u00e9dicaux qui ont besoin d&rsquo;effets fiables et pr\u00e9visibles lorsqu&rsquo;ils g\u00e8rent leurs besoins quotidiens en mati\u00e8re de bien-\u00eatre.<\/p>\n<h4>Caract\u00e9ristiques principales et points forts du produit<\/h4>\n<ul>\n<li>Rapport \u00e9quilibr\u00e9 1:1 avec 5mg de THC et 5mg de CBD par gomme pour des effets pr\u00e9visibles.<\/li>\n<li>Am\u00e9lior\u00e9 par la technologie O2W\u2122 pour une absorption plus rapide et une meilleure biodisponibilit\u00e9.<\/li>\n<li>Formule \u00e0 action rapide bas\u00e9e sur 15 ans de recherche fondamentale \u00e0 l&rsquo;Universit\u00e9 de Toronto<\/li>\n<li>Format pratique \u00e0 2 unit\u00e9s avec un agr\u00e9able go\u00fbt de grenade<\/li>\n<li>Sp\u00e9cifiquement formul\u00e9 pour les personnes qui cherchent \u00e0 soulager la douleur, l&rsquo;inflammation et les probl\u00e8mes de mobilit\u00e9.<\/li>\n<\/ul>\n<h4>Saveur, ar\u00f4me et profil cannabique<\/h4>\n<p>Ces gommes pr\u00e9sentent un soup\u00e7on subtil de grenade qui procure une exp\u00e9rience gustative agr\u00e9able sans accabler le palais. Le profil des cannabino\u00efdes offre un rapport \u00e9quilibr\u00e9 de 1:1 entre le THC et le CBD, ce qui peut contribuer au bien-\u00eatre et au confort g\u00e9n\u00e9ral. Le dosage pr\u00e9cis\u00e9ment mesur\u00e9 garantit des effets constants, ce qui permet aux utilisateurs m\u00e9dicaux de trouver plus facilement leur marge th\u00e9rapeutique optimale.<\/p>\n<h4>Pourquoi choisir les gommes THC:CBD ?<\/h4>\n<p>Les gommes THC:CBD offrent aux utilisateurs m\u00e9dicaux une option discr\u00e8te, pratique et pr\u00e9cis\u00e9ment dos\u00e9e pour g\u00e9rer les besoins de bien-\u00eatre. Le rapport \u00e9quilibr\u00e9 peut contribuer \u00e0 la gestion de la douleur, \u00e0 la r\u00e9duction de l&rsquo;inflammation et au confort g\u00e9n\u00e9ral, tout en offrant des effets plus durables que d&rsquo;autres m\u00e9thodes de consommation.<\/p>\n<h4>Exp\u00e9dition dans tout le Canada<\/h4>\n<p>Relief - Rapid THC:CBD 1:1 Gummies est exp\u00e9di\u00e9 rapidement dans tout le Canada et la livraison est gratuite pour les commandes de plus de 150 $. Veuillez noter que les produits contenant de la g\u00e9latine peuvent fondre pendant l&rsquo;exp\u00e9dition durant les mois d&rsquo;\u00e9t\u00e9. Nous vous recommandons de tenir compte de ce probl\u00e8me potentiel lorsque vous passez votre commande. Malheureusement, nous ne pouvons pas offrir de remboursement ou de remplacement pour les produits qui fondent pendant le transport. Nous vous remercions de votre compr\u00e9hension.<\/p>\n<h4>Avantages et couverture pour les anciens combattants<\/h4>\n<p>Relief - Rapid THC:CBD 1:1 Gummies sont admissibles \u00e0 la couverture d&rsquo;ACC (Anciens Combattants Canada) et \u00e0 la facturation directe par l&rsquo;entremise de la Croix Bleue, ce qui signifie que les anciens combattants admissibles n&rsquo;ont pas \u00e0 d\u00e9bourser d&rsquo;argent. Si vous n&rsquo;avez pas encore de carte m\u00e9dicale, vous pouvez <a href=\"https:\/\/mendomedical.ca\/fr\/carte-medicale\/\">obtenir votre carte m\u00e9dicale gratuite rapidement et facilement<\/a> pour acc\u00e9der \u00e0 ces avantages et commencer votre parcours de bien-\u00eatre.<\/p>\n<\/div>\n","protected":false},"featured_media":272726,"comment_status":"open","ping_status":"closed","template":"","meta":{"_acf_changed":false,"site-sidebar-layout":"default","site-content-layout":"","ast-site-content-layout":"default","site-content-style":"default","site-sidebar-style":"default","ast-global-header-display":"","ast-banner-title-visibility":"","ast-main-header-display":"","ast-hfb-above-header-display":"","ast-hfb-below-header-display":"","ast-hfb-mobile-header-display":"","site-post-title":"","ast-breadcrumbs-content":"","ast-featured-img":"","footer-sml-layout":"","ast-disable-related-posts":"","theme-transparent-header-meta":"default","adv-header-id-meta":"","stick-header-meta":"","header-above-stick-meta":"","header-main-stick-meta":"","header-below-stick-meta":"","astra-migrate-meta-layouts":"set","ast-page-background-enabled":"default","ast-page-background-meta":{"desktop":{"background-color":"var(--ast-global-color-4)","background-image":"","background-repeat":"repeat","background-position":"center center","background-size":"auto","background-attachment":"scroll","background-type":"","background-media":"","overlay-type":"","overlay-color":"","overlay-opacity":"","overlay-gradient":""},"tablet":{"background-color":"","background-image":"","background-repeat":"repeat","background-position":"center center","background-size":"auto","background-attachment":"scroll","background-type":"","background-media":"","overlay-type":"","overlay-color":"","overlay-opacity":"","overlay-gradient":""},"mobile":{"background-color":"","background-image":"","background-repeat":"repeat","background-position":"center center","background-size":"auto","background-attachment":"scroll","background-type":"","background-media":"","overlay-type":"","overlay-color":"","overlay-opacity":"","overlay-gradient":""}},"ast-content-background-meta":{"desktop":{"background-color":"var(--ast-global-color-5)","background-image":"","background-repeat":"repeat","background-position":"center center","background-size":"auto","background-attachment":"scroll","background-type":"","background-media":"","overlay-type":"","overlay-color":"","overlay-opacity":"","overlay-gradient":""},"tablet":{"background-color":"var(--ast-global-color-5)","background-image":"","background-repeat":"repeat","background-position":"center center","background-size":"auto","background-attachment":"scroll","background-type":"","background-media":"","overlay-type":"","overlay-color":"","overlay-opacity":"","overlay-gradient":""},"mobile":{"background-color":"var(--ast-global-color-5)","background-image":"","background-repeat":"repeat","background-position":"center center","background-size":"auto","background-attachment":"scroll","background-type":"","background-media":"","overlay-type":"","overlay-color":"","overlay-opacity":"","overlay-gradient":""}}},"product_brand":[],"product_cat":[3825,1132,1128],"product_tag":[],"product_format_filter":[6498],"class_list":{"0":"post-272737","1":"product","2":"type-product","3":"status-publish","4":"has-post-thumbnail","6":"product_cat-cbd-minors-3-fr","7":"product_cat-bonbons","8":"product_cat-comestibles","9":"pa_flavours-pomegranate-fr","10":"pa_intensity-faible-cbd","11":"pa_intensity-thc-moyen","12":"pa_marques-dr-kerklaan-therapeutics-fr","13":"pa_origin-ontario-fr","14":"pa_type-de-plante-cbd-fr","15":"product_format_filter-2units","16":"desktop-align-left","17":"tablet-align-left","18":"mobile-align-left","20":"first","21":"instock","22":"taxable","23":"shipping-taxable","24":"purchasable","25":"product-type-simple"},"group_of_quantity":0,"min_quantity":0,"max_quantity":"","exclude_order_quantity_value_rules":"no","exclude_category_quantity_rules":"no","combine_variations":"no","acf":[],"_links":{"self":[{"href":"https:\/\/mendomedical.ca\/fr\/wp-json\/wp\/v2\/product\/272737","targetHints":{"allow":["GET"]}}],"collection":[{"href":"https:\/\/mendomedical.ca\/fr\/wp-json\/wp\/v2\/product"}],"about":[{"href":"https:\/\/mendomedical.ca\/fr\/wp-json\/wp\/v2\/types\/product"}],"replies":[{"embeddable":true,"href":"https:\/\/mendomedical.ca\/fr\/wp-json\/wp\/v2\/comments?post=272737"}],"wp:featuredmedia":[{"embeddable":true,"href":"https:\/\/mendomedical.ca\/fr\/wp-json\/wp\/v2\/media\/272726"}],"wp:attachment":[{"href":"https:\/\/mendomedical.ca\/fr\/wp-json\/wp\/v2\/media?parent=272737"}],"wp:term":[{"taxonomy":"product_brand","embeddable":true,"href":"https:\/\/mendomedical.ca\/fr\/wp-json\/wp\/v2\/product_brand?post=272737"},{"taxonomy":"product_cat","embeddable":true,"href":"https:\/\/mendomedical.ca\/fr\/wp-json\/wp\/v2\/product_cat?post=272737"},{"taxonomy":"product_tag","embeddable":true,"href":"https:\/\/mendomedical.ca\/fr\/wp-json\/wp\/v2\/product_tag?post=272737"},{"taxonomy":"product_format_filter","embeddable":true,"href":"https:\/\/mendomedical.ca\/fr\/wp-json\/wp\/v2\/product_format_filter?post=272737"}],"curies":[{"name":"wp","href":"https:\/\/api.w.org\/{rel}","templated":true}]}}