{"id":272735,"date":"2025-09-11T16:30:07","date_gmt":"2025-09-11T20:30:07","guid":{"rendered":"https:\/\/mendomedical.ca\/product\/lemon-hash-plant-vape-cart\/"},"modified":"2026-02-25T11:11:58","modified_gmt":"2026-02-25T16:11:58","slug":"lemon-hash-plant-vape-cart","status":"publish","type":"product","link":"https:\/\/mendomedical.ca\/fr\/produit\/lemon-hash-plant-vape-cart\/","title":{"rendered":"Lemon Hash Plant Vape Cart"},"content":{"rendered":"","protected":false},"excerpt":{"rendered":"<div class=\"ExternalClassEC2B469E0190427CB479C8668C0229F5\">\n<h3>Lemon Hash Plant Vape Cart par Persy<\/h3>\n<h3>Terp\u00e8nes totaux : 12,98%.<\/h3>\n<p>Faites l&rsquo;exp\u00e9rience d&rsquo;un cannabis sans solvant de premi\u00e8re qualit\u00e9 avec la cartouche de vape Lemon Hash Plant de Persy. Cette cartouche de vape de 0,5 g de Live Rosin combine les g\u00e9n\u00e9tiques des souches Lemon G et 88G13HP pour offrir une exp\u00e9rience puissante et savoureuse avec une impressionnante teneur en terp\u00e8nes totaux de 12,98 %. Fabriqu\u00e9e sans produits chimiques, solvants ou additifs artificiels, cette cartouche \u00e0 dominante THC offre un dosage propre et contr\u00f4l\u00e9 avec des cannabino\u00efdes d&rsquo;origine naturelle et des terp\u00e8nes sp\u00e9cifiques \u00e0 la souche.<\/p>\n<h4>Caract\u00e9ristiques principales<\/h4>\n<ul>\n<li>L&rsquo;extraction de la Live Rosin sans solvant pr\u00e9serve l&rsquo;int\u00e9gralit\u00e9 du spectre des cannabino\u00efdes et des terp\u00e8nes.<\/li>\n<li>Teneur \u00e9lev\u00e9e en terp\u00e8nes (12,98 %) pour une saveur accrue et des effets d&rsquo;entourage potentiels.<\/li>\n<li>Le mat\u00e9riel de premi\u00e8re qualit\u00e9 garantit une production de vapeur r\u00e9guli\u00e8re et homog\u00e8ne<\/li>\n<li>Le hachis d&rsquo;eau sp\u00e9cifique \u00e0 la souche est r\u00e9colt\u00e9 au moment de la floraison maximale pour une puissance optimale.<\/li>\n<li>Sans produits chimiques, solvants, coupes, agents de remplissage ou additifs aromatiques artificiels.<\/li>\n<\/ul>\n<h4>Profil aromatique et gustatif<\/h4>\n<p>La vape cart de Lemon Hash Plant offre un profil de saveur complexe avec des notes d&rsquo;agrumes vives compl\u00e9t\u00e9es par des nuances de pin, d&rsquo;aigre et d&rsquo;\u00e9pices. L&rsquo;ar\u00f4me pr\u00e9sente un m\u00e9lange harmonieux d&rsquo;agrumes et d&rsquo;\u00e9pices avec des notes terreuses distinctives. Ce produit \u00e0 dominante THC peut procurer des effets euphoriques et stimulants, tout en offrant potentiellement des avantages relaxants et apaisants, ce qui le rend adapt\u00e9 \u00e0 diff\u00e9rents moments de la journ\u00e9e.<\/p>\n<h4>Pourquoi choisir les cartouches de vaporisation ?<\/h4>\n<p>Les cartouches de vaporisation offrent aux consommateurs de cannabis m\u00e9dical un contr\u00f4le pr\u00e9cis du dosage et une apparition rapide des effets. Le format discret et portable permet une administration pratique des m\u00e9dicaments, tandis que la production de vapeur propre peut \u00eatre plus douce pour le syst\u00e8me respiratoire que les m\u00e9thodes traditionnelles de fumage.<\/p>\n<h4>Exp\u00e9dition dans tout le Canada<\/h4>\n<p>Le Lemon Hash Plant Vape Cart est exp\u00e9di\u00e9 rapidement \u00e0 travers le Canada gr\u00e2ce \u00e0 notre r\u00e9seau de livraison s\u00e9curis\u00e9. Profitez de l&rsquo;exp\u00e9dition gratuite pour les commandes de plus de 150 $, en vous assurant que votre cannabis m\u00e9dical arrive en toute s\u00e9curit\u00e9 et efficacement \u00e0 votre emplacement.<\/p>\n<h4>Avantages et couverture pour les anciens combattants<\/h4>\n<p>Cette Vape Cart de Lemon Hash Plant est admissible \u00e0 la couverture d&rsquo;Anciens Combattants Canada (ACC) avec facturation directe disponible par le biais de la Croix Bleue, ce qui signifie qu&rsquo;il n&rsquo;y a pas de frais \u00e0 d\u00e9bourser pour les anciens combattants admissibles. Si vous n&rsquo;avez pas encore de carte de cannabis m\u00e9dical, vous pouvez <a href=\"https:\/\/mendomedical.ca\/fr\/carte-medicale\/\">obtenir votre carte m\u00e9dicale gratuite rapidement et facilement<\/a> pour acc\u00e9der \u00e0 ces avantages.<\/p>\n<h4>Ingr\u00e9dients<\/h4>\n<p>Cannabis<\/p>\n<\/div>\n","protected":false},"featured_media":272734,"comment_status":"open","ping_status":"closed","template":"","meta":{"_acf_changed":false,"site-sidebar-layout":"default","site-content-layout":"","ast-site-content-layout":"default","site-content-style":"default","site-sidebar-style":"default","ast-global-header-display":"","ast-banner-title-visibility":"","ast-main-header-display":"","ast-hfb-above-header-display":"","ast-hfb-below-header-display":"","ast-hfb-mobile-header-display":"","site-post-title":"","ast-breadcrumbs-content":"","ast-featured-img":"","footer-sml-layout":"","ast-disable-related-posts":"","theme-transparent-header-meta":"default","adv-header-id-meta":"","stick-header-meta":"","header-above-stick-meta":"","header-main-stick-meta":"","header-below-stick-meta":"","astra-migrate-meta-layouts":"set","ast-page-background-enabled":"default","ast-page-background-meta":{"desktop":{"background-color":"var(--ast-global-color-4)","background-image":"","background-repeat":"repeat","background-position":"center center","background-size":"auto","background-attachment":"scroll","background-type":"","background-media":"","overlay-type":"","overlay-color":"","overlay-opacity":"","overlay-gradient":""},"tablet":{"background-color":"","background-image":"","background-repeat":"repeat","background-position":"center center","background-size":"auto","background-attachment":"scroll","background-type":"","background-media":"","overlay-type":"","overlay-color":"","overlay-opacity":"","overlay-gradient":""},"mobile":{"background-color":"","background-image":"","background-repeat":"repeat","background-position":"center center","background-size":"auto","background-attachment":"scroll","background-type":"","background-media":"","overlay-type":"","overlay-color":"","overlay-opacity":"","overlay-gradient":""}},"ast-content-background-meta":{"desktop":{"background-color":"var(--ast-global-color-5)","background-image":"","background-repeat":"repeat","background-position":"center center","background-size":"auto","background-attachment":"scroll","background-type":"","background-media":"","overlay-type":"","overlay-color":"","overlay-opacity":"","overlay-gradient":""},"tablet":{"background-color":"var(--ast-global-color-5)","background-image":"","background-repeat":"repeat","background-position":"center center","background-size":"auto","background-attachment":"scroll","background-type":"","background-media":"","overlay-type":"","overlay-color":"","overlay-opacity":"","overlay-gradient":""},"mobile":{"background-color":"var(--ast-global-color-5)","background-image":"","background-repeat":"repeat","background-position":"center center","background-size":"auto","background-attachment":"scroll","background-type":"","background-media":"","overlay-type":"","overlay-color":"","overlay-opacity":"","overlay-gradient":""}}},"product_brand":[],"product_cat":[1160,1164,1530,1159],"product_tag":[],"product_format_filter":[6369],"class_list":{"0":"post-272735","1":"product","2":"type-product","3":"status-publish","4":"has-post-thumbnail","6":"product_cat-cart-fil-510","7":"product_cat-cured-et-rosin-vivante-fr","8":"product_cat-spectre-complet1","9":"product_cat-vapoteuses","10":"pa_flavours-agrume","11":"pa_flavours-aigre","12":"pa_flavours-pimenter","13":"pa_flavours-pin","14":"pa_intensity-thc-eleve","15":"pa_intensity-low-cbg-fr","16":"pa_marques-persy-fr","17":"pa_origin-ontario-fr","18":"pa_profil-terpene-bisabolol-fr","19":"pa_profil-terpene-farnesene-fr","20":"pa_profil-terpene-guaiol-fr","21":"pa_profil-terpene-humulene-fr","22":"pa_profil-terpene-limonene-fr","23":"pa_profil-terpene-linalol-fr","24":"pa_type-de-plante-hybride-fr","25":"product_format_filter-1g","26":"desktop-align-left","27":"tablet-align-left","28":"mobile-align-left","30":"first","31":"instock","32":"taxable","33":"shipping-taxable","34":"purchasable","35":"product-type-simple"},"group_of_quantity":0,"min_quantity":0,"max_quantity":"","exclude_order_quantity_value_rules":"no","exclude_category_quantity_rules":"no","combine_variations":"no","acf":[],"_links":{"self":[{"href":"https:\/\/mendomedical.ca\/fr\/wp-json\/wp\/v2\/product\/272735","targetHints":{"allow":["GET"]}}],"collection":[{"href":"https:\/\/mendomedical.ca\/fr\/wp-json\/wp\/v2\/product"}],"about":[{"href":"https:\/\/mendomedical.ca\/fr\/wp-json\/wp\/v2\/types\/product"}],"replies":[{"embeddable":true,"href":"https:\/\/mendomedical.ca\/fr\/wp-json\/wp\/v2\/comments?post=272735"}],"wp:featuredmedia":[{"embeddable":true,"href":"https:\/\/mendomedical.ca\/fr\/wp-json\/wp\/v2\/media\/272734"}],"wp:attachment":[{"href":"https:\/\/mendomedical.ca\/fr\/wp-json\/wp\/v2\/media?parent=272735"}],"wp:term":[{"taxonomy":"product_brand","embeddable":true,"href":"https:\/\/mendomedical.ca\/fr\/wp-json\/wp\/v2\/product_brand?post=272735"},{"taxonomy":"product_cat","embeddable":true,"href":"https:\/\/mendomedical.ca\/fr\/wp-json\/wp\/v2\/product_cat?post=272735"},{"taxonomy":"product_tag","embeddable":true,"href":"https:\/\/mendomedical.ca\/fr\/wp-json\/wp\/v2\/product_tag?post=272735"},{"taxonomy":"product_format_filter","embeddable":true,"href":"https:\/\/mendomedical.ca\/fr\/wp-json\/wp\/v2\/product_format_filter?post=272735"}],"curies":[{"name":"wp","href":"https:\/\/api.w.org\/{rel}","templated":true}]}}