{"id":269657,"date":"2025-09-17T15:55:00","date_gmt":"2025-09-17T19:55:00","guid":{"rendered":"https:\/\/mendomedical.ca\/product\/harlequin\/"},"modified":"2026-03-22T17:44:48","modified_gmt":"2026-03-22T21:44:48","slug":"harlequin","status":"publish","type":"product","link":"https:\/\/mendomedical.ca\/fr\/produit\/harlequin\/","title":{"rendered":"Harlequin"},"content":{"rendered":"","protected":false},"excerpt":{"rendered":"<div class=\"ExternalClassAEE73D45A7EB4C0A99E271F9CE6E5D7F\">\n<h3>Harlequin - Simply Bare Organics<\/h3>\n<h3>Terp\u00e8nes totaux : 3,23%.<\/h3>\n<p>D\u00e9couvrez l&rsquo;\u00e9quilibre parfait avec Harlequin, un cultivar 1:1 certifi\u00e9 FVOPA Organic de Simply Bare Organics. Cette fleur \u00e9quilibr\u00e9e \u00e0 tendance sativa combine les g\u00e9n\u00e9tiques patrimoniales de la Columbian Gold et de la Thai Landrace pour offrir une exp\u00e9rience harmonieuse du cannabis. M\u00e9ticuleusement cultiv\u00e9e dans un sol vivant, cette fleur de qualit\u00e9 sup\u00e9rieure de 7 g offre aux utilisateurs m\u00e9dicaux une option biologique fiable pour un soulagement \u00e9quilibr\u00e9.  <\/p>\n<h4>Caract\u00e9ristiques principales<\/h4>\n<ul>\n<li>Rapport CBD:THC de 1:1 certifi\u00e9 par l&rsquo;OAVS pour des effets \u00e9quilibr\u00e9s<\/li>\n<li>G\u00e9n\u00e9tique du patrimoine : Croisement Columbian Gold x Thai Landrace<\/li>\n<li>Cultiv\u00e9 dans un sol vivant \u00e0 l&rsquo;aide de m\u00e9thodes de culture durables<\/li>\n<li>S\u00e9ch\u00e9 pendant 14 jours et s\u00e9ch\u00e9 \u00e0 froid pour une conservation optimale.<\/li>\n<li>Conditionn\u00e9 \u00e0 la main dans des c\u00f4nes de chanvre avec 2,44% de terp\u00e8nes totaux.<\/li>\n<\/ul>\n<h4>Saveur, ar\u00f4me et profil des terp\u00e8nes<\/h4>\n<p>Harlequin offre une exp\u00e9rience sensorielle complexe avec des notes \u00e9pic\u00e9es, sucr\u00e9es et tropicales revigorantes. Le profil aromatique se caract\u00e9rise par des nuances de terre musqu\u00e9e, compl\u00e9t\u00e9es par des notes s\u00e9duisantes de mangue. Le caract\u00e8re distinctif de ce cultivar est renforc\u00e9 par un riche profil terp\u00e9nique comprenant du b\u00eata-myrc\u00e8ne, du farn\u00e9s\u00e8ne, de l&rsquo;alpha-bisabolol et du transcaryophyll\u00e8ne, ce qui contribue \u00e0 ses effets potentiels relaxants, calmes, apaisants et \u00e9quilibr\u00e9s.  <\/p>\n<h4>Pourquoi choisir Flower ?<\/h4>\n<p>La fleur reste le format le plus polyvalent et le plus traditionnel pour les consommateurs de cannabis m\u00e9dical, offrant un contr\u00f4le pr\u00e9cis du dosage et un effet imm\u00e9diat. La nature naturelle et peu transform\u00e9e de la fleur permet aux patients m\u00e9dicaux d&rsquo;exp\u00e9rimenter le spectre complet des cannabino\u00efdes et des terp\u00e8nes, ce qui peut maximiser les b\u00e9n\u00e9fices th\u00e9rapeutiques gr\u00e2ce \u00e0 l&rsquo;effet d&rsquo;entourage. <\/p>\n<h4>Exp\u00e9dition dans tout le Canada<\/h4>\n<p>Harlequin livre rapidement \u00e0 travers le Canada gr\u00e2ce \u00e0 notre r\u00e9seau de livraison fiable. Nous offrons une livraison gratuite pour toutes les commandes de plus de 150 $, assurant ainsi un acc\u00e8s pratique \u00e0 vos besoins en cannabis m\u00e9dical d&rsquo;un oc\u00e9an \u00e0 l&rsquo;autre. <\/p>\n<h4>Avantages et couverture pour les anciens combattants<\/h4>\n<p>Harlequin est admissible \u00e0 la couverture d&rsquo;Anciens Combattants Canada (ACC) et \u00e0 la facturation directe par l&rsquo;entremise de la Croix Bleue, ce qui signifie que les anciens combattants admissibles n&rsquo;ont pas \u00e0 d\u00e9bourser d&rsquo;argent. Si vous n&rsquo;avez pas encore de carte m\u00e9dicale, vous pouvez <a href=\"https:\/\/mendomedical.ca\/fr\/carte-medicale\/\">obtenir votre carte m\u00e9dicale gratuite rapidement et facilement<\/a> pour acc\u00e9der \u00e0 ces avantages pr\u00e9cieux et commencer votre parcours de soins. <\/p>\n<\/div>\n","protected":false},"featured_media":269614,"comment_status":"open","ping_status":"closed","template":"","meta":{"_acf_changed":false,"site-sidebar-layout":"default","site-content-layout":"","ast-site-content-layout":"default","site-content-style":"default","site-sidebar-style":"default","ast-global-header-display":"","ast-banner-title-visibility":"","ast-main-header-display":"","ast-hfb-above-header-display":"","ast-hfb-below-header-display":"","ast-hfb-mobile-header-display":"","site-post-title":"","ast-breadcrumbs-content":"","ast-featured-img":"","footer-sml-layout":"","ast-disable-related-posts":"","theme-transparent-header-meta":"default","adv-header-id-meta":"","stick-header-meta":"","header-above-stick-meta":"","header-main-stick-meta":"","header-below-stick-meta":"","astra-migrate-meta-layouts":"set","ast-page-background-enabled":"default","ast-page-background-meta":{"desktop":{"background-color":"var(--ast-global-color-4)","background-image":"","background-repeat":"repeat","background-position":"center center","background-size":"auto","background-attachment":"scroll","background-type":"","background-media":"","overlay-type":"","overlay-color":"","overlay-opacity":"","overlay-gradient":""},"tablet":{"background-color":"","background-image":"","background-repeat":"repeat","background-position":"center center","background-size":"auto","background-attachment":"scroll","background-type":"","background-media":"","overlay-type":"","overlay-color":"","overlay-opacity":"","overlay-gradient":""},"mobile":{"background-color":"","background-image":"","background-repeat":"repeat","background-position":"center center","background-size":"auto","background-attachment":"scroll","background-type":"","background-media":"","overlay-type":"","overlay-color":"","overlay-opacity":"","overlay-gradient":""}},"ast-content-background-meta":{"desktop":{"background-color":"var(--ast-global-color-5)","background-image":"","background-repeat":"repeat","background-position":"center center","background-size":"auto","background-attachment":"scroll","background-type":"","background-media":"","overlay-type":"","overlay-color":"","overlay-opacity":"","overlay-gradient":""},"tablet":{"background-color":"var(--ast-global-color-5)","background-image":"","background-repeat":"repeat","background-position":"center center","background-size":"auto","background-attachment":"scroll","background-type":"","background-media":"","overlay-type":"","overlay-color":"","overlay-opacity":"","overlay-gradient":""},"mobile":{"background-color":"var(--ast-global-color-5)","background-image":"","background-repeat":"repeat","background-position":"center center","background-size":"auto","background-attachment":"scroll","background-type":"","background-media":"","overlay-type":"","overlay-color":"","overlay-opacity":"","overlay-gradient":""}}},"product_brand":[],"product_cat":[1137],"product_tag":[],"product_format_filter":[6373],"class_list":{"0":"post-269657","1":"product","2":"type-product","3":"status-publish","4":"has-post-thumbnail","6":"product_cat-fleur","7":"pa_flavours-pimenter","8":"pa_flavours-doux","9":"pa_flavours-tropical-fr","10":"pa_intensity-faible-thc","11":"pa_intensity-cbd-moyen","12":"pa_marques-simply-bare-organic-fr","13":"pa_origin-colombie-britannique-fr","14":"pa_packaging-date-02-03-2026","15":"pa_prix-par-gramme-8-57-2","16":"pa_type-de-plante-hybride-sativa-fr","17":"product_format_filter-7g","18":"desktop-align-left","19":"tablet-align-left","20":"mobile-align-left","22":"first","23":"outofstock","24":"taxable","25":"shipping-taxable","26":"purchasable","27":"product-type-simple"},"group_of_quantity":0,"min_quantity":0,"max_quantity":"","exclude_order_quantity_value_rules":"no","exclude_category_quantity_rules":"no","combine_variations":"no","acf":[],"_links":{"self":[{"href":"https:\/\/mendomedical.ca\/fr\/wp-json\/wp\/v2\/product\/269657","targetHints":{"allow":["GET"]}}],"collection":[{"href":"https:\/\/mendomedical.ca\/fr\/wp-json\/wp\/v2\/product"}],"about":[{"href":"https:\/\/mendomedical.ca\/fr\/wp-json\/wp\/v2\/types\/product"}],"replies":[{"embeddable":true,"href":"https:\/\/mendomedical.ca\/fr\/wp-json\/wp\/v2\/comments?post=269657"}],"wp:featuredmedia":[{"embeddable":true,"href":"https:\/\/mendomedical.ca\/fr\/wp-json\/wp\/v2\/media\/269614"}],"wp:attachment":[{"href":"https:\/\/mendomedical.ca\/fr\/wp-json\/wp\/v2\/media?parent=269657"}],"wp:term":[{"taxonomy":"product_brand","embeddable":true,"href":"https:\/\/mendomedical.ca\/fr\/wp-json\/wp\/v2\/product_brand?post=269657"},{"taxonomy":"product_cat","embeddable":true,"href":"https:\/\/mendomedical.ca\/fr\/wp-json\/wp\/v2\/product_cat?post=269657"},{"taxonomy":"product_tag","embeddable":true,"href":"https:\/\/mendomedical.ca\/fr\/wp-json\/wp\/v2\/product_tag?post=269657"},{"taxonomy":"product_format_filter","embeddable":true,"href":"https:\/\/mendomedical.ca\/fr\/wp-json\/wp\/v2\/product_format_filter?post=269657"}],"curies":[{"name":"wp","href":"https:\/\/api.w.org\/{rel}","templated":true}]}}