{"id":269350,"date":"2025-08-30T09:00:14","date_gmt":"2025-08-30T13:00:14","guid":{"rendered":"https:\/\/mendomedical.ca\/product\/moonshine-candy-fumez-infused-hash-hole-pre-rolls\/"},"modified":"2026-01-29T11:50:55","modified_gmt":"2026-01-29T16:50:55","slug":"moonshine-candy-fumez-infused-hash-hole-pre-rolls","status":"publish","type":"product","link":"https:\/\/mendomedical.ca\/fr\/produit\/moonshine-candy-fumez-infused-hash-hole-pre-rolls\/","title":{"rendered":"Moonshine + Candy Fumez Infused Hash Hole Pr\u00e9-rolls"},"content":{"rendered":"","protected":false},"excerpt":{"rendered":"<div class=\"ExternalClass64FB6B2502B74EB38241B8A1BA6CF5A7\">\n<h3>Moonshine + Candy Fumez Infused Hash Hole Pr\u00e9-rolls<\/h3>\n<div>\n<h3>Terp\u00e8nes totaux : 3-6%.<\/h3>\n<p><strong>Souche utilis\u00e9e<\/strong><\/p>\n<p><strong>Fleur<\/strong> - Moonshine Flower Cultiv\u00e9 par : <strong>MERIDIAN - <a href=\"https:\/\/mendomedical.ca\/fr\/produit\/moonshine-fr\/\">\u00c9galement disponible en format 7g sous Six One Charlie <\/a><\/strong><br \/>\n<strong>Rosin<\/strong> - Candy Fumez Transform\u00e9 par <strong>CROP CIRCLE<\/strong><\/p>\n<\/div>\n<p>Faites l&rsquo;exp\u00e9rience d&rsquo;un savoir-faire de qualit\u00e9 sup\u00e9rieure avec le Pr\u00e9-rolls infus\u00e9s Moonshine + Candy Fumez de Jellee&rsquo;s Hash Hole. Ce pr\u00e9-roll infus\u00e9 de 2 g, fabriqu\u00e9 par des experts, combine 1,5 g de fleurs de Moonshine cultiv\u00e9es par MERIDIAN et 0,5 g de rosine de Candy Fumez trait\u00e9e par CROP CIRCLE. Chaque Hash Hole est m\u00e9ticuleusement roul\u00e9 \u00e0 la main avec des papiers de riz Elements et comprend un embout de filtre en verre pour une exp\u00e9rience de fumage sup\u00e9rieure avec une puissance et une saveur accrues.<\/p>\n<h4>Caract\u00e9ristiques principales<\/h4>\n<ul>\n<li>Infusion premium : 1,5 g de fleur de Moonshine + 0,5 g de colophane Candy Fumez<\/li>\n<li>Terp\u00e8nes totaux : 3-6% pour une saveur et un ar\u00f4me renforc\u00e9s<\/li>\n<li>Roul\u00e9s \u00e0 la main avec des papiers de riz Elements<\/li>\n<li>Embout filtre en verre pour des tirages doux et r\u00e9guliers<\/li>\n<li>La conception unique des trous de hachage se r\u00e9v\u00e8le \u00e0 l&rsquo;usage<\/li>\n<\/ul>\n<h4>Profil aromatique et terp\u00e8nes<\/h4>\n<p>Ce Pr\u00e9-roll infus\u00e9 offre un profil terp\u00e9nique complexe allant de 3 \u00e0 6 %, combinant les notes sucr\u00e9es et gazeuses de Moonshine avec les caract\u00e9ristiques fra\u00eeches et pleines de baies de Candy Fumez. L&rsquo;infusion de Rosin am\u00e9liore les terp\u00e8nes naturels, cr\u00e9ant une exp\u00e9rience riche et savoureuse tout au long de votre session. Les utilisateurs peuvent s&rsquo;attendre \u00e0 des saveurs sucr\u00e9es avec des effets potentiels relaxants.<\/p>\n<h4>Pourquoi choisir les pr\u00e9-roul\u00e9s infus\u00e9s ?<\/h4>\n<p>Les Pr\u00e9-rolls infus\u00e9s offrent aux patients de cannabis m\u00e9dical des options pratiques et pr\u00e9cis\u00e9ment dos\u00e9es sans qu&rsquo;il soit n\u00e9cessaire de les broyer ou de les rouler. Ces Pr\u00e9-rolls offrent une puissance et des effets am\u00e9lior\u00e9s, ce qui les rend id\u00e9aux pour les utilisateurs exp\u00e9riment\u00e9s \u00e0 la recherche de produits coh\u00e9rents, pr\u00eats \u00e0 l&#8217;emploi et de qualit\u00e9 artisanale sup\u00e9rieure.<\/p>\n<h4>Exp\u00e9dition dans tout le Canada<\/h4>\n<p>Moonshine + Candy Fumez Infused Hash Hole Pr\u00e9-rolls est exp\u00e9di\u00e9 rapidement \u00e0 travers le Canada. Nous offrons une livraison gratuite pour toutes les commandes de plus de 150 $, ce qui garantit que vos produits de cannabis m\u00e9dical arrivent rapidement et discr\u00e8tement \u00e0 votre porte.<\/p>\n<h4>Avantages et couverture pour les anciens combattants<\/h4>\n<div>\n<p>Moonshine + Candy Fumez Infused Hash Hole Pr\u00e9-rolls est admissible \u00e0 la couverture d&rsquo;ACC (Anciens Combattants Canada) et \u00e0 la facturation directe par l&rsquo;entremise de la Croix Bleue, ce qui signifie que les anciens combattants admissibles n&rsquo;ont pas \u00e0 d\u00e9bourser d&rsquo;argent. Si vous n&rsquo;avez pas encore votre carte m\u00e9dicale, <a href=\"https:\/\/mendomedical.ca\/fr\/carte-medicale\/\">obtenez-la gratuitement, rapidement et facilement<\/a>.<\/p>\n<h3><\/h3>\n<h4>Instructions pour l&rsquo;\u00e9clairage<\/h4>\n<p>Pour un plaisir optimal :<br \/>\n- Allumez la pointe en la faisant tourner comme un cigare<br \/>\n- Continuez \u00e0 \u00e9clairer pour obtenir une cerise uniforme (prenez des tirettes si n\u00e9cessaire).<br \/>\n- Une fois qu&rsquo;une ligne de combustion r\u00e9guli\u00e8re se forme, soufflez lentement pour cr\u00e9er une accumulation de cendres.<br \/>\n- Lorsque les cendres atteignent la largeur du petit doigt, faites-les tomber d\u00e9licatement pour r\u00e9v\u00e9ler le trou de hachage.<br \/>\n- Tirez lentement sur la bouff\u00e9e et profitez de l&rsquo;exp\u00e9rience am\u00e9lior\u00e9e<\/p>\n<\/div>\n<\/div>\n","protected":false},"featured_media":107302,"comment_status":"open","ping_status":"closed","template":"","meta":{"_acf_changed":false,"site-sidebar-layout":"default","site-content-layout":"","ast-site-content-layout":"default","site-content-style":"default","site-sidebar-style":"default","ast-global-header-display":"","ast-banner-title-visibility":"","ast-main-header-display":"","ast-hfb-above-header-display":"","ast-hfb-below-header-display":"","ast-hfb-mobile-header-display":"","site-post-title":"","ast-breadcrumbs-content":"","ast-featured-img":"","footer-sml-layout":"","ast-disable-related-posts":"","theme-transparent-header-meta":"default","adv-header-id-meta":"","stick-header-meta":"","header-above-stick-meta":"","header-main-stick-meta":"","header-below-stick-meta":"","astra-migrate-meta-layouts":"set","ast-page-background-enabled":"default","ast-page-background-meta":{"desktop":{"background-color":"var(--ast-global-color-4)","background-image":"","background-repeat":"repeat","background-position":"center center","background-size":"auto","background-attachment":"scroll","background-type":"","background-media":"","overlay-type":"","overlay-color":"","overlay-opacity":"","overlay-gradient":""},"tablet":{"background-color":"","background-image":"","background-repeat":"repeat","background-position":"center center","background-size":"auto","background-attachment":"scroll","background-type":"","background-media":"","overlay-type":"","overlay-color":"","overlay-opacity":"","overlay-gradient":""},"mobile":{"background-color":"","background-image":"","background-repeat":"repeat","background-position":"center center","background-size":"auto","background-attachment":"scroll","background-type":"","background-media":"","overlay-type":"","overlay-color":"","overlay-opacity":"","overlay-gradient":""}},"ast-content-background-meta":{"desktop":{"background-color":"var(--ast-global-color-5)","background-image":"","background-repeat":"repeat","background-position":"center center","background-size":"auto","background-attachment":"scroll","background-type":"","background-media":"","overlay-type":"","overlay-color":"","overlay-opacity":"","overlay-gradient":""},"tablet":{"background-color":"var(--ast-global-color-5)","background-image":"","background-repeat":"repeat","background-position":"center center","background-size":"auto","background-attachment":"scroll","background-type":"","background-media":"","overlay-type":"","overlay-color":"","overlay-opacity":"","overlay-gradient":""},"mobile":{"background-color":"var(--ast-global-color-5)","background-image":"","background-repeat":"repeat","background-position":"center center","background-size":"auto","background-attachment":"scroll","background-type":"","background-media":"","overlay-type":"","overlay-color":"","overlay-opacity":"","overlay-gradient":""}}},"product_brand":[],"product_cat":[1147,1144],"product_tag":[],"product_format_filter":[6391],"class_list":{"0":"post-269350","1":"product","2":"type-product","3":"status-publish","4":"has-post-thumbnail","6":"product_cat-pre-roules-infuses","7":"product_cat-pre-roules","8":"pa_flavours-gazole-diesel","9":"pa_flavours-doux","10":"pa_intensity-thc-eleve","11":"pa_marques-jellee-fr","12":"pa_origin-colombie-britannique-fr","13":"pa_type-de-plante-hybride-fr","14":"product_format_filter-2g","15":"desktop-align-left","16":"tablet-align-left","17":"mobile-align-left","19":"first","20":"outofstock","21":"taxable","22":"shipping-taxable","23":"purchasable","24":"product-type-simple"},"group_of_quantity":0,"min_quantity":0,"max_quantity":"","exclude_order_quantity_value_rules":"no","exclude_category_quantity_rules":"no","combine_variations":"no","acf":[],"_links":{"self":[{"href":"https:\/\/mendomedical.ca\/fr\/wp-json\/wp\/v2\/product\/269350","targetHints":{"allow":["GET"]}}],"collection":[{"href":"https:\/\/mendomedical.ca\/fr\/wp-json\/wp\/v2\/product"}],"about":[{"href":"https:\/\/mendomedical.ca\/fr\/wp-json\/wp\/v2\/types\/product"}],"replies":[{"embeddable":true,"href":"https:\/\/mendomedical.ca\/fr\/wp-json\/wp\/v2\/comments?post=269350"}],"wp:featuredmedia":[{"embeddable":true,"href":"https:\/\/mendomedical.ca\/fr\/wp-json\/wp\/v2\/media\/107302"}],"wp:attachment":[{"href":"https:\/\/mendomedical.ca\/fr\/wp-json\/wp\/v2\/media?parent=269350"}],"wp:term":[{"taxonomy":"product_brand","embeddable":true,"href":"https:\/\/mendomedical.ca\/fr\/wp-json\/wp\/v2\/product_brand?post=269350"},{"taxonomy":"product_cat","embeddable":true,"href":"https:\/\/mendomedical.ca\/fr\/wp-json\/wp\/v2\/product_cat?post=269350"},{"taxonomy":"product_tag","embeddable":true,"href":"https:\/\/mendomedical.ca\/fr\/wp-json\/wp\/v2\/product_tag?post=269350"},{"taxonomy":"product_format_filter","embeddable":true,"href":"https:\/\/mendomedical.ca\/fr\/wp-json\/wp\/v2\/product_format_filter?post=269350"}],"curies":[{"name":"wp","href":"https:\/\/api.w.org\/{rel}","templated":true}]}}