{"id":268839,"date":"2025-08-28T15:45:30","date_gmt":"2025-08-28T19:45:30","guid":{"rendered":"https:\/\/mendomedical.ca\/?post_type=product&#038;p=268839"},"modified":"2026-04-16T14:05:37","modified_gmt":"2026-04-16T18:05:37","slug":"chunk-v-rosin-vape-cart","status":"publish","type":"product","link":"https:\/\/mendomedical.ca\/fr\/produit\/chunk-v-rosin-vape-cart\/","title":{"rendered":"Chunk-V - THC+THCV Rosin Vape Cart"},"content":{"rendered":"","protected":false},"excerpt":{"rendered":"<div class=\"ExternalClassE40785717A1840F4B281B7CD64F9CA1F\">\n<h3>Chunk-V - THC+THCV Rosin Vape Cart by Cannonfire<\/h3>\n<h3>Terp\u00e8nes totaux : 4,66%.<\/h3>\n<p>Faites l&rsquo;exp\u00e9rience de l&rsquo;innovation en mati\u00e8re de cannabis avec la Chunk-V Rosin Vape Cart de Cannonfire, un rare concentr\u00e9 sans solvant \u00e0 dominante THC-V qui d\u00e9livre des effets exceptionnellement clairs et fonctionnels. Cette cartouche de 1g de rosine premium est fabriqu\u00e9e \u00e0 partir de g\u00e9n\u00e9tiques Big Bud \u00d7 Skunk #1 en utilisant uniquement du hash extrait \u00e0 l&rsquo;eau glac\u00e9e et press\u00e9 en rosine, sans aucun agent de remplissage, distillat ou additif. Se d\u00e9marquant dans l&rsquo;espace sans solvant, Chunk-V offre aux utilisateurs m\u00e9dicaux une exp\u00e9rience \u00e9nergisante et concentr\u00e9e unique qui d\u00e9fie les profils traditionnels \u00e0 forte teneur en THC.  <\/p>\n<h4>Caract\u00e9ristiques principales et points forts du produit<\/h4>\n<ul>\n<li>V\u00e9ritable cartouche de haschisch \u00e0 spectre complet sans solvant, fabriqu\u00e9e exclusivement \u00e0 partir de haschisch et de Rosin extraits \u00e0 l&rsquo;eau glac\u00e9e.<\/li>\n<li>Profil rare \u00e0 dominante THC-V (19,373 %) combin\u00e9 \u00e0 37,57 % de THC et 3,78 % de CBD pour des effets clairs et fonctionnels.<\/li>\n<li>Profil robuste de cannabino\u00efdes mineurs avec CBG (4,246%) et CBC (1,325%) pour un potentiel th\u00e9rapeutique accru.<\/li>\n<li>510 en c\u00e9ramique de premi\u00e8re qualit\u00e9, sans aucun produit de remplissage, distillat ou terp\u00e8nes ajout\u00e9s<\/li>\n<li>Version limit\u00e9e produite en tr\u00e8s petites quantit\u00e9s en raison d&rsquo;un lavage \u00e0 faible rendement.<\/li>\n<\/ul>\n<h4>Saveurs, ar\u00f4mes et profil cannabique<\/h4>\n<p>La Chunk-V pr\u00e9sente un profil aromatique classique et discret, avec des notes de gazole compl\u00e9t\u00e9es par des notes d&rsquo;herbes, de pin, d&rsquo;\u00e9pices et de subtiles nuances sucr\u00e9es. L&rsquo;ar\u00f4me est distinctement terreux et herbac\u00e9, avec une colonne vert\u00e9brale skunky traditionnelle, agr\u00e9ment\u00e9e d&rsquo;\u00e9pices douces et d&rsquo;une l\u00e9g\u00e8re acuit\u00e9 m\u00e9dicinale qui refl\u00e8te sa composition unique en faveur du THC-V. <\/p>\n<p>Le profil des cannabino\u00efdes est vraiment exceptionnel, men\u00e9 par 37,57 % de THC et 3,78 % de CBD, avec une concentration inhabituellement \u00e9lev\u00e9e de THC-V \u00e0 19,373 %. Les cannabino\u00efdes de soutien comprennent le CBG (4,246 %) et le CBC (1,325 %), cr\u00e9ant une exp\u00e9rience m\u00e9dicinale et \u00e9quilibr\u00e9e distincte. Cette combinaison rare produit des effets clairs, fonctionnels et concentr\u00e9s, plus stimulants que s\u00e9datifs, offrant des sensations d&rsquo;euphorie, d&rsquo;\u00e9l\u00e9vation, de cr\u00e9ativit\u00e9 et d&rsquo;\u00e9nergie tout en maintenant la clart\u00e9 mentale.  <\/p>\n<h4>Pourquoi choisir les cartouches de vaporisation ?<\/h4>\n<p>Les cartouches de vaporisation offrent aux utilisateurs m\u00e9dicaux un contr\u00f4le pr\u00e9cis du dosage, une apparition rapide des effets et une consommation discr\u00e8te. Les cartouches de Rosin sans solvant comme Chunk-V offrent l&rsquo;exp\u00e9rience de cannabis la plus pure possible, en pr\u00e9servant les profils naturels de cannabino\u00efdes et de terp\u00e8nes de la plante, sans solvants chimiques ni additifs artificiels. <\/p>\n<h4>Exp\u00e9dition dans tout le Canada<\/h4>\n<p>Chunk-V Rosin Vape Cart est exp\u00e9di\u00e9 rapidement \u00e0 travers le Canada avec une livraison rapide et fiable. Profitez de la livraison gratuite pour les commandes de plus de 150 $, ce qui facilite l&rsquo;acc\u00e8s \u00e0 ce concentr\u00e9 sans solvant de premi\u00e8re qualit\u00e9, o\u00f9 que vous soyez au pays. <\/p>\n<h4>Avantages et couverture pour les anciens combattants<\/h4>\n<p>La Vape Cart Chunk-V Rosin est admissible \u00e0 la couverture d&rsquo;ACC (Anciens Combattants Canada) et \u00e0 la facturation directe par l&rsquo;entremise de la Croix Bleue, ce qui fait en sorte que les anciens combattants admissibles n&rsquo;ont aucuns frais \u00e0 d\u00e9bourser. Vous n&rsquo;avez pas encore votre carte m\u00e9dicale ? <a href=\"https:\/\/mendomedical.ca\/fr\/carte-medicale\/\">Obtenez votre carte m\u00e9dicale gratuite rapidement et facilement<\/a> pour acc\u00e9der \u00e0 ces avantages et commencer votre voyage vers le cannabis m\u00e9dical. <\/p>\n<h4>Ingr\u00e9dients<\/h4>\n<p>Rosin de Hash<\/p>\n<\/div>\n","protected":false},"featured_media":268820,"comment_status":"open","ping_status":"closed","template":"","meta":{"_acf_changed":false,"site-sidebar-layout":"default","site-content-layout":"","ast-site-content-layout":"default","site-content-style":"default","site-sidebar-style":"default","ast-global-header-display":"","ast-banner-title-visibility":"","ast-main-header-display":"","ast-hfb-above-header-display":"","ast-hfb-below-header-display":"","ast-hfb-mobile-header-display":"","site-post-title":"","ast-breadcrumbs-content":"","ast-featured-img":"","footer-sml-layout":"","ast-disable-related-posts":"","theme-transparent-header-meta":"default","adv-header-id-meta":"","stick-header-meta":"","header-above-stick-meta":"","header-main-stick-meta":"","header-below-stick-meta":"","astra-migrate-meta-layouts":"set","ast-page-background-enabled":"default","ast-page-background-meta":{"desktop":{"background-color":"var(--ast-global-color-4)","background-image":"","background-repeat":"repeat","background-position":"center center","background-size":"auto","background-attachment":"scroll","background-type":"","background-media":"","overlay-type":"","overlay-color":"","overlay-opacity":"","overlay-gradient":""},"tablet":{"background-color":"","background-image":"","background-repeat":"repeat","background-position":"center center","background-size":"auto","background-attachment":"scroll","background-type":"","background-media":"","overlay-type":"","overlay-color":"","overlay-opacity":"","overlay-gradient":""},"mobile":{"background-color":"","background-image":"","background-repeat":"repeat","background-position":"center center","background-size":"auto","background-attachment":"scroll","background-type":"","background-media":"","overlay-type":"","overlay-color":"","overlay-opacity":"","overlay-gradient":""}},"ast-content-background-meta":{"desktop":{"background-color":"var(--ast-global-color-5)","background-image":"","background-repeat":"repeat","background-position":"center center","background-size":"auto","background-attachment":"scroll","background-type":"","background-media":"","overlay-type":"","overlay-color":"","overlay-opacity":"","overlay-gradient":""},"tablet":{"background-color":"var(--ast-global-color-5)","background-image":"","background-repeat":"repeat","background-position":"center center","background-size":"auto","background-attachment":"scroll","background-type":"","background-media":"","overlay-type":"","overlay-color":"","overlay-opacity":"","overlay-gradient":""},"mobile":{"background-color":"var(--ast-global-color-5)","background-image":"","background-repeat":"repeat","background-position":"center center","background-size":"auto","background-attachment":"scroll","background-type":"","background-media":"","overlay-type":"","overlay-color":"","overlay-opacity":"","overlay-gradient":""}}},"product_brand":[],"product_cat":[2334,2333,1160,1164,1530,1159],"product_tag":[],"product_format_filter":[6369],"class_list":{"0":"post-268839","1":"product","2":"type-product","3":"status-publish","4":"has-post-thumbnail","6":"product_cat-cannabinoides-mineurs","7":"product_cat-cbd","8":"product_cat-cart-fil-510","9":"product_cat-cured-et-rosin-vivante-fr","10":"product_cat-spectre-complet1","11":"product_cat-vapoteuses","12":"pa_flavours-pimenter","13":"pa_flavours-gazole-diesel","14":"pa_flavours-a-base-de-plantes","15":"pa_flavours-pin","16":"pa_flavours-doux","17":"pa_intensity-thc-eleve","18":"pa_intensity-haut-thcv","19":"pa_intensity-low-cbc-fr","20":"pa_intensity-faible-cbd","21":"pa_intensity-low-cbg-fr","22":"pa_marques-cannonfire-fr","23":"pa_origin-quebec-fr","24":"pa_profil-terpene-caryophyllene","25":"pa_profil-terpene-farnesene-fr","26":"pa_profil-terpene-humulene-fr","27":"pa_profil-terpene-limonene-fr","28":"pa_profil-terpene-myrcene","29":"pa_profil-terpene-ocimene-fr","30":"pa_profil-terpene-pinene-fr","31":"pa_type-de-plante-hybride-fr","32":"pa_type-de-plante-thc-fr","33":"product_format_filter-1g","34":"desktop-align-left","35":"tablet-align-left","36":"mobile-align-left","38":"first","39":"instock","40":"taxable","41":"shipping-taxable","42":"purchasable","43":"product-type-simple"},"group_of_quantity":0,"min_quantity":0,"max_quantity":"","exclude_order_quantity_value_rules":"no","exclude_category_quantity_rules":"no","combine_variations":"no","acf":[],"_links":{"self":[{"href":"https:\/\/mendomedical.ca\/fr\/wp-json\/wp\/v2\/product\/268839","targetHints":{"allow":["GET"]}}],"collection":[{"href":"https:\/\/mendomedical.ca\/fr\/wp-json\/wp\/v2\/product"}],"about":[{"href":"https:\/\/mendomedical.ca\/fr\/wp-json\/wp\/v2\/types\/product"}],"replies":[{"embeddable":true,"href":"https:\/\/mendomedical.ca\/fr\/wp-json\/wp\/v2\/comments?post=268839"}],"wp:featuredmedia":[{"embeddable":true,"href":"https:\/\/mendomedical.ca\/fr\/wp-json\/wp\/v2\/media\/268820"}],"wp:attachment":[{"href":"https:\/\/mendomedical.ca\/fr\/wp-json\/wp\/v2\/media?parent=268839"}],"wp:term":[{"taxonomy":"product_brand","embeddable":true,"href":"https:\/\/mendomedical.ca\/fr\/wp-json\/wp\/v2\/product_brand?post=268839"},{"taxonomy":"product_cat","embeddable":true,"href":"https:\/\/mendomedical.ca\/fr\/wp-json\/wp\/v2\/product_cat?post=268839"},{"taxonomy":"product_tag","embeddable":true,"href":"https:\/\/mendomedical.ca\/fr\/wp-json\/wp\/v2\/product_tag?post=268839"},{"taxonomy":"product_format_filter","embeddable":true,"href":"https:\/\/mendomedical.ca\/fr\/wp-json\/wp\/v2\/product_format_filter?post=268839"}],"curies":[{"name":"wp","href":"https:\/\/api.w.org\/{rel}","templated":true}]}}