{"id":268831,"date":"2025-08-28T15:40:48","date_gmt":"2025-08-28T19:40:48","guid":{"rendered":"https:\/\/mendomedical.ca\/product\/beurre-de-cacahuete-rosin-vape-cart\/"},"modified":"2026-04-08T20:50:52","modified_gmt":"2026-04-09T00:50:52","slug":"peanut-butter-breath-rosin-vape-cart-fr","status":"publish","type":"product","link":"https:\/\/mendomedical.ca\/fr\/produit\/peanut-butter-breath-rosin-vape-cart-fr\/","title":{"rendered":"Peanut Butter Breath Rosin Vape Cart"},"content":{"rendered":"","protected":false},"excerpt":{"rendered":"<div class=\"ExternalClass1649C2E6F8A148118DAAB4238C6E60EC\">\n<h3>Peanut Butter Breath Rosin Vape Cart<\/h3>\n<h3>Terp\u00e8nes totaux : 5.22%<\/h3>\n<p>La cartouche de vape Rosin Peanut Butter Breath de Cannonfire offre une exp\u00e9rience authentique de cannabis \u00e0 spectre complet dans un format pratique de 1g. Cette cartouche premium sans solvant est fabriqu\u00e9e exclusivement \u00e0 partir de hash d&rsquo;eau glac\u00e9e press\u00e9 dans du Rosin, pr\u00e9servant ainsi le profil cannabino\u00efde et terp\u00e9nique complet de cet hybride distinctif Do-Si-Dos \u00d7 Mendo Breath. Sans aucun agent de remplissage, coupe ou additif, cette cartouche offre une saveur et des effets de cannabis purs et inalt\u00e9r\u00e9s pour les utilisateurs m\u00e9dicaux exigeants.<\/p>\n<h4>Caract\u00e9ristiques principales<\/h4>\n<ul>\n<li>Extraction de la rosine de haschisch 100 % sans solvant, sans additif ni agent de remplissage<\/li>\n<li>510 en c\u00e9ramique de haute qualit\u00e9 pour une diffusion optimale de la saveur<\/li>\n<li>Robuste 73% de THC avec un profil cannabino\u00efde complet comprenant CBG, CBC, et THCV.<\/li>\n<li>Riche en terp\u00e8nes totaux (5,2 %) pr\u00e9serv\u00e9s naturellement par le processus d&rsquo;extraction.<\/li>\n<li>G\u00e9n\u00e9tique Do-Si-Dos \u00d7 Mendo Breath de premi\u00e8re qualit\u00e9 produisant des effets hybrides \u00e9quilibr\u00e9s<\/li>\n<\/ul>\n<h4>Saveur, ar\u00f4me et profil cannabique<\/h4>\n<p>L&rsquo;ar\u00f4me de Peanut Butter Breath est profond et savoureux, avec des notes dominantes de noix grill\u00e9es et de kush terreux, compl\u00e9t\u00e9es par une douceur subtile et un l\u00e9ger funk gazeux. Le profil de saveur refl\u00e8te ces caract\u00e9ristiques, offrant des notes cr\u00e9meuses, herbac\u00e9es et \u00e9pic\u00e9es avec des nuances sucr\u00e9es qui cr\u00e9ent une exp\u00e9rience complexe et satisfaisante.<\/p>\n<p>Cette cartouche pr\u00e9sente un profil cannabino\u00efde robuste \u00e0 spectre complet, men\u00e9 par environ 73% de THC, soutenu par des niveaux notables de CBG, CBC, THCV, et des traces de CBD. L&rsquo;impressionnante teneur en terp\u00e8nes totaux de 5,2 % est domin\u00e9e par le b\u00eata-caryophyll\u00e8ne, l&rsquo;humul\u00e8ne, le bisabolol et le linalol, avec un soutien de limon\u00e8ne et de myrc\u00e8ne. Cette combinaison est \u00e0 l&rsquo;origine du funk terreux et noisette caract\u00e9ristique, avec des nuances de kush cr\u00e9meux, et produit des effets qui peuvent \u00eatre euphoriques, stimulants, d\u00e9tendus et stimulant l&rsquo;app\u00e9tit.<\/p>\n<h4>Pourquoi choisir les cartouches de vaporisation ?<\/h4>\n<p>Les cartouches de vaporisation offrent aux consommateurs de cannabis m\u00e9dical un contr\u00f4le pr\u00e9cis du dosage, une consommation discr\u00e8te et un soulagement \u00e0 action rapide. La m\u00e9thode d&rsquo;extraction de la Rosine sans solvant pr\u00e9serve les compos\u00e9s th\u00e9rapeutiques naturels de la plante, offrant potentiellement des effets d&rsquo;entourage am\u00e9lior\u00e9s par rapport aux cartouches de distillat.<\/p>\n<h4>Exp\u00e9dition dans tout le Canada<\/h4>\n<p>Peanut Butter Breath Rosin Vape Cart est exp\u00e9di\u00e9 rapidement \u00e0 travers le Canada avec une livraison rapide et fiable. Profitez de la livraison gratuite pour les commandes de plus de 150 $, ce qui vous permet de vous approvisionner facilement en produits de cannabis m\u00e9dical.<\/p>\n<h4>Avantages et couverture pour les anciens combattants<\/h4>\n<p>Peanut Butter Breath Rosin Vape Cart est admissible \u00e0 la couverture d&rsquo;Anciens Combattants Canada (ACC) et \u00e0 la facturation directe par l&rsquo;entremise de la Croix Bleue, ce qui garantit qu&rsquo;aucun frais ne sera d\u00e9bours\u00e9 par les anciens combattants admissibles. Si vous n&rsquo;avez pas encore de carte m\u00e9dicale, vous pouvez <a href=\"https:\/\/mendomedical.ca\/fr\/carte-medicale\/\">obtenir votre carte m\u00e9dicale gratuite rapidement et facilement<\/a> pour acc\u00e9der \u00e0 ces avantages et \u00e0 notre gamme compl\u00e8te de produits de cannabis m\u00e9dical.<\/p>\n<h4>Ingr\u00e9dients<\/h4>\n<p>Rosin de Hash<\/p>\n<\/div>\n","protected":false},"featured_media":268823,"comment_status":"open","ping_status":"closed","template":"","meta":{"_acf_changed":false,"site-sidebar-layout":"default","site-content-layout":"","ast-site-content-layout":"default","site-content-style":"default","site-sidebar-style":"default","ast-global-header-display":"","ast-banner-title-visibility":"","ast-main-header-display":"","ast-hfb-above-header-display":"","ast-hfb-below-header-display":"","ast-hfb-mobile-header-display":"","site-post-title":"","ast-breadcrumbs-content":"","ast-featured-img":"","footer-sml-layout":"","ast-disable-related-posts":"","theme-transparent-header-meta":"default","adv-header-id-meta":"","stick-header-meta":"","header-above-stick-meta":"","header-main-stick-meta":"","header-below-stick-meta":"","astra-migrate-meta-layouts":"set","ast-page-background-enabled":"default","ast-page-background-meta":{"desktop":{"background-color":"var(--ast-global-color-4)","background-image":"","background-repeat":"repeat","background-position":"center center","background-size":"auto","background-attachment":"scroll","background-type":"","background-media":"","overlay-type":"","overlay-color":"","overlay-opacity":"","overlay-gradient":""},"tablet":{"background-color":"","background-image":"","background-repeat":"repeat","background-position":"center center","background-size":"auto","background-attachment":"scroll","background-type":"","background-media":"","overlay-type":"","overlay-color":"","overlay-opacity":"","overlay-gradient":""},"mobile":{"background-color":"","background-image":"","background-repeat":"repeat","background-position":"center center","background-size":"auto","background-attachment":"scroll","background-type":"","background-media":"","overlay-type":"","overlay-color":"","overlay-opacity":"","overlay-gradient":""}},"ast-content-background-meta":{"desktop":{"background-color":"var(--ast-global-color-5)","background-image":"","background-repeat":"repeat","background-position":"center center","background-size":"auto","background-attachment":"scroll","background-type":"","background-media":"","overlay-type":"","overlay-color":"","overlay-opacity":"","overlay-gradient":""},"tablet":{"background-color":"var(--ast-global-color-5)","background-image":"","background-repeat":"repeat","background-position":"center center","background-size":"auto","background-attachment":"scroll","background-type":"","background-media":"","overlay-type":"","overlay-color":"","overlay-opacity":"","overlay-gradient":""},"mobile":{"background-color":"var(--ast-global-color-5)","background-image":"","background-repeat":"repeat","background-position":"center center","background-size":"auto","background-attachment":"scroll","background-type":"","background-media":"","overlay-type":"","overlay-color":"","overlay-opacity":"","overlay-gradient":""}}},"product_brand":[],"product_cat":[1160,1164,1530,1159],"product_tag":[],"product_format_filter":[6369],"class_list":{"0":"post-268831","1":"product","2":"type-product","3":"status-publish","4":"has-post-thumbnail","6":"product_cat-cart-fil-510","7":"product_cat-cured-et-rosin-vivante-fr","8":"product_cat-spectre-complet1","9":"product_cat-vapoteuses","10":"pa_flavours-cremeux","11":"pa_flavours-pimenter","12":"pa_flavours-a-base-de-plantes","13":"pa_flavours-doux","14":"pa_intensity-low-thcv-fr","15":"pa_intensity-thc-eleve","16":"pa_intensity-low-cbc-fr","17":"pa_intensity-low-cbg-fr","18":"pa_marques-cannonfire-fr","19":"pa_origin-quebec-fr","20":"pa_type-de-plante-hybride-fr","21":"product_format_filter-1g","22":"desktop-align-left","23":"tablet-align-left","24":"mobile-align-left","26":"first","27":"instock","28":"taxable","29":"shipping-taxable","30":"purchasable","31":"product-type-simple"},"group_of_quantity":0,"min_quantity":0,"max_quantity":"","exclude_order_quantity_value_rules":"no","exclude_category_quantity_rules":"no","combine_variations":"no","acf":[],"_links":{"self":[{"href":"https:\/\/mendomedical.ca\/fr\/wp-json\/wp\/v2\/product\/268831","targetHints":{"allow":["GET"]}}],"collection":[{"href":"https:\/\/mendomedical.ca\/fr\/wp-json\/wp\/v2\/product"}],"about":[{"href":"https:\/\/mendomedical.ca\/fr\/wp-json\/wp\/v2\/types\/product"}],"replies":[{"embeddable":true,"href":"https:\/\/mendomedical.ca\/fr\/wp-json\/wp\/v2\/comments?post=268831"}],"wp:featuredmedia":[{"embeddable":true,"href":"https:\/\/mendomedical.ca\/fr\/wp-json\/wp\/v2\/media\/268823"}],"wp:attachment":[{"href":"https:\/\/mendomedical.ca\/fr\/wp-json\/wp\/v2\/media?parent=268831"}],"wp:term":[{"taxonomy":"product_brand","embeddable":true,"href":"https:\/\/mendomedical.ca\/fr\/wp-json\/wp\/v2\/product_brand?post=268831"},{"taxonomy":"product_cat","embeddable":true,"href":"https:\/\/mendomedical.ca\/fr\/wp-json\/wp\/v2\/product_cat?post=268831"},{"taxonomy":"product_tag","embeddable":true,"href":"https:\/\/mendomedical.ca\/fr\/wp-json\/wp\/v2\/product_tag?post=268831"},{"taxonomy":"product_format_filter","embeddable":true,"href":"https:\/\/mendomedical.ca\/fr\/wp-json\/wp\/v2\/product_format_filter?post=268831"}],"curies":[{"name":"wp","href":"https:\/\/api.w.org\/{rel}","templated":true}]}}