{"id":268802,"date":"2025-08-28T15:30:48","date_gmt":"2025-08-28T19:30:48","guid":{"rendered":"https:\/\/mendomedical.ca\/product\/pave-rosin-vape-cart\/"},"modified":"2026-04-16T14:09:28","modified_gmt":"2026-04-16T18:09:28","slug":"pave-rosin-vape-cart","status":"publish","type":"product","link":"https:\/\/mendomedical.ca\/fr\/produit\/pave-rosin-vape-cart\/","title":{"rendered":"Pav\u00e9 Rosin Vape Cart"},"content":{"rendered":"","protected":false},"excerpt":{"rendered":"<div class=\"ExternalClass57830C0A1ED149759DA9140655348EB8\">\n<h3>Pav\u00e9 Vape Cartridge by Cannonfire<\/h3>\n<h3>Terp\u00e8nes totaux : 4,79%.<\/h3>\n<p>D\u00e9couvrez l&rsquo;essence pure du cannabis avec la cartouche de vape Pav\u00e9 de Cannonfire, une vape premium de 1g de hash rosin sans solvant qui illustre le cannabis artisanal \u00e0 son meilleur. Cette cartouche \u00e0 spectre complet combine les g\u00e9n\u00e9tiques exceptionnelles de Paris OG et The Menthol, offrant un profil de saveur sophistiqu\u00e9 et des effets \u00e9quilibr\u00e9s gr\u00e2ce \u00e0 des m\u00e9thodes d&rsquo;extraction enti\u00e8rement naturelles. Fabriqu\u00e9 exclusivement \u00e0 partir de hash d&rsquo;eau glac\u00e9e et press\u00e9 en Rosin, Pav\u00e9 ne contient ni remplissage, ni coupure, ni additif - juste l&rsquo;expression pure du cannabis dans un format de vape pratique.  <\/p>\n<h4>Caract\u00e9ristiques principales<\/h4>\n<ul>\n<li>Extraction de la rosine de haschisch 100 % sans solvant, sans additif ni agent de remplissage<\/li>\n<li>Profil cannabino\u00efde \u00e0 spectre complet avec environ 78% de THC et des cannabino\u00efdes mineurs naturels.<\/li>\n<li>Riche teneur en terp\u00e8nes (4,8 %), avec b\u00eata-caryophyll\u00e8ne, limon\u00e8ne et humul\u00e8ne.<\/li>\n<li>Le syst\u00e8me 510 est enti\u00e8rement en c\u00e9ramique pour une conservation optimale des ar\u00f4mes et une production de vapeur en douceur.<\/li>\n<li>La g\u00e9n\u00e9tique Paris OG x The Menthol de premi\u00e8re qualit\u00e9 produit des effets euphoriques et relaxants \u00e9quilibr\u00e9s.<\/li>\n<\/ul>\n<h4>Profil aromatique et composition en terp\u00e8nes<\/h4>\n<p>Pav\u00e9 pr\u00e9sente un ar\u00f4me sophistiqu\u00e9 qui s&rsquo;ouvre sur des vagues douces de notes de gaz sucr\u00e9 et de dessert cr\u00e9meux, compl\u00e9t\u00e9es par des nuances subtiles de vanille et de p\u00e2te \u00e0 pain. Le profil riche, orient\u00e9 vers le kush, pr\u00e9sente de douces tonalit\u00e9s florales arrondies par une douce finale poivr\u00e9e. L&rsquo;ar\u00f4me se traduit magnifiquement dans la vape, offrant des notes cr\u00e9meuses et p\u00e2tissi\u00e8res \u00e9quilibr\u00e9es par des caract\u00e9ristiques diesel gazeuses et des accents d&rsquo;\u00e9pices \u00e0 base de plantes.  <\/p>\n<p>Le profil terp\u00e9nique totalise environ 4,8 % et est domin\u00e9 par le b\u00eata-caryophyll\u00e8ne pour ses bienfaits anti-inflammatoires potentiels, le limon\u00e8ne pour l&rsquo;\u00e9l\u00e9vation de l&rsquo;humeur et l&rsquo;humul\u00e8ne pour ses notes houblonn\u00e9es et terreuses distinctives. Les terp\u00e8nes de soutien, y compris le linalol et le pin\u00e8ne, ajoutent des caract\u00e9ristiques florales et de pin, cr\u00e9ant une exp\u00e9rience aromatique complexe pr\u00e9serv\u00e9e directement \u00e0 partir de la r\u00e9sine originale, sans aucun compos\u00e9 r\u00e9introduit. <\/p>\n<h4>Pourquoi choisir Vapes ?<\/h4>\n<p>Les cartouches de vaporisation offrent aux consommateurs de cannabis m\u00e9dical un contr\u00f4le pr\u00e9cis du dosage et une apparition rapide des effets, ce qui les rend id\u00e9ales pour g\u00e9rer les sympt\u00f4mes tout au long de la journ\u00e9e. La nature discr\u00e8te et la commodit\u00e9 de la vaporisation permettent une m\u00e9dication coh\u00e9rente sans combustion, tout en pr\u00e9servant le spectre complet des cannabino\u00efdes et des terp\u00e8nes b\u00e9n\u00e9fiques qui peuvent favoriser les r\u00e9sultats th\u00e9rapeutiques. <\/p>\n<h4>Exp\u00e9dition dans tout le Canada<\/h4>\n<p>Les cartouches de vape Pav\u00e9 sont exp\u00e9di\u00e9es rapidement \u00e0 travers le Canada gr\u00e2ce \u00e0 notre r\u00e9seau de livraison s\u00e9curis\u00e9. Nous offrons une livraison gratuite pour toutes les commandes de plus de 150 $, assurant ainsi un acc\u00e8s pratique \u00e0 vos produits de cannabis pr\u00e9f\u00e9r\u00e9s, peu importe o\u00f9 vous vous trouvez. <\/p>\n<h4>Avantages et couverture pour les anciens combattants<\/h4>\n<p>Pav\u00e9 est admissible \u00e0 la couverture d&rsquo;Anciens Combattants Canada (ACC) et nous offrons une facturation directe par l&rsquo;entremise de la Croix Bleue pour les patients admissibles, ce qui \u00e9limine les d\u00e9penses personnelles. Si vous n&rsquo;avez pas encore de carte de cannabis m\u00e9dical, vous pouvez en obtenir une rapidement et facilement gr\u00e2ce \u00e0 notre <a href=\"https:\/\/mendomedical.ca\/fr\/carte-medicale\/\">processus de demande de carte m\u00e9dicale gratuite<\/a> afin d&rsquo;acc\u00e9der \u00e0 ces pr\u00e9cieux avantages. <\/p>\n<h4>Ingr\u00e9dients<\/h4>\n<p>Rosin de Hash<\/p>\n<\/div>\n","protected":false},"featured_media":268800,"comment_status":"open","ping_status":"closed","template":"","meta":{"_acf_changed":false,"site-sidebar-layout":"default","site-content-layout":"","ast-site-content-layout":"default","site-content-style":"default","site-sidebar-style":"default","ast-global-header-display":"","ast-banner-title-visibility":"","ast-main-header-display":"","ast-hfb-above-header-display":"","ast-hfb-below-header-display":"","ast-hfb-mobile-header-display":"","site-post-title":"","ast-breadcrumbs-content":"","ast-featured-img":"","footer-sml-layout":"","ast-disable-related-posts":"","theme-transparent-header-meta":"default","adv-header-id-meta":"","stick-header-meta":"","header-above-stick-meta":"","header-main-stick-meta":"","header-below-stick-meta":"","astra-migrate-meta-layouts":"set","ast-page-background-enabled":"default","ast-page-background-meta":{"desktop":{"background-color":"var(--ast-global-color-4)","background-image":"","background-repeat":"repeat","background-position":"center center","background-size":"auto","background-attachment":"scroll","background-type":"","background-media":"","overlay-type":"","overlay-color":"","overlay-opacity":"","overlay-gradient":""},"tablet":{"background-color":"","background-image":"","background-repeat":"repeat","background-position":"center center","background-size":"auto","background-attachment":"scroll","background-type":"","background-media":"","overlay-type":"","overlay-color":"","overlay-opacity":"","overlay-gradient":""},"mobile":{"background-color":"","background-image":"","background-repeat":"repeat","background-position":"center center","background-size":"auto","background-attachment":"scroll","background-type":"","background-media":"","overlay-type":"","overlay-color":"","overlay-opacity":"","overlay-gradient":""}},"ast-content-background-meta":{"desktop":{"background-color":"var(--ast-global-color-5)","background-image":"","background-repeat":"repeat","background-position":"center center","background-size":"auto","background-attachment":"scroll","background-type":"","background-media":"","overlay-type":"","overlay-color":"","overlay-opacity":"","overlay-gradient":""},"tablet":{"background-color":"var(--ast-global-color-5)","background-image":"","background-repeat":"repeat","background-position":"center center","background-size":"auto","background-attachment":"scroll","background-type":"","background-media":"","overlay-type":"","overlay-color":"","overlay-opacity":"","overlay-gradient":""},"mobile":{"background-color":"var(--ast-global-color-5)","background-image":"","background-repeat":"repeat","background-position":"center center","background-size":"auto","background-attachment":"scroll","background-type":"","background-media":"","overlay-type":"","overlay-color":"","overlay-opacity":"","overlay-gradient":""}}},"product_brand":[],"product_cat":[1160,1164,1530,1159],"product_tag":[],"product_format_filter":[6369],"class_list":{"0":"post-268802","1":"product","2":"type-product","3":"status-publish","4":"has-post-thumbnail","6":"product_cat-cart-fil-510","7":"product_cat-cured-et-rosin-vivante-fr","8":"product_cat-spectre-complet1","9":"product_cat-vapoteuses","10":"pa_flavours-cremeux","11":"pa_flavours-pimenter","12":"pa_flavours-gazole-diesel","13":"pa_flavours-a-base-de-plantes","14":"pa_flavours-pastry-fr","15":"pa_intensity-thc-eleve","16":"pa_intensity-low-cbc-fr","17":"pa_intensity-low-cbg-fr","18":"pa_marques-cannonfire-fr","19":"pa_origin-quebec-fr","20":"pa_type-de-plante-hybride-fr","21":"product_format_filter-1g","22":"desktop-align-left","23":"tablet-align-left","24":"mobile-align-left","26":"first","27":"instock","28":"taxable","29":"shipping-taxable","30":"purchasable","31":"product-type-simple"},"group_of_quantity":0,"min_quantity":0,"max_quantity":"","exclude_order_quantity_value_rules":"no","exclude_category_quantity_rules":"no","combine_variations":"no","acf":[],"_links":{"self":[{"href":"https:\/\/mendomedical.ca\/fr\/wp-json\/wp\/v2\/product\/268802","targetHints":{"allow":["GET"]}}],"collection":[{"href":"https:\/\/mendomedical.ca\/fr\/wp-json\/wp\/v2\/product"}],"about":[{"href":"https:\/\/mendomedical.ca\/fr\/wp-json\/wp\/v2\/types\/product"}],"replies":[{"embeddable":true,"href":"https:\/\/mendomedical.ca\/fr\/wp-json\/wp\/v2\/comments?post=268802"}],"wp:featuredmedia":[{"embeddable":true,"href":"https:\/\/mendomedical.ca\/fr\/wp-json\/wp\/v2\/media\/268800"}],"wp:attachment":[{"href":"https:\/\/mendomedical.ca\/fr\/wp-json\/wp\/v2\/media?parent=268802"}],"wp:term":[{"taxonomy":"product_brand","embeddable":true,"href":"https:\/\/mendomedical.ca\/fr\/wp-json\/wp\/v2\/product_brand?post=268802"},{"taxonomy":"product_cat","embeddable":true,"href":"https:\/\/mendomedical.ca\/fr\/wp-json\/wp\/v2\/product_cat?post=268802"},{"taxonomy":"product_tag","embeddable":true,"href":"https:\/\/mendomedical.ca\/fr\/wp-json\/wp\/v2\/product_tag?post=268802"},{"taxonomy":"product_format_filter","embeddable":true,"href":"https:\/\/mendomedical.ca\/fr\/wp-json\/wp\/v2\/product_format_filter?post=268802"}],"curies":[{"name":"wp","href":"https:\/\/api.w.org\/{rel}","templated":true}]}}