{"id":268631,"date":"2025-09-30T22:15:28","date_gmt":"2025-10-01T02:15:28","guid":{"rendered":"https:\/\/mendomedical.ca\/product\/arc-en-ciel-acide-29\/"},"modified":"2026-04-06T23:54:50","modified_gmt":"2026-04-07T03:54:50","slug":"sour-rainbow-29","status":"publish","type":"product","link":"https:\/\/mendomedical.ca\/fr\/produit\/sour-rainbow-29\/","title":{"rendered":"Sour Rainbow #29"},"content":{"rendered":"","protected":false},"excerpt":{"rendered":"<div class=\"ExternalClass079BCDFEA0274FE8855736668EF91F7E\">\n<h3>Sour Rainbow #29 de Six One Charlie - Cultiv\u00e9 par : Charlie&rsquo;s Cannabis Co<\/h3>\n<div>\n<h3>Terp\u00e8nes totaux : 3,72%.<\/h3>\n<p><em><strong>\u26a0\ufe0f Avis aux patients : Malgr\u00e9 un r\u00e9sultat de 23,4 % de THC, ce cultivar est connu pour produire des effets puissants et lourds.<\/strong><\/em><\/p>\n<\/div>\n<p>D\u00e9couvrez l&rsquo;exceptionnelle Sour Rainbow #29, une fleur de 7g m\u00e9ticuleusement s\u00e9lectionn\u00e9e par Six One Charlie qui met en valeur l&rsquo;harmonie parfaite entre les Rainbow Belts d&rsquo;Archive Seeds et KG Sour Diesel bx2 de Karma Genetics cultiv\u00e9e par Charlie&rsquo;s Cannabis Co. Ce ph\u00e9notype #29 soigneusement s\u00e9lectionn\u00e9 offre un profil complexe de notes diesel gazeuses \u00e9quilibr\u00e9es par des nuances sucr\u00e9es, ce qui en fait un choix id\u00e9al pour les consommateurs de cannabis m\u00e9dical \u00e0 la recherche de bienfaits th\u00e9rapeutiques et d&rsquo;une qualit\u00e9 exceptionnelle.<\/p>\n<h4>Caract\u00e9ristiques principales<\/h4>\n<ul>\n<li>Souche hybride premium combinant les g\u00e9n\u00e9tiques Rainbow Belts et KG Sour Diesel bx2<\/li>\n<li>Profil d&rsquo;ar\u00f4me distinctif de gaz, de diesel et d&rsquo;acide avec des notes finales sucr\u00e9es.<\/li>\n<li>Profil terp\u00e9nique complet avec 3,72 % de terp\u00e8nes totaux pour un potentiel th\u00e9rapeutique accru.<\/li>\n<li>Les effets potentiels sont l&rsquo;euphorie, la relaxation, le calme et la s\u00e9dation apaisante.<\/li>\n<li>Ph\u00e9notype #29 soigneusement s\u00e9lectionn\u00e9 pour assurer une qualit\u00e9 et une puissance constantes<\/li>\n<\/ul>\n<h4>Saveur, ar\u00f4me et profil des terp\u00e8nes<\/h4>\n<p>Sour Rainbow #29 pr\u00e9sente une exp\u00e9rience sensorielle complexe avec des saveurs dominantes d&rsquo;essence et de diesel compl\u00e9t\u00e9es par des notes aigres et sucr\u00e9es. Le profil aromatique pr\u00e9sente de fortes caract\u00e9ristiques de diesel acide \u00e9quilibr\u00e9es par une fum\u00e9e remarquablement douce. Avec une teneur totale en terp\u00e8nes de 3,72 %, cette vari\u00e9t\u00e9 contient des niveaux notables d&rsquo;alpha-terpin\u00e9ol, de b\u00eata-pin\u00e8ne et de farn\u00e9sol, ainsi que d&rsquo;autres terp\u00e8nes b\u00e9n\u00e9fiques tels que l&rsquo;alpha-pin\u00e8ne, le citronellol et le g\u00e9raniol, qui contribuent \u00e0 son profil th\u00e9rapeutique distinctif.<\/p>\n<h4>Pourquoi choisir Flower ?<\/h4>\n<p>La fleur reste la forme la plus polyvalente et la plus traditionnelle de cannabis m\u00e9dical, offrant des effets imm\u00e9diats et un contr\u00f4le pr\u00e9cis du dosage. Les utilisateurs m\u00e9dicaux appr\u00e9cient la fleur pour ses bienfaits \u00e0 spectre complet et la possibilit\u00e9 d&rsquo;exp\u00e9rimenter le profil cannabino\u00efde et terp\u00e9nique complet de souches cultiv\u00e9es avec soin comme Sour Rainbow #29.<\/p>\n<h4>Exp\u00e9dition dans tout le Canada<\/h4>\n<p>Sour Rainbow #29 est exp\u00e9di\u00e9 rapidement \u00e0 travers le Canada avec une livraison rapide et discr\u00e8te \u00e0 votre porte. Profitez de notre livraison gratuite pour les commandes de plus de 150 $, ce qui rend pratique et abordable l&rsquo;acc\u00e8s \u00e0 vos besoins en cannabis m\u00e9dical dans tout le pays.<\/p>\n<h4>Avantages et couverture pour les anciens combattants<\/h4>\n<p>Sour Rainbow #29 est admissible \u00e0 la couverture d&rsquo;ACC (Anciens Combattants Canada) et \u00e0 la facturation directe par l&rsquo;entremise de la Croix Bleue, ce qui garantit aux anciens combattants admissibles qu&rsquo;ils n&rsquo;auront rien \u00e0 d\u00e9bourser. Si vous n&rsquo;avez pas encore de carte de cannabis m\u00e9dical, vous pouvez obtenir votre <a href=\"https:\/\/mendomedical.ca\/fr\/carte-medicale\/\">carte m\u00e9dicale gratuite rapidement et facilement<\/a> pour commencer \u00e0 acc\u00e9der \u00e0 ces pr\u00e9cieux avantages.<\/p>\n<\/div>\n","protected":false},"featured_media":270253,"comment_status":"open","ping_status":"closed","template":"","meta":{"_acf_changed":false,"site-sidebar-layout":"default","site-content-layout":"","ast-site-content-layout":"default","site-content-style":"default","site-sidebar-style":"default","ast-global-header-display":"","ast-banner-title-visibility":"","ast-main-header-display":"","ast-hfb-above-header-display":"","ast-hfb-below-header-display":"","ast-hfb-mobile-header-display":"","site-post-title":"","ast-breadcrumbs-content":"","ast-featured-img":"","footer-sml-layout":"","ast-disable-related-posts":"","theme-transparent-header-meta":"default","adv-header-id-meta":"","stick-header-meta":"","header-above-stick-meta":"","header-main-stick-meta":"","header-below-stick-meta":"","astra-migrate-meta-layouts":"set","ast-page-background-enabled":"default","ast-page-background-meta":{"desktop":{"background-color":"var(--ast-global-color-4)","background-image":"","background-repeat":"repeat","background-position":"center center","background-size":"auto","background-attachment":"scroll","background-type":"","background-media":"","overlay-type":"","overlay-color":"","overlay-opacity":"","overlay-gradient":""},"tablet":{"background-color":"","background-image":"","background-repeat":"repeat","background-position":"center center","background-size":"auto","background-attachment":"scroll","background-type":"","background-media":"","overlay-type":"","overlay-color":"","overlay-opacity":"","overlay-gradient":""},"mobile":{"background-color":"","background-image":"","background-repeat":"repeat","background-position":"center center","background-size":"auto","background-attachment":"scroll","background-type":"","background-media":"","overlay-type":"","overlay-color":"","overlay-opacity":"","overlay-gradient":""}},"ast-content-background-meta":{"desktop":{"background-color":"var(--ast-global-color-5)","background-image":"","background-repeat":"repeat","background-position":"center center","background-size":"auto","background-attachment":"scroll","background-type":"","background-media":"","overlay-type":"","overlay-color":"","overlay-opacity":"","overlay-gradient":""},"tablet":{"background-color":"var(--ast-global-color-5)","background-image":"","background-repeat":"repeat","background-position":"center center","background-size":"auto","background-attachment":"scroll","background-type":"","background-media":"","overlay-type":"","overlay-color":"","overlay-opacity":"","overlay-gradient":""},"mobile":{"background-color":"var(--ast-global-color-5)","background-image":"","background-repeat":"repeat","background-position":"center center","background-size":"auto","background-attachment":"scroll","background-type":"","background-media":"","overlay-type":"","overlay-color":"","overlay-opacity":"","overlay-gradient":""}}},"product_brand":[],"product_cat":[4801,1137],"product_tag":[],"product_format_filter":[6373],"class_list":{"0":"post-268631","1":"product","2":"type-product","3":"status-publish","4":"has-post-thumbnail","6":"product_cat-six-one-charlie-fr","7":"product_cat-fleur","8":"pa_flavours-aigre","9":"pa_flavours-gazole-diesel","10":"pa_flavours-doux","11":"pa_intensity-thc-moyen","12":"pa_marques-six-one-charlie-fr","13":"pa_origin-ontario-fr","14":"pa_packaging-date-01-18-2026","15":"pa_prix-par-gramme-8-57","16":"pa_type-de-plante-hybride-indica-fr","17":"product_format_filter-7g","18":"desktop-align-left","19":"tablet-align-left","20":"mobile-align-left","22":"first","23":"instock","24":"taxable","25":"shipping-taxable","26":"purchasable","27":"product-type-simple"},"group_of_quantity":0,"min_quantity":0,"max_quantity":"","exclude_order_quantity_value_rules":"no","exclude_category_quantity_rules":"no","combine_variations":"no","acf":[],"_links":{"self":[{"href":"https:\/\/mendomedical.ca\/fr\/wp-json\/wp\/v2\/product\/268631","targetHints":{"allow":["GET"]}}],"collection":[{"href":"https:\/\/mendomedical.ca\/fr\/wp-json\/wp\/v2\/product"}],"about":[{"href":"https:\/\/mendomedical.ca\/fr\/wp-json\/wp\/v2\/types\/product"}],"replies":[{"embeddable":true,"href":"https:\/\/mendomedical.ca\/fr\/wp-json\/wp\/v2\/comments?post=268631"}],"wp:featuredmedia":[{"embeddable":true,"href":"https:\/\/mendomedical.ca\/fr\/wp-json\/wp\/v2\/media\/270253"}],"wp:attachment":[{"href":"https:\/\/mendomedical.ca\/fr\/wp-json\/wp\/v2\/media?parent=268631"}],"wp:term":[{"taxonomy":"product_brand","embeddable":true,"href":"https:\/\/mendomedical.ca\/fr\/wp-json\/wp\/v2\/product_brand?post=268631"},{"taxonomy":"product_cat","embeddable":true,"href":"https:\/\/mendomedical.ca\/fr\/wp-json\/wp\/v2\/product_cat?post=268631"},{"taxonomy":"product_tag","embeddable":true,"href":"https:\/\/mendomedical.ca\/fr\/wp-json\/wp\/v2\/product_tag?post=268631"},{"taxonomy":"product_format_filter","embeddable":true,"href":"https:\/\/mendomedical.ca\/fr\/wp-json\/wp\/v2\/product_format_filter?post=268631"}],"curies":[{"name":"wp","href":"https:\/\/api.w.org\/{rel}","templated":true}]}}