{"id":268612,"date":"2025-09-18T19:30:26","date_gmt":"2025-09-18T23:30:26","guid":{"rendered":"https:\/\/mendomedical.ca\/?post_type=product&#038;p=268612"},"modified":"2026-03-12T08:49:14","modified_gmt":"2026-03-12T12:49:14","slug":"strawberry-gushers-liquid-diamond-all-in-one-vape","status":"publish","type":"product","link":"https:\/\/mendomedical.ca\/fr\/produit\/strawberry-gushers-liquid-diamond-all-in-one-vape\/","title":{"rendered":"Strawberry Gushers Liquid Diamond All-In-One Vape"},"content":{"rendered":"","protected":false},"excerpt":{"rendered":"<div class=\"ExternalClassD196FDC89EB54D1FB44A0838FBA59715\">\n<h3>Strawberry Gushers Liquid Diamond All-In-One Vape<\/h3>\n<p>Faites l&rsquo;exp\u00e9rience de la commodit\u00e9 du cannabis de premi\u00e8re qualit\u00e9 avec Papa&rsquo;s Herb&rsquo;s Strawberry Gushers (Strawnana x Gushers) Liquid Diamond All-In-One Vape. Ce dispositif jetable de 0,95 g fournit un extrait de diamant liquide ultra-puissant combin\u00e9 \u00e0 des terp\u00e8nes botaniques pour une exp\u00e9rience de vapotage douce et savoureuse. Pr\u00eate \u00e0 l&#8217;emploi d\u00e8s la sortie de l&#8217;emballage, cette vari\u00e9t\u00e9 indica offre des effets euphorisants avec des saveurs de baies d\u00e9lectables qui en font un excellent choix pour les patients de cannabis m\u00e9dical qui recherchent \u00e0 la fois puissance et commodit\u00e9.<\/p>\n<h4>Caract\u00e9ristiques principales et points forts du produit<\/h4>\n<ul>\n<li>Extrait liquide de diamant \u00e0 dominance THC ultra-puissant pour une efficacit\u00e9 maximale, contenant du caryophyll\u00e8ne, du limon\u00e8ne et du myrc\u00e8ne.<\/li>\n<li>Conception jetable tout-en-un ne n\u00e9cessitant aucun \u00e9quipement suppl\u00e9mentaire<\/li>\n<li>Format premium de 0,95 g pour une utilisation prolong\u00e9e<\/li>\n<li>Souche indica issue d&rsquo;un croisement entre Strawnana et Gushers, avec des effets euphorisants potentiels.<\/li>\n<li>Pr\u00eat \u00e0 l&#8217;emploi, id\u00e9al pour les m\u00e9dicaments \u00e0 emporter<\/li>\n<\/ul>\n<h4>Profil aromatique et gustatif<\/h4>\n<div id=\"qid_24\" class=\"jfAnswer jfSubmission-answer isTextarea \">\n<div class=\"sc-bdvvtL eoVZzK jfAnswer-container\">\n<div class=\"sc-hKwDye egcdXp jfAnswer-answer-wrapper\">\n<div class=\"sc-gSQFLo gFhxtW jfAnswer-answer\">\n<p>D\u00e9couvrez le m\u00e9lange parfait de douceur et de puissance avec la vape jetable Strawberry Gushers Liquid Diamond. Infus\u00e9e avec du Liquid Diamond et remplie de sauce terp de premi\u00e8re qualit\u00e9, cette vape indica d\u00e9livre un puissant hit de saveur fruit\u00e9e de fraise avec un soup\u00e7on de nuances gazeuses. La combinaison de la sauce terp\u00e9nique r\u00e9introduite et de la puissance de Liquid Diamond cr\u00e9e un effet euphorique qui se fond dans une relaxation profonde. Parfaite pour se d\u00e9tendre, cette vape jetable offre une exp\u00e9rience de cannabis vraiment luxueuse \u00e0 chaque bouff\u00e9e.<\/p>\n<div id=\"qid_31\" class=\"jfAnswer jfSubmission-answer isTextbox \">\n<div class=\"sc-bdvvtL eoVZzK jfAnswer-container\">\n<div class=\"sc-hKwDye egcdXp jfAnswer-answer-wrapper\">\n<div class=\"jfAnswer-answer\">Un m\u00e9lange de fraises, de fruits et un l\u00e9ger soup\u00e7on de pin.<\/div>\n<\/div>\n<\/div>\n<\/div>\n<\/div>\n<\/div>\n<\/div>\n<\/div>\n<div id=\"qid_31\" class=\"jfAnswer jfSubmission-answer isTextbox \">\n<div class=\"sc-bdvvtL eoVZzK jfAnswer-container\">\n<div class=\"sc-dkPtRN eMmcyG jfAnswer-question\"><\/div>\n<\/div>\n<\/div>\n<h4>Pourquoi choisir Vapes ?<\/h4>\n<p>Les vapes offrent aux patients qui consomment du cannabis m\u00e9dical un contr\u00f4le pr\u00e9cis du dosage et une apparition rapide des effets, ce qui les rend id\u00e9ales pour g\u00e9rer les sympt\u00f4mes qui n\u00e9cessitent un soulagement imm\u00e9diat. Le format discret et portable permet une m\u00e9dication pratique tout au long de la journ\u00e9e, sans pr\u00e9paration ni \u00e9quipement suppl\u00e9mentaire.<\/p>\n<h4>Exp\u00e9dition dans tout le Canada<\/h4>\n<p>Strawberry Gushers Liquid Diamond All-In-One Vape est exp\u00e9di\u00e9 rapidement \u00e0 travers le Canada avec une livraison rapide et fiable \u00e0 votre porte. Profitez de notre livraison gratuite pour toutes les commandes de plus de 150 $, ce qui vous assure de recevoir vos produits de cannabis m\u00e9dical de fa\u00e7on abordable et efficace.<\/p>\n<h4>Avantages et couverture pour les anciens combattants<\/h4>\n<p>Le produit Strawberry Gushers Liquid Diamond All-In-One Vape est admissible \u00e0 la couverture d&rsquo;ACC (Anciens Combattants Canada) avec facturation directe par l&rsquo;entremise de la Croix Bleue, ce qui signifie que les anciens combattants admissibles n&rsquo;ont pas \u00e0 d\u00e9bourser d&rsquo;argent. Vous n&rsquo;avez pas encore votre carte m\u00e9dicale ? <a href=\"https:\/\/mendomedical.ca\/fr\/carte-medicale\/\">Obtenez votre carte m\u00e9dicale gratuite rapidement et facilement<\/a> pour commencer \u00e0 acc\u00e9der \u00e0 vos avantages et \u00e0 la couverture du cannabis m\u00e9dical imm\u00e9diatement.<\/p>\n<\/div>\n","protected":false},"featured_media":268661,"comment_status":"open","ping_status":"closed","template":"","meta":{"_acf_changed":false,"site-sidebar-layout":"default","site-content-layout":"","ast-site-content-layout":"default","site-content-style":"default","site-sidebar-style":"default","ast-global-header-display":"","ast-banner-title-visibility":"","ast-main-header-display":"","ast-hfb-above-header-display":"","ast-hfb-below-header-display":"","ast-hfb-mobile-header-display":"","site-post-title":"","ast-breadcrumbs-content":"","ast-featured-img":"","footer-sml-layout":"","ast-disable-related-posts":"","theme-transparent-header-meta":"default","adv-header-id-meta":"","stick-header-meta":"","header-above-stick-meta":"","header-main-stick-meta":"","header-below-stick-meta":"","astra-migrate-meta-layouts":"set","ast-page-background-enabled":"default","ast-page-background-meta":{"desktop":{"background-color":"var(--ast-global-color-4)","background-image":"","background-repeat":"repeat","background-position":"center center","background-size":"auto","background-attachment":"scroll","background-type":"","background-media":"","overlay-type":"","overlay-color":"","overlay-opacity":"","overlay-gradient":""},"tablet":{"background-color":"","background-image":"","background-repeat":"repeat","background-position":"center center","background-size":"auto","background-attachment":"scroll","background-type":"","background-media":"","overlay-type":"","overlay-color":"","overlay-opacity":"","overlay-gradient":""},"mobile":{"background-color":"","background-image":"","background-repeat":"repeat","background-position":"center center","background-size":"auto","background-attachment":"scroll","background-type":"","background-media":"","overlay-type":"","overlay-color":"","overlay-opacity":"","overlay-gradient":""}},"ast-content-background-meta":{"desktop":{"background-color":"var(--ast-global-color-5)","background-image":"","background-repeat":"repeat","background-position":"center center","background-size":"auto","background-attachment":"scroll","background-type":"","background-media":"","overlay-type":"","overlay-color":"","overlay-opacity":"","overlay-gradient":""},"tablet":{"background-color":"var(--ast-global-color-5)","background-image":"","background-repeat":"repeat","background-position":"center center","background-size":"auto","background-attachment":"scroll","background-type":"","background-media":"","overlay-type":"","overlay-color":"","overlay-opacity":"","overlay-gradient":""},"mobile":{"background-color":"var(--ast-global-color-5)","background-image":"","background-repeat":"repeat","background-position":"center center","background-size":"auto","background-attachment":"scroll","background-type":"","background-media":"","overlay-type":"","overlay-color":"","overlay-opacity":"","overlay-gradient":""}}},"product_brand":[],"product_cat":[1159,1161],"product_tag":[],"product_format_filter":[6632],"class_list":{"0":"post-268612","1":"product","2":"type-product","3":"status-publish","4":"has-post-thumbnail","6":"product_cat-vapoteuses","7":"product_cat-tout-en-un","8":"pa_flavours-baies","9":"pa_flavours-fruite","10":"pa_flavours-doux","11":"pa_intensity-thc-eleve","12":"pa_marques-papas-herb","13":"pa_origin-ontario-fr","14":"pa_type-de-plante-indica-fr","15":"product_format_filter-0-95g","16":"desktop-align-left","17":"tablet-align-left","18":"mobile-align-left","20":"first","21":"outofstock","22":"taxable","23":"shipping-taxable","24":"purchasable","25":"product-type-simple"},"group_of_quantity":0,"min_quantity":0,"max_quantity":"","exclude_order_quantity_value_rules":"no","exclude_category_quantity_rules":"no","combine_variations":"no","acf":[],"_links":{"self":[{"href":"https:\/\/mendomedical.ca\/fr\/wp-json\/wp\/v2\/product\/268612","targetHints":{"allow":["GET"]}}],"collection":[{"href":"https:\/\/mendomedical.ca\/fr\/wp-json\/wp\/v2\/product"}],"about":[{"href":"https:\/\/mendomedical.ca\/fr\/wp-json\/wp\/v2\/types\/product"}],"replies":[{"embeddable":true,"href":"https:\/\/mendomedical.ca\/fr\/wp-json\/wp\/v2\/comments?post=268612"}],"wp:featuredmedia":[{"embeddable":true,"href":"https:\/\/mendomedical.ca\/fr\/wp-json\/wp\/v2\/media\/268661"}],"wp:attachment":[{"href":"https:\/\/mendomedical.ca\/fr\/wp-json\/wp\/v2\/media?parent=268612"}],"wp:term":[{"taxonomy":"product_brand","embeddable":true,"href":"https:\/\/mendomedical.ca\/fr\/wp-json\/wp\/v2\/product_brand?post=268612"},{"taxonomy":"product_cat","embeddable":true,"href":"https:\/\/mendomedical.ca\/fr\/wp-json\/wp\/v2\/product_cat?post=268612"},{"taxonomy":"product_tag","embeddable":true,"href":"https:\/\/mendomedical.ca\/fr\/wp-json\/wp\/v2\/product_tag?post=268612"},{"taxonomy":"product_format_filter","embeddable":true,"href":"https:\/\/mendomedical.ca\/fr\/wp-json\/wp\/v2\/product_format_filter?post=268612"}],"curies":[{"name":"wp","href":"https:\/\/api.w.org\/{rel}","templated":true}]}}