{"id":268568,"date":"2025-08-28T16:05:49","date_gmt":"2025-08-28T20:05:49","guid":{"rendered":"https:\/\/mendomedical.ca\/?post_type=product&#038;p=268568"},"modified":"2026-01-07T17:48:25","modified_gmt":"2026-01-07T22:48:25","slug":"papaya-bomb-honey-oil-cartridge-fr","status":"publish","type":"product","link":"https:\/\/mendomedical.ca\/fr\/produit\/papaya-bomb-honey-oil-cartridge-fr\/","title":{"rendered":"Papaya Bomb Honey Oil Cartridge"},"content":{"rendered":"","protected":false},"excerpt":{"rendered":"<div class=\"ExternalClass17F9D2278AC3402D93C7A0AC46AC9811\">\n<h3>Papaya Bomb Honey Oil Cartridge<br \/>\nTerp\u00e8nes totaux: 4.9%<\/h3>\n<p>D\u00e9couvrez le bonheur tropical de la cartouche d&rsquo;honey oil Papaya Bomb de Retro, une cartouche de vape premium de 1g qui offre une saveur exceptionnelle et des effets puissants. Cette cartouche d&rsquo;honey oil fabriqu\u00e9e par des experts combine l&rsquo;attrait exotique des notes de papaye et de mangue avec une exp\u00e9rience de cannabis \u00e0 spectre complet, ce qui en fait un choix id\u00e9al pour les utilisateurs m\u00e9dicaux qui recherchent \u00e0 la fois des avantages th\u00e9rapeutiques et un go\u00fbt remarquable.<\/p>\n<h4>Caract\u00e9ristiques principales<\/h4>\n<ul>\n<li>La technologie de la cartouche c\u00e9ramique int\u00e9grale de premi\u00e8re qualit\u00e9 garantit des r\u00e9sultats nets et fluides, sans go\u00fbt de br\u00fbl\u00e9.<\/li>\n<li>Teneur \u00e9lev\u00e9e en THC avec des terp\u00e8nes et des cannabino\u00efdes naturels conserv\u00e9s de mani\u00e8re experte<\/li>\n<li>Profil de saveur tropicale avec des notes de baies, d&rsquo;agrumes, de cr\u00e8me, de fruits et d&rsquo;herbes.<\/li>\n<li>Effets polyvalents allant de l&rsquo;euphorie et de l&rsquo;\u00e9l\u00e9vation \u00e0 la relaxation et \u00e0 la concentration.<\/li>\n<li>4,9 % de Terp\u00e8nes totaux pour une saveur accrue et un effet d&rsquo;entourage.<\/li>\n<\/ul>\n<h4>Saveur, ar\u00f4me et profil des terp\u00e8nes<\/h4>\n<p>Papaya Bomb offre une exp\u00e9rience sensorielle complexe avec son ar\u00f4me tropical, sucr\u00e9 et piquant, avec de fortes notes de papaye et de mangue superpos\u00e9es sur une colonne vert\u00e9brale funky, skunky et gazeuse. Le profil de saveur englobe des caract\u00e9ristiques de baies, d&rsquo;agrumes, de cr\u00e8me, de fruits et d&rsquo;herbes qui cr\u00e9ent une exp\u00e9rience de vapotage bien \u00e9quilibr\u00e9e.<\/p>\n<p>Haute en THC et faible en CBD, cette vari\u00e9t\u00e9 pr\u00e9sente un trio terp\u00e9nique distinctif de myrc\u00e8ne, de caryophyll\u00e8ne et de limon\u00e8ne, qui cr\u00e9e son profil tropical-sucr\u00e9, terreux et gazeux caract\u00e9ristique. Avec 4,9 % de terp\u00e8nes totaux, les utilisateurs peuvent s&rsquo;attendre \u00e0 une meilleure diffusion de la saveur et \u00e0 des avantages th\u00e9rapeutiques potentiels gr\u00e2ce \u00e0 l&rsquo;effet d&rsquo;entourage.<\/p>\n<h4>Pourquoi choisir Vapes ?<\/h4>\n<p>Les cartouches de vaporisation offrent aux consommateurs de cannabis m\u00e9dical un contr\u00f4le pr\u00e9cis du dosage, une consommation discr\u00e8te et une apparition rapide des effets. Le processus de vaporisation propre pr\u00e9serve les profils naturels des terp\u00e8nes et des cannabino\u00efdes tout en offrant une alternative sans fum\u00e9e qui peut \u00eatre plus douce pour le syst\u00e8me respiratoire.<\/p>\n<h4>Exp\u00e9dition dans tout le Canada<\/h4>\n<p>Papaya Bomb Honey Oil Cartridge est exp\u00e9di\u00e9 rapidement \u00e0 travers le Canada gr\u00e2ce \u00e0 notre r\u00e9seau de distribution efficace. Profitez de notre offre de livraison gratuite pour les commandes de plus de 150 $, assurant une livraison pratique et rentable de vos produits de cannabis m\u00e9dical directement \u00e0 votre porte.<\/p>\n<h4>Avantages et couverture pour les anciens combattants<\/h4>\n<p>Ce produit est admissible \u00e0 la couverture d&rsquo;Anciens Combattants Canada (ACC) et \u00e0 la facturation directe par l&rsquo;entremise de la Croix Bleue, ce qui signifie que les anciens combattants admissibles peuvent avoir acc\u00e8s \u00e0 la cartouche d&rsquo;huile de miel Papaya Bomb sans avoir \u00e0 d\u00e9bourser quoi que ce soit. Si vous n&rsquo;avez pas encore votre carte de cannabis m\u00e9dical, vous pouvez l&rsquo;obtenir rapidement et facilement gr\u00e2ce \u00e0 notre <a href=\"https:\/\/mendomedical.ca\/fr\/carte-medicale\/\">service gratuit de carte m\u00e9dicale<\/a>.<\/p>\n<h4>Ingr\u00e9dients<\/h4>\n<p>Extrait de cannabis<\/p>\n<\/div>\n","protected":false},"featured_media":268526,"comment_status":"open","ping_status":"closed","template":"","meta":{"_acf_changed":false,"site-sidebar-layout":"default","site-content-layout":"","ast-site-content-layout":"default","site-content-style":"default","site-sidebar-style":"default","ast-global-header-display":"","ast-banner-title-visibility":"","ast-main-header-display":"","ast-hfb-above-header-display":"","ast-hfb-below-header-display":"","ast-hfb-mobile-header-display":"","site-post-title":"","ast-breadcrumbs-content":"","ast-featured-img":"","footer-sml-layout":"","ast-disable-related-posts":"","theme-transparent-header-meta":"default","adv-header-id-meta":"","stick-header-meta":"","header-above-stick-meta":"","header-main-stick-meta":"","header-below-stick-meta":"","astra-migrate-meta-layouts":"set","ast-page-background-enabled":"default","ast-page-background-meta":{"desktop":{"background-color":"var(--ast-global-color-4)","background-image":"","background-repeat":"repeat","background-position":"center center","background-size":"auto","background-attachment":"scroll","background-type":"","background-media":"","overlay-type":"","overlay-color":"","overlay-opacity":"","overlay-gradient":""},"tablet":{"background-color":"","background-image":"","background-repeat":"repeat","background-position":"center center","background-size":"auto","background-attachment":"scroll","background-type":"","background-media":"","overlay-type":"","overlay-color":"","overlay-opacity":"","overlay-gradient":""},"mobile":{"background-color":"","background-image":"","background-repeat":"repeat","background-position":"center center","background-size":"auto","background-attachment":"scroll","background-type":"","background-media":"","overlay-type":"","overlay-color":"","overlay-opacity":"","overlay-gradient":""}},"ast-content-background-meta":{"desktop":{"background-color":"var(--ast-global-color-5)","background-image":"","background-repeat":"repeat","background-position":"center center","background-size":"auto","background-attachment":"scroll","background-type":"","background-media":"","overlay-type":"","overlay-color":"","overlay-opacity":"","overlay-gradient":""},"tablet":{"background-color":"var(--ast-global-color-5)","background-image":"","background-repeat":"repeat","background-position":"center center","background-size":"auto","background-attachment":"scroll","background-type":"","background-media":"","overlay-type":"","overlay-color":"","overlay-opacity":"","overlay-gradient":""},"mobile":{"background-color":"var(--ast-global-color-5)","background-image":"","background-repeat":"repeat","background-position":"center center","background-size":"auto","background-attachment":"scroll","background-type":"","background-media":"","overlay-type":"","overlay-color":"","overlay-opacity":"","overlay-gradient":""}}},"product_brand":[],"product_cat":[1160,1530,1159],"product_tag":[],"product_format_filter":[6369],"class_list":{"0":"post-268568","1":"product","2":"type-product","3":"status-publish","4":"has-post-thumbnail","6":"product_cat-cart-fil-510","7":"product_cat-spectre-complet1","8":"product_cat-vapoteuses","9":"pa_flavours-agrume","10":"pa_flavours-baies","11":"pa_flavours-cremeux","12":"pa_flavours-fruite","13":"pa_flavours-a-base-de-plantes","14":"pa_intensity-thc-eleve","15":"pa_intensity-low-cbc-fr","16":"pa_intensity-low-cbg-fr","17":"pa_intensity-low-cbn-fr","18":"pa_marques-retro-fr","19":"pa_origin-ile-du-prince-edouard","20":"pa_type-de-plante-hybride-indica-fr","21":"product_format_filter-1g","22":"desktop-align-left","23":"tablet-align-left","24":"mobile-align-left","26":"first","27":"instock","28":"taxable","29":"shipping-taxable","30":"purchasable","31":"product-type-simple"},"group_of_quantity":0,"min_quantity":0,"max_quantity":"","exclude_order_quantity_value_rules":"no","exclude_category_quantity_rules":"no","combine_variations":"no","acf":[],"_links":{"self":[{"href":"https:\/\/mendomedical.ca\/fr\/wp-json\/wp\/v2\/product\/268568","targetHints":{"allow":["GET"]}}],"collection":[{"href":"https:\/\/mendomedical.ca\/fr\/wp-json\/wp\/v2\/product"}],"about":[{"href":"https:\/\/mendomedical.ca\/fr\/wp-json\/wp\/v2\/types\/product"}],"replies":[{"embeddable":true,"href":"https:\/\/mendomedical.ca\/fr\/wp-json\/wp\/v2\/comments?post=268568"}],"wp:featuredmedia":[{"embeddable":true,"href":"https:\/\/mendomedical.ca\/fr\/wp-json\/wp\/v2\/media\/268526"}],"wp:attachment":[{"href":"https:\/\/mendomedical.ca\/fr\/wp-json\/wp\/v2\/media?parent=268568"}],"wp:term":[{"taxonomy":"product_brand","embeddable":true,"href":"https:\/\/mendomedical.ca\/fr\/wp-json\/wp\/v2\/product_brand?post=268568"},{"taxonomy":"product_cat","embeddable":true,"href":"https:\/\/mendomedical.ca\/fr\/wp-json\/wp\/v2\/product_cat?post=268568"},{"taxonomy":"product_tag","embeddable":true,"href":"https:\/\/mendomedical.ca\/fr\/wp-json\/wp\/v2\/product_tag?post=268568"},{"taxonomy":"product_format_filter","embeddable":true,"href":"https:\/\/mendomedical.ca\/fr\/wp-json\/wp\/v2\/product_format_filter?post=268568"}],"curies":[{"name":"wp","href":"https:\/\/api.w.org\/{rel}","templated":true}]}}