{"id":268552,"date":"2025-08-28T16:00:24","date_gmt":"2025-08-28T20:00:24","guid":{"rendered":"https:\/\/mendomedical.ca\/product\/cartouche-dhuile-de-miel-pink-kush\/"},"modified":"2026-04-06T09:37:47","modified_gmt":"2026-04-06T13:37:47","slug":"pink-kush-honey-oil-cartridge","status":"publish","type":"product","link":"https:\/\/mendomedical.ca\/fr\/produit\/pink-kush-honey-oil-cartridge\/","title":{"rendered":"Pink Kush Honey Oil Cartridge"},"content":{"rendered":"","protected":false},"excerpt":{"rendered":"<div class=\"ExternalClass6BB831028D13448CBB14E184F442062E\">\n<h3>Cartouche d&rsquo;huile Pink Kush Honey par Retro<\/h3>\n<h3>Terp\u00e8nes totaux : 4.4%<\/h3>\n<p>D\u00e9couvrez la qualit\u00e9 sup\u00e9rieure et les effets relaxants de la cartouche d&rsquo;Honey Oil Pink Kush de Retro, avec 1 g d&rsquo;extrait de cannabis \u00e0 spectre complet dans une cartouche avanc\u00e9e enti\u00e8rement en c\u00e9ramique. Cette souche \u00e0 dominance indica offre un ar\u00f4me sucr\u00e9 et terreux distinctif avec des nuances de vanille et de diesel, offrant aux utilisateurs de cannabis m\u00e9dical une solution de vapotage pratique avec des tirages doux et savoureux et des performances constantes.<\/p>\n<h4>Caract\u00e9ristiques principales et points forts du produit<\/h4>\n<ul>\n<li>La technologie de la cartouche en c\u00e9ramique permet d&rsquo;obtenir des r\u00e9sultats plus nets et d&rsquo;\u00e9liminer le go\u00fbt m\u00e9tallique.<\/li>\n<li>1g d&rsquo;honey oil \u00e0 spectre complet Pink Kush avec 4,4% de Terp\u00e8nes totaux<\/li>\n<li>Une teneur \u00e9lev\u00e9e en THC et une quantit\u00e9 minimale de CBD pour des effets th\u00e9rapeutiques puissants<\/li>\n<li>Le syst\u00e8me de distribution uniforme de la chaleur assure une production de vapeur r\u00e9guli\u00e8re et sans \u00e0-coups.<\/li>\n<li>Profil de saveur essence\/diesel, herbes et \u00e9pices avec des effets euphoriques et s\u00e9datifs.<\/li>\n<\/ul>\n<h4>Saveurs, ar\u00f4mes et profil cannabique<\/h4>\n<p>La cartouche d&rsquo;honey oil Pink Kush pr\u00e9sente un profil de saveur complexe avec des notes de gazole\/diesel, d&rsquo;herbes et d&rsquo;\u00e9pices. Le profil aromatique offre un bouquet sucr\u00e9, terreux et floral avec de fortes notes de vanille, de bonbons et d&rsquo;essence\/diesel. Cette vari\u00e9t\u00e9 contient un taux \u00e9lev\u00e9 de THC et un minimum de CBD, compl\u00e9t\u00e9 par des terp\u00e8nes terreux, sucr\u00e9s et floraux domin\u00e9s par le caryophyll\u00e8ne, le myrc\u00e8ne et le limon\u00e8ne. Les utilisateurs peuvent ressentir des effets euphoriques, relaxants, calmes, s\u00e9datifs et engourdissants, ce qui la rend adapt\u00e9e \u00e0 l&rsquo;usage en soir\u00e9e et \u00e0 la relaxation.<\/p>\n<h4>Pourquoi choisir Vapes ?<\/h4>\n<p>Les cartouches de vaporisation offrent aux consommateurs de cannabis m\u00e9dical un contr\u00f4le pr\u00e9cis du dosage et un soulagement rapide sans combustion. La technologie des cartouches en c\u00e9ramique permet un contr\u00f4le constant de la temp\u00e9rature et pr\u00e9serve les profils terp\u00e9niques, tandis que le design portable permet une utilisation discr\u00e8te et pratique tout au long de la journ\u00e9e.<\/p>\n<h4>Exp\u00e9dition dans tout le Canada<\/h4>\n<p>Pink Kush Honey Oil Cartridge est exp\u00e9di\u00e9 rapidement \u00e0 travers le Canada gr\u00e2ce \u00e0 notre r\u00e9seau de livraison fiable. Profitez de la livraison gratuite pour les commandes de plus de 150 $, ce qui rend facile et abordable l&rsquo;acc\u00e8s \u00e0 vos produits de cannabis m\u00e9dical dans tout le pays avec une livraison rapide et s\u00e9curis\u00e9e \u00e0 votre porte.<\/p>\n<h4>Avantages et couverture pour les anciens combattants<\/h4>\n<p>Pink Kush Honey Oil Cartridge est admissible \u00e0 la couverture d&rsquo;ACC (Anciens Combattants Canada) et \u00e0 la facturation directe par l&rsquo;entremise de la Croix Bleue, ce qui garantit l&rsquo;absence de frais pour les anciens combattants admissibles. Si vous n&rsquo;avez pas encore de carte m\u00e9dicale, vous pouvez <a href=\"https:\/\/mendomedical.ca\/fr\/carte-medicale\/\">obtenir votre carte m\u00e9dicale gratuite rapidement et facilement<\/a> pour acc\u00e9der \u00e0 ces avantages et commencer votre voyage vers le cannabis m\u00e9dical.<\/p>\n<h4>Ingr\u00e9dients<\/h4>\n<p>Extrait de cannabis<\/p>\n<\/div>\n","protected":false},"featured_media":268524,"comment_status":"open","ping_status":"closed","template":"","meta":{"_acf_changed":false,"site-sidebar-layout":"default","site-content-layout":"","ast-site-content-layout":"default","site-content-style":"default","site-sidebar-style":"default","ast-global-header-display":"","ast-banner-title-visibility":"","ast-main-header-display":"","ast-hfb-above-header-display":"","ast-hfb-below-header-display":"","ast-hfb-mobile-header-display":"","site-post-title":"","ast-breadcrumbs-content":"","ast-featured-img":"","footer-sml-layout":"","ast-disable-related-posts":"","theme-transparent-header-meta":"default","adv-header-id-meta":"","stick-header-meta":"","header-above-stick-meta":"","header-main-stick-meta":"","header-below-stick-meta":"","astra-migrate-meta-layouts":"set","ast-page-background-enabled":"default","ast-page-background-meta":{"desktop":{"background-color":"var(--ast-global-color-4)","background-image":"","background-repeat":"repeat","background-position":"center center","background-size":"auto","background-attachment":"scroll","background-type":"","background-media":"","overlay-type":"","overlay-color":"","overlay-opacity":"","overlay-gradient":""},"tablet":{"background-color":"","background-image":"","background-repeat":"repeat","background-position":"center center","background-size":"auto","background-attachment":"scroll","background-type":"","background-media":"","overlay-type":"","overlay-color":"","overlay-opacity":"","overlay-gradient":""},"mobile":{"background-color":"","background-image":"","background-repeat":"repeat","background-position":"center center","background-size":"auto","background-attachment":"scroll","background-type":"","background-media":"","overlay-type":"","overlay-color":"","overlay-opacity":"","overlay-gradient":""}},"ast-content-background-meta":{"desktop":{"background-color":"var(--ast-global-color-5)","background-image":"","background-repeat":"repeat","background-position":"center center","background-size":"auto","background-attachment":"scroll","background-type":"","background-media":"","overlay-type":"","overlay-color":"","overlay-opacity":"","overlay-gradient":""},"tablet":{"background-color":"var(--ast-global-color-5)","background-image":"","background-repeat":"repeat","background-position":"center center","background-size":"auto","background-attachment":"scroll","background-type":"","background-media":"","overlay-type":"","overlay-color":"","overlay-opacity":"","overlay-gradient":""},"mobile":{"background-color":"var(--ast-global-color-5)","background-image":"","background-repeat":"repeat","background-position":"center center","background-size":"auto","background-attachment":"scroll","background-type":"","background-media":"","overlay-type":"","overlay-color":"","overlay-opacity":"","overlay-gradient":""}}},"product_brand":[],"product_cat":[1160,1530,1159],"product_tag":[],"product_format_filter":[6369],"class_list":{"0":"post-268552","1":"product","2":"type-product","3":"status-publish","4":"has-post-thumbnail","6":"product_cat-cart-fil-510","7":"product_cat-spectre-complet1","8":"product_cat-vapoteuses","9":"pa_flavours-pimenter","10":"pa_flavours-gazole-diesel","11":"pa_flavours-a-base-de-plantes","12":"pa_intensity-thc-eleve","13":"pa_marques-retro-fr","14":"pa_origin-ile-du-prince-edouard","15":"pa_type-de-plante-indica-fr","16":"product_format_filter-1g","17":"desktop-align-left","18":"tablet-align-left","19":"mobile-align-left","21":"first","22":"instock","23":"taxable","24":"shipping-taxable","25":"purchasable","26":"product-type-simple"},"group_of_quantity":0,"min_quantity":0,"max_quantity":"","exclude_order_quantity_value_rules":"no","exclude_category_quantity_rules":"no","combine_variations":"no","acf":[],"_links":{"self":[{"href":"https:\/\/mendomedical.ca\/fr\/wp-json\/wp\/v2\/product\/268552","targetHints":{"allow":["GET"]}}],"collection":[{"href":"https:\/\/mendomedical.ca\/fr\/wp-json\/wp\/v2\/product"}],"about":[{"href":"https:\/\/mendomedical.ca\/fr\/wp-json\/wp\/v2\/types\/product"}],"replies":[{"embeddable":true,"href":"https:\/\/mendomedical.ca\/fr\/wp-json\/wp\/v2\/comments?post=268552"}],"wp:featuredmedia":[{"embeddable":true,"href":"https:\/\/mendomedical.ca\/fr\/wp-json\/wp\/v2\/media\/268524"}],"wp:attachment":[{"href":"https:\/\/mendomedical.ca\/fr\/wp-json\/wp\/v2\/media?parent=268552"}],"wp:term":[{"taxonomy":"product_brand","embeddable":true,"href":"https:\/\/mendomedical.ca\/fr\/wp-json\/wp\/v2\/product_brand?post=268552"},{"taxonomy":"product_cat","embeddable":true,"href":"https:\/\/mendomedical.ca\/fr\/wp-json\/wp\/v2\/product_cat?post=268552"},{"taxonomy":"product_tag","embeddable":true,"href":"https:\/\/mendomedical.ca\/fr\/wp-json\/wp\/v2\/product_tag?post=268552"},{"taxonomy":"product_format_filter","embeddable":true,"href":"https:\/\/mendomedical.ca\/fr\/wp-json\/wp\/v2\/product_format_filter?post=268552"}],"curies":[{"name":"wp","href":"https:\/\/api.w.org\/{rel}","templated":true}]}}