{"id":268143,"date":"2024-08-01T03:45:25","date_gmt":"2024-08-01T07:45:25","guid":{"rendered":"https:\/\/mendomedical.ca\/?post_type=product&#038;p=268143"},"modified":"2025-12-12T10:27:18","modified_gmt":"2025-12-12T15:27:18","slug":"distributeur-dhuile-de-haschisch-black-cherry-punch","status":"publish","type":"product","link":"https:\/\/mendomedical.ca\/fr\/produit\/distributeur-dhuile-de-haschisch-black-cherry-punch\/","title":{"rendered":"Distributeur d&rsquo;huile de haschisch Black Cherry Punch"},"content":{"rendered":"","protected":false},"excerpt":{"rendered":"<div class=\"ExternalClassA0D2B0BE174740269CFB2DC7667FD94C\">\n<h3>Distributeur d&rsquo;huile de haschisch Black Cherry Punch<\/h3>\n<p>D\u00e9couvrez la qualit\u00e9 sup\u00e9rieure du distributeur d&rsquo;huile de haschisch Black Cherry Punch de Canolio, un concentr\u00e9 m\u00e9ticuleusement \u00e9labor\u00e9 qui offre une puissance et une saveur exceptionnelles. Cette huile de haschisch sp\u00e9cifique \u00e0 une souche combine les g\u00e9n\u00e9tiques de Purple Punch et de Black Cherry Pie, ce qui donne un produit sophistiqu\u00e9 qui offre 20,25 mg de THC par clic avec 40 clics par distributeur de 1 ml. Avec 4,55% de terp\u00e8nes totaux, ce concentr\u00e9 offre une exp\u00e9rience de cannabis riche et \u00e0 spectre complet, parfaite pour un dosage pr\u00e9cis.<\/p>\n<h4>Caract\u00e9ristiques principales<\/h4>\n<ul>\n<li>Extraction sans solvant de qualit\u00e9 sup\u00e9rieure \u00e0 l&rsquo;aide de trichomes lyophilis\u00e9s press\u00e9s dans de la rosine<\/li>\n<li>98% d\u00e9carboxyl\u00e9 pour une biodisponibilit\u00e9 optimale et une consistance semblable \u00e0 celle d&rsquo;un sirop<\/li>\n<li>Dosage pr\u00e9cis avec 20,25 mg de THC par clic (40 clics par 1 ml)<\/li>\n<li>Formulation sp\u00e9cifique \u00e0 la souche combinant les g\u00e9n\u00e9tiques Purple Punch x Black Cherry Pie<\/li>\n<li>Fabriqu\u00e9 en collaboration avec Canolio Gourmet pour des normes de qualit\u00e9 exceptionnelles<\/li>\n<\/ul>\n<h4>Profil aromatique et terp\u00e8nes<\/h4>\n<p>Avec une impressionnante teneur en terp\u00e8nes totaux de 4,55 %, Black Cherry Punch offre un profil aromatique complexe qui fait honneur \u00e0 sa prestigieuse lign\u00e9e. La combinaison des g\u00e9n\u00e9tiques Purple Punch et Black Cherry Pie cr\u00e9e une exp\u00e9rience sensorielle unique que les consommateurs de cannabis de longue date appr\u00e9cieront, tout en offrant aux utilisateurs modernes une option de concentr\u00e9 sophistiqu\u00e9e.<\/p>\n<h4>Pourquoi choisir les distributeurs d&rsquo;huile<\/h4>\n<p>Les distributeurs d&rsquo;huile offrent aux consommateurs de cannabis m\u00e9dical un dosage pr\u00e9cis et coh\u00e9rent \u00e0 chaque clic, ce qui facilite la gestion des routines th\u00e9rapeutiques. Le syst\u00e8me de distribution pr\u00e9-dos\u00e9 \u00e9limine les conjectures et fournit une m\u00e9thode de consommation discr\u00e8te et pratique qui peut aider \u00e0 r\u00e9pondre \u00e0 divers besoins de bien-\u00eatre.<\/p>\n<h4>Exp\u00e9dition dans tout le Canada<\/h4>\n<p>Le distributeur d&rsquo;huile de haschisch Black Cherry Punch est exp\u00e9di\u00e9 rapidement au Canada, et la livraison est gratuite pour les commandes de plus de 150 $. Nous veillons \u00e0 ce que vos produits arrivent \u00e0 votre porte en toute s\u00e9curit\u00e9 et en toute discr\u00e9tion, en respectant les normes les plus strictes en mati\u00e8re d&#8217;emballage et de livraison.<\/p>\n<h4>Avantages et couverture pour les anciens combattants<\/h4>\n<p>Le distributeur d&rsquo;huile de haschisch Black Cherry Punch est admissible \u00e0 la couverture d&rsquo;ACC (Anciens Combattants Canada) avec facturation directe par l&rsquo;entremise de la Croix Bleue, ce qui signifie que les anciens combattants admissibles n&rsquo;ont pas \u00e0 d\u00e9bourser d&rsquo;argent. Si vous n&rsquo;avez pas encore de carte m\u00e9dicale, vous pouvez <a href=\"https:\/\/mendomedical.ca\/fr\/carte-medicale\/\">obtenir votre carte m\u00e9dicale gratuite rapidement et facilement<\/a> pour acc\u00e9der \u00e0 ces avantages.<\/p>\n<\/div>\n","protected":false},"featured_media":264020,"comment_status":"closed","ping_status":"closed","template":"","meta":{"_acf_changed":false,"site-sidebar-layout":"default","site-content-layout":"","ast-site-content-layout":"default","site-content-style":"default","site-sidebar-style":"default","ast-global-header-display":"","ast-banner-title-visibility":"","ast-main-header-display":"","ast-hfb-above-header-display":"","ast-hfb-below-header-display":"","ast-hfb-mobile-header-display":"","site-post-title":"","ast-breadcrumbs-content":"","ast-featured-img":"","footer-sml-layout":"","ast-disable-related-posts":"","theme-transparent-header-meta":"default","adv-header-id-meta":"","stick-header-meta":"","header-above-stick-meta":"","header-main-stick-meta":"","header-below-stick-meta":"","astra-migrate-meta-layouts":"set","ast-page-background-enabled":"default","ast-page-background-meta":{"desktop":{"background-color":"var(--ast-global-color-4)","background-image":"","background-repeat":"repeat","background-position":"center center","background-size":"auto","background-attachment":"scroll","background-type":"","background-media":"","overlay-type":"","overlay-color":"","overlay-opacity":"","overlay-gradient":""},"tablet":{"background-color":"","background-image":"","background-repeat":"repeat","background-position":"center center","background-size":"auto","background-attachment":"scroll","background-type":"","background-media":"","overlay-type":"","overlay-color":"","overlay-opacity":"","overlay-gradient":""},"mobile":{"background-color":"","background-image":"","background-repeat":"repeat","background-position":"center center","background-size":"auto","background-attachment":"scroll","background-type":"","background-media":"","overlay-type":"","overlay-color":"","overlay-opacity":"","overlay-gradient":""}},"ast-content-background-meta":{"desktop":{"background-color":"var(--ast-global-color-5)","background-image":"","background-repeat":"repeat","background-position":"center center","background-size":"auto","background-attachment":"scroll","background-type":"","background-media":"","overlay-type":"","overlay-color":"","overlay-opacity":"","overlay-gradient":""},"tablet":{"background-color":"var(--ast-global-color-5)","background-image":"","background-repeat":"repeat","background-position":"center center","background-size":"auto","background-attachment":"scroll","background-type":"","background-media":"","overlay-type":"","overlay-color":"","overlay-opacity":"","overlay-gradient":""},"mobile":{"background-color":"var(--ast-global-color-5)","background-image":"","background-repeat":"repeat","background-position":"center center","background-size":"auto","background-attachment":"scroll","background-type":"","background-media":"","overlay-type":"","overlay-color":"","overlay-opacity":"","overlay-gradient":""}}},"product_brand":[],"product_cat":[1126,1118,1119],"product_tag":[2633],"product_format_filter":[6369],"class_list":{"0":"post-268143","1":"product","2":"type-product","3":"status-publish","4":"has-post-thumbnail","6":"product_cat-distributeurs-dhuile","7":"product_cat-concentres","8":"product_cat-tout-sans-solvant","9":"product_tag-canolio-fr","10":"pa_intensity-thc-eleve","11":"pa_marques-canolio-fr","12":"pa_origin-quebec-fr","13":"pa_type-de-plante-hybride-indica-fr","14":"product_format_filter-1g","15":"desktop-align-left","16":"tablet-align-left","17":"mobile-align-left","19":"first","20":"outofstock","21":"taxable","22":"shipping-taxable","23":"purchasable","24":"product-type-simple"},"group_of_quantity":0,"min_quantity":0,"max_quantity":"","exclude_order_quantity_value_rules":"no","exclude_category_quantity_rules":"no","combine_variations":"no","acf":[],"_links":{"self":[{"href":"https:\/\/mendomedical.ca\/fr\/wp-json\/wp\/v2\/product\/268143","targetHints":{"allow":["GET"]}}],"collection":[{"href":"https:\/\/mendomedical.ca\/fr\/wp-json\/wp\/v2\/product"}],"about":[{"href":"https:\/\/mendomedical.ca\/fr\/wp-json\/wp\/v2\/types\/product"}],"replies":[{"embeddable":true,"href":"https:\/\/mendomedical.ca\/fr\/wp-json\/wp\/v2\/comments?post=268143"}],"wp:featuredmedia":[{"embeddable":true,"href":"https:\/\/mendomedical.ca\/fr\/wp-json\/wp\/v2\/media\/264020"}],"wp:attachment":[{"href":"https:\/\/mendomedical.ca\/fr\/wp-json\/wp\/v2\/media?parent=268143"}],"wp:term":[{"taxonomy":"product_brand","embeddable":true,"href":"https:\/\/mendomedical.ca\/fr\/wp-json\/wp\/v2\/product_brand?post=268143"},{"taxonomy":"product_cat","embeddable":true,"href":"https:\/\/mendomedical.ca\/fr\/wp-json\/wp\/v2\/product_cat?post=268143"},{"taxonomy":"product_tag","embeddable":true,"href":"https:\/\/mendomedical.ca\/fr\/wp-json\/wp\/v2\/product_tag?post=268143"},{"taxonomy":"product_format_filter","embeddable":true,"href":"https:\/\/mendomedical.ca\/fr\/wp-json\/wp\/v2\/product_format_filter?post=268143"}],"curies":[{"name":"wp","href":"https:\/\/api.w.org\/{rel}","templated":true}]}}