{"id":268141,"date":"2025-05-24T13:20:58","date_gmt":"2025-05-24T17:20:58","guid":{"rendered":"https:\/\/mendomedical.ca\/?post_type=product&#038;p=268141"},"modified":"2026-04-10T13:07:39","modified_gmt":"2026-04-10T17:07:39","slug":"tropicana-cookies-hash-fr","status":"publish","type":"product","link":"https:\/\/mendomedical.ca\/fr\/produit\/tropicana-cookies-hash-fr\/","title":{"rendered":"Biscuits Tropicana Hash"},"content":{"rendered":"","protected":false},"excerpt":{"rendered":"<div class=\"ExternalClass2607B8D722DC49F9A2161C118AD994AD\">\n<h3>Tropicana Cookies Hash par Curado<\/h3>\n<p>Faites l&rsquo;exp\u00e9rience du summum de l&rsquo;artisanat du haschisch avec Curado&rsquo;s Tropicana Cookies Hash. Cette boule de 1,5 g combine des techniques de s\u00e9chage traditionnelles et des m\u00e9thodes d&rsquo;extraction modernes, pour produire un concentr\u00e9 puissant contenant plus de 60 % de THC. Vieilli de mani\u00e8re experte pendant des mois avant d&rsquo;\u00eatre commercialis\u00e9, ce hash hybride \u00e0 dominante sativa offre un profil de saveur exceptionnel qui marie des notes d&rsquo;agrumes acidul\u00e9es \u00e0 des nuances de cookies sucr\u00e9s.  <\/p>\n<h4>Caract\u00e9ristiques principales<\/h4>\n<ul>\n<li>Le haschisch d&rsquo;eau glac\u00e9e authentiquement vieilli est transform\u00e9 en boules de temple traditionnelles.<\/li>\n<li>Processus de maturation prolong\u00e9 : 2-3 mois de stockage plus 1 mois de maturation finale<\/li>\n<li>Puissance sup\u00e9rieure d\u00e9passant 60 % de THC<\/li>\n<li>G\u00e9n\u00e9tique hybride \u00e0 dominance sativa de la lign\u00e9e Girl Scout Cookies x Tangie<\/li>\n<li>Format de 1,5 gramme pour un plaisir prolong\u00e9<\/li>\n<\/ul>\n<h4>Profil aromatique et gustatif<\/h4>\n<p>Tropicana Cookies Hash offre une exp\u00e9rience sensorielle sophistiqu\u00e9e avec ses notes distinctives d&rsquo;agrumes acidul\u00e9s compl\u00e9t\u00e9es par des saveurs subtiles de biscuits sucr\u00e9s \u00e0 l&rsquo;expiration. Le profil aromatique se caract\u00e9rise par des notes terreuses de pin accentu\u00e9es par des touches d&rsquo;\u00e9pices acidul\u00e9es. Ce concentr\u00e9 \u00e9nergisant peut procurer des effets stimulants qui soutiennent la cr\u00e9ativit\u00e9 et la motivation, ce qui en fait un produit id\u00e9al pour la journ\u00e9e lorsque l&rsquo;on souhaite se concentrer et \u00eatre productif.  <\/p>\n<h4>Pourquoi choisir Hash<\/h4>\n<p>Les concentr\u00e9s de haschisch offrent aux consommateurs de cannabis m\u00e9dical une option puissante et savoureuse avec des concentrations en cannabino\u00efdes plus \u00e9lev\u00e9es que celles des fleurs traditionnelles. Le processus de s\u00e9chage prolong\u00e9 am\u00e9liore le d\u00e9veloppement des terp\u00e8nes, ce qui permet d&rsquo;obtenir des avantages th\u00e9rapeutiques plus prononc\u00e9s dans un format plus petit et plus pratique. <\/p>\n<h4>Exp\u00e9dition dans tout le Canada<\/h4>\n<p>Tropicana Cookies Hash est exp\u00e9di\u00e9 rapidement \u00e0 travers le Canada. Nous offrons la livraison gratuite pour les commandes de plus de 150 $, ce qui vous assure de recevoir vos concentr\u00e9s de qualit\u00e9 sup\u00e9rieure rapidement et discr\u00e8tement. <\/p>\n<h4>Avantages et couverture pour les anciens combattants<\/h4>\n<p>Tropicana Cookies Hash est admissible \u00e0 la couverture d&rsquo;ACC (Anciens Combattants Canada) avec facturation directe par l&rsquo;entremise de la Croix Bleue, ce qui \u00e9limine les frais \u00e0 la charge des anciens combattants admissibles. Si vous n&rsquo;avez pas encore obtenu votre carte de cannabis m\u00e9dical, <a href=\"https:\/\/mendomedical.ca\/fr\/carte-medicale\/\">obtenez votre carte m\u00e9dicale gratuite rapidement et facilement<\/a> pour acc\u00e9der \u00e0 ces avantages. <\/p>\n<\/div>\n","protected":false},"featured_media":227290,"comment_status":"closed","ping_status":"closed","template":"","meta":{"_acf_changed":false,"site-sidebar-layout":"default","site-content-layout":"","ast-site-content-layout":"default","site-content-style":"default","site-sidebar-style":"default","ast-global-header-display":"","ast-banner-title-visibility":"","ast-main-header-display":"","ast-hfb-above-header-display":"","ast-hfb-below-header-display":"","ast-hfb-mobile-header-display":"","site-post-title":"","ast-breadcrumbs-content":"","ast-featured-img":"","footer-sml-layout":"","ast-disable-related-posts":"","theme-transparent-header-meta":"default","adv-header-id-meta":"","stick-header-meta":"","header-above-stick-meta":"","header-main-stick-meta":"","header-below-stick-meta":"","astra-migrate-meta-layouts":"set","ast-page-background-enabled":"default","ast-page-background-meta":{"desktop":{"background-color":"var(--ast-global-color-4)","background-image":"","background-repeat":"repeat","background-position":"center center","background-size":"auto","background-attachment":"scroll","background-type":"","background-media":"","overlay-type":"","overlay-color":"","overlay-opacity":"","overlay-gradient":""},"tablet":{"background-color":"","background-image":"","background-repeat":"repeat","background-position":"center center","background-size":"auto","background-attachment":"scroll","background-type":"","background-media":"","overlay-type":"","overlay-color":"","overlay-opacity":"","overlay-gradient":""},"mobile":{"background-color":"","background-image":"","background-repeat":"repeat","background-position":"center center","background-size":"auto","background-attachment":"scroll","background-type":"","background-media":"","overlay-type":"","overlay-color":"","overlay-opacity":"","overlay-gradient":""}},"ast-content-background-meta":{"desktop":{"background-color":"var(--ast-global-color-5)","background-image":"","background-repeat":"repeat","background-position":"center center","background-size":"auto","background-attachment":"scroll","background-type":"","background-media":"","overlay-type":"","overlay-color":"","overlay-opacity":"","overlay-gradient":""},"tablet":{"background-color":"var(--ast-global-color-5)","background-image":"","background-repeat":"repeat","background-position":"center center","background-size":"auto","background-attachment":"scroll","background-type":"","background-media":"","overlay-type":"","overlay-color":"","overlay-opacity":"","overlay-gradient":""},"mobile":{"background-color":"var(--ast-global-color-5)","background-image":"","background-repeat":"repeat","background-position":"center center","background-size":"auto","background-attachment":"scroll","background-type":"","background-media":"","overlay-type":"","overlay-color":"","overlay-opacity":"","overlay-gradient":""}}},"product_brand":[],"product_cat":[1121,1118,1119],"product_tag":[],"product_format_filter":[6448],"class_list":{"0":"post-268141","1":"product","2":"type-product","3":"status-publish","4":"has-post-thumbnail","6":"product_cat-haschisch","7":"product_cat-concentres","8":"product_cat-tout-sans-solvant","9":"pa_flavours-agrume","10":"pa_flavours-cookie-fr","11":"pa_flavours-piquant","12":"pa_flavours-doux","13":"pa_intensity-thc-eleve","14":"pa_marques-curado-fr","15":"pa_profil-terpene-farnesene-fr","16":"pa_profil-terpene-humulene-fr","17":"pa_profil-terpene-limonene-fr","18":"pa_profil-terpene-linalol-fr","19":"pa_type-de-plante-hybride-sativa-fr","20":"product_format_filter-1-5g","21":"desktop-align-left","22":"tablet-align-left","23":"mobile-align-left","25":"first","26":"instock","27":"taxable","28":"shipping-taxable","29":"purchasable","30":"product-type-simple"},"group_of_quantity":0,"min_quantity":0,"max_quantity":"","exclude_order_quantity_value_rules":"no","exclude_category_quantity_rules":"no","combine_variations":"no","acf":[],"_links":{"self":[{"href":"https:\/\/mendomedical.ca\/fr\/wp-json\/wp\/v2\/product\/268141","targetHints":{"allow":["GET"]}}],"collection":[{"href":"https:\/\/mendomedical.ca\/fr\/wp-json\/wp\/v2\/product"}],"about":[{"href":"https:\/\/mendomedical.ca\/fr\/wp-json\/wp\/v2\/types\/product"}],"replies":[{"embeddable":true,"href":"https:\/\/mendomedical.ca\/fr\/wp-json\/wp\/v2\/comments?post=268141"}],"wp:featuredmedia":[{"embeddable":true,"href":"https:\/\/mendomedical.ca\/fr\/wp-json\/wp\/v2\/media\/227290"}],"wp:attachment":[{"href":"https:\/\/mendomedical.ca\/fr\/wp-json\/wp\/v2\/media?parent=268141"}],"wp:term":[{"taxonomy":"product_brand","embeddable":true,"href":"https:\/\/mendomedical.ca\/fr\/wp-json\/wp\/v2\/product_brand?post=268141"},{"taxonomy":"product_cat","embeddable":true,"href":"https:\/\/mendomedical.ca\/fr\/wp-json\/wp\/v2\/product_cat?post=268141"},{"taxonomy":"product_tag","embeddable":true,"href":"https:\/\/mendomedical.ca\/fr\/wp-json\/wp\/v2\/product_tag?post=268141"},{"taxonomy":"product_format_filter","embeddable":true,"href":"https:\/\/mendomedical.ca\/fr\/wp-json\/wp\/v2\/product_format_filter?post=268141"}],"curies":[{"name":"wp","href":"https:\/\/api.w.org\/{rel}","templated":true}]}}