{"id":267474,"date":"2025-08-26T08:20:53","date_gmt":"2025-08-26T12:20:53","guid":{"rendered":"https:\/\/mendomedical.ca\/product\/cbnthc-drops-300-3-pack\/"},"modified":"2026-04-20T10:05:30","modified_gmt":"2026-04-20T14:05:30","slug":"gouttes-cbnthc-300-3-pack","status":"publish","type":"product","link":"https:\/\/mendomedical.ca\/fr\/produit\/gouttes-cbnthc-300-3-pack\/","title":{"rendered":"CBN:THC Drops 300 3-Pack"},"content":{"rendered":"","protected":false},"excerpt":{"rendered":"<div class=\"ExternalClass791DB9800D114C1380FF1EECF1149643\">\n<h3>CBN:THC Drops 300 3-Pack by MOD<\/h3>\n<p>MOD&rsquo;s CBN:THC Drops 300 3-Pack offre un dosage pr\u00e9cis avec une technologie de nano\u00e9mulsion avanc\u00e9e pour une biodisponibilit\u00e9 am\u00e9lior\u00e9e et une action plus rapide. Cette formule \u00e9quilibr\u00e9e 1:1 combine 150mg CBN avec 150mg THC \u00e0 travers trois bouteilles pratiques de 3ml, offrant aux utilisateurs de cannabis m\u00e9dical un contr\u00f4le complet sur leur exp\u00e9rience de dosage. La formule pratiquement insipide et soluble dans l&rsquo;eau utilise la technologie du syst\u00e8me de d\u00e9livrance MyCell\u24c7 pour des effets coh\u00e9rents et pr\u00e9visibles qui peuvent soutenir la relaxation et un sommeil r\u00e9parateur.  <\/p>\n<h4>Caract\u00e9ristiques principales<\/h4>\n<ul>\n<li>300 mg au total, ratio CBN:THC \u00e9quilibr\u00e9 de 1:1 (3 flacons de 100 mg chacun) pour une valeur accrue<\/li>\n<li>Dosage pr\u00e9cis avec 2 gouttes \u00e9quivalant \u00e0 1mg de CBN + 1mg de THC pour des exp\u00e9riences personnalis\u00e9es.<\/li>\n<li>Technologie avanc\u00e9e de nano\u00e9mulsion pour une absorption plus rapide et une meilleure biodisponibilit\u00e9<\/li>\n<li>Flacons compte-gouttes portables id\u00e9aux pour un dosage discret et \u00e0 la demande<\/li>\n<li>Formule pratiquement insipide, sans sucre et avec des ingr\u00e9dients 100% naturels.<\/li>\n<\/ul>\n<h4>Profil et effets des cannabino\u00efdes<\/h4>\n<p>Cette formule sans terp\u00e8nes pr\u00e9sente une combinaison soigneusement \u00e9quilibr\u00e9e de CBN et de THC con\u00e7ue pour favoriser la relaxation et la s\u00e9dation. Le rapport 1:1 peut aider \u00e0 soutenir des \u00e9tats calmes et introspectifs tout en maintenant une exp\u00e9rience l\u00e9g\u00e8re. Les utilisateurs rapportent souvent une sensation de r\u00eave et des effets \u00e9quilibr\u00e9s, ce qui rend ce produit particuli\u00e8rement adapt\u00e9 \u00e0 une utilisation en soir\u00e9e et \u00e0 ceux qui recherchent un soutien naturel au sommeil.  <\/p>\n<h4>Pourquoi choisir MOD Drop ?<\/h4>\n<p>MOD Drop est une teinture de THC hydrosoluble \u00e0 action rapide dans un flacon compressible compact con\u00e7u pour un dosage facile et personnalisable. Formul\u00e9 avec la technologie avanc\u00e9e du syst\u00e8me de d\u00e9livrance MyCell\u24c7 pour une absorption et une biodisponibilit\u00e9 am\u00e9lior\u00e9es, MOD offre une exp\u00e9rience plus rapide, plus pr\u00e9visible et plus coh\u00e9rente, sans go\u00fbt amer de cannabis.MOD est con\u00e7u pour une ingestion orale, sur ou sous la langue, ou si vous le pr\u00e9f\u00e9rez, il peut \u00eatre ajout\u00e9 \u00e0 de l&rsquo;eau. Flacon compte-gouttes portable pour un dosage facile en d\u00e9placement - Saveur naturelle sans go\u00fbt de cannabis, rendant le dosage plus agr\u00e9able - Formulation 100% naturelle et sans sucre pour un produit clean-label dont vous pouvez vous sentir fier.  <\/p>\n<h4>Exp\u00e9dition dans tout le Canada<\/h4>\n<p>CBN:THC Drops 300 3-Pack est exp\u00e9di\u00e9 rapidement \u00e0 travers le Canada gr\u00e2ce \u00e0 notre r\u00e9seau de livraison s\u00e9curis\u00e9. Profitez de la livraison gratuite pour toutes les commandes de plus de 150 $, ce qui vous permet de maintenir votre routine de cannabis m\u00e9dical sans frais suppl\u00e9mentaires. <\/p>\n<h4>Avantages et couverture pour les anciens combattants<\/h4>\n<p>CBN:THC Drops 300 3-Pack est admissible \u00e0 la couverture d&rsquo;Anciens Combattants Canada (ACC) avec facturation directe par l&rsquo;entremise de la Croix Bleue, ce qui permet aux anciens combattants admissibles de ne pas avoir \u00e0 d\u00e9bourser d&rsquo;argent. Si vous n&rsquo;avez pas encore de carte m\u00e9dicale, vous pouvez <a href=\"https:\/\/mendomedical.ca\/fr\/carte-medicale\/\">obtenir votre carte m\u00e9dicale gratuite rapidement et facilement<\/a> gr\u00e2ce \u00e0 notre processus simplifi\u00e9. <\/p>\n<h4>Ingr\u00e9dients<\/h4>\n<p>Glyc\u00e9rol, eau, l\u00e9cithine (soja), huile MCT, extrait de cannabis, gomme arabique, tocoph\u00e9rols, acide ascorbique, ar\u00f4mes naturels. Contient : Soja<\/p>\n<\/div>\n","protected":false},"featured_media":267468,"comment_status":"open","ping_status":"closed","template":"","meta":{"_acf_changed":false,"site-sidebar-layout":"default","site-content-layout":"","ast-site-content-layout":"default","site-content-style":"default","site-sidebar-style":"default","ast-global-header-display":"","ast-banner-title-visibility":"","ast-main-header-display":"","ast-hfb-above-header-display":"","ast-hfb-below-header-display":"","ast-hfb-mobile-header-display":"","site-post-title":"","ast-breadcrumbs-content":"","ast-featured-img":"","footer-sml-layout":"","ast-disable-related-posts":"","theme-transparent-header-meta":"default","adv-header-id-meta":"","stick-header-meta":"","header-above-stick-meta":"","header-main-stick-meta":"","header-below-stick-meta":"","astra-migrate-meta-layouts":"set","ast-page-background-enabled":"default","ast-page-background-meta":{"desktop":{"background-color":"var(--ast-global-color-4)","background-image":"","background-repeat":"repeat","background-position":"center center","background-size":"auto","background-attachment":"scroll","background-type":"","background-media":"","overlay-type":"","overlay-color":"","overlay-opacity":"","overlay-gradient":""},"tablet":{"background-color":"","background-image":"","background-repeat":"repeat","background-position":"center center","background-size":"auto","background-attachment":"scroll","background-type":"","background-media":"","overlay-type":"","overlay-color":"","overlay-opacity":"","overlay-gradient":""},"mobile":{"background-color":"","background-image":"","background-repeat":"repeat","background-position":"center center","background-size":"auto","background-attachment":"scroll","background-type":"","background-media":"","overlay-type":"","overlay-color":"","overlay-opacity":"","overlay-gradient":""}},"ast-content-background-meta":{"desktop":{"background-color":"var(--ast-global-color-5)","background-image":"","background-repeat":"repeat","background-position":"center center","background-size":"auto","background-attachment":"scroll","background-type":"","background-media":"","overlay-type":"","overlay-color":"","overlay-opacity":"","overlay-gradient":""},"tablet":{"background-color":"var(--ast-global-color-5)","background-image":"","background-repeat":"repeat","background-position":"center center","background-size":"auto","background-attachment":"scroll","background-type":"","background-media":"","overlay-type":"","overlay-color":"","overlay-opacity":"","overlay-gradient":""},"mobile":{"background-color":"var(--ast-global-color-5)","background-image":"","background-repeat":"repeat","background-position":"center center","background-size":"auto","background-attachment":"scroll","background-type":"","background-media":"","overlay-type":"","overlay-color":"","overlay-opacity":"","overlay-gradient":""}}},"product_brand":[],"product_cat":[1131,3825,1135,1128],"product_tag":[],"product_format_filter":[6400],"class_list":{"0":"post-267474","1":"product","2":"type-product","3":"status-publish","4":"has-post-thumbnail","6":"product_cat-boissons","7":"product_cat-cbd-minors-3-fr","8":"product_cat-sans-sucre","9":"product_cat-comestibles","10":"pa_flavours-pratiquement-sans-gout","11":"pa_intensity-med-cbn-fr","12":"pa_intensity-thc-moyen","13":"pa_marques-mod","14":"pa_origin-ontario-fr","15":"pa_type-de-plante-cbn-fr","16":"pa_type-de-plante-hybride-fr-2","17":"product_format_filter-3ml","18":"desktop-align-left","19":"tablet-align-left","20":"mobile-align-left","22":"first","23":"instock","24":"taxable","25":"shipping-taxable","26":"purchasable","27":"product-type-simple"},"group_of_quantity":0,"min_quantity":0,"max_quantity":"","exclude_order_quantity_value_rules":"no","exclude_category_quantity_rules":"no","combine_variations":"no","acf":[],"_links":{"self":[{"href":"https:\/\/mendomedical.ca\/fr\/wp-json\/wp\/v2\/product\/267474","targetHints":{"allow":["GET"]}}],"collection":[{"href":"https:\/\/mendomedical.ca\/fr\/wp-json\/wp\/v2\/product"}],"about":[{"href":"https:\/\/mendomedical.ca\/fr\/wp-json\/wp\/v2\/types\/product"}],"replies":[{"embeddable":true,"href":"https:\/\/mendomedical.ca\/fr\/wp-json\/wp\/v2\/comments?post=267474"}],"wp:featuredmedia":[{"embeddable":true,"href":"https:\/\/mendomedical.ca\/fr\/wp-json\/wp\/v2\/media\/267468"}],"wp:attachment":[{"href":"https:\/\/mendomedical.ca\/fr\/wp-json\/wp\/v2\/media?parent=267474"}],"wp:term":[{"taxonomy":"product_brand","embeddable":true,"href":"https:\/\/mendomedical.ca\/fr\/wp-json\/wp\/v2\/product_brand?post=267474"},{"taxonomy":"product_cat","embeddable":true,"href":"https:\/\/mendomedical.ca\/fr\/wp-json\/wp\/v2\/product_cat?post=267474"},{"taxonomy":"product_tag","embeddable":true,"href":"https:\/\/mendomedical.ca\/fr\/wp-json\/wp\/v2\/product_tag?post=267474"},{"taxonomy":"product_format_filter","embeddable":true,"href":"https:\/\/mendomedical.ca\/fr\/wp-json\/wp\/v2\/product_format_filter?post=267474"}],"curies":[{"name":"wp","href":"https:\/\/api.w.org\/{rel}","templated":true}]}}