{"id":267473,"date":"2025-08-26T08:25:53","date_gmt":"2025-08-26T12:25:53","guid":{"rendered":"https:\/\/mendomedical.ca\/product\/cbncbd-gouttes-300-3-pack\/"},"modified":"2026-04-20T10:06:58","modified_gmt":"2026-04-20T14:06:58","slug":"cbncbd-gouttes-300-3-pack","status":"publish","type":"product","link":"https:\/\/mendomedical.ca\/fr\/produit\/cbncbd-gouttes-300-3-pack\/","title":{"rendered":"CBN:CBD Gouttes 300 3-Pack"},"content":{"rendered":"","protected":false},"excerpt":{"rendered":"<div class=\"ExternalClassA007FF9EBF734ED4BFD216D6CC5505EA\">\n<h3>CBN:CBD Drops 300 3-Pack by MOD<\/h3>\n<p>D\u00e9couvrez un contr\u00f4le pr\u00e9cis du dosage avec MOD CBN:CBD Drops 300 3-Pack, dot\u00e9 d&rsquo;une technologie avanc\u00e9e de cannabis soluble dans l&rsquo;eau pour une meilleure absorption. Ce pack pratique de 3 gouttes d\u00e9livre 300mg de CBN et CBD \u00e9quilibr\u00e9s dans un rapport 1:1, en utilisant la technologie innovante du syst\u00e8me de d\u00e9livrance MyCell\u24c7 pour un d\u00e9but plus rapide et une biodisponibilit\u00e9 am\u00e9lior\u00e9e. Chaque flacon compact \u00e0 presser offre un dosage discret et personnalisable avec pratiquement aucun go\u00fbt de cannabis, ce qui le rend id\u00e9al pour les consommateurs de cannabis m\u00e9dical \u00e0 la recherche d&rsquo;effets constants et pr\u00e9visibles.  <\/p>\n<h4>Caract\u00e9ristiques principales et points forts du produit<\/h4>\n<ul>\n<li>300 mg de formule \u00e9quilibr\u00e9e 1:1 CBN:CBD (3 flacons de 100 mg chacun) avec 150 mg de CBN et 150 mg de CBD<\/li>\n<li>Technologie avanc\u00e9e de nano\u00e9mulsion avec syst\u00e8me d&rsquo;administration MyCell\u24c7 pour une meilleure absorption et un effet plus rapide.<\/li>\n<li>Contr\u00f4le pr\u00e9cis du dosage avec 2 gouttes = 1mg CBN + 1mg CBD pour des applications m\u00e9dicales personnalisables<\/li>\n<li>Flacons compte-gouttes portatifs pour un dosage discret et pratique en d\u00e9placement<\/li>\n<li>Formule pratiquement insipide, sans ar\u00f4me, avec des ingr\u00e9dients 100 % naturels et sans sucre.<\/li>\n<\/ul>\n<h4>Profil des cannabino\u00efdes et des terp\u00e8nes<\/h4>\n<p>Ce produit contient un rapport 1:1 soigneusement \u00e9quilibr\u00e9 de CBN et de CBD, sans terp\u00e8nes, pour un profil propre et neutre. La formulation hydrosoluble garantit une puissance constante et une absorption fiable, tandis que l&rsquo;absence de terp\u00e8nes permet une exp\u00e9rience pratiquement insipide. Les utilisateurs peuvent ressentir des effets relaxants, calmes et lucides, avec un potentiel d&rsquo;introspection et de sensations apaisantes, l\u00e9g\u00e8rement s\u00e9datives.  <\/p>\n<h4>Pourquoi choisir MOD Drop ?<\/h4>\n<p>MOD Drop est une teinture de THC hydrosoluble \u00e0 action rapide dans un flacon compressible compact con\u00e7u pour un dosage facile et personnalisable. Formul\u00e9 avec la technologie avanc\u00e9e du syst\u00e8me de d\u00e9livrance MyCell\u24c7 pour une absorption et une biodisponibilit\u00e9 am\u00e9lior\u00e9es, MOD offre une exp\u00e9rience plus rapide, plus pr\u00e9visible et plus coh\u00e9rente, sans go\u00fbt amer de cannabis.MOD est con\u00e7u pour une ingestion orale, sur ou sous la langue, ou si vous le pr\u00e9f\u00e9rez, il peut \u00eatre ajout\u00e9 \u00e0 de l&rsquo;eau. Flacon compte-gouttes portable pour un dosage facile en d\u00e9placement - Saveur naturelle sans go\u00fbt de cannabis, rendant le dosage plus agr\u00e9able - Formulation 100% naturelle et sans sucre pour un produit clean-label dont vous pouvez vous sentir fier.  <\/p>\n<h4>Exp\u00e9dition dans tout le Canada<\/h4>\n<p>CBN:CBD Drops 300 3-Pack est exp\u00e9di\u00e9 rapidement \u00e0 travers le Canada avec une livraison rapide et fiable. Nous offrons une livraison gratuite pour les commandes de plus de 150 $, assurant un acc\u00e8s pratique \u00e0 vos produits de cannabis m\u00e9dical dans tout le pays. Notre emballage s\u00e9curis\u00e9 maintient l&rsquo;int\u00e9grit\u00e9 du produit pendant le transport.  <\/p>\n<h4>Avantages et couverture pour les anciens combattants<\/h4>\n<p>CBN:CBD Drops 300 3-Pack est admissible \u00e0 la couverture d&rsquo;Anciens Combattants Canada (ACC) et \u00e0 la facturation directe par la Croix Bleue, ce qui permet aux anciens combattants admissibles de ne pas avoir \u00e0 d\u00e9bourser d&rsquo;argent. Si vous n&rsquo;avez pas encore de carte de cannabis m\u00e9dical, vous pouvez obtenir la v\u00f4tre rapidement et facilement gr\u00e2ce \u00e0 notre processus simplifi\u00e9 au <a href=\"https:\/\/mendomedical.ca\/fr\/carte-medicale\/\">service de carte m\u00e9dicale de Mendo Medical.<\/a> <\/p>\n<h4>Ingr\u00e9dients<\/h4>\n<p>Glyc\u00e9rol, eau, l\u00e9cithine (soja), huile MCT, extrait de cannabis, gomme arabique, tocoph\u00e9rols, acide ascorbique, ar\u00f4mes naturels. Contient : Soja.<\/p>\n<\/div>\n","protected":false},"featured_media":267466,"comment_status":"open","ping_status":"closed","template":"","meta":{"_acf_changed":false,"site-sidebar-layout":"default","site-content-layout":"","ast-site-content-layout":"default","site-content-style":"default","site-sidebar-style":"default","ast-global-header-display":"","ast-banner-title-visibility":"","ast-main-header-display":"","ast-hfb-above-header-display":"","ast-hfb-below-header-display":"","ast-hfb-mobile-header-display":"","site-post-title":"","ast-breadcrumbs-content":"","ast-featured-img":"","footer-sml-layout":"","ast-disable-related-posts":"","theme-transparent-header-meta":"default","adv-header-id-meta":"","stick-header-meta":"","header-above-stick-meta":"","header-main-stick-meta":"","header-below-stick-meta":"","astra-migrate-meta-layouts":"set","ast-page-background-enabled":"default","ast-page-background-meta":{"desktop":{"background-color":"var(--ast-global-color-4)","background-image":"","background-repeat":"repeat","background-position":"center center","background-size":"auto","background-attachment":"scroll","background-type":"","background-media":"","overlay-type":"","overlay-color":"","overlay-opacity":"","overlay-gradient":""},"tablet":{"background-color":"","background-image":"","background-repeat":"repeat","background-position":"center center","background-size":"auto","background-attachment":"scroll","background-type":"","background-media":"","overlay-type":"","overlay-color":"","overlay-opacity":"","overlay-gradient":""},"mobile":{"background-color":"","background-image":"","background-repeat":"repeat","background-position":"center center","background-size":"auto","background-attachment":"scroll","background-type":"","background-media":"","overlay-type":"","overlay-color":"","overlay-opacity":"","overlay-gradient":""}},"ast-content-background-meta":{"desktop":{"background-color":"var(--ast-global-color-5)","background-image":"","background-repeat":"repeat","background-position":"center center","background-size":"auto","background-attachment":"scroll","background-type":"","background-media":"","overlay-type":"","overlay-color":"","overlay-opacity":"","overlay-gradient":""},"tablet":{"background-color":"var(--ast-global-color-5)","background-image":"","background-repeat":"repeat","background-position":"center center","background-size":"auto","background-attachment":"scroll","background-type":"","background-media":"","overlay-type":"","overlay-color":"","overlay-opacity":"","overlay-gradient":""},"mobile":{"background-color":"var(--ast-global-color-5)","background-image":"","background-repeat":"repeat","background-position":"center center","background-size":"auto","background-attachment":"scroll","background-type":"","background-media":"","overlay-type":"","overlay-color":"","overlay-opacity":"","overlay-gradient":""}}},"product_brand":[],"product_cat":[1131,3825,1135,1128],"product_tag":[],"product_format_filter":[6400],"class_list":{"0":"post-267473","1":"product","2":"type-product","3":"status-publish","4":"has-post-thumbnail","6":"product_cat-boissons","7":"product_cat-cbd-minors-3-fr","8":"product_cat-sans-sucre","9":"product_cat-comestibles","10":"pa_flavours-pratiquement-sans-gout","11":"pa_intensity-cbd-moyen","12":"pa_intensity-med-cbn-fr","13":"pa_marques-mod","14":"pa_origin-ontario-fr","15":"pa_type-de-plante-cbd-fr","16":"pa_type-de-plante-cbn-fr","17":"product_format_filter-3ml","18":"desktop-align-left","19":"tablet-align-left","20":"mobile-align-left","22":"first","23":"instock","24":"taxable","25":"shipping-taxable","26":"purchasable","27":"product-type-simple"},"group_of_quantity":0,"min_quantity":0,"max_quantity":"","exclude_order_quantity_value_rules":"no","exclude_category_quantity_rules":"no","combine_variations":"no","acf":[],"_links":{"self":[{"href":"https:\/\/mendomedical.ca\/fr\/wp-json\/wp\/v2\/product\/267473","targetHints":{"allow":["GET"]}}],"collection":[{"href":"https:\/\/mendomedical.ca\/fr\/wp-json\/wp\/v2\/product"}],"about":[{"href":"https:\/\/mendomedical.ca\/fr\/wp-json\/wp\/v2\/types\/product"}],"replies":[{"embeddable":true,"href":"https:\/\/mendomedical.ca\/fr\/wp-json\/wp\/v2\/comments?post=267473"}],"wp:featuredmedia":[{"embeddable":true,"href":"https:\/\/mendomedical.ca\/fr\/wp-json\/wp\/v2\/media\/267466"}],"wp:attachment":[{"href":"https:\/\/mendomedical.ca\/fr\/wp-json\/wp\/v2\/media?parent=267473"}],"wp:term":[{"taxonomy":"product_brand","embeddable":true,"href":"https:\/\/mendomedical.ca\/fr\/wp-json\/wp\/v2\/product_brand?post=267473"},{"taxonomy":"product_cat","embeddable":true,"href":"https:\/\/mendomedical.ca\/fr\/wp-json\/wp\/v2\/product_cat?post=267473"},{"taxonomy":"product_tag","embeddable":true,"href":"https:\/\/mendomedical.ca\/fr\/wp-json\/wp\/v2\/product_tag?post=267473"},{"taxonomy":"product_format_filter","embeddable":true,"href":"https:\/\/mendomedical.ca\/fr\/wp-json\/wp\/v2\/product_format_filter?post=267473"}],"curies":[{"name":"wp","href":"https:\/\/api.w.org\/{rel}","templated":true}]}}