{"id":267460,"date":"2025-08-26T08:15:29","date_gmt":"2025-08-26T12:15:29","guid":{"rendered":"https:\/\/mendomedical.ca\/product\/cbgthc-drops-300-3-pack\/"},"modified":"2026-04-20T10:04:55","modified_gmt":"2026-04-20T14:04:55","slug":"gouttes-cbgthc-300-3-pack","status":"publish","type":"product","link":"https:\/\/mendomedical.ca\/fr\/produit\/gouttes-cbgthc-300-3-pack\/","title":{"rendered":"CBG:THC Drops 300 3-Pack"},"content":{"rendered":"","protected":false},"excerpt":{"rendered":"<div class=\"ExternalClass85D20FF466574A2F985D703875C4634F\">\n<h3>CBG:THC Drops 300 3-Pack by MOD<\/h3>\n<p>Faites l&rsquo;exp\u00e9rience d&rsquo;une pr\u00e9cision de dosage de nouvelle g\u00e9n\u00e9ration avec les gouttes CBG:THC 300 3-Pack de MOD, dot\u00e9es d&rsquo;une technologie de cannabis hydrosoluble avanc\u00e9e pour une absorption et une biodisponibilit\u00e9 accrues. Cette teinture innovante offre un rapport \u00e9quilibr\u00e9 de 1:1 de CBG et de THC dans des flacons \u00e0 presser pratiques et portables, con\u00e7us pour un dosage personnalisable \u00e0 la demande. Avec pratiquement aucun go\u00fbt et un d\u00e9but rapide, ces gouttes offrent un moyen discret et efficace d&rsquo;obtenir des effets euphorisants, exaltants et concentr\u00e9s tout en maintenant la clart\u00e9 mentale et l&rsquo;\u00e9nergie.  <\/p>\n<h4>Caract\u00e9ristiques principales et points forts du produit<\/h4>\n<ul>\n<li>300 mg de cannabino\u00efdes au total avec un rapport CBG:THC \u00e9quilibr\u00e9 de 1:1 (150 mg de chaque cannabino\u00efde dans 3 flacons)<\/li>\n<li>Technologie avanc\u00e9e de nano\u00e9mulsion MyCell\u24c7 pour une absorption plus rapide et des effets plus pr\u00e9visibles.<\/li>\n<li>Dosage pr\u00e9cis avec 2 gouttes \u00e9quivalant \u00e0 1mg CBG + 1mg THC pour une personnalisation compl\u00e8te.<\/li>\n<li>Formule hydrosoluble convenant \u00e0 une utilisation sublinguale ou \u00e0 un m\u00e9lange avec des boissons<\/li>\n<li>Formulation pratiquement insipide et flacon compte-gouttes portable pour une utilisation discr\u00e8te en d\u00e9placement.<\/li>\n<\/ul>\n<h4>Profil et caract\u00e9ristiques des cannabino\u00efdes<\/h4>\n<p>Chaque flacon contient un m\u00e9lange soigneusement \u00e9quilibr\u00e9 de CBG et de THC, sans terp\u00e8nes, pour une exp\u00e9rience propre et pratiquement sans go\u00fbt. Le ratio 1:1 permet d&rsquo;obtenir des effets euphorisants, stimulants et cr\u00e9atifs, tout en favorisant la concentration, la clart\u00e9 d&rsquo;esprit et la motivation. Le profil l\u00e9ger et \u00e9nergique de ce produit convient \u00e0 un usage diurne lorsque la clart\u00e9 mentale et la productivit\u00e9 sont souhait\u00e9es.  <\/p>\n<h4>Pourquoi choisir MOD Drop ?<\/h4>\n<p>MOD Drop est une teinture de THC hydrosoluble \u00e0 action rapide dans un flacon compressible compact con\u00e7u pour un dosage facile et personnalisable. Formul\u00e9 avec la technologie avanc\u00e9e du syst\u00e8me de d\u00e9livrance MyCell\u24c7 pour une absorption et une biodisponibilit\u00e9 am\u00e9lior\u00e9es, MOD offre une exp\u00e9rience plus rapide, plus pr\u00e9visible et plus coh\u00e9rente, sans go\u00fbt amer de cannabis.MOD est con\u00e7u pour une ingestion orale, sur ou sous la langue, ou si vous le pr\u00e9f\u00e9rez, il peut \u00eatre ajout\u00e9 \u00e0 de l&rsquo;eau. Flacon compte-gouttes portable pour un dosage facile en d\u00e9placement - Saveur naturelle sans go\u00fbt de cannabis, rendant le dosage plus agr\u00e9able - Formulation 100% naturelle et sans sucre pour un produit clean-label dont vous pouvez vous sentir fier.  <\/p>\n<h4>Exp\u00e9dition dans tout le Canada<\/h4>\n<p>CBG:THC Drops 300 3-Pack est exp\u00e9di\u00e9 rapidement \u00e0 travers le Canada avec une livraison rapide et fiable. Nous offrons la livraison gratuite pour les commandes de plus de 150 $, ce qui rend pratique et rentable le maintien de votre approvisionnement en cannabis m\u00e9dical. <\/p>\n<h4>Avantages et couverture pour les anciens combattants<\/h4>\n<p>CBG:THC Drops 300 3-Pack est admissible \u00e0 la couverture d&rsquo;ACC (Anciens Combattants Canada) avec facturation directe par l&rsquo;entremise de la Croix Bleue, ce qui permet aux anciens combattants admissibles de ne pas avoir \u00e0 d\u00e9bourser d&rsquo;argent. Si vous n&rsquo;avez pas encore de carte m\u00e9dicale, vous pouvez obtenir votre <a href=\"https:\/\/mendomedical.ca\/fr\/carte-medicale\/\">carte m\u00e9dicale gratuite rapidement et facilement<\/a> pour acc\u00e9der \u00e0 ces avantages. <\/p>\n<h4>Ingr\u00e9dients<\/h4>\n<p>Glyc\u00e9rol, eau, l\u00e9cithine (soja), huile MCT, extrait de cannabis, gomme arabique, tocoph\u00e9rols, acide ascorbique, ar\u00f4mes naturels. Contient : Soja<\/p>\n<\/div>\n","protected":false},"featured_media":267456,"comment_status":"open","ping_status":"closed","template":"","meta":{"_acf_changed":false,"site-sidebar-layout":"default","site-content-layout":"","ast-site-content-layout":"default","site-content-style":"default","site-sidebar-style":"default","ast-global-header-display":"","ast-banner-title-visibility":"","ast-main-header-display":"","ast-hfb-above-header-display":"","ast-hfb-below-header-display":"","ast-hfb-mobile-header-display":"","site-post-title":"","ast-breadcrumbs-content":"","ast-featured-img":"","footer-sml-layout":"","ast-disable-related-posts":"","theme-transparent-header-meta":"default","adv-header-id-meta":"","stick-header-meta":"","header-above-stick-meta":"","header-main-stick-meta":"","header-below-stick-meta":"","astra-migrate-meta-layouts":"set","ast-page-background-enabled":"default","ast-page-background-meta":{"desktop":{"background-color":"var(--ast-global-color-4)","background-image":"","background-repeat":"repeat","background-position":"center center","background-size":"auto","background-attachment":"scroll","background-type":"","background-media":"","overlay-type":"","overlay-color":"","overlay-opacity":"","overlay-gradient":""},"tablet":{"background-color":"","background-image":"","background-repeat":"repeat","background-position":"center center","background-size":"auto","background-attachment":"scroll","background-type":"","background-media":"","overlay-type":"","overlay-color":"","overlay-opacity":"","overlay-gradient":""},"mobile":{"background-color":"","background-image":"","background-repeat":"repeat","background-position":"center center","background-size":"auto","background-attachment":"scroll","background-type":"","background-media":"","overlay-type":"","overlay-color":"","overlay-opacity":"","overlay-gradient":""}},"ast-content-background-meta":{"desktop":{"background-color":"var(--ast-global-color-5)","background-image":"","background-repeat":"repeat","background-position":"center center","background-size":"auto","background-attachment":"scroll","background-type":"","background-media":"","overlay-type":"","overlay-color":"","overlay-opacity":"","overlay-gradient":""},"tablet":{"background-color":"var(--ast-global-color-5)","background-image":"","background-repeat":"repeat","background-position":"center center","background-size":"auto","background-attachment":"scroll","background-type":"","background-media":"","overlay-type":"","overlay-color":"","overlay-opacity":"","overlay-gradient":""},"mobile":{"background-color":"var(--ast-global-color-5)","background-image":"","background-repeat":"repeat","background-position":"center center","background-size":"auto","background-attachment":"scroll","background-type":"","background-media":"","overlay-type":"","overlay-color":"","overlay-opacity":"","overlay-gradient":""}}},"product_brand":[],"product_cat":[1131,3825,1135,1128],"product_tag":[],"product_format_filter":[6400],"class_list":{"0":"post-267460","1":"product","2":"type-product","3":"status-publish","4":"has-post-thumbnail","6":"product_cat-boissons","7":"product_cat-cbd-minors-3-fr","8":"product_cat-sans-sucre","9":"product_cat-comestibles","10":"pa_flavours-pratiquement-sans-gout","11":"pa_intensity-med-cbg-fr","12":"pa_intensity-thc-moyen","13":"pa_marques-mod","14":"pa_origin-ontario-fr","15":"pa_type-de-plante-cbg-fr","16":"pa_type-de-plante-thc-fr","17":"product_format_filter-3ml","18":"desktop-align-left","19":"tablet-align-left","20":"mobile-align-left","22":"first","23":"instock","24":"taxable","25":"shipping-taxable","26":"purchasable","27":"product-type-simple"},"group_of_quantity":0,"min_quantity":0,"max_quantity":"","exclude_order_quantity_value_rules":"no","exclude_category_quantity_rules":"no","combine_variations":"no","acf":[],"_links":{"self":[{"href":"https:\/\/mendomedical.ca\/fr\/wp-json\/wp\/v2\/product\/267460","targetHints":{"allow":["GET"]}}],"collection":[{"href":"https:\/\/mendomedical.ca\/fr\/wp-json\/wp\/v2\/product"}],"about":[{"href":"https:\/\/mendomedical.ca\/fr\/wp-json\/wp\/v2\/types\/product"}],"replies":[{"embeddable":true,"href":"https:\/\/mendomedical.ca\/fr\/wp-json\/wp\/v2\/comments?post=267460"}],"wp:featuredmedia":[{"embeddable":true,"href":"https:\/\/mendomedical.ca\/fr\/wp-json\/wp\/v2\/media\/267456"}],"wp:attachment":[{"href":"https:\/\/mendomedical.ca\/fr\/wp-json\/wp\/v2\/media?parent=267460"}],"wp:term":[{"taxonomy":"product_brand","embeddable":true,"href":"https:\/\/mendomedical.ca\/fr\/wp-json\/wp\/v2\/product_brand?post=267460"},{"taxonomy":"product_cat","embeddable":true,"href":"https:\/\/mendomedical.ca\/fr\/wp-json\/wp\/v2\/product_cat?post=267460"},{"taxonomy":"product_tag","embeddable":true,"href":"https:\/\/mendomedical.ca\/fr\/wp-json\/wp\/v2\/product_tag?post=267460"},{"taxonomy":"product_format_filter","embeddable":true,"href":"https:\/\/mendomedical.ca\/fr\/wp-json\/wp\/v2\/product_format_filter?post=267460"}],"curies":[{"name":"wp","href":"https:\/\/api.w.org\/{rel}","templated":true}]}}