{"id":267450,"date":"2025-08-26T08:50:44","date_gmt":"2025-08-26T12:50:44","guid":{"rendered":"https:\/\/mendomedical.ca\/product\/thc-10-x-90-capsules-a-action-rapide\/"},"modified":"2026-03-28T07:53:44","modified_gmt":"2026-03-28T11:53:44","slug":"thc-10-x-90-capsules-a-action-rapide","status":"publish","type":"product","link":"https:\/\/mendomedical.ca\/fr\/produit\/thc-10-x-90-capsules-a-action-rapide\/","title":{"rendered":"THC 10 x 90 Capsules \u00e0 action rapide"},"content":{"rendered":"","protected":false},"excerpt":{"rendered":"<div class=\"ExternalClassDB6D40C7342B4312A873B223B51564BB\">\n<h3>THC 10 x 90 Capsules \u00e0 action rapide<\/h3>\n<p>Faites l&rsquo;exp\u00e9rience d&rsquo;un dosage pr\u00e9cis du cannabis avec les capsules THC 10mg \u00e0 action rapide de .decimal, dot\u00e9es de la technologie avanc\u00e9e de poudre MyCell\u24c7 pour un d\u00e9but rapide et une absorption constante. Ce paquet de 90 g\u00e9lules d\u00e9livre 900mg de THC total dans un format pratique et discret con\u00e7u pour les utilisateurs m\u00e9dicaux qui ont besoin d&rsquo;un contr\u00f4le fiable de la dose et d&rsquo;effets pr\u00e9visibles.<\/p>\n<h4>Caract\u00e9ristiques principales et points forts du produit<\/h4>\n<ul>\n<li>Technologie exclusive de poudre MyCell\u24c7 pour une absorption plus rapide et plus coh\u00e9rente que les softgels traditionnels.<\/li>\n<li>Capsules de 10 mg de THC pr\u00e9cis\u00e9ment dos\u00e9es pour un contr\u00f4le sup\u00e9rieur de la dose et des performances pr\u00e9visibles.<\/li>\n<li>90 g\u00e9lules v\u00e9g\u00e9taliennes contenant 900mg de THC total pour une valeur exceptionnelle<\/li>\n<li>Formulation 100% v\u00e9g\u00e9tale avec des ingr\u00e9dients naturels<\/li>\n<li>Format discret et facile \u00e0 utiliser, optimis\u00e9 pour la pr\u00e9cision et la commodit\u00e9<\/li>\n<\/ul>\n<h4>Profil des cannabino\u00efdes et des terp\u00e8nes<\/h4>\n<p>Ces g\u00e9lules contiennent du THC de haute puissance et de haute puret\u00e9, dont les terp\u00e8nes ont \u00e9t\u00e9 retir\u00e9s, ce qui cr\u00e9e une exp\u00e9rience cannabino\u00efde propre et cibl\u00e9e. L&rsquo;extrait de THC raffin\u00e9 peut produire des effets euphoriques et stimulants, tout en favorisant la relaxation, la concentration, la cr\u00e9ativit\u00e9 et la motivation lucide, avec des sensations l\u00e9g\u00e8res et \u00e9nergiques.<\/p>\n<h4>Pourquoi choisir les g\u00e9lules ?<\/h4>\n<p>Les capsules de cannabis offrent aux utilisateurs m\u00e9dicaux la m\u00e9thode de dosage la plus pr\u00e9cise qui soit, avec une puissance constante et une consommation discr\u00e8te. La formulation \u00e0 action rapide offre des temps d&rsquo;action plus pr\u00e9visibles que les edibles traditionnels, ce qui facilite la gestion des calendriers de dosage et des effets th\u00e9rapeutiques.<\/p>\n<h4>Exp\u00e9dition dans tout le Canada<\/h4>\n<p>THC 10 x 90 Caps \u00e0 action rapide est exp\u00e9di\u00e9 rapidement \u00e0 travers le Canada avec une livraison gratuite pour les commandes de plus de 150 $. Notre r\u00e9seau de livraison fiable garantit que vos produits de cannabis m\u00e9dical arrivent en toute s\u00e9curit\u00e9 et en toute discr\u00e9tion \u00e0 votre porte.<\/p>\n<h4>Avantages et couverture pour les anciens combattants<\/h4>\n<p>THC 10 x 90 Caps \u00e0 action rapide est admissible \u00e0 la couverture d&rsquo;ACC (Anciens Combattants Canada) et \u00e0 la facturation directe par l&rsquo;entremise de la Croix Bleue, ce qui signifie que les anciens combattants admissibles n&rsquo;ont pas \u00e0 d\u00e9bourser d&rsquo;argent. Si vous n&rsquo;avez pas encore de carte m\u00e9dicale, vous pouvez <a href=\"https:\/\/mendomedical.ca\/fr\/carte-medicale\/\">obtenir votre carte m\u00e9dicale gratuite rapidement et facilement<\/a> pour acc\u00e9der \u00e0 ces avantages.<\/p>\n<h4>Ingr\u00e9dients<\/h4>\n<p>Cellulose microcristalline, fibres d&rsquo;agrumes, huile MCT, dioxyde de silicium, extrait de cannabis, extrait de romarin.<\/p>\n<\/div>\n","protected":false},"featured_media":267423,"comment_status":"open","ping_status":"closed","template":"","meta":{"_acf_changed":false,"site-sidebar-layout":"default","site-content-layout":"","ast-site-content-layout":"default","site-content-style":"default","site-sidebar-style":"default","ast-global-header-display":"","ast-banner-title-visibility":"","ast-main-header-display":"","ast-hfb-above-header-display":"","ast-hfb-below-header-display":"","ast-hfb-mobile-header-display":"","site-post-title":"","ast-breadcrumbs-content":"","ast-featured-img":"","footer-sml-layout":"","ast-disable-related-posts":"","theme-transparent-header-meta":"default","adv-header-id-meta":"","stick-header-meta":"","header-above-stick-meta":"","header-main-stick-meta":"","header-below-stick-meta":"","astra-migrate-meta-layouts":"set","ast-page-background-enabled":"default","ast-page-background-meta":{"desktop":{"background-color":"var(--ast-global-color-4)","background-image":"","background-repeat":"repeat","background-position":"center center","background-size":"auto","background-attachment":"scroll","background-type":"","background-media":"","overlay-type":"","overlay-color":"","overlay-opacity":"","overlay-gradient":""},"tablet":{"background-color":"","background-image":"","background-repeat":"repeat","background-position":"center center","background-size":"auto","background-attachment":"scroll","background-type":"","background-media":"","overlay-type":"","overlay-color":"","overlay-opacity":"","overlay-gradient":""},"mobile":{"background-color":"","background-image":"","background-repeat":"repeat","background-position":"center center","background-size":"auto","background-attachment":"scroll","background-type":"","background-media":"","overlay-type":"","overlay-color":"","overlay-opacity":"","overlay-gradient":""}},"ast-content-background-meta":{"desktop":{"background-color":"var(--ast-global-color-5)","background-image":"","background-repeat":"repeat","background-position":"center center","background-size":"auto","background-attachment":"scroll","background-type":"","background-media":"","overlay-type":"","overlay-color":"","overlay-opacity":"","overlay-gradient":""},"tablet":{"background-color":"var(--ast-global-color-5)","background-image":"","background-repeat":"repeat","background-position":"center center","background-size":"auto","background-attachment":"scroll","background-type":"","background-media":"","overlay-type":"","overlay-color":"","overlay-opacity":"","overlay-gradient":""},"mobile":{"background-color":"var(--ast-global-color-5)","background-image":"","background-repeat":"repeat","background-position":"center center","background-size":"auto","background-attachment":"scroll","background-type":"","background-media":"","overlay-type":"","overlay-color":"","overlay-opacity":"","overlay-gradient":""}}},"product_brand":[],"product_cat":[1115,1114],"product_tag":[],"product_format_filter":[6668],"class_list":{"0":"post-267450","1":"product","2":"type-product","3":"status-publish","4":"has-post-thumbnail","6":"product_cat-gelules-fr","7":"product_cat-gelules","8":"pa_intensity-thc-moyen","9":"pa_marques-decimal","10":"pa_origin-ontario-fr","11":"pa_type-de-plante-thc-fr","12":"product_format_filter-9units","13":"desktop-align-left","14":"tablet-align-left","15":"mobile-align-left","17":"first","18":"outofstock","19":"taxable","20":"shipping-taxable","21":"purchasable","22":"product-type-simple"},"group_of_quantity":0,"min_quantity":0,"max_quantity":"","exclude_order_quantity_value_rules":"no","exclude_category_quantity_rules":"no","combine_variations":"no","acf":[],"_links":{"self":[{"href":"https:\/\/mendomedical.ca\/fr\/wp-json\/wp\/v2\/product\/267450","targetHints":{"allow":["GET"]}}],"collection":[{"href":"https:\/\/mendomedical.ca\/fr\/wp-json\/wp\/v2\/product"}],"about":[{"href":"https:\/\/mendomedical.ca\/fr\/wp-json\/wp\/v2\/types\/product"}],"replies":[{"embeddable":true,"href":"https:\/\/mendomedical.ca\/fr\/wp-json\/wp\/v2\/comments?post=267450"}],"wp:featuredmedia":[{"embeddable":true,"href":"https:\/\/mendomedical.ca\/fr\/wp-json\/wp\/v2\/media\/267423"}],"wp:attachment":[{"href":"https:\/\/mendomedical.ca\/fr\/wp-json\/wp\/v2\/media?parent=267450"}],"wp:term":[{"taxonomy":"product_brand","embeddable":true,"href":"https:\/\/mendomedical.ca\/fr\/wp-json\/wp\/v2\/product_brand?post=267450"},{"taxonomy":"product_cat","embeddable":true,"href":"https:\/\/mendomedical.ca\/fr\/wp-json\/wp\/v2\/product_cat?post=267450"},{"taxonomy":"product_tag","embeddable":true,"href":"https:\/\/mendomedical.ca\/fr\/wp-json\/wp\/v2\/product_tag?post=267450"},{"taxonomy":"product_format_filter","embeddable":true,"href":"https:\/\/mendomedical.ca\/fr\/wp-json\/wp\/v2\/product_format_filter?post=267450"}],"curies":[{"name":"wp","href":"https:\/\/api.w.org\/{rel}","templated":true}]}}