{"id":267446,"date":"2025-08-26T08:45:10","date_gmt":"2025-08-26T12:45:10","guid":{"rendered":"https:\/\/mendomedical.ca\/product\/cbd-20-x-90-gelules-a-action-rapide\/"},"modified":"2026-03-05T09:12:23","modified_gmt":"2026-03-05T14:12:23","slug":"cbd-20-x-90-capsules-a-action-rapide","status":"publish","type":"product","link":"https:\/\/mendomedical.ca\/fr\/produit\/cbd-20-x-90-capsules-a-action-rapide\/","title":{"rendered":"CBD 20 x 90 Capsules \u00e0 action rapide"},"content":{"rendered":"","protected":false},"excerpt":{"rendered":"<div class=\"ExternalClassD08260312C82493A910BEBBB721B5E35\">\n<h3>CBD 20 x 90 Capsules \u00e0 action rapide<\/h3>\n<p>Faites l&rsquo;exp\u00e9rience d&rsquo;un dosage pr\u00e9cis avec les capsules de CBD 20mg \u00e0 action rapide de .decimal, con\u00e7ues avec la technologie innovante de poudre MyCell\u24c7 pour une absorption et une consistance sup\u00e9rieures. Chaque capsule v\u00e9g\u00e9talienne d\u00e9livre exactement 20mg de CBD de haute puret\u00e9 avec z\u00e9ro THC, offrant aux utilisateurs de cannabis m\u00e9dical une solution de dosage fiable et discr\u00e8te. Avec 90 capsules par paquet fournissant 1 800mg de CBD total, ces capsules \u00e0 action rapide repr\u00e9sentent une valeur exceptionnelle tout en offrant le contr\u00f4le pr\u00e9cis de la dose dont les utilisateurs m\u00e9dicaux ont besoin.<\/p>\n<h4>Caract\u00e9ristiques principales<\/h4>\n<ul>\n<li>1 800 mg de CBD total par paquet (90 capsules \u00d7 20 mg chacune) sans THC<\/li>\n<li>Technologie exclusive de poudre MyCell\u24c7 pour une absorption plus rapide et plus coh\u00e9rente que les softgels traditionnels.<\/li>\n<li>Con\u00e7u avec pr\u00e9cision pour un contr\u00f4le sup\u00e9rieur de la dose et des performances pr\u00e9visibles<\/li>\n<li>Formulation 100% v\u00e9g\u00e9tale avec des capsules v\u00e9g\u00e9taliennes et des ingr\u00e9dients naturels<\/li>\n<li>Format de capsules discret et pratique, id\u00e9al pour un dosage en d\u00e9placement<\/li>\n<\/ul>\n<h4>Profil des cannabino\u00efdes<\/h4>\n<p>Ces capsules \u00e0 action rapide contiennent du CBD de haute puret\u00e9 avec z\u00e9ro THC et terp\u00e8nes retir\u00e9s, offrant une exp\u00e9rience cannabino\u00efde propre et isol\u00e9e. La formulation purifi\u00e9e garantit des effets constants, notamment la relaxation, le calme, la clart\u00e9 d&rsquo;esprit et des sensations apaisantes avec une sensation de l\u00e9g\u00e8ret\u00e9, ce qui permet de l&rsquo;utiliser en journ\u00e9e ou en soir\u00e9e.<\/p>\n<h4>Pourquoi choisir les capsules de CBD ?<\/h4>\n<p>Les capsules de CBD offrent aux utilisateurs m\u00e9dicaux une commodit\u00e9 et une pr\u00e9cision de dosage in\u00e9gal\u00e9es par rapport \u00e0 d&rsquo;autres formats. Les capsules discr\u00e8tes et insipides \u00e9liminent les conjectures tout en offrant des effets durables, ce qui les rend id\u00e9ales pour les patients qui ont besoin de doses constantes et mesurables tout au long de leur r\u00e9gime de traitement.<\/p>\n<h4>Exp\u00e9dition dans tout le Canada<\/h4>\n<p>CBD 20 x 90 Fast-Acting Caps est exp\u00e9di\u00e9 rapidement \u00e0 travers le Canada avec une livraison rapide et fiable \u00e0 votre porte. Profitez de la livraison gratuite pour les commandes de plus de 150 $, ce qui rend encore plus facile le maintien de votre routine de cannabis m\u00e9dical sans interruption.<\/p>\n<h4>Avantages et couverture pour les anciens combattants<\/h4>\n<p>CBD 20 x 90 Fast-Acting Caps est admissible \u00e0 la couverture d&rsquo;ACC (Anciens Combattants Canada) et \u00e0 la facturation directe par l&rsquo;entremise de la Croix Bleue, ce qui signifie que les anciens combattants admissibles n&rsquo;ont pas \u00e0 d\u00e9bourser d&rsquo;argent. Si vous n&rsquo;avez pas encore de carte m\u00e9dicale, vous pouvez <a href=\"https:\/\/mendomedical.ca\/fr\/carte-medicale\/\">obtenir votre carte m\u00e9dicale gratuite rapidement et facilement<\/a> pour acc\u00e9der \u00e0 ces avantages.<\/p>\n<h4>Ingr\u00e9dients<\/h4>\n<p>Cellulose microcristalline, hydroxypropylm\u00e9thylcellulose, fibres d&rsquo;agrumes, huile MCT, extrait de cannabis, dioxyde de silicium, extrait de romarin.<\/p>\n<\/div>\n","protected":false},"featured_media":267431,"comment_status":"open","ping_status":"closed","template":"","meta":{"_acf_changed":false,"site-sidebar-layout":"default","site-content-layout":"","ast-site-content-layout":"default","site-content-style":"default","site-sidebar-style":"default","ast-global-header-display":"","ast-banner-title-visibility":"","ast-main-header-display":"","ast-hfb-above-header-display":"","ast-hfb-below-header-display":"","ast-hfb-mobile-header-display":"","site-post-title":"","ast-breadcrumbs-content":"","ast-featured-img":"","footer-sml-layout":"","ast-disable-related-posts":"","theme-transparent-header-meta":"default","adv-header-id-meta":"","stick-header-meta":"","header-above-stick-meta":"","header-main-stick-meta":"","header-below-stick-meta":"","astra-migrate-meta-layouts":"set","ast-page-background-enabled":"default","ast-page-background-meta":{"desktop":{"background-color":"var(--ast-global-color-4)","background-image":"","background-repeat":"repeat","background-position":"center center","background-size":"auto","background-attachment":"scroll","background-type":"","background-media":"","overlay-type":"","overlay-color":"","overlay-opacity":"","overlay-gradient":""},"tablet":{"background-color":"","background-image":"","background-repeat":"repeat","background-position":"center center","background-size":"auto","background-attachment":"scroll","background-type":"","background-media":"","overlay-type":"","overlay-color":"","overlay-opacity":"","overlay-gradient":""},"mobile":{"background-color":"","background-image":"","background-repeat":"repeat","background-position":"center center","background-size":"auto","background-attachment":"scroll","background-type":"","background-media":"","overlay-type":"","overlay-color":"","overlay-opacity":"","overlay-gradient":""}},"ast-content-background-meta":{"desktop":{"background-color":"var(--ast-global-color-5)","background-image":"","background-repeat":"repeat","background-position":"center center","background-size":"auto","background-attachment":"scroll","background-type":"","background-media":"","overlay-type":"","overlay-color":"","overlay-opacity":"","overlay-gradient":""},"tablet":{"background-color":"var(--ast-global-color-5)","background-image":"","background-repeat":"repeat","background-position":"center center","background-size":"auto","background-attachment":"scroll","background-type":"","background-media":"","overlay-type":"","overlay-color":"","overlay-opacity":"","overlay-gradient":""},"mobile":{"background-color":"var(--ast-global-color-5)","background-image":"","background-repeat":"repeat","background-position":"center center","background-size":"auto","background-attachment":"scroll","background-type":"","background-media":"","overlay-type":"","overlay-color":"","overlay-opacity":"","overlay-gradient":""}}},"product_brand":[],"product_cat":[1115,3853,1114],"product_tag":[],"product_format_filter":[6668],"class_list":{"0":"post-267446","1":"product","2":"type-product","3":"status-publish","4":"has-post-thumbnail","6":"product_cat-gelules-fr","7":"product_cat-cbd-minors-5-fr","8":"product_cat-gelules","9":"pa_intensity-faible-cbd","10":"pa_marques-decimal","11":"pa_origin-ontario-fr","12":"pa_type-de-plante-cbd-fr","13":"product_format_filter-9units","14":"desktop-align-left","15":"tablet-align-left","16":"mobile-align-left","18":"first","19":"instock","20":"taxable","21":"shipping-taxable","22":"purchasable","23":"product-type-simple"},"group_of_quantity":0,"min_quantity":0,"max_quantity":"","exclude_order_quantity_value_rules":"no","exclude_category_quantity_rules":"no","combine_variations":"no","acf":[],"_links":{"self":[{"href":"https:\/\/mendomedical.ca\/fr\/wp-json\/wp\/v2\/product\/267446","targetHints":{"allow":["GET"]}}],"collection":[{"href":"https:\/\/mendomedical.ca\/fr\/wp-json\/wp\/v2\/product"}],"about":[{"href":"https:\/\/mendomedical.ca\/fr\/wp-json\/wp\/v2\/types\/product"}],"replies":[{"embeddable":true,"href":"https:\/\/mendomedical.ca\/fr\/wp-json\/wp\/v2\/comments?post=267446"}],"wp:featuredmedia":[{"embeddable":true,"href":"https:\/\/mendomedical.ca\/fr\/wp-json\/wp\/v2\/media\/267431"}],"wp:attachment":[{"href":"https:\/\/mendomedical.ca\/fr\/wp-json\/wp\/v2\/media?parent=267446"}],"wp:term":[{"taxonomy":"product_brand","embeddable":true,"href":"https:\/\/mendomedical.ca\/fr\/wp-json\/wp\/v2\/product_brand?post=267446"},{"taxonomy":"product_cat","embeddable":true,"href":"https:\/\/mendomedical.ca\/fr\/wp-json\/wp\/v2\/product_cat?post=267446"},{"taxonomy":"product_tag","embeddable":true,"href":"https:\/\/mendomedical.ca\/fr\/wp-json\/wp\/v2\/product_tag?post=267446"},{"taxonomy":"product_format_filter","embeddable":true,"href":"https:\/\/mendomedical.ca\/fr\/wp-json\/wp\/v2\/product_format_filter?post=267446"}],"curies":[{"name":"wp","href":"https:\/\/api.w.org\/{rel}","templated":true}]}}