{"id":267435,"date":"2025-08-26T09:00:24","date_gmt":"2025-08-26T13:00:24","guid":{"rendered":"https:\/\/mendomedical.ca\/product\/equilibre-55-x-90-gelules-a-action-rapide\/"},"modified":"2026-03-27T15:32:21","modified_gmt":"2026-03-27T19:32:21","slug":"equilibre-55-x-90-capsules-a-action-rapide","status":"publish","type":"product","link":"https:\/\/mendomedical.ca\/fr\/produit\/equilibre-55-x-90-capsules-a-action-rapide\/","title":{"rendered":"\u00c9quilibr\u00e9 5:5 x 90 Capsules \u00e0 action rapide"},"content":{"rendered":"","protected":false},"excerpt":{"rendered":"<div class=\"ExternalClass0BFB1DFC5D16477F8F7B752BDED139CF\">\n<h3>\u00c9quilibr\u00e9 5:5 x 90 Capsules \u00e0 action rapide<\/h3>\n<p>Faites l&rsquo;exp\u00e9rience d&rsquo;un dosage pr\u00e9cis avec les capsules \u00e9quilibr\u00e9es 5:5 \u00e0 action rapide de .decimal, dot\u00e9es de la technologie avanc\u00e9e de poudre MyCell\u24c7 pour un d\u00e9but rapide et une absorption coh\u00e9rente. Chaque g\u00e9lule v\u00e9g\u00e9talienne d\u00e9livre exactement 5mg de THC et 5mg de CBD, offrant un profil cannabino\u00efde \u00e9quilibr\u00e9 con\u00e7u pour un contr\u00f4le sup\u00e9rieur de la dose et des effets pr\u00e9visibles. Avec 90 capsules par paquet, ce format offre une commodit\u00e9 et une valeur exceptionnelles pour les patients de cannabis m\u00e9dical \u00e0 la recherche d&rsquo;un dosage fiable et discret.<\/p>\n<h4>Caract\u00e9ristiques principales et points forts du produit<\/h4>\n<ul>\n<li>Capsules pr\u00e9cis\u00e9ment dos\u00e9es contenant 5mg de THC + 5mg de CBD chacune (450mg au total par compos\u00e9)<\/li>\n<li>La technologie exclusive de poudre MyCell\u24c7 offre une absorption plus rapide et plus coh\u00e9rente que les softgels traditionnels.<\/li>\n<li>L&#8217;emballage de 90 capsules offre un rapport qualit\u00e9-prix exceptionnel et un approvisionnement durable.<\/li>\n<li>Formulation 100% v\u00e9g\u00e9tale avec des capsules v\u00e9g\u00e9taliennes et des ingr\u00e9dients naturels<\/li>\n<li>Format discret et inodore, id\u00e9al pour un dosage quotidien r\u00e9gulier<\/li>\n<\/ul>\n<h4>Profil des cannabino\u00efdes et des terp\u00e8nes<\/h4>\n<p>Ces capsules pr\u00e9sentent un rapport 1:1 parfaitement \u00e9quilibr\u00e9 entre le THC et le CBD, les terp\u00e8nes ayant \u00e9t\u00e9 retir\u00e9s pour une exp\u00e9rience propre et coh\u00e9rente. Le profil \u00e9quilibr\u00e9 des cannabino\u00efdes peut aider \u00e0 soutenir une gamme d&rsquo;effets potentiels, y compris des sensations euphoriques et exaltantes \u00e9quilibr\u00e9es par des propri\u00e9t\u00e9s calmantes et apaisantes. Les utilisateurs peuvent ressentir une concentration et une cr\u00e9ativit\u00e9 accrues, tout en conservant une sensation de clart\u00e9 et de l\u00e9g\u00e8ret\u00e9, avec des effets \u00e9nergiques mais \u00e9quilibr\u00e9s.<\/p>\n<h4>Pourquoi choisir les g\u00e9lules ?<\/h4>\n<p>Les capsules de cannabis offrent aux utilisateurs m\u00e9dicaux une pr\u00e9cision et une coh\u00e9rence in\u00e9gal\u00e9es en mati\u00e8re de dosage. Leur format discret \u00e9limine les probl\u00e8mes de go\u00fbt et d&rsquo;odeur tout en offrant des temps d&rsquo;action et des effets pr\u00e9visibles, ce qui les rend id\u00e9ales pour les patients qui ont besoin d&rsquo;une gestion fiable de leurs sympt\u00f4mes tout au long de leur vie quotidienne.<\/p>\n<h4>Exp\u00e9dition dans tout le Canada<\/h4>\n<p>Balanced 5:5 x 90 Fast-Acting Caps est exp\u00e9di\u00e9 rapidement \u00e0 travers le Canada avec une livraison rapide et fiable. Nous offrons la livraison gratuite pour les commandes de plus de 150 $, ce qui rend pratique et abordable le maintien de votre approvisionnement en cannabis m\u00e9dical.<\/p>\n<h4>Avantages et couverture pour les anciens combattants<\/h4>\n<p>Les capsules \u00e0 action rapide Balanced 5:5 x 90 sont admissibles \u00e0 la couverture d&rsquo;ACC (Anciens Combattants Canada) et \u00e0 la facturation directe par l&rsquo;entremise de la Croix Bleue, ce qui signifie que les anciens combattants admissibles n&rsquo;ont pas \u00e0 d\u00e9bourser d&rsquo;argent. Si vous n&rsquo;avez pas encore de carte m\u00e9dicale, vous pouvez <a href=\"https:\/\/mendomedical.ca\/fr\/carte-medicale\/\">obtenir votre carte m\u00e9dicale gratuite rapidement et facilement<\/a> pour acc\u00e9der \u00e0 ces avantages.<\/p>\n<h4>Ingr\u00e9dients<\/h4>\n<p>Cellulose microcristalline, fibres d&rsquo;agrumes, huile MCT, dioxyde de silicium, extrait de cannabis, extrait de romarin.<\/p>\n<\/div>\n","protected":false},"featured_media":267429,"comment_status":"open","ping_status":"closed","template":"","meta":{"_acf_changed":false,"site-sidebar-layout":"default","site-content-layout":"","ast-site-content-layout":"default","site-content-style":"default","site-sidebar-style":"default","ast-global-header-display":"","ast-banner-title-visibility":"","ast-main-header-display":"","ast-hfb-above-header-display":"","ast-hfb-below-header-display":"","ast-hfb-mobile-header-display":"","site-post-title":"","ast-breadcrumbs-content":"","ast-featured-img":"","footer-sml-layout":"","ast-disable-related-posts":"","theme-transparent-header-meta":"default","adv-header-id-meta":"","stick-header-meta":"","header-above-stick-meta":"","header-main-stick-meta":"","header-below-stick-meta":"","astra-migrate-meta-layouts":"set","ast-page-background-enabled":"default","ast-page-background-meta":{"desktop":{"background-color":"var(--ast-global-color-4)","background-image":"","background-repeat":"repeat","background-position":"center center","background-size":"auto","background-attachment":"scroll","background-type":"","background-media":"","overlay-type":"","overlay-color":"","overlay-opacity":"","overlay-gradient":""},"tablet":{"background-color":"","background-image":"","background-repeat":"repeat","background-position":"center center","background-size":"auto","background-attachment":"scroll","background-type":"","background-media":"","overlay-type":"","overlay-color":"","overlay-opacity":"","overlay-gradient":""},"mobile":{"background-color":"","background-image":"","background-repeat":"repeat","background-position":"center center","background-size":"auto","background-attachment":"scroll","background-type":"","background-media":"","overlay-type":"","overlay-color":"","overlay-opacity":"","overlay-gradient":""}},"ast-content-background-meta":{"desktop":{"background-color":"var(--ast-global-color-5)","background-image":"","background-repeat":"repeat","background-position":"center center","background-size":"auto","background-attachment":"scroll","background-type":"","background-media":"","overlay-type":"","overlay-color":"","overlay-opacity":"","overlay-gradient":""},"tablet":{"background-color":"var(--ast-global-color-5)","background-image":"","background-repeat":"repeat","background-position":"center center","background-size":"auto","background-attachment":"scroll","background-type":"","background-media":"","overlay-type":"","overlay-color":"","overlay-opacity":"","overlay-gradient":""},"mobile":{"background-color":"var(--ast-global-color-5)","background-image":"","background-repeat":"repeat","background-position":"center center","background-size":"auto","background-attachment":"scroll","background-type":"","background-media":"","overlay-type":"","overlay-color":"","overlay-opacity":"","overlay-gradient":""}}},"product_brand":[],"product_cat":[1115,3853,1114],"product_tag":[],"product_format_filter":[6668],"class_list":{"0":"post-267435","1":"product","2":"type-product","3":"status-publish","4":"has-post-thumbnail","6":"product_cat-gelules-fr","7":"product_cat-cbd-minors-5-fr","8":"product_cat-gelules","9":"pa_intensity-faible-thc","10":"pa_intensity-faible-cbd","11":"pa_marques-decimal","12":"pa_origin-ontario-fr","13":"pa_type-de-plante-cbd-fr","14":"pa_type-de-plante-thc-fr","15":"product_format_filter-9units","16":"desktop-align-left","17":"tablet-align-left","18":"mobile-align-left","20":"first","21":"instock","22":"taxable","23":"shipping-taxable","24":"purchasable","25":"product-type-simple"},"group_of_quantity":0,"min_quantity":0,"max_quantity":"","exclude_order_quantity_value_rules":"no","exclude_category_quantity_rules":"no","combine_variations":"no","acf":[],"_links":{"self":[{"href":"https:\/\/mendomedical.ca\/fr\/wp-json\/wp\/v2\/product\/267435","targetHints":{"allow":["GET"]}}],"collection":[{"href":"https:\/\/mendomedical.ca\/fr\/wp-json\/wp\/v2\/product"}],"about":[{"href":"https:\/\/mendomedical.ca\/fr\/wp-json\/wp\/v2\/types\/product"}],"replies":[{"embeddable":true,"href":"https:\/\/mendomedical.ca\/fr\/wp-json\/wp\/v2\/comments?post=267435"}],"wp:featuredmedia":[{"embeddable":true,"href":"https:\/\/mendomedical.ca\/fr\/wp-json\/wp\/v2\/media\/267429"}],"wp:attachment":[{"href":"https:\/\/mendomedical.ca\/fr\/wp-json\/wp\/v2\/media?parent=267435"}],"wp:term":[{"taxonomy":"product_brand","embeddable":true,"href":"https:\/\/mendomedical.ca\/fr\/wp-json\/wp\/v2\/product_brand?post=267435"},{"taxonomy":"product_cat","embeddable":true,"href":"https:\/\/mendomedical.ca\/fr\/wp-json\/wp\/v2\/product_cat?post=267435"},{"taxonomy":"product_tag","embeddable":true,"href":"https:\/\/mendomedical.ca\/fr\/wp-json\/wp\/v2\/product_tag?post=267435"},{"taxonomy":"product_format_filter","embeddable":true,"href":"https:\/\/mendomedical.ca\/fr\/wp-json\/wp\/v2\/product_format_filter?post=267435"}],"curies":[{"name":"wp","href":"https:\/\/api.w.org\/{rel}","templated":true}]}}