{"id":267231,"date":"2025-08-26T08:40:31","date_gmt":"2025-08-26T12:40:31","guid":{"rendered":"https:\/\/mendomedical.ca\/product\/thc-berry-drops\/"},"modified":"2026-03-03T09:07:06","modified_gmt":"2026-03-03T14:07:06","slug":"gouttes-thc-berry","status":"publish","type":"product","link":"https:\/\/mendomedical.ca\/fr\/produit\/gouttes-thc-berry\/","title":{"rendered":"THC Berry Drops"},"content":{"rendered":"","protected":false},"excerpt":{"rendered":"<div class=\"ExternalClass31C37A3F7E5F4540933C4B5A99BC676D\">\n<h3>THC Berry Drops par MOD<\/h3>\n<p>MOD THC Berry Drops offre un dosage de pr\u00e9cision avec une technologie de nano-\u00e9mulsion de nouvelle g\u00e9n\u00e9ration dans un format pratique de 3ml. Cette teinture de THC tr\u00e8s puissante et hydrosoluble offre une biodisponibilit\u00e9 am\u00e9lior\u00e9e gr\u00e2ce au syst\u00e8me de diffusion avanc\u00e9 MyCell\u24c7, ce qui permet d&rsquo;obtenir des effets plus rapides et plus pr\u00e9visibles que les huiles de cannabis traditionnelles. Avec 60mg de THC pur et un dosage pr\u00e9cis de 1mg par goutte, ces gouttes au go\u00fbt de baies \u00e9liminent les conjectures tout en offrant une personnalisation compl\u00e8te pour votre routine de cannabis m\u00e9dical.  <\/p>\n<h4>Caract\u00e9ristiques principales<\/h4>\n<ul>\n<li>60 mg de THC de haute puret\u00e9 avec une technologie de nano-\u00e9mulsion avanc\u00e9e pour une absorption sup\u00e9rieure<\/li>\n<li>Contr\u00f4le pr\u00e9cis du dosage avec 1 goutte = 1mg de THC pour une th\u00e9rapie personnalis\u00e9e au cannabis m\u00e9dical<\/li>\n<li>Le flacon compte-gouttes portable est parfait pour un dosage discret en d\u00e9placement.<\/li>\n<li>L&rsquo;ar\u00f4me naturel de baies masque le go\u00fbt du cannabis pour une exp\u00e9rience de dosage plus agr\u00e9able.<\/li>\n<li>Formule 100% naturelle, sans sucre, avec des ingr\u00e9dients clean-label<\/li>\n<\/ul>\n<h4>Saveur, ar\u00f4me et profil cannabique<\/h4>\n<p>Ces gouttes de THC ont un go\u00fbt subtil de baies naturelles qui masque efficacement tout go\u00fbt de cannabis, rendant chaque dose agr\u00e9able et facile \u00e0 prendre. L&rsquo;ar\u00f4me pr\u00e9sente un l\u00e9ger soup\u00e7on de baies naturelles, tandis que le profil cannabino\u00efde est compos\u00e9 de THC de haute puret\u00e9 dont les terp\u00e8nes ont \u00e9t\u00e9 retir\u00e9s pour des effets constants et pr\u00e9visibles. Cette formulation peut soutenir des sentiments d&rsquo;euphorie, de relaxation et de clart\u00e9 mentale tout en maintenant une exp\u00e9rience l\u00e9g\u00e8re id\u00e9ale pour une utilisation en journ\u00e9e ou en soir\u00e9e.  <\/p>\n<h4>Pourquoi choisir MOD Drop ?<\/h4>\n<p>MOD Drop est une teinture de THC hydrosoluble \u00e0 action rapide dans un flacon compressible compact con\u00e7u pour un dosage facile et personnalisable. Formul\u00e9 avec la technologie avanc\u00e9e du syst\u00e8me de d\u00e9livrance MyCell\u24c7 pour une absorption et une biodisponibilit\u00e9 am\u00e9lior\u00e9es, MOD offre une exp\u00e9rience plus rapide, plus pr\u00e9visible et plus coh\u00e9rente, sans go\u00fbt amer de cannabis.MOD est con\u00e7u pour une ingestion orale, sur ou sous la langue, ou si vous le pr\u00e9f\u00e9rez, il peut \u00eatre ajout\u00e9 \u00e0 de l&rsquo;eau. Flacon compte-gouttes portable pour un dosage facile en d\u00e9placement - Saveur naturelle sans go\u00fbt de cannabis, rendant le dosage plus agr\u00e9able - Formulation 100% naturelle et sans sucre pour un produit clean-label dont vous pouvez vous sentir fier.  <\/p>\n<h4>Exp\u00e9dition dans tout le Canada<\/h4>\n<p>Les gouttes de THC Berry sont exp\u00e9di\u00e9es rapidement partout au Canada et la livraison est gratuite pour les commandes de plus de 150 $. Notre r\u00e9seau de livraison fiable veille \u00e0 ce que vos produits de cannabis m\u00e9dical arrivent \u00e0 votre porte en toute s\u00e9curit\u00e9 et en toute discr\u00e9tion, tout en pr\u00e9servant l&rsquo;int\u00e9grit\u00e9 du produit tout au long du transport. <\/p>\n<h4>Avantages et couverture pour les anciens combattants<\/h4>\n<p>Les gouttes THC Berry sont admissibles \u00e0 la couverture d&rsquo;Anciens Combattants Canada (ACC) avec facturation directe par l&rsquo;entremise de la Croix Bleue, ce qui signifie que les anciens combattants admissibles n&rsquo;ont pas \u00e0 d\u00e9bourser d&rsquo;argent. Si vous n&rsquo;avez pas encore de carte de cannabis m\u00e9dical, vous pouvez <a href=\"https:\/\/mendomedical.ca\/fr\/carte-medicale\/\">obtenir votre carte m\u00e9dicale gratuite rapidement et facilement<\/a> pour acc\u00e9der \u00e0 ces avantages et commencer votre traitement. <\/p>\n<h4>Ingr\u00e9dients<\/h4>\n<p>Eau, glyc\u00e9rine, propyl\u00e8ne glycol, l\u00e9cithine, huile MCT, distillat de cannabis, gomme arabique, acide ascorbique, tocoph\u00e9rols, ar\u00f4me naturel. Contient : Soja<\/p>\n<\/div>\n","protected":false},"featured_media":267132,"comment_status":"open","ping_status":"closed","template":"","meta":{"_acf_changed":false,"site-sidebar-layout":"default","site-content-layout":"","ast-site-content-layout":"default","site-content-style":"default","site-sidebar-style":"default","ast-global-header-display":"","ast-banner-title-visibility":"","ast-main-header-display":"","ast-hfb-above-header-display":"","ast-hfb-below-header-display":"","ast-hfb-mobile-header-display":"","site-post-title":"","ast-breadcrumbs-content":"","ast-featured-img":"","footer-sml-layout":"","ast-disable-related-posts":"","theme-transparent-header-meta":"default","adv-header-id-meta":"","stick-header-meta":"","header-above-stick-meta":"","header-main-stick-meta":"","header-below-stick-meta":"","astra-migrate-meta-layouts":"set","ast-page-background-enabled":"default","ast-page-background-meta":{"desktop":{"background-color":"var(--ast-global-color-4)","background-image":"","background-repeat":"repeat","background-position":"center center","background-size":"auto","background-attachment":"scroll","background-type":"","background-media":"","overlay-type":"","overlay-color":"","overlay-opacity":"","overlay-gradient":""},"tablet":{"background-color":"","background-image":"","background-repeat":"repeat","background-position":"center center","background-size":"auto","background-attachment":"scroll","background-type":"","background-media":"","overlay-type":"","overlay-color":"","overlay-opacity":"","overlay-gradient":""},"mobile":{"background-color":"","background-image":"","background-repeat":"repeat","background-position":"center center","background-size":"auto","background-attachment":"scroll","background-type":"","background-media":"","overlay-type":"","overlay-color":"","overlay-opacity":"","overlay-gradient":""}},"ast-content-background-meta":{"desktop":{"background-color":"var(--ast-global-color-5)","background-image":"","background-repeat":"repeat","background-position":"center center","background-size":"auto","background-attachment":"scroll","background-type":"","background-media":"","overlay-type":"","overlay-color":"","overlay-opacity":"","overlay-gradient":""},"tablet":{"background-color":"var(--ast-global-color-5)","background-image":"","background-repeat":"repeat","background-position":"center center","background-size":"auto","background-attachment":"scroll","background-type":"","background-media":"","overlay-type":"","overlay-color":"","overlay-opacity":"","overlay-gradient":""},"mobile":{"background-color":"var(--ast-global-color-5)","background-image":"","background-repeat":"repeat","background-position":"center center","background-size":"auto","background-attachment":"scroll","background-type":"","background-media":"","overlay-type":"","overlay-color":"","overlay-opacity":"","overlay-gradient":""}}},"product_brand":[],"product_cat":[1131,3825,1135,1128],"product_tag":[],"product_format_filter":[6400],"class_list":{"0":"post-267231","1":"product","2":"type-product","3":"status-publish","4":"has-post-thumbnail","6":"product_cat-boissons","7":"product_cat-cbd-minors-3-fr","8":"product_cat-sans-sucre","9":"product_cat-comestibles","10":"pa_flavours-baies","11":"pa_intensity-thc-eleve","12":"pa_marques-mod","13":"pa_origin-ontario-fr","14":"pa_type-de-plante-thc-fr","15":"product_format_filter-3ml","16":"desktop-align-left","17":"tablet-align-left","18":"mobile-align-left","20":"first","21":"instock","22":"taxable","23":"shipping-taxable","24":"purchasable","25":"product-type-simple"},"group_of_quantity":0,"min_quantity":0,"max_quantity":"","exclude_order_quantity_value_rules":"no","exclude_category_quantity_rules":"no","combine_variations":"no","acf":[],"_links":{"self":[{"href":"https:\/\/mendomedical.ca\/fr\/wp-json\/wp\/v2\/product\/267231","targetHints":{"allow":["GET"]}}],"collection":[{"href":"https:\/\/mendomedical.ca\/fr\/wp-json\/wp\/v2\/product"}],"about":[{"href":"https:\/\/mendomedical.ca\/fr\/wp-json\/wp\/v2\/types\/product"}],"replies":[{"embeddable":true,"href":"https:\/\/mendomedical.ca\/fr\/wp-json\/wp\/v2\/comments?post=267231"}],"wp:featuredmedia":[{"embeddable":true,"href":"https:\/\/mendomedical.ca\/fr\/wp-json\/wp\/v2\/media\/267132"}],"wp:attachment":[{"href":"https:\/\/mendomedical.ca\/fr\/wp-json\/wp\/v2\/media?parent=267231"}],"wp:term":[{"taxonomy":"product_brand","embeddable":true,"href":"https:\/\/mendomedical.ca\/fr\/wp-json\/wp\/v2\/product_brand?post=267231"},{"taxonomy":"product_cat","embeddable":true,"href":"https:\/\/mendomedical.ca\/fr\/wp-json\/wp\/v2\/product_cat?post=267231"},{"taxonomy":"product_tag","embeddable":true,"href":"https:\/\/mendomedical.ca\/fr\/wp-json\/wp\/v2\/product_tag?post=267231"},{"taxonomy":"product_format_filter","embeddable":true,"href":"https:\/\/mendomedical.ca\/fr\/wp-json\/wp\/v2\/product_format_filter?post=267231"}],"curies":[{"name":"wp","href":"https:\/\/api.w.org\/{rel}","templated":true}]}}