{"id":267230,"date":"2025-08-26T08:00:46","date_gmt":"2025-08-26T12:00:46","guid":{"rendered":"https:\/\/mendomedical.ca\/product\/thc-1000-gouttes-paquet-de-10\/"},"modified":"2025-12-16T15:53:40","modified_gmt":"2025-12-16T20:53:40","slug":"gouttes-thc-1000-10-pack","status":"publish","type":"product","link":"https:\/\/mendomedical.ca\/fr\/produit\/gouttes-thc-1000-10-pack\/","title":{"rendered":"THC 1000 gouttes paquet de 10"},"content":{"rendered":"","protected":false},"excerpt":{"rendered":"<div class=\"ExternalClassFAED7E725694471EAFD2F5A1D5642B3C\">\n<h3>THC 1000 Drops 10-Pack by MOD<\/h3>\n<p>Le pack de 10 gouttes MOD THC 1000 offre un dosage pr\u00e9cis et personnalisable avec une technologie de nano\u00e9mulsion avanc\u00e9e pour une meilleure absorption et un effet plus rapide. Ce pack pratique de 10 gouttes contient des teintures de THC hydrosolubles dans des flacons compacts \u00e0 presser, d\u00e9livrant 1 000 mg de THC de haute puret\u00e9 dans dix flacons de 100 mg. Avec un go\u00fbt de cannabis pratiquement inexistant et un dosage simple de 1 goutte \u00e9gale 1 mg, ces gouttes constituent un moyen discret et flexible de g\u00e9rer votre consommation de cannabis \u00e0 la demande.  <\/p>\n<h4>Caract\u00e9ristiques principales<\/h4>\n<ul>\n<li>1 000 mg de THC total de haute puret\u00e9 r\u00e9partis sur 10 bouteilles (100 mg par bouteille)<\/li>\n<li>Technologie avanc\u00e9e de nano\u00e9mulsion MyCell\u24c7 pour une absorption plus rapide et une biodisponibilit\u00e9 am\u00e9lior\u00e9e.<\/li>\n<li>Syst\u00e8me de dosage pr\u00e9cis 1 goutte = 1mg de THC pour une personnalisation compl\u00e8te<\/li>\n<li>Formule pratiquement insipide, sans go\u00fbt amer de cannabis<\/li>\n<li>Les flacons compte-gouttes portables sont parfaits pour un dosage discret en d\u00e9placement.<\/li>\n<\/ul>\n<h4>Profil et effets<\/h4>\n<p>Ces gouttes contiennent du THC de haute puissance et de haute puret\u00e9, dont les terp\u00e8nes ont \u00e9t\u00e9 \u00e9limin\u00e9s, ce qui cr\u00e9e une exp\u00e9rience propre, pratiquement sans go\u00fbt et sans ar\u00f4me perceptible. Les utilisateurs peuvent ressentir une s\u00e9rie d&rsquo;effets potentiels, notamment des sensations euphoriques et stimulantes, ainsi que des sentiments de relaxation et de calme. La formulation peut \u00e9galement favoriser la concentration, la cr\u00e9ativit\u00e9 et la clart\u00e9 d&rsquo;esprit, tout en procurant des effets apaisants et l\u00e9gers.  <\/p>\n<h4>Pourquoi choisir MOD Drop ?<\/h4>\n<p>MOD Drop est une teinture de THC hydrosoluble \u00e0 action rapide dans un flacon compressible compact con\u00e7u pour un dosage facile et personnalisable. Formul\u00e9 avec la technologie avanc\u00e9e du syst\u00e8me de d\u00e9livrance MyCell\u24c7 pour une absorption et une biodisponibilit\u00e9 am\u00e9lior\u00e9es, MOD offre une exp\u00e9rience plus rapide, plus pr\u00e9visible et plus coh\u00e9rente, sans go\u00fbt amer de cannabis.MOD est con\u00e7u pour une ingestion orale, sur ou sous la langue, ou si vous le pr\u00e9f\u00e9rez, il peut \u00eatre ajout\u00e9 \u00e0 de l&rsquo;eau. Flacon compte-gouttes portable pour un dosage facile en d\u00e9placement - Saveur naturelle sans go\u00fbt de cannabis, rendant le dosage plus agr\u00e9able - Formulation 100% naturelle et sans sucre pour un produit clean-label dont vous pouvez vous sentir fier.  <\/p>\n<h4>Exp\u00e9dition dans tout le Canada<\/h4>\n<p>MOD THC 1000 Drops 10-Pack est exp\u00e9di\u00e9 rapidement \u00e0 travers le Canada avec une livraison gratuite pour les commandes de plus de 150 $. Notre r\u00e9seau de livraison efficace garantit que vos produits de cannabis m\u00e9dical arrivent \u00e0 votre porte en toute s\u00e9curit\u00e9 et en toute discr\u00e9tion. <\/p>\n<h4>Avantages et couverture pour les anciens combattants<\/h4>\n<p>Le paquet de 10 gouttes MOD THC 1000 est admissible \u00e0 la couverture d&rsquo;Anciens Combattants Canada (ACC) avec facturation directe par l&rsquo;entremise de la Croix Bleue, ce qui signifie que les anciens combattants admissibles n&rsquo;ont pas \u00e0 d\u00e9bourser d&rsquo;argent. Vous n&rsquo;avez pas encore votre carte de cannabis m\u00e9dical ? <a href=\"https:\/\/mendomedical.ca\/fr\/carte-medicale\/\">Obtenez votre carte m\u00e9dicale gratuite rapidement et facilement<\/a> pour acc\u00e9der \u00e0 ces avantages et commencer votre traitement. <\/p>\n<h4>Ingr\u00e9dients<\/h4>\n<p>Glyc\u00e9rine, eau, propyl\u00e8ne glycol, l\u00e9cithine (soja), huile MCT, extrait de cannabis, gomme arabique, acide ascorbique, tocoph\u00e9rols, ar\u00f4me naturel.<br \/>\nContient : Soja<\/p>\n<\/div>\n","protected":false},"featured_media":267136,"comment_status":"open","ping_status":"closed","template":"","meta":{"_acf_changed":false,"site-sidebar-layout":"default","site-content-layout":"","ast-site-content-layout":"default","site-content-style":"default","site-sidebar-style":"default","ast-global-header-display":"","ast-banner-title-visibility":"","ast-main-header-display":"","ast-hfb-above-header-display":"","ast-hfb-below-header-display":"","ast-hfb-mobile-header-display":"","site-post-title":"","ast-breadcrumbs-content":"","ast-featured-img":"","footer-sml-layout":"","ast-disable-related-posts":"","theme-transparent-header-meta":"default","adv-header-id-meta":"","stick-header-meta":"","header-above-stick-meta":"","header-main-stick-meta":"","header-below-stick-meta":"","astra-migrate-meta-layouts":"set","ast-page-background-enabled":"default","ast-page-background-meta":{"desktop":{"background-color":"var(--ast-global-color-4)","background-image":"","background-repeat":"repeat","background-position":"center center","background-size":"auto","background-attachment":"scroll","background-type":"","background-media":"","overlay-type":"","overlay-color":"","overlay-opacity":"","overlay-gradient":""},"tablet":{"background-color":"","background-image":"","background-repeat":"repeat","background-position":"center center","background-size":"auto","background-attachment":"scroll","background-type":"","background-media":"","overlay-type":"","overlay-color":"","overlay-opacity":"","overlay-gradient":""},"mobile":{"background-color":"","background-image":"","background-repeat":"repeat","background-position":"center center","background-size":"auto","background-attachment":"scroll","background-type":"","background-media":"","overlay-type":"","overlay-color":"","overlay-opacity":"","overlay-gradient":""}},"ast-content-background-meta":{"desktop":{"background-color":"var(--ast-global-color-5)","background-image":"","background-repeat":"repeat","background-position":"center center","background-size":"auto","background-attachment":"scroll","background-type":"","background-media":"","overlay-type":"","overlay-color":"","overlay-opacity":"","overlay-gradient":""},"tablet":{"background-color":"var(--ast-global-color-5)","background-image":"","background-repeat":"repeat","background-position":"center center","background-size":"auto","background-attachment":"scroll","background-type":"","background-media":"","overlay-type":"","overlay-color":"","overlay-opacity":"","overlay-gradient":""},"mobile":{"background-color":"var(--ast-global-color-5)","background-image":"","background-repeat":"repeat","background-position":"center center","background-size":"auto","background-attachment":"scroll","background-type":"","background-media":"","overlay-type":"","overlay-color":"","overlay-opacity":"","overlay-gradient":""}}},"product_brand":[],"product_cat":[1131,1135,1128],"product_tag":[],"product_format_filter":[6400],"class_list":{"0":"post-267230","1":"product","2":"type-product","3":"status-publish","4":"has-post-thumbnail","6":"product_cat-boissons","7":"product_cat-sans-sucre","8":"product_cat-comestibles","9":"pa_flavours-pratiquement-sans-gout","10":"pa_intensity-thc-eleve","11":"pa_marques-mod","12":"pa_origin-ontario-fr","13":"pa_type-de-plante-thc-fr","14":"product_format_filter-3ml","15":"desktop-align-left","16":"tablet-align-left","17":"mobile-align-left","19":"first","20":"instock","21":"taxable","22":"shipping-taxable","23":"purchasable","24":"product-type-simple"},"group_of_quantity":0,"min_quantity":0,"max_quantity":"","exclude_order_quantity_value_rules":"no","exclude_category_quantity_rules":"no","combine_variations":"no","acf":[],"_links":{"self":[{"href":"https:\/\/mendomedical.ca\/fr\/wp-json\/wp\/v2\/product\/267230","targetHints":{"allow":["GET"]}}],"collection":[{"href":"https:\/\/mendomedical.ca\/fr\/wp-json\/wp\/v2\/product"}],"about":[{"href":"https:\/\/mendomedical.ca\/fr\/wp-json\/wp\/v2\/types\/product"}],"replies":[{"embeddable":true,"href":"https:\/\/mendomedical.ca\/fr\/wp-json\/wp\/v2\/comments?post=267230"}],"wp:featuredmedia":[{"embeddable":true,"href":"https:\/\/mendomedical.ca\/fr\/wp-json\/wp\/v2\/media\/267136"}],"wp:attachment":[{"href":"https:\/\/mendomedical.ca\/fr\/wp-json\/wp\/v2\/media?parent=267230"}],"wp:term":[{"taxonomy":"product_brand","embeddable":true,"href":"https:\/\/mendomedical.ca\/fr\/wp-json\/wp\/v2\/product_brand?post=267230"},{"taxonomy":"product_cat","embeddable":true,"href":"https:\/\/mendomedical.ca\/fr\/wp-json\/wp\/v2\/product_cat?post=267230"},{"taxonomy":"product_tag","embeddable":true,"href":"https:\/\/mendomedical.ca\/fr\/wp-json\/wp\/v2\/product_tag?post=267230"},{"taxonomy":"product_format_filter","embeddable":true,"href":"https:\/\/mendomedical.ca\/fr\/wp-json\/wp\/v2\/product_format_filter?post=267230"}],"curies":[{"name":"wp","href":"https:\/\/api.w.org\/{rel}","templated":true}]}}