{"id":267228,"date":"2025-08-26T08:35:44","date_gmt":"2025-08-26T12:35:44","guid":{"rendered":"https:\/\/mendomedical.ca\/product\/thc-lime-drops\/"},"modified":"2026-04-20T10:08:27","modified_gmt":"2026-04-20T14:08:27","slug":"gouttes-thc-lime","status":"publish","type":"product","link":"https:\/\/mendomedical.ca\/fr\/produit\/gouttes-thc-lime\/","title":{"rendered":"THC Lime Drops"},"content":{"rendered":"","protected":false},"excerpt":{"rendered":"<div class=\"ExternalClassACAC958BE39444F4810ED0B78140D942\">\n<h3>THC Lime Drops par MOD<\/h3>\n<p>MOD THC Lime Drops offre un dosage de pr\u00e9cision avec une technologie de nano\u00e9mulsion avanc\u00e9e dans un format pratique de 3ml. Cette teinture de THC hydrosoluble est dot\u00e9e du syst\u00e8me d&rsquo;administration innovant MyCell\u24c7 pour une biodisponibilit\u00e9 am\u00e9lior\u00e9e et des d\u00e9lais d&rsquo;action plus rapides. Avec une saveur rafra\u00eechissante de citron vert et sans go\u00fbt amer de cannabis, chaque goutte contient exactement 1mg de THC, ce qui permet une personnalisation pr\u00e9cise de la dose. Le flacon compte-gouttes portable le rend id\u00e9al pour une utilisation en d\u00e9placement, qu&rsquo;il soit pris par voie orale, sublinguale ou m\u00e9lang\u00e9 \u00e0 de l&rsquo;eau.   <\/p>\n<h4>Caract\u00e9ristiques principales et points forts du produit<\/h4>\n<ul>\n<li>60mg de THC de haute puret\u00e9 par flacon de 3ml avec un dosage pr\u00e9cis de 1 goutte = 1mg<\/li>\n<li>Technologie avanc\u00e9e de nano\u00e9mulsion MyCell\u24c7 pour une absorption plus rapide et une biodisponibilit\u00e9 am\u00e9lior\u00e9e.<\/li>\n<li>Ar\u00f4me naturel de citron vert sans sucre et formulation 100% naturelle<\/li>\n<li>Flacon compte-gouttes portable pour un dosage pratique et discret en tout lieu.<\/li>\n<li>Formule hydrosoluble \u00e0 action rapide qui peut \u00eatre prise par voie orale, sublinguale ou ajout\u00e9e \u00e0 des boissons.<\/li>\n<\/ul>\n<h4>Saveur, ar\u00f4me et profil cannabique<\/h4>\n<p>Ces gouttes de THC ont un go\u00fbt naturel de citron vert avec un ar\u00f4me subtil d&rsquo;agrumes qui masque tout go\u00fbt de cannabis. La formulation contient du THC de haute puissance et de haute puret\u00e9, dont les terp\u00e8nes ont \u00e9t\u00e9 retir\u00e9s, ce qui cr\u00e9e une exp\u00e9rience propre et coh\u00e9rente. Les effets potentiels peuvent inclure des sentiments d&rsquo;euphorie, de relaxation, de concentration, de cr\u00e9ativit\u00e9 et de motivation, tout en restant lucide et l\u00e9ger.  <\/p>\n<h4>Pourquoi choisir MOD Drop ?<\/h4>\n<p>MOD Drop est une teinture de THC hydrosoluble \u00e0 action rapide dans un flacon compressible compact con\u00e7u pour un dosage facile et personnalisable. Formul\u00e9 avec la technologie avanc\u00e9e du syst\u00e8me de d\u00e9livrance MyCell\u24c7 pour une absorption et une biodisponibilit\u00e9 am\u00e9lior\u00e9es, MOD offre une exp\u00e9rience plus rapide, plus pr\u00e9visible et plus coh\u00e9rente, sans go\u00fbt amer de cannabis.MOD est con\u00e7u pour une ingestion orale, sur ou sous la langue, ou si vous le pr\u00e9f\u00e9rez, il peut \u00eatre ajout\u00e9 \u00e0 de l&rsquo;eau. Flacon compte-gouttes portable pour un dosage facile en d\u00e9placement - Saveur naturelle sans go\u00fbt de cannabis, rendant le dosage plus agr\u00e9able - Formulation 100% naturelle et sans sucre pour un produit clean-label dont vous pouvez vous sentir fier.  <\/p>\n<h4>Exp\u00e9dition dans tout le Canada<\/h4>\n<p>MOD THC Lime Drops est exp\u00e9di\u00e9 rapidement \u00e0 travers le Canada avec une livraison rapide et discr\u00e8te. Nous offrons une livraison gratuite pour les commandes de plus de 150 $, assurant un acc\u00e8s pratique \u00e0 vos produits de cannabis m\u00e9dical dans tout le pays. <\/p>\n<h4>Avantages et couverture pour les anciens combattants<\/h4>\n<p>Les gouttes de chaux MOD THC sont admissibles \u00e0 la couverture d&rsquo;ACC (Anciens Combattants Canada) avec facturation directe par l&rsquo;entremise de la Croix Bleue, ce qui signifie que les anciens combattants admissibles n&rsquo;ont pas \u00e0 d\u00e9bourser d&rsquo;argent. Si vous n&rsquo;avez pas encore de carte de cannabis m\u00e9dical, vous pouvez obtenir votre <a href=\"https:\/\/mendomedical.ca\/fr\/carte-medicale\/\">carte m\u00e9dicale gratuite rapidement et facilement<\/a> pour acc\u00e9der \u00e0 ces avantages. <\/p>\n<h4>Ingr\u00e9dients<\/h4>\n<p>Eau, glyc\u00e9rine, propyl\u00e8ne glycol, l\u00e9cithine (soja), huile MCT, distillat de cannabis, gomme arabique, acide ascorbique, tocoph\u00e9rols, ar\u00f4me naturel. Contient : Soja<\/p>\n<\/div>\n","protected":false},"featured_media":267128,"comment_status":"open","ping_status":"closed","template":"","meta":{"_acf_changed":false,"site-sidebar-layout":"default","site-content-layout":"","ast-site-content-layout":"default","site-content-style":"default","site-sidebar-style":"default","ast-global-header-display":"","ast-banner-title-visibility":"","ast-main-header-display":"","ast-hfb-above-header-display":"","ast-hfb-below-header-display":"","ast-hfb-mobile-header-display":"","site-post-title":"","ast-breadcrumbs-content":"","ast-featured-img":"","footer-sml-layout":"","ast-disable-related-posts":"","theme-transparent-header-meta":"default","adv-header-id-meta":"","stick-header-meta":"","header-above-stick-meta":"","header-main-stick-meta":"","header-below-stick-meta":"","astra-migrate-meta-layouts":"set","ast-page-background-enabled":"default","ast-page-background-meta":{"desktop":{"background-color":"var(--ast-global-color-4)","background-image":"","background-repeat":"repeat","background-position":"center center","background-size":"auto","background-attachment":"scroll","background-type":"","background-media":"","overlay-type":"","overlay-color":"","overlay-opacity":"","overlay-gradient":""},"tablet":{"background-color":"","background-image":"","background-repeat":"repeat","background-position":"center center","background-size":"auto","background-attachment":"scroll","background-type":"","background-media":"","overlay-type":"","overlay-color":"","overlay-opacity":"","overlay-gradient":""},"mobile":{"background-color":"","background-image":"","background-repeat":"repeat","background-position":"center center","background-size":"auto","background-attachment":"scroll","background-type":"","background-media":"","overlay-type":"","overlay-color":"","overlay-opacity":"","overlay-gradient":""}},"ast-content-background-meta":{"desktop":{"background-color":"var(--ast-global-color-5)","background-image":"","background-repeat":"repeat","background-position":"center center","background-size":"auto","background-attachment":"scroll","background-type":"","background-media":"","overlay-type":"","overlay-color":"","overlay-opacity":"","overlay-gradient":""},"tablet":{"background-color":"var(--ast-global-color-5)","background-image":"","background-repeat":"repeat","background-position":"center center","background-size":"auto","background-attachment":"scroll","background-type":"","background-media":"","overlay-type":"","overlay-color":"","overlay-opacity":"","overlay-gradient":""},"mobile":{"background-color":"var(--ast-global-color-5)","background-image":"","background-repeat":"repeat","background-position":"center center","background-size":"auto","background-attachment":"scroll","background-type":"","background-media":"","overlay-type":"","overlay-color":"","overlay-opacity":"","overlay-gradient":""}}},"product_brand":[],"product_cat":[1131,1135,1128],"product_tag":[],"product_format_filter":[6400],"class_list":{"0":"post-267228","1":"product","2":"type-product","3":"status-publish","4":"has-post-thumbnail","6":"product_cat-boissons","7":"product_cat-sans-sucre","8":"product_cat-comestibles","9":"pa_flavours-lime-fr","10":"pa_intensity-faible-thc","11":"pa_marques-mod","12":"pa_origin-ontario-fr","13":"pa_type-de-plante-thc-fr","14":"product_format_filter-3ml","15":"desktop-align-left","16":"tablet-align-left","17":"mobile-align-left","19":"first","20":"instock","21":"taxable","22":"shipping-taxable","23":"purchasable","24":"product-type-simple"},"group_of_quantity":0,"min_quantity":0,"max_quantity":"","exclude_order_quantity_value_rules":"no","exclude_category_quantity_rules":"no","combine_variations":"no","acf":[],"_links":{"self":[{"href":"https:\/\/mendomedical.ca\/fr\/wp-json\/wp\/v2\/product\/267228","targetHints":{"allow":["GET"]}}],"collection":[{"href":"https:\/\/mendomedical.ca\/fr\/wp-json\/wp\/v2\/product"}],"about":[{"href":"https:\/\/mendomedical.ca\/fr\/wp-json\/wp\/v2\/types\/product"}],"replies":[{"embeddable":true,"href":"https:\/\/mendomedical.ca\/fr\/wp-json\/wp\/v2\/comments?post=267228"}],"wp:featuredmedia":[{"embeddable":true,"href":"https:\/\/mendomedical.ca\/fr\/wp-json\/wp\/v2\/media\/267128"}],"wp:attachment":[{"href":"https:\/\/mendomedical.ca\/fr\/wp-json\/wp\/v2\/media?parent=267228"}],"wp:term":[{"taxonomy":"product_brand","embeddable":true,"href":"https:\/\/mendomedical.ca\/fr\/wp-json\/wp\/v2\/product_brand?post=267228"},{"taxonomy":"product_cat","embeddable":true,"href":"https:\/\/mendomedical.ca\/fr\/wp-json\/wp\/v2\/product_cat?post=267228"},{"taxonomy":"product_tag","embeddable":true,"href":"https:\/\/mendomedical.ca\/fr\/wp-json\/wp\/v2\/product_tag?post=267228"},{"taxonomy":"product_format_filter","embeddable":true,"href":"https:\/\/mendomedical.ca\/fr\/wp-json\/wp\/v2\/product_format_filter?post=267228"}],"curies":[{"name":"wp","href":"https:\/\/api.w.org\/{rel}","templated":true}]}}