{"id":267227,"date":"2025-08-26T08:05:13","date_gmt":"2025-08-26T12:05:13","guid":{"rendered":"https:\/\/mendomedical.ca\/product\/thc-300-gouttes-3-pack\/"},"modified":"2026-01-05T11:20:45","modified_gmt":"2026-01-05T16:20:45","slug":"gouttes-thc-300-3-pack","status":"publish","type":"product","link":"https:\/\/mendomedical.ca\/fr\/produit\/gouttes-thc-300-3-pack\/","title":{"rendered":"THC 300 Gouttes 3-Pack"},"content":{"rendered":"","protected":false},"excerpt":{"rendered":"<div class=\"ExternalClassF57A746B96BA44FDAB8752DC977DB7F8\">\n<h3>THC 300 Drops 3-Pack by MOD<\/h3>\n<p>MOD THC 300 Drops 3-Pack offre un dosage de pr\u00e9cision avec une technologie de nano\u00e9mulsion avanc\u00e9e pour les patients de cannabis m\u00e9dical \u00e0 la recherche d&rsquo;un apport de THC constant et \u00e0 action rapide. Chaque pack contient trois flacons de 100mg avec une formulation pratiquement insipide, d\u00e9livrant 1mg de THC par goutte pour un micro-dosage personnalisable. Le syst\u00e8me d&rsquo;administration innovant MyCell\u24c7 am\u00e9liore la biodisponibilit\u00e9 tout en \u00e9liminant le go\u00fbt amer du cannabis, ce qui rend cette teinture de THC de haute puret\u00e9 id\u00e9ale pour les patients n\u00e9cessitant un dosage pr\u00e9cis et pr\u00e9visible.  <\/p>\n<h4>Caract\u00e9ristiques principales<\/h4>\n<ul>\n<li>Technologie avanc\u00e9e de nano\u00e9mulsion MyCell\u24c7 pour une meilleure absorption et une action plus rapide.<\/li>\n<li>Dosage pr\u00e9cis avec 1 goutte = 1mg de THC pour une personnalisation compl\u00e8te du dosage<\/li>\n<li>300mg de THC total de haute puret\u00e9 dans trois bouteilles portables de 100mg<\/li>\n<li>Formule pratiquement insipide, sans sucre et avec des ingr\u00e9dients 100% naturels.<\/li>\n<li>Administration polyvalente - par voie orale, sublinguale ou m\u00e9lang\u00e9e \u00e0 de l&rsquo;eau<\/li>\n<\/ul>\n<h4>Profil et effets des cannabino\u00efdes<\/h4>\n<p>Cette formulation \u00e0 haute teneur en THC est d\u00e9pourvue de terp\u00e8nes pour une exp\u00e9rience cannabino\u00efde pure. L&rsquo;extrait raffin\u00e9 peut produire des effets euphoriques et stimulants, tout en favorisant la relaxation et le calme. Les utilisateurs font souvent \u00e9tat d&rsquo;une concentration et d&rsquo;une cr\u00e9ativit\u00e9 accrues, ainsi que de sensations claires et apaisantes, avec une sensation de l\u00e9g\u00e8ret\u00e9. L&rsquo;absence de terp\u00e8nes \u00e9limine l&rsquo;ar\u00f4me et le go\u00fbt, cr\u00e9ant un profil neutre parfait pour les patients sensibles aux saveurs du cannabis.   <\/p>\n<h4>Pourquoi choisir MOD Drop ?<\/h4>\n<p>MOD Drop est une teinture de THC hydrosoluble \u00e0 action rapide dans un flacon compressible compact con\u00e7u pour un dosage facile et personnalisable. Formul\u00e9 avec la technologie avanc\u00e9e du syst\u00e8me de d\u00e9livrance MyCell\u24c7 pour une absorption et une biodisponibilit\u00e9 am\u00e9lior\u00e9es, MOD offre une exp\u00e9rience plus rapide, plus pr\u00e9visible et plus coh\u00e9rente, sans go\u00fbt amer de cannabis.MOD est con\u00e7u pour une ingestion orale, sur ou sous la langue, ou si vous le pr\u00e9f\u00e9rez, il peut \u00eatre ajout\u00e9 \u00e0 de l&rsquo;eau. Flacon compte-gouttes portable pour un dosage facile en d\u00e9placement - Saveur naturelle sans go\u00fbt de cannabis, rendant le dosage plus agr\u00e9able - Formulation 100% naturelle et sans sucre pour un produit clean-label dont vous pouvez vous sentir fier.  <\/p>\n<h4>Exp\u00e9dition dans tout le Canada<\/h4>\n<p>MOD THC 300 Drops 3-Pack est exp\u00e9di\u00e9 rapidement \u00e0 travers le Canada avec une livraison rapide et fiable. Profitez de la livraison gratuite pour les commandes de plus de 150 $, ce qui vous assure un acc\u00e8s pratique \u00e0 vos produits de cannabis m\u00e9dical dans tout le pays. <\/p>\n<h4>Avantages et couverture pour les anciens combattants<\/h4>\n<p>MOD THC 300 Drops 3-Pack est admissible \u00e0 la couverture d&rsquo;Anciens Combattants Canada (ACC) avec facturation directe par l&rsquo;entremise de la Croix Bleue, ce qui fait en sorte que les anciens combattants admissibles n&rsquo;ont pas \u00e0 d\u00e9bourser d&rsquo;argent. Si vous n&rsquo;avez pas encore de carte de cannabis m\u00e9dical, vous pouvez obtenir votre <a href=\"https:\/\/mendomedical.ca\/fr\/carte-medicale\/\">carte m\u00e9dicale gratuite rapidement et facilement<\/a> pour acc\u00e9der \u00e0 ces avantages. <\/p>\n<h4>Ingr\u00e9dients<\/h4>\n<p>Glyc\u00e9rine, eau, propyl\u00e8ne glycol, l\u00e9cithine (soja), huile MCT, extrait de cannabis, gomme arabique, acide ascorbique, tocoph\u00e9rols, ar\u00f4me naturel. Contient : Soja<\/p>\n<\/div>\n","protected":false},"featured_media":267140,"comment_status":"open","ping_status":"closed","template":"","meta":{"_acf_changed":false,"site-sidebar-layout":"default","site-content-layout":"","ast-site-content-layout":"default","site-content-style":"default","site-sidebar-style":"default","ast-global-header-display":"","ast-banner-title-visibility":"","ast-main-header-display":"","ast-hfb-above-header-display":"","ast-hfb-below-header-display":"","ast-hfb-mobile-header-display":"","site-post-title":"","ast-breadcrumbs-content":"","ast-featured-img":"","footer-sml-layout":"","ast-disable-related-posts":"","theme-transparent-header-meta":"default","adv-header-id-meta":"","stick-header-meta":"","header-above-stick-meta":"","header-main-stick-meta":"","header-below-stick-meta":"","astra-migrate-meta-layouts":"set","ast-page-background-enabled":"default","ast-page-background-meta":{"desktop":{"background-color":"var(--ast-global-color-4)","background-image":"","background-repeat":"repeat","background-position":"center center","background-size":"auto","background-attachment":"scroll","background-type":"","background-media":"","overlay-type":"","overlay-color":"","overlay-opacity":"","overlay-gradient":""},"tablet":{"background-color":"","background-image":"","background-repeat":"repeat","background-position":"center center","background-size":"auto","background-attachment":"scroll","background-type":"","background-media":"","overlay-type":"","overlay-color":"","overlay-opacity":"","overlay-gradient":""},"mobile":{"background-color":"","background-image":"","background-repeat":"repeat","background-position":"center center","background-size":"auto","background-attachment":"scroll","background-type":"","background-media":"","overlay-type":"","overlay-color":"","overlay-opacity":"","overlay-gradient":""}},"ast-content-background-meta":{"desktop":{"background-color":"var(--ast-global-color-5)","background-image":"","background-repeat":"repeat","background-position":"center center","background-size":"auto","background-attachment":"scroll","background-type":"","background-media":"","overlay-type":"","overlay-color":"","overlay-opacity":"","overlay-gradient":""},"tablet":{"background-color":"var(--ast-global-color-5)","background-image":"","background-repeat":"repeat","background-position":"center center","background-size":"auto","background-attachment":"scroll","background-type":"","background-media":"","overlay-type":"","overlay-color":"","overlay-opacity":"","overlay-gradient":""},"mobile":{"background-color":"var(--ast-global-color-5)","background-image":"","background-repeat":"repeat","background-position":"center center","background-size":"auto","background-attachment":"scroll","background-type":"","background-media":"","overlay-type":"","overlay-color":"","overlay-opacity":"","overlay-gradient":""}}},"product_brand":[],"product_cat":[1131,1135,1128],"product_tag":[],"product_format_filter":[6400],"class_list":{"0":"post-267227","1":"product","2":"type-product","3":"status-publish","4":"has-post-thumbnail","6":"product_cat-boissons","7":"product_cat-sans-sucre","8":"product_cat-comestibles","9":"pa_flavours-pratiquement-sans-gout","10":"pa_intensity-thc-moyen","11":"pa_marques-mod","12":"pa_origin-ontario-fr","13":"pa_type-de-plante-thc-fr","14":"product_format_filter-3ml","15":"desktop-align-left","16":"tablet-align-left","17":"mobile-align-left","19":"first","20":"instock","21":"taxable","22":"shipping-taxable","23":"purchasable","24":"product-type-simple"},"group_of_quantity":0,"min_quantity":0,"max_quantity":"","exclude_order_quantity_value_rules":"no","exclude_category_quantity_rules":"no","combine_variations":"no","acf":[],"_links":{"self":[{"href":"https:\/\/mendomedical.ca\/fr\/wp-json\/wp\/v2\/product\/267227","targetHints":{"allow":["GET"]}}],"collection":[{"href":"https:\/\/mendomedical.ca\/fr\/wp-json\/wp\/v2\/product"}],"about":[{"href":"https:\/\/mendomedical.ca\/fr\/wp-json\/wp\/v2\/types\/product"}],"replies":[{"embeddable":true,"href":"https:\/\/mendomedical.ca\/fr\/wp-json\/wp\/v2\/comments?post=267227"}],"wp:featuredmedia":[{"embeddable":true,"href":"https:\/\/mendomedical.ca\/fr\/wp-json\/wp\/v2\/media\/267140"}],"wp:attachment":[{"href":"https:\/\/mendomedical.ca\/fr\/wp-json\/wp\/v2\/media?parent=267227"}],"wp:term":[{"taxonomy":"product_brand","embeddable":true,"href":"https:\/\/mendomedical.ca\/fr\/wp-json\/wp\/v2\/product_brand?post=267227"},{"taxonomy":"product_cat","embeddable":true,"href":"https:\/\/mendomedical.ca\/fr\/wp-json\/wp\/v2\/product_cat?post=267227"},{"taxonomy":"product_tag","embeddable":true,"href":"https:\/\/mendomedical.ca\/fr\/wp-json\/wp\/v2\/product_tag?post=267227"},{"taxonomy":"product_format_filter","embeddable":true,"href":"https:\/\/mendomedical.ca\/fr\/wp-json\/wp\/v2\/product_format_filter?post=267227"}],"curies":[{"name":"wp","href":"https:\/\/api.w.org\/{rel}","templated":true}]}}