{"id":267224,"date":"2025-08-26T08:10:36","date_gmt":"2025-08-26T12:10:36","guid":{"rendered":"https:\/\/mendomedical.ca\/product\/thc-drops-variete-4-pack\/"},"modified":"2026-03-23T15:50:03","modified_gmt":"2026-03-23T19:50:03","slug":"gouttes-thc-variete-4-pack","status":"publish","type":"product","link":"https:\/\/mendomedical.ca\/fr\/produit\/gouttes-thc-variete-4-pack\/","title":{"rendered":"THC Drops Vari\u00e9t\u00e9 4-Pack"},"content":{"rendered":"","protected":false},"excerpt":{"rendered":"<div class=\"ExternalClassE7F17294C20D445FA5AD30D1481D9675\">\n<h3>THC Drops Vari\u00e9t\u00e9 4-Pack by MOD<\/h3>\n<p>Faites l&rsquo;exp\u00e9rience d&rsquo;un dosage de pr\u00e9cision avec MOD&rsquo;s THC Drops Variety 4-Pack, dot\u00e9 d&rsquo;une technologie hydrosoluble avanc\u00e9e pour une consommation de cannabis \u00e0 action rapide et personnalisable. Cette collection de teintures innovantes d\u00e9livre 240mg de THC de haute puret\u00e9 \u00e0 travers quatre flacons pratiques de 3ml, utilisant la technologie de livraison de pointe MyCell\u24c7 pour une absorption et une biodisponibilit\u00e9 am\u00e9lior\u00e9es. Chaque goutte contient exactement 1mg de THC, ce qui permet aux utilisateurs m\u00e9dicaux d&rsquo;obtenir un dosage pr\u00e9cis et coh\u00e9rent sans go\u00fbt amer de cannabis.  <\/p>\n<h4>Caract\u00e9ristiques principales<\/h4>\n<ul>\n<li>240 mg de THC au total (4 flacons \u00d7 60 mg chacun) avec un dosage pr\u00e9cis de 1 mg par goutte<\/li>\n<li>Technologie avanc\u00e9e de nano\u00e9mulsion avec syst\u00e8me d&rsquo;administration MyCell\u24c7 pour une absorption plus rapide.<\/li>\n<li>Quatre ar\u00f4mes naturels : baies, citron vert, past\u00e8que et options non aromatis\u00e9es.<\/li>\n<li>Flacons compte-gouttes portables con\u00e7us pour un dosage discret en d\u00e9placement<\/li>\n<li>Formule 100% naturelle, sans sucre, avec technologie hydrosoluble pour une consommation polyvalente.<\/li>\n<\/ul>\n<h4>Profil des ar\u00f4mes et des cannabino\u00efdes<\/h4>\n<p>Ce paquet de vari\u00e9t\u00e9s offre une gamme d&rsquo;ar\u00f4mes naturels avec un soup\u00e7on de notes fruit\u00e9es, en particulier l&rsquo;option Berry pr\u00e9sent\u00e9e dans cette s\u00e9lection. La formulation contient du THC de haute puissance et de haute puret\u00e9, dont les terp\u00e8nes ont \u00e9t\u00e9 \u00e9limin\u00e9s pour une exp\u00e9rience propre et coh\u00e9rente. Le traitement avanc\u00e9 \u00e9limine le go\u00fbt traditionnel du cannabis tout en maintenant la puissance th\u00e9rapeutique. Les effets potentiels peuvent inclure des sensations euphoriques, l&rsquo;am\u00e9lioration de l&rsquo;humeur, la relaxation, la concentration calme, la cr\u00e9ativit\u00e9, la clart\u00e9 d&rsquo;esprit et un soulagement l\u00e9ger.   <\/p>\n<h4>Pourquoi choisir MOD Drop ?<\/h4>\n<p>MOD Drop est une teinture de THC hydrosoluble \u00e0 action rapide dans un flacon compressible compact con\u00e7u pour un dosage facile et personnalisable. Formul\u00e9 avec la technologie avanc\u00e9e du syst\u00e8me de d\u00e9livrance MyCell\u24c7 pour une absorption et une biodisponibilit\u00e9 am\u00e9lior\u00e9es, MOD offre une exp\u00e9rience plus rapide, plus pr\u00e9visible et plus coh\u00e9rente, sans go\u00fbt amer de cannabis.MOD est con\u00e7u pour une ingestion orale, sur ou sous la langue, ou si vous le pr\u00e9f\u00e9rez, il peut \u00eatre ajout\u00e9 \u00e0 de l&rsquo;eau. Flacon compte-gouttes portable pour un dosage facile en d\u00e9placement - Saveur naturelle sans go\u00fbt de cannabis, rendant le dosage plus agr\u00e9able - Formulation 100% naturelle et sans sucre pour un produit clean-label dont vous pouvez vous sentir fier.  <\/p>\n<h4>Exp\u00e9dition dans tout le Canada<\/h4>\n<p>THC Drops Variety 4-Pack est exp\u00e9di\u00e9 rapidement au Canada et la livraison est gratuite pour les commandes de plus de 150 $. Ces pr\u00e9parations liquides sont stables pendant le transport et ne sont pas affect\u00e9es par les variations de temp\u00e9rature, ce qui garantit l&rsquo;int\u00e9grit\u00e9 du produit \u00e0 la livraison. <\/p>\n<h4>Avantages et couverture pour les anciens combattants<\/h4>\n<p>THC Drops Variety 4-Pack est admissible \u00e0 la couverture d&rsquo;ACC (Anciens Combattants Canada) et \u00e0 la facturation directe par l&rsquo;entremise de la Croix Bleue, ce qui permet aux anciens combattants admissibles de ne pas avoir \u00e0 d\u00e9bourser d&rsquo;argent. Si vous n&rsquo;avez pas encore de carte de cannabis m\u00e9dical, vous pouvez en obtenir une rapidement et facilement gr\u00e2ce \u00e0 notre <a href=\"https:\/\/mendomedical.ca\/fr\/carte-medicale\/\">service gratuit de carte m\u00e9dicale<\/a>. <\/p>\n<h4>Ingr\u00e9dients<\/h4>\n<p>Glyc\u00e9rine, eau, propyl\u00e8ne glycol, l\u00e9cithine (soja), huile MCT, extrait de cannabis, gomme arabique, acide ascorbique, tocoph\u00e9rols, ar\u00f4me naturel. Contient : Soja<\/p>\n<\/div>\n","protected":false},"featured_media":267144,"comment_status":"open","ping_status":"closed","template":"","meta":{"_acf_changed":false,"site-sidebar-layout":"default","site-content-layout":"","ast-site-content-layout":"default","site-content-style":"default","site-sidebar-style":"default","ast-global-header-display":"","ast-banner-title-visibility":"","ast-main-header-display":"","ast-hfb-above-header-display":"","ast-hfb-below-header-display":"","ast-hfb-mobile-header-display":"","site-post-title":"","ast-breadcrumbs-content":"","ast-featured-img":"","footer-sml-layout":"","ast-disable-related-posts":"","theme-transparent-header-meta":"default","adv-header-id-meta":"","stick-header-meta":"","header-above-stick-meta":"","header-main-stick-meta":"","header-below-stick-meta":"","astra-migrate-meta-layouts":"set","ast-page-background-enabled":"default","ast-page-background-meta":{"desktop":{"background-color":"var(--ast-global-color-4)","background-image":"","background-repeat":"repeat","background-position":"center center","background-size":"auto","background-attachment":"scroll","background-type":"","background-media":"","overlay-type":"","overlay-color":"","overlay-opacity":"","overlay-gradient":""},"tablet":{"background-color":"","background-image":"","background-repeat":"repeat","background-position":"center center","background-size":"auto","background-attachment":"scroll","background-type":"","background-media":"","overlay-type":"","overlay-color":"","overlay-opacity":"","overlay-gradient":""},"mobile":{"background-color":"","background-image":"","background-repeat":"repeat","background-position":"center center","background-size":"auto","background-attachment":"scroll","background-type":"","background-media":"","overlay-type":"","overlay-color":"","overlay-opacity":"","overlay-gradient":""}},"ast-content-background-meta":{"desktop":{"background-color":"var(--ast-global-color-5)","background-image":"","background-repeat":"repeat","background-position":"center center","background-size":"auto","background-attachment":"scroll","background-type":"","background-media":"","overlay-type":"","overlay-color":"","overlay-opacity":"","overlay-gradient":""},"tablet":{"background-color":"var(--ast-global-color-5)","background-image":"","background-repeat":"repeat","background-position":"center center","background-size":"auto","background-attachment":"scroll","background-type":"","background-media":"","overlay-type":"","overlay-color":"","overlay-opacity":"","overlay-gradient":""},"mobile":{"background-color":"var(--ast-global-color-5)","background-image":"","background-repeat":"repeat","background-position":"center center","background-size":"auto","background-attachment":"scroll","background-type":"","background-media":"","overlay-type":"","overlay-color":"","overlay-opacity":"","overlay-gradient":""}}},"product_brand":[],"product_cat":[1131,1135,1128],"product_tag":[],"product_format_filter":[6400],"class_list":{"0":"post-267224","1":"product","2":"type-product","3":"status-publish","4":"has-post-thumbnail","6":"product_cat-boissons","7":"product_cat-sans-sucre","8":"product_cat-comestibles","9":"pa_flavours-baies","10":"pa_flavours-lime-fr","11":"pa_flavours-non-aromatise","12":"pa_flavours-watermelon-fr","13":"pa_intensity-thc-eleve","14":"pa_marques-mod","15":"pa_origin-ontario-fr","16":"pa_type-de-plante-thc-fr","17":"product_format_filter-3ml","18":"desktop-align-left","19":"tablet-align-left","20":"mobile-align-left","22":"first","23":"instock","24":"taxable","25":"shipping-taxable","26":"purchasable","27":"product-type-simple"},"group_of_quantity":0,"min_quantity":0,"max_quantity":"","exclude_order_quantity_value_rules":"no","exclude_category_quantity_rules":"no","combine_variations":"no","acf":[],"_links":{"self":[{"href":"https:\/\/mendomedical.ca\/fr\/wp-json\/wp\/v2\/product\/267224","targetHints":{"allow":["GET"]}}],"collection":[{"href":"https:\/\/mendomedical.ca\/fr\/wp-json\/wp\/v2\/product"}],"about":[{"href":"https:\/\/mendomedical.ca\/fr\/wp-json\/wp\/v2\/types\/product"}],"replies":[{"embeddable":true,"href":"https:\/\/mendomedical.ca\/fr\/wp-json\/wp\/v2\/comments?post=267224"}],"wp:featuredmedia":[{"embeddable":true,"href":"https:\/\/mendomedical.ca\/fr\/wp-json\/wp\/v2\/media\/267144"}],"wp:attachment":[{"href":"https:\/\/mendomedical.ca\/fr\/wp-json\/wp\/v2\/media?parent=267224"}],"wp:term":[{"taxonomy":"product_brand","embeddable":true,"href":"https:\/\/mendomedical.ca\/fr\/wp-json\/wp\/v2\/product_brand?post=267224"},{"taxonomy":"product_cat","embeddable":true,"href":"https:\/\/mendomedical.ca\/fr\/wp-json\/wp\/v2\/product_cat?post=267224"},{"taxonomy":"product_tag","embeddable":true,"href":"https:\/\/mendomedical.ca\/fr\/wp-json\/wp\/v2\/product_tag?post=267224"},{"taxonomy":"product_format_filter","embeddable":true,"href":"https:\/\/mendomedical.ca\/fr\/wp-json\/wp\/v2\/product_format_filter?post=267224"}],"curies":[{"name":"wp","href":"https:\/\/api.w.org\/{rel}","templated":true}]}}