{"id":267223,"date":"2025-09-24T11:30:36","date_gmt":"2025-09-24T15:30:36","guid":{"rendered":"https:\/\/mendomedical.ca\/product\/pre-rolls-infuses-a-la-resine-purple-twist\/"},"modified":"2026-04-28T07:43:07","modified_gmt":"2026-04-28T11:43:07","slug":"purple-twist-resin-infused-pre-roll","status":"publish","type":"product","link":"https:\/\/mendomedical.ca\/fr\/produit\/purple-twist-resin-infused-pre-roll\/","title":{"rendered":"Purple Twist Resin Infused Pr\u00e9-roll"},"content":{"rendered":"","protected":false},"excerpt":{"rendered":"<div class=\"ExternalClassCACCAFAECA604BFB93B8AA2322280A08\">\n<h3>Purple Twist Resin Infused Pr\u00e9-roll<\/h3>\n<p>Faites l&rsquo;exp\u00e9rience de la commodit\u00e9 du cannabis de premi\u00e8re qualit\u00e9 avec le Purple Twist Resin Infused Pr\u00e9-roll de TERPi, qui pr\u00e9sente un m\u00e9lange sophistiqu\u00e9 des souches London Pound Cake et Purple Haze. Ce Pr\u00e9-rolls de 1g combine l&rsquo;infusion de r\u00e9sine \u00e0 spectre complet avec un savoir-faire expert pour offrir des sessions douces et savoureuses sans le go\u00fbt artificiel agressif que l&rsquo;on trouve souvent dans les produits infus\u00e9s. Con\u00e7u pour les consommateurs de cannabis m\u00e9dical \u00e0 la recherche d&rsquo;effets \u00e9quilibr\u00e9s et relaxants avec une puissance accrue.<\/p>\n<h4>Caract\u00e9ristiques principales<\/h4>\n<ul>\n<li>Infusion de r\u00e9sine \u00e0 spectre complet pour une saveur plus riche et des effets plus complets<\/li>\n<li>Une technique de roulage experte minimise les coulures et les probl\u00e8mes de flux d&rsquo;air pour des br\u00fblures r\u00e9guli\u00e8res.<\/li>\n<li>L&rsquo;ajout limit\u00e9 de terp\u00e8nes permet de conserver un go\u00fbt doux et naturel.<\/li>\n<li>Combinaison de souches London Pound Cake x Purple Haze pour des effets \u00e9quilibr\u00e9s<\/li>\n<li>Formule \u00e0 dominante THC offrant de puissants b\u00e9n\u00e9fices th\u00e9rapeutiques<\/li>\n<\/ul>\n<h4>Saveur, ar\u00f4me et profil cannabique<\/h4>\n<p>Purple Twist offre de d\u00e9licieuses saveurs fruit\u00e9es et sucr\u00e9es, compl\u00e9t\u00e9es par des ar\u00f4mes distincts de raisin. Ce Pr\u00e9-roll \u00e0 dominante THC pr\u00e9sente un profil terp\u00e9nique soigneusement \u00e9quilibr\u00e9, les trois principaux terp\u00e8nes \u00e9tant le D-Limon\u00e8ne, le b\u00eata-Caryophyll\u00e8ne et le b\u00eata-Myrc\u00e8ne. Ces terp\u00e8nes agissent en synergie pour produire des effets relaxants, apaisants et \u00e9quilibr\u00e9s qui font de cette vari\u00e9t\u00e9 un produit id\u00e9al pour la soir\u00e9e ou pour soulager le stress.<\/p>\n<h4>Pourquoi choisir les pr\u00e9-roul\u00e9s infus\u00e9s ?<\/h4>\n<p>Les Pr\u00e9-rolls infus\u00e9s offrent aux patients de cannabis m\u00e9dical une puissance et une commodit\u00e9 accrues dans un format pr\u00eat \u00e0 l&#8217;emploi. L&rsquo;infusion de r\u00e9sine permet un dosage plus r\u00e9gulier et des effets th\u00e9rapeutiques plus puissants par rapport \u00e0 la fleur traditionnelle, tandis que le format Pr\u00e9-rolls \u00e9limine le temps de pr\u00e9paration pour les patients ayant des probl\u00e8mes de mobilit\u00e9 ou de dext\u00e9rit\u00e9.<\/p>\n<h4>Exp\u00e9dition dans tout le Canada<\/h4>\n<p>Purple Twist Resin Infused Pr\u00e9-rolls est exp\u00e9di\u00e9 rapidement \u00e0 travers le Canada, avec une livraison gratuite disponible pour les commandes de plus de 150 $. Notre emballage discret garantit que votre cannabis m\u00e9dical arrive en toute s\u00e9curit\u00e9 \u00e0 votre porte, ce qui vous permet de maintenir votre r\u00e9gime de traitement ind\u00e9pendamment de l&rsquo;endroit o\u00f9 vous vous trouvez.<\/p>\n<h4>Avantages et couverture pour les anciens combattants<\/h4>\n<p>Purple Twist Resin Infused Pr\u00e9-rolls est admissible \u00e0 la couverture d&rsquo;ACC (Anciens Combattants Canada) et \u00e0 la facturation directe par la Croix Bleue, ce qui signifie qu&rsquo;il n&rsquo;y a pas de frais \u00e0 d\u00e9bourser pour les anciens combattants admissibles. Si vous n&rsquo;avez pas encore de carte m\u00e9dicale, vous pouvez <a href=\"https:\/\/mendomedical.ca\/fr\/carte-medicale\/\">obtenir votre carte m\u00e9dicale gratuite rapidement et facilement<\/a> pour acc\u00e9der \u00e0 ces avantages et commencer votre traitement au cannabis m\u00e9dical.<\/p>\n<\/div>\n","protected":false},"featured_media":267153,"comment_status":"open","ping_status":"closed","template":"","meta":{"_acf_changed":false,"site-sidebar-layout":"default","site-content-layout":"","ast-site-content-layout":"default","site-content-style":"default","site-sidebar-style":"default","ast-global-header-display":"","ast-banner-title-visibility":"","ast-main-header-display":"","ast-hfb-above-header-display":"","ast-hfb-below-header-display":"","ast-hfb-mobile-header-display":"","site-post-title":"","ast-breadcrumbs-content":"","ast-featured-img":"","footer-sml-layout":"","ast-disable-related-posts":"","theme-transparent-header-meta":"default","adv-header-id-meta":"","stick-header-meta":"","header-above-stick-meta":"","header-main-stick-meta":"","header-below-stick-meta":"","astra-migrate-meta-layouts":"set","ast-page-background-enabled":"default","ast-page-background-meta":{"desktop":{"background-color":"var(--ast-global-color-4)","background-image":"","background-repeat":"repeat","background-position":"center center","background-size":"auto","background-attachment":"scroll","background-type":"","background-media":"","overlay-type":"","overlay-color":"","overlay-opacity":"","overlay-gradient":""},"tablet":{"background-color":"","background-image":"","background-repeat":"repeat","background-position":"center center","background-size":"auto","background-attachment":"scroll","background-type":"","background-media":"","overlay-type":"","overlay-color":"","overlay-opacity":"","overlay-gradient":""},"mobile":{"background-color":"","background-image":"","background-repeat":"repeat","background-position":"center center","background-size":"auto","background-attachment":"scroll","background-type":"","background-media":"","overlay-type":"","overlay-color":"","overlay-opacity":"","overlay-gradient":""}},"ast-content-background-meta":{"desktop":{"background-color":"var(--ast-global-color-5)","background-image":"","background-repeat":"repeat","background-position":"center center","background-size":"auto","background-attachment":"scroll","background-type":"","background-media":"","overlay-type":"","overlay-color":"","overlay-opacity":"","overlay-gradient":""},"tablet":{"background-color":"var(--ast-global-color-5)","background-image":"","background-repeat":"repeat","background-position":"center center","background-size":"auto","background-attachment":"scroll","background-type":"","background-media":"","overlay-type":"","overlay-color":"","overlay-opacity":"","overlay-gradient":""},"mobile":{"background-color":"var(--ast-global-color-5)","background-image":"","background-repeat":"repeat","background-position":"center center","background-size":"auto","background-attachment":"scroll","background-type":"","background-media":"","overlay-type":"","overlay-color":"","overlay-opacity":"","overlay-gradient":""}}},"product_brand":[],"product_cat":[1147,1144],"product_tag":[],"product_format_filter":[6369],"class_list":{"0":"post-267223","1":"product","2":"type-product","3":"status-publish","4":"has-post-thumbnail","6":"product_cat-pre-roules-infuses","7":"product_cat-pre-roules","8":"pa_flavours-fruite","9":"pa_flavours-doux","10":"pa_intensity-thc-eleve","11":"pa_marques-terpi","12":"pa_origin-colombie-britannique-fr","13":"pa_profil-terpene-caryophyllene","14":"pa_profil-terpene-limonene-fr","15":"pa_profil-terpene-myrcene","16":"pa_type-de-plante-hybride-indica-fr","17":"product_format_filter-1g","18":"desktop-align-left","19":"tablet-align-left","20":"mobile-align-left","22":"first","23":"instock","24":"taxable","25":"shipping-taxable","26":"purchasable","27":"product-type-simple"},"group_of_quantity":0,"min_quantity":0,"max_quantity":"","exclude_order_quantity_value_rules":"no","exclude_category_quantity_rules":"no","combine_variations":"no","acf":[],"_links":{"self":[{"href":"https:\/\/mendomedical.ca\/fr\/wp-json\/wp\/v2\/product\/267223","targetHints":{"allow":["GET"]}}],"collection":[{"href":"https:\/\/mendomedical.ca\/fr\/wp-json\/wp\/v2\/product"}],"about":[{"href":"https:\/\/mendomedical.ca\/fr\/wp-json\/wp\/v2\/types\/product"}],"replies":[{"embeddable":true,"href":"https:\/\/mendomedical.ca\/fr\/wp-json\/wp\/v2\/comments?post=267223"}],"wp:featuredmedia":[{"embeddable":true,"href":"https:\/\/mendomedical.ca\/fr\/wp-json\/wp\/v2\/media\/267153"}],"wp:attachment":[{"href":"https:\/\/mendomedical.ca\/fr\/wp-json\/wp\/v2\/media?parent=267223"}],"wp:term":[{"taxonomy":"product_brand","embeddable":true,"href":"https:\/\/mendomedical.ca\/fr\/wp-json\/wp\/v2\/product_brand?post=267223"},{"taxonomy":"product_cat","embeddable":true,"href":"https:\/\/mendomedical.ca\/fr\/wp-json\/wp\/v2\/product_cat?post=267223"},{"taxonomy":"product_tag","embeddable":true,"href":"https:\/\/mendomedical.ca\/fr\/wp-json\/wp\/v2\/product_tag?post=267223"},{"taxonomy":"product_format_filter","embeddable":true,"href":"https:\/\/mendomedical.ca\/fr\/wp-json\/wp\/v2\/product_format_filter?post=267223"}],"curies":[{"name":"wp","href":"https:\/\/api.w.org\/{rel}","templated":true}]}}