{"id":267222,"date":"2025-08-26T08:30:55","date_gmt":"2025-08-26T12:30:55","guid":{"rendered":"https:\/\/mendomedical.ca\/product\/gouttes-thccbd\/"},"modified":"2026-04-20T10:08:29","modified_gmt":"2026-04-20T14:08:29","slug":"gouttes-thccbd","status":"publish","type":"product","link":"https:\/\/mendomedical.ca\/fr\/produit\/gouttes-thccbd\/","title":{"rendered":"Gouttes THC:CBD"},"content":{"rendered":"","protected":false},"excerpt":{"rendered":"<div class=\"ExternalClassC4ACAA66D57444B791943D1444DA246F\">\n<h3>Huile THC:CBD - 1x3ml par MOD<\/h3>\n<p>MOD THC:CBD Oil offre une personnalisation de la dose de nouvelle g\u00e9n\u00e9ration gr\u00e2ce \u00e0 sa formule hydrosoluble \u00e0 action rapide dans un flacon compressible pratique de 3 ml. Dot\u00e9e de la technologie avanc\u00e9e de nano\u00e9mulsion MyCell\u24c7, cette huile \u00e9quilibr\u00e9e 1:1 THC:CBD offre une absorption et une biodisponibilit\u00e9 am\u00e9lior\u00e9es pour une exp\u00e9rience de cannabis plus pr\u00e9visible. Avec pratiquement aucun go\u00fbt et des capacit\u00e9s de dosage pr\u00e9cises, MOD offre aux consommateurs de cannabis m\u00e9dical un soulagement flexible et \u00e0 la demande, o\u00f9 que la vie les m\u00e8ne.  <\/p>\n<h4>Caract\u00e9ristiques principales et points forts du produit<\/h4>\n<ul>\n<li>Rapport \u00e9quilibr\u00e9 1:1 avec 30mg de THC et 30mg de CBD par flacon de 3ml pour des b\u00e9n\u00e9fices th\u00e9rapeutiques optimaux.<\/li>\n<li>La technologie avanc\u00e9e MyCell\u24c7 nano\u00e9mulsion assure une absorption plus rapide et une biodisponibilit\u00e9 am\u00e9lior\u00e9e.<\/li>\n<li>Dosage pr\u00e9cis avec 2 gouttes d\u00e9livrant 1mg de THC + 1mg de CBD pour un soulagement personnalis\u00e9.<\/li>\n<li>La formule pratiquement insipide \u00e9limine le go\u00fbt amer du cannabis pour une consommation agr\u00e9able.<\/li>\n<li>Flacon compte-gouttes portatif parfait pour un dosage m\u00e9dical discret et mobile<\/li>\n<\/ul>\n<h4>Profil des cannabino\u00efdes et des terp\u00e8nes<\/h4>\n<p>L&rsquo;huile MOD THC:CBD est une combinaison soigneusement \u00e9quilibr\u00e9e de THC et de CBD dont les terp\u00e8nes ont \u00e9t\u00e9 retir\u00e9s pour une exp\u00e9rience propre et neutre. Ce ratio de 1:1 peut aider \u00e0 la relaxation, \u00e0 la concentration et \u00e0 la clart\u00e9 mentale tout en maintenant un profil d&rsquo;effet \u00e9quilibr\u00e9. L&rsquo;absence de terp\u00e8nes garantit un produit pratiquement insipide, sans ar\u00f4me de cannabis, ce qui en fait un produit id\u00e9al pour les utilisateurs qui recherchent des bienfaits th\u00e9rapeutiques sans le go\u00fbt traditionnel du cannabis.  <\/p>\n<h4>Pourquoi choisir MOD Drop ?<\/h4>\n<p>MOD Drop est une teinture de THC hydrosoluble \u00e0 action rapide dans un flacon compressible compact con\u00e7u pour un dosage facile et personnalisable. Formul\u00e9 avec la technologie avanc\u00e9e du syst\u00e8me de d\u00e9livrance MyCell\u24c7 pour une absorption et une biodisponibilit\u00e9 am\u00e9lior\u00e9es, MOD offre une exp\u00e9rience plus rapide, plus pr\u00e9visible et plus coh\u00e9rente, sans go\u00fbt amer de cannabis.MOD est con\u00e7u pour une ingestion orale, sur ou sous la langue, ou si vous le pr\u00e9f\u00e9rez, il peut \u00eatre ajout\u00e9 \u00e0 de l&rsquo;eau. Flacon compte-gouttes portable pour un dosage facile en d\u00e9placement - Saveur naturelle sans go\u00fbt de cannabis, rendant le dosage plus agr\u00e9able - Formulation 100% naturelle et sans sucre pour un produit clean-label dont vous pouvez vous sentir fier.  <\/p>\n<h4>Exp\u00e9dition dans tout le Canada<\/h4>\n<p>L&rsquo;huile MOD THC:CBD est exp\u00e9di\u00e9e rapidement \u00e0 travers le Canada gr\u00e2ce au r\u00e9seau de livraison national de Mendo Medical. Profitez de la livraison gratuite pour les commandes de plus de 150 $, ce qui rend plus abordable le maintien de votre routine de cannabis m\u00e9dical. Nos emballages s\u00e9curis\u00e9s garantissent que vos produits arrivent en toute s\u00e9curit\u00e9 et en toute discr\u00e9tion \u00e0 votre porte.  <\/p>\n<h4>Avantages et couverture pour les anciens combattants<\/h4>\n<p>L&rsquo;huile MOD THC:CBD est admissible \u00e0 la couverture d&rsquo;Anciens Combattants Canada (ACC) et \u00e0 la facturation directe par l&rsquo;entremise de la Croix Bleue, ce qui signifie que les anciens combattants admissibles n&rsquo;ont pas \u00e0 d\u00e9bourser d&rsquo;argent. Si vous n&rsquo;avez pas encore de carte de cannabis m\u00e9dical, vous pouvez <a href=\"https:\/\/mendomedical.ca\/fr\/carte-medicale\/\">obtenir votre carte m\u00e9dicale gratuite rapidement et facilement<\/a> pour acc\u00e9der \u00e0 ces avantages et commencer votre traitement. <\/p>\n<h4>Ingr\u00e9dients<\/h4>\n<p>Glyc\u00e9rine, eau, propyl\u00e8ne glycol, l\u00e9cithine (soja), huile MCT, extrait de cannabis, gomme arabique, acide ascorbique, tocoph\u00e9rols, ar\u00f4me naturel.<\/p>\n<p><strong>Contient :<\/strong> Soja<\/p>\n<\/div>\n","protected":false},"featured_media":267148,"comment_status":"open","ping_status":"closed","template":"","meta":{"_acf_changed":false,"site-sidebar-layout":"default","site-content-layout":"","ast-site-content-layout":"default","site-content-style":"default","site-sidebar-style":"default","ast-global-header-display":"","ast-banner-title-visibility":"","ast-main-header-display":"","ast-hfb-above-header-display":"","ast-hfb-below-header-display":"","ast-hfb-mobile-header-display":"","site-post-title":"","ast-breadcrumbs-content":"","ast-featured-img":"","footer-sml-layout":"","ast-disable-related-posts":"","theme-transparent-header-meta":"default","adv-header-id-meta":"","stick-header-meta":"","header-above-stick-meta":"","header-main-stick-meta":"","header-below-stick-meta":"","astra-migrate-meta-layouts":"set","ast-page-background-enabled":"default","ast-page-background-meta":{"desktop":{"background-color":"var(--ast-global-color-4)","background-image":"","background-repeat":"repeat","background-position":"center center","background-size":"auto","background-attachment":"scroll","background-type":"","background-media":"","overlay-type":"","overlay-color":"","overlay-opacity":"","overlay-gradient":""},"tablet":{"background-color":"","background-image":"","background-repeat":"repeat","background-position":"center center","background-size":"auto","background-attachment":"scroll","background-type":"","background-media":"","overlay-type":"","overlay-color":"","overlay-opacity":"","overlay-gradient":""},"mobile":{"background-color":"","background-image":"","background-repeat":"repeat","background-position":"center center","background-size":"auto","background-attachment":"scroll","background-type":"","background-media":"","overlay-type":"","overlay-color":"","overlay-opacity":"","overlay-gradient":""}},"ast-content-background-meta":{"desktop":{"background-color":"var(--ast-global-color-5)","background-image":"","background-repeat":"repeat","background-position":"center center","background-size":"auto","background-attachment":"scroll","background-type":"","background-media":"","overlay-type":"","overlay-color":"","overlay-opacity":"","overlay-gradient":""},"tablet":{"background-color":"var(--ast-global-color-5)","background-image":"","background-repeat":"repeat","background-position":"center center","background-size":"auto","background-attachment":"scroll","background-type":"","background-media":"","overlay-type":"","overlay-color":"","overlay-opacity":"","overlay-gradient":""},"mobile":{"background-color":"var(--ast-global-color-5)","background-image":"","background-repeat":"repeat","background-position":"center center","background-size":"auto","background-attachment":"scroll","background-type":"","background-media":"","overlay-type":"","overlay-color":"","overlay-opacity":"","overlay-gradient":""}}},"product_brand":[],"product_cat":[1131,3825,1135,1128],"product_tag":[],"product_format_filter":[6400],"class_list":{"0":"post-267222","1":"product","2":"type-product","3":"status-publish","4":"has-post-thumbnail","6":"product_cat-boissons","7":"product_cat-cbd-minors-3-fr","8":"product_cat-sans-sucre","9":"product_cat-comestibles","10":"pa_flavours-pratiquement-sans-gout","11":"pa_intensity-faible-cbd","12":"pa_intensity-thc-moyen","13":"pa_marques-mod","14":"pa_origin-ontario-fr","15":"pa_type-de-plante-cbd-fr","16":"pa_type-de-plante-thc-fr","17":"product_format_filter-3ml","18":"desktop-align-left","19":"tablet-align-left","20":"mobile-align-left","22":"first","23":"instock","24":"taxable","25":"shipping-taxable","26":"purchasable","27":"product-type-simple"},"group_of_quantity":0,"min_quantity":0,"max_quantity":"","exclude_order_quantity_value_rules":"no","exclude_category_quantity_rules":"no","combine_variations":"no","acf":[],"_links":{"self":[{"href":"https:\/\/mendomedical.ca\/fr\/wp-json\/wp\/v2\/product\/267222","targetHints":{"allow":["GET"]}}],"collection":[{"href":"https:\/\/mendomedical.ca\/fr\/wp-json\/wp\/v2\/product"}],"about":[{"href":"https:\/\/mendomedical.ca\/fr\/wp-json\/wp\/v2\/types\/product"}],"replies":[{"embeddable":true,"href":"https:\/\/mendomedical.ca\/fr\/wp-json\/wp\/v2\/comments?post=267222"}],"wp:featuredmedia":[{"embeddable":true,"href":"https:\/\/mendomedical.ca\/fr\/wp-json\/wp\/v2\/media\/267148"}],"wp:attachment":[{"href":"https:\/\/mendomedical.ca\/fr\/wp-json\/wp\/v2\/media?parent=267222"}],"wp:term":[{"taxonomy":"product_brand","embeddable":true,"href":"https:\/\/mendomedical.ca\/fr\/wp-json\/wp\/v2\/product_brand?post=267222"},{"taxonomy":"product_cat","embeddable":true,"href":"https:\/\/mendomedical.ca\/fr\/wp-json\/wp\/v2\/product_cat?post=267222"},{"taxonomy":"product_tag","embeddable":true,"href":"https:\/\/mendomedical.ca\/fr\/wp-json\/wp\/v2\/product_tag?post=267222"},{"taxonomy":"product_format_filter","embeddable":true,"href":"https:\/\/mendomedical.ca\/fr\/wp-json\/wp\/v2\/product_format_filter?post=267222"}],"curies":[{"name":"wp","href":"https:\/\/api.w.org\/{rel}","templated":true}]}}