{"id":266889,"date":"2025-08-26T22:30:11","date_gmt":"2025-08-27T02:30:11","guid":{"rendered":"https:\/\/mendomedical.ca\/product\/purple-haze-all-in-one-live-resin-vape\/"},"modified":"2026-05-01T01:33:09","modified_gmt":"2026-05-01T05:33:09","slug":"purple-haze-all-in-one-live-resin-vape","status":"publish","type":"product","link":"https:\/\/mendomedical.ca\/fr\/produit\/purple-haze-all-in-one-live-resin-vape\/","title":{"rendered":"Purple Haze All-In-One Live Resin Vape"},"content":{"rendered":"","protected":false},"excerpt":{"rendered":"<div class=\"ExternalClassCCF88D92B864443F9D603139DB0EE90F\">\n<h3>Purple Haze All-In-One Live Resin Vape<\/h3>\n<h3>Terp\u00e8nes totaux : 5.8%<\/h3>\n<p>Le TERPi Purple Haze All-In-One Live Resin Vape offre des effets de cannabis de qualit\u00e9 sup\u00e9rieure dans un format jetable de 1 g exceptionnellement pratique. Avec la g\u00e9n\u00e9tique de la souche Grape OG et des cocottes fra\u00eechement congel\u00e9es de Colombie Britannique, ce vaporisateur en r\u00e9sine offre des effets doux gr\u00e2ce \u00e0 un mat\u00e9riel en c\u00e9ramique avanc\u00e9 log\u00e9 dans un corps en chanvre biod\u00e9gradable et respectueux de l&rsquo;environnement. Avec 5,8 % de terp\u00e8nes totaux et un fonctionnement sans souci, cette vape \u00e0 dominante THC offre des effets \u00e0 spectre complet que les distillats ne peuvent tout simplement pas \u00e9galer.<\/p>\n<h4>Caract\u00e9ristiques principales<\/h4>\n<ul>\n<li>1g de r\u00e9sine vivante jetable vape avec 5,8% de terp\u00e8nes totaux pour des effets am\u00e9lior\u00e9s.<\/li>\n<li>G\u00e9n\u00e9tique de la vari\u00e9t\u00e9 Grape OG offrant des effets stimulants, r\u00eaveurs et stimulant l&rsquo;app\u00e9tit.<\/li>\n<li>Mat\u00e9riel en c\u00e9ramique de premi\u00e8re qualit\u00e9 pour une production de vapeur r\u00e9guli\u00e8re et sans \u00e0-coups<\/li>\n<li>Construction en chanvre biod\u00e9gradable pour une consommation respectueuse de l&rsquo;environnement<\/li>\n<li>Aucun bouton ou \u00e9cran n&rsquo;est n\u00e9cessaire - il suffit d&rsquo;inspirer pour activer le produit.<\/li>\n<\/ul>\n<h4>Saveur, ar\u00f4me et profil cannabique<\/h4>\n<p>Cette vape Purple Haze pr\u00e9sente le profil de raisin classique de la vari\u00e9t\u00e9 Grape OG avec des notes fruit\u00e9es et sucr\u00e9es compl\u00e9t\u00e9es par un ar\u00f4me de raisin distinct. Le profil cannabino\u00efde domin\u00e9 par le THC est renforc\u00e9 par un m\u00e9lange terp\u00e9nique robuste comprenant les cinq principaux terp\u00e8nes : b\u00eata-caryophyll\u00e8ne, D-limon\u00e8ne, linalol, alpha-humul\u00e8ne et alpha-bisabolol. Ce profil terp\u00e9nique soigneusement pr\u00e9serv\u00e9, gr\u00e2ce \u00e0 des m\u00e9thodes d&rsquo;extraction fra\u00eeches et congel\u00e9es, produit des effets stimulants et r\u00eaveurs tout en stimulant potentiellement l&rsquo;app\u00e9tit.<\/p>\n<h4>Pourquoi choisir Vapes ?<\/h4>\n<p>Les produits de vapotage offrent aux consommateurs de cannabis m\u00e9dical un contr\u00f4le pr\u00e9cis du dosage et une apparition rapide des effets, ce qui les rend id\u00e9aux pour g\u00e9rer les sympt\u00f4mes tout au long de la journ\u00e9e. La nature discr\u00e8te et la portabilit\u00e9 des vapes jetables permettent un acc\u00e8s pratique au soulagement quand et o\u00f9 il est n\u00e9cessaire.<\/p>\n<h4>Exp\u00e9dition dans tout le Canada<\/h4>\n<p>Le Purple Haze All-In-One Live Resin Vape est exp\u00e9di\u00e9 rapidement \u00e0 travers le Canada gr\u00e2ce \u00e0 notre r\u00e9seau de livraison fiable. Nous offrons une livraison gratuite pour toutes les commandes de plus de 150 $, assurant un acc\u00e8s pratique \u00e0 vos produits de cannabis m\u00e9dical dans tout le pays.<\/p>\n<h4>Avantages et couverture pour les anciens combattants<\/h4>\n<p>Le Purple Haze All-In-One Live Resin Vape est admissible \u00e0 la couverture d&rsquo;Anciens Combattants Canada (ACC) et \u00e0 la facturation directe par l&rsquo;entremise de la Croix Bleue, ce qui fait en sorte que les anciens combattants admissibles n&rsquo;ont pas \u00e0 d\u00e9bourser d&rsquo;argent. Si vous n&rsquo;avez pas encore de carte de cannabis m\u00e9dical, vous pouvez l&rsquo;obtenir rapidement et facilement gr\u00e2ce \u00e0 notre processus simplifi\u00e9 sur <a href=\"https:\/\/mendomedical.ca\/fr\/carte-medicale\/\">https:\/\/mendomedical.ca\/medical-card\/.<\/a><\/p>\n<\/div>\n","protected":false},"featured_media":266883,"comment_status":"open","ping_status":"closed","template":"","meta":{"_acf_changed":false,"site-sidebar-layout":"default","site-content-layout":"","ast-site-content-layout":"default","site-content-style":"default","site-sidebar-style":"default","ast-global-header-display":"","ast-banner-title-visibility":"","ast-main-header-display":"","ast-hfb-above-header-display":"","ast-hfb-below-header-display":"","ast-hfb-mobile-header-display":"","site-post-title":"","ast-breadcrumbs-content":"","ast-featured-img":"","footer-sml-layout":"","ast-disable-related-posts":"","theme-transparent-header-meta":"default","adv-header-id-meta":"","stick-header-meta":"","header-above-stick-meta":"","header-main-stick-meta":"","header-below-stick-meta":"","astra-migrate-meta-layouts":"set","ast-page-background-enabled":"default","ast-page-background-meta":{"desktop":{"background-color":"var(--ast-global-color-4)","background-image":"","background-repeat":"repeat","background-position":"center center","background-size":"auto","background-attachment":"scroll","background-type":"","background-media":"","overlay-type":"","overlay-color":"","overlay-opacity":"","overlay-gradient":""},"tablet":{"background-color":"","background-image":"","background-repeat":"repeat","background-position":"center center","background-size":"auto","background-attachment":"scroll","background-type":"","background-media":"","overlay-type":"","overlay-color":"","overlay-opacity":"","overlay-gradient":""},"mobile":{"background-color":"","background-image":"","background-repeat":"repeat","background-position":"center center","background-size":"auto","background-attachment":"scroll","background-type":"","background-media":"","overlay-type":"","overlay-color":"","overlay-opacity":"","overlay-gradient":""}},"ast-content-background-meta":{"desktop":{"background-color":"var(--ast-global-color-5)","background-image":"","background-repeat":"repeat","background-position":"center center","background-size":"auto","background-attachment":"scroll","background-type":"","background-media":"","overlay-type":"","overlay-color":"","overlay-opacity":"","overlay-gradient":""},"tablet":{"background-color":"var(--ast-global-color-5)","background-image":"","background-repeat":"repeat","background-position":"center center","background-size":"auto","background-attachment":"scroll","background-type":"","background-media":"","overlay-type":"","overlay-color":"","overlay-opacity":"","overlay-gradient":""},"mobile":{"background-color":"var(--ast-global-color-5)","background-image":"","background-repeat":"repeat","background-position":"center center","background-size":"auto","background-attachment":"scroll","background-type":"","background-media":"","overlay-type":"","overlay-color":"","overlay-opacity":"","overlay-gradient":""}}},"product_brand":[],"product_cat":[1163,1159,1161],"product_tag":[],"product_format_filter":[6369],"class_list":{"0":"post-266889","1":"product","2":"type-product","3":"status-publish","4":"has-post-thumbnail","6":"product_cat-cured-et-resine-vivante-fr","7":"product_cat-vapoteuses","8":"product_cat-tout-en-un","9":"pa_flavours-fruite","10":"pa_flavours-doux","11":"pa_intensity-thc-eleve","12":"pa_marques-terpi","13":"pa_origin-colombie-britannique-fr","14":"pa_profil-terpene-bisabolol-fr","15":"pa_profil-terpene-caryophyllene","16":"pa_profil-terpene-humulene-fr","17":"pa_profil-terpene-limonene-fr","18":"pa_profil-terpene-linalol-fr","19":"pa_profil-terpene-pinene-fr","20":"pa_profil-terpene-terpinolene-fr","21":"pa_type-de-plante-hybride-fr","22":"product_format_filter-1g","23":"desktop-align-left","24":"tablet-align-left","25":"mobile-align-left","27":"first","28":"instock","29":"taxable","30":"shipping-taxable","31":"purchasable","32":"product-type-simple"},"group_of_quantity":0,"min_quantity":0,"max_quantity":"","exclude_order_quantity_value_rules":"no","exclude_category_quantity_rules":"no","combine_variations":"no","acf":[],"_links":{"self":[{"href":"https:\/\/mendomedical.ca\/fr\/wp-json\/wp\/v2\/product\/266889","targetHints":{"allow":["GET"]}}],"collection":[{"href":"https:\/\/mendomedical.ca\/fr\/wp-json\/wp\/v2\/product"}],"about":[{"href":"https:\/\/mendomedical.ca\/fr\/wp-json\/wp\/v2\/types\/product"}],"replies":[{"embeddable":true,"href":"https:\/\/mendomedical.ca\/fr\/wp-json\/wp\/v2\/comments?post=266889"}],"wp:featuredmedia":[{"embeddable":true,"href":"https:\/\/mendomedical.ca\/fr\/wp-json\/wp\/v2\/media\/266883"}],"wp:attachment":[{"href":"https:\/\/mendomedical.ca\/fr\/wp-json\/wp\/v2\/media?parent=266889"}],"wp:term":[{"taxonomy":"product_brand","embeddable":true,"href":"https:\/\/mendomedical.ca\/fr\/wp-json\/wp\/v2\/product_brand?post=266889"},{"taxonomy":"product_cat","embeddable":true,"href":"https:\/\/mendomedical.ca\/fr\/wp-json\/wp\/v2\/product_cat?post=266889"},{"taxonomy":"product_tag","embeddable":true,"href":"https:\/\/mendomedical.ca\/fr\/wp-json\/wp\/v2\/product_tag?post=266889"},{"taxonomy":"product_format_filter","embeddable":true,"href":"https:\/\/mendomedical.ca\/fr\/wp-json\/wp\/v2\/product_format_filter?post=266889"}],"curies":[{"name":"wp","href":"https:\/\/api.w.org\/{rel}","templated":true}]}}