{"id":266551,"date":"2025-08-30T03:45:39","date_gmt":"2025-08-30T07:45:39","guid":{"rendered":"https:\/\/mendomedical.ca\/product\/live-rosin-relaxy-taffy-en-anglais\/"},"modified":"2025-12-23T11:54:01","modified_gmt":"2025-12-23T16:54:01","slug":"live-rosin-relaxy-taffy-en-anglais","status":"publish","type":"product","link":"https:\/\/mendomedical.ca\/fr\/produit\/live-rosin-relaxy-taffy-en-anglais\/","title":{"rendered":"Live Rosin Relaxy Taffy (en anglais)"},"content":{"rendered":"","protected":false},"excerpt":{"rendered":"<div class=\"ExternalClass0D79C81CE61C4F1AB3519748104E9990\">\n<h3>Live Rosin Relaxy Taffy par Porth North<\/h3>\n<p>D\u00e9couvrez la qualit\u00e9 sup\u00e9rieure de Live Rosin Relaxy Taffy de Port North, une tire \u00e0 l&rsquo;eau sal\u00e9e \u00e0 la menthe fabriqu\u00e9e \u00e0 la main qui d\u00e9livre une dose pr\u00e9cise de 10mg de THC dans chaque morceau de 5g. Cr\u00e9\u00e9 \u00e0 partir d&rsquo;intrants congel\u00e9s de plantes fra\u00eeches et de hash d&rsquo;eau glac\u00e9e de premi\u00e8re qualit\u00e9, ce produit comestible sans solvant conserve les cannabino\u00efdes et terp\u00e8nes naturels pour une exp\u00e9rience de cannabis \u00e0 spectre complet. Parfait pour les utilisateurs m\u00e9dicaux \u00e0 la recherche d&rsquo;un effet relaxant et constant avec une qualit\u00e9 et une valeur exceptionnelles.<\/p>\n<h4>Caract\u00e9ristiques principales<\/h4>\n<ul>\n<li>10mg de THC par morceau de 5g pour un dosage pr\u00e9cis et coh\u00e9rent<\/li>\n<li>Fabriqu\u00e9 avec du haschisch d&rsquo;eau glac\u00e9e de premi\u00e8re qualit\u00e9, en utilisant des m\u00e9thodes d&rsquo;extraction sans solvant.<\/li>\n<li>Plante enti\u00e8re fra\u00eechement congel\u00e9e : les intrants pr\u00e9servent les cannabino\u00efdes et les terp\u00e8nes naturels.<\/li>\n<li>Tire \u00e0 l&rsquo;eau sal\u00e9e \u00e0 la menthe de fabrication artisanale, aux saveurs cr\u00e9meuses, sucr\u00e9es et menthol\u00e9es.<\/li>\n<li>Effets du cannabis \u00e0 spectre complet pour la relaxation, le calme et l&rsquo;apaisement<\/li>\n<\/ul>\n<h4>Saveur, ar\u00f4me et profil cannabique<\/h4>\n<p>Ce produit comestible \u00e0 dominante THC combine des saveurs cr\u00e9meuses, sucr\u00e9es et menthol\u00e9es avec un ar\u00f4me de menthe rafra\u00eechissant. La formulation de Live Rosin vous assure de faire l&rsquo;exp\u00e9rience du spectre complet des cannabino\u00efdes et des terp\u00e8nes naturellement pr\u00e9sents dans la plante de cannabis, d\u00e9livrant des effets potentiels qui peuvent inclure la relaxation, le calme, le soulagement apaisant et la s\u00e9dation.<\/p>\n<h4>Pourquoi choisir les plantes comestibles ?<\/h4>\n<p>Les edibles de cannabis offrent aux utilisateurs m\u00e9dicaux des effets plus durables que les autres m\u00e9thodes de consommation, procurant g\u00e9n\u00e9ralement un soulagement pendant 4 \u00e0 8 heures. Le dosage pr\u00e9cis du taffy de Port North permet une gestion pr\u00e9cise des m\u00e9dicaments, tandis que son format discret permet de l&rsquo;utiliser tout au long de la journ\u00e9e.<\/p>\n<h4>Exp\u00e9dition dans tout le Canada<\/h4>\n<p>Live Rosin Relaxy Taffy est exp\u00e9di\u00e9 rapidement \u00e0 travers le Canada avec une livraison gratuite pour les commandes de plus de 150 $. Veuillez noter que les produits contenant certains ingr\u00e9dients peuvent se ramollir pendant l&rsquo;exp\u00e9dition durant les mois d&rsquo;\u00e9t\u00e9. Nous vous recommandons de tenir compte de ce probl\u00e8me potentiel lorsque vous passez votre commande. Malheureusement, nous ne pouvons pas offrir de remboursement ou de remplacement pour les produits qui peuvent se ramollir pendant le transport. Nous vous remercions de votre compr\u00e9hension.<\/p>\n<h4>Avantages et couverture pour les anciens combattants<\/h4>\n<p>Live Rosin Relaxy Taffy est admissible \u00e0 la couverture d&rsquo;ACC (Anciens Combattants Canada) et \u00e0 la facturation directe par l&rsquo;entremise de la Croix Bleue, ce qui signifie que les anciens combattants admissibles n&rsquo;ont pas \u00e0 d\u00e9bourser d&rsquo;argent. Si vous n&rsquo;avez pas encore de carte m\u00e9dicale, vous pouvez <a href=\"https:\/\/mendomedical.ca\/fr\/carte-medicale\/\">obtenir votre carte m\u00e9dicale gratuite rapidement et facilement<\/a> pour acc\u00e9der \u00e0 ces avantages.<\/p>\n<h4>Ingr\u00e9dients<\/h4>\n<p>Sucre, sirop de glucose, eau, beurre non sal\u00e9, amidon de ma\u00efs, sel, ar\u00f4me naturel et artificiel, tartrazine et bleu FCF, extrait de cannabis (haschisch). Contient du lait.<\/p>\n<\/div>\n","protected":false},"featured_media":268960,"comment_status":"open","ping_status":"closed","template":"","meta":{"_acf_changed":false,"site-sidebar-layout":"default","site-content-layout":"","ast-site-content-layout":"default","site-content-style":"default","site-sidebar-style":"default","ast-global-header-display":"","ast-banner-title-visibility":"","ast-main-header-display":"","ast-hfb-above-header-display":"","ast-hfb-below-header-display":"","ast-hfb-mobile-header-display":"","site-post-title":"","ast-breadcrumbs-content":"","ast-featured-img":"","footer-sml-layout":"","ast-disable-related-posts":"","theme-transparent-header-meta":"default","adv-header-id-meta":"","stick-header-meta":"","header-above-stick-meta":"","header-main-stick-meta":"","header-below-stick-meta":"","astra-migrate-meta-layouts":"set","ast-page-background-enabled":"default","ast-page-background-meta":{"desktop":{"background-color":"var(--ast-global-color-4)","background-image":"","background-repeat":"repeat","background-position":"center center","background-size":"auto","background-attachment":"scroll","background-type":"","background-media":"","overlay-type":"","overlay-color":"","overlay-opacity":"","overlay-gradient":""},"tablet":{"background-color":"","background-image":"","background-repeat":"repeat","background-position":"center center","background-size":"auto","background-attachment":"scroll","background-type":"","background-media":"","overlay-type":"","overlay-color":"","overlay-opacity":"","overlay-gradient":""},"mobile":{"background-color":"","background-image":"","background-repeat":"repeat","background-position":"center center","background-size":"auto","background-attachment":"scroll","background-type":"","background-media":"","overlay-type":"","overlay-color":"","overlay-opacity":"","overlay-gradient":""}},"ast-content-background-meta":{"desktop":{"background-color":"var(--ast-global-color-5)","background-image":"","background-repeat":"repeat","background-position":"center center","background-size":"auto","background-attachment":"scroll","background-type":"","background-media":"","overlay-type":"","overlay-color":"","overlay-opacity":"","overlay-gradient":""},"tablet":{"background-color":"var(--ast-global-color-5)","background-image":"","background-repeat":"repeat","background-position":"center center","background-size":"auto","background-attachment":"scroll","background-type":"","background-media":"","overlay-type":"","overlay-color":"","overlay-opacity":"","overlay-gradient":""},"mobile":{"background-color":"var(--ast-global-color-5)","background-image":"","background-repeat":"repeat","background-position":"center center","background-size":"auto","background-attachment":"scroll","background-type":"","background-media":"","overlay-type":"","overlay-color":"","overlay-opacity":"","overlay-gradient":""}}},"product_brand":[],"product_cat":[1511,1128],"product_tag":[],"product_format_filter":[6366],"class_list":{"0":"post-266551","1":"product","2":"type-product","3":"status-publish","4":"has-post-thumbnail","6":"product_cat-full-spectrum-fr","7":"product_cat-comestibles","8":"pa_flavours-cremeux","9":"pa_flavours-minty","10":"pa_flavours-doux","11":"pa_intensity-thc-moyen","12":"pa_marques-port-nord","13":"pa_origin-ontario-fr","14":"pa_type-de-plante-hybride-indica-fr","15":"product_format_filter-1units","16":"desktop-align-left","17":"tablet-align-left","18":"mobile-align-left","20":"first","21":"outofstock","22":"taxable","23":"shipping-taxable","24":"purchasable","25":"product-type-simple"},"group_of_quantity":0,"min_quantity":0,"max_quantity":"","exclude_order_quantity_value_rules":"no","exclude_category_quantity_rules":"no","combine_variations":"no","acf":[],"_links":{"self":[{"href":"https:\/\/mendomedical.ca\/fr\/wp-json\/wp\/v2\/product\/266551","targetHints":{"allow":["GET"]}}],"collection":[{"href":"https:\/\/mendomedical.ca\/fr\/wp-json\/wp\/v2\/product"}],"about":[{"href":"https:\/\/mendomedical.ca\/fr\/wp-json\/wp\/v2\/types\/product"}],"replies":[{"embeddable":true,"href":"https:\/\/mendomedical.ca\/fr\/wp-json\/wp\/v2\/comments?post=266551"}],"wp:featuredmedia":[{"embeddable":true,"href":"https:\/\/mendomedical.ca\/fr\/wp-json\/wp\/v2\/media\/268960"}],"wp:attachment":[{"href":"https:\/\/mendomedical.ca\/fr\/wp-json\/wp\/v2\/media?parent=266551"}],"wp:term":[{"taxonomy":"product_brand","embeddable":true,"href":"https:\/\/mendomedical.ca\/fr\/wp-json\/wp\/v2\/product_brand?post=266551"},{"taxonomy":"product_cat","embeddable":true,"href":"https:\/\/mendomedical.ca\/fr\/wp-json\/wp\/v2\/product_cat?post=266551"},{"taxonomy":"product_tag","embeddable":true,"href":"https:\/\/mendomedical.ca\/fr\/wp-json\/wp\/v2\/product_tag?post=266551"},{"taxonomy":"product_format_filter","embeddable":true,"href":"https:\/\/mendomedical.ca\/fr\/wp-json\/wp\/v2\/product_format_filter?post=266551"}],"curies":[{"name":"wp","href":"https:\/\/api.w.org\/{rel}","templated":true}]}}