{"id":266346,"date":"2025-08-26T01:00:13","date_gmt":"2025-08-26T05:00:13","guid":{"rendered":"https:\/\/mendomedical.ca\/product\/bombe-de-bain-dark-matter-extra-strength-zero-waste\/"},"modified":"2026-04-07T16:17:26","modified_gmt":"2026-04-07T20:17:26","slug":"bombe-de-bain-zero-dechet-dark-matter-extra-forte","status":"publish","type":"product","link":"https:\/\/mendomedical.ca\/fr\/produit\/bombe-de-bain-zero-dechet-dark-matter-extra-forte\/","title":{"rendered":"Bombe de bain Zero d\u00e9chet Dark Matter Extra Forte"},"content":{"rendered":"","protected":false},"excerpt":{"rendered":"<div class=\"ExternalClassA961699F87CD496BA4519B85A1D3FA21\">\n<h3>Bombe de bain Dark Matter Extra Strength Zero Waste<\/h3>\n<p>Faites l&rsquo;exp\u00e9rience de la relaxation ultime avec la bombe de bain Dark Matter Extra Strength Zero Waste de Blunt Botanicals. Cette bombe de bain \u00e9cologique de 90 grammes associe 100 mg de CBD \u00e0 du charbon actif et \u00e0 un m\u00e9lange soigneusement \u00e9labor\u00e9 d&rsquo;huiles essentielles inspir\u00e9es de la for\u00eat. Con\u00e7ue pour les consommateurs soucieux de l&rsquo;environnement, cette formule z\u00e9ro d\u00e9chet offre un bain profond\u00e9ment apaisant tout en maintenant une durabilit\u00e9 totale, de l&#8217;emballage aux ingr\u00e9dients.<\/p>\n<h4>Caract\u00e9ristiques principales<\/h4>\n<ul>\n<li>Formule extra-forte de 100 mg de CBD avec des terp\u00e8nes de souche ancienne pour une relaxation accrue<\/li>\n<li>Conception z\u00e9ro d\u00e9chet avec un emballage enti\u00e8rement compostable et un sachet soluble dans l&rsquo;eau<\/li>\n<li>Formulation \u00e0 base de charbon actif pour un bain profond\u00e9ment rafra\u00eechissant et d\u00e9toxifiant<\/li>\n<li>Ingr\u00e9dients \u00e9co-certifi\u00e9s sans plastique ni agent de remplissage inutile<\/li>\n<li>Technologie de dissolution propre qui ne tache pas votre baignoire et ne laisse pas de r\u00e9sidus.<\/li>\n<\/ul>\n<h4>Ar\u00f4me et profil cannabique<\/h4>\n<p>Dark Matter cr\u00e9e une exp\u00e9rience sophistiqu\u00e9e de for\u00eat au cr\u00e9puscule avec son profil d&rsquo;ar\u00f4me complexe comprenant du bois de c\u00e8dre, de l&rsquo;\u00e9pinette noire, du baume de sapin, du patchouli, de l&rsquo;ylang-ylang, du palmarosa, de la marjolaine douce, de la noix de muscade et de l&rsquo;\u00e9corce d&rsquo;orange. Le m\u00e9lange de cannabino\u00efdes et de terp\u00e8nes comprend du CBD ainsi que du \u03b2-caryophyll\u00e8ne, de l&rsquo;\u03b1-bisabolol, de l&rsquo;humul\u00e8ne, du linalol et du g\u00e9raniol, cr\u00e9ant un profil harmonieux qui peut contribuer \u00e0 la relaxation et au calme. Le voyage olfactif s&rsquo;ouvre sur des notes d&rsquo;agrumes vives, passe par des ar\u00f4mes de pin frais et se termine par des notes de fond chaudes de c\u00e8dre et de sapin avec des nuances subtiles de vanille.<\/p>\n<h4>Pourquoi choisir les bombes de bain ?<\/h4>\n<p>Les bombes de bain au CBD offrent aux utilisateurs m\u00e9dicaux une approche douce et compl\u00e8te de la th\u00e9rapie cannabino\u00efde par absorption topique. Cette m\u00e9thode peut contribuer \u00e0 la relaxation musculaire, au confort de la peau et au soulagement g\u00e9n\u00e9ral du stress, tout en offrant une exp\u00e9rience agr\u00e9able, semblable \u00e0 celle d&rsquo;un spa, qui peut am\u00e9liorer les routines de bien-\u00eatre du soir.<\/p>\n<h4>Exp\u00e9dition dans tout le Canada<\/h4>\n<p>La bombe de bain Dark Matter Extra Strength Zero Waste est exp\u00e9di\u00e9e rapidement \u00e0 travers le Canada avec une livraison rapide et fiable. Profitez de la livraison gratuite pour toutes les commandes de plus de 150 $, ce qui facilite l&rsquo;approvisionnement de vos produits de bien-\u00eatre pr\u00e9f\u00e9r\u00e9s d&rsquo;un oc\u00e9an \u00e0 l&rsquo;autre.<\/p>\n<h4>Avantages et couverture pour les anciens combattants<\/h4>\n<p>La bombe de bain Dark Matter Extra Strength Zero Waste est admissible \u00e0 la couverture d&rsquo;ACC (Anciens Combattants Canada) et \u00e0 la facturation directe par l&rsquo;entremise de la Croix Bleue, ce qui fait en sorte que les anciens combattants admissibles n&rsquo;ont aucuns frais \u00e0 d\u00e9bourser. Si vous n&rsquo;avez pas encore de carte m\u00e9dicale, vous pouvez <a href=\"https:\/\/mendomedical.ca\/fr\/carte-medicale\/\">obtenir votre carte m\u00e9dicale gratuite rapidement et facilement<\/a> pour acc\u00e9der \u00e0 ces avantages.<\/p>\n<h4>Ingr\u00e9dients<\/h4>\n<p>Bicarbonate de sodium, acide citrique, sulfate de magn\u00e9sium, amidon de Zea Mays (ma\u00efs), huile de graines de Cannabis Sativa, polysorbate 20, huile de zeste de Citrus Sinensis (orange), huile de Pogostemon Cablin (patchouli), huile d&rsquo;\u00e9corce de Betula Lenta (bouleau), huile de fleur de Cananga Odorata (Ylang-Ylang), huile de feuille d&rsquo;Eucalyptus Globulus, parfum, Origanum Majorana (Marjolaine), Cymbopogon Martini (Palmarosa), Picea Mariana (Epinette noire), Piper Nigrum (Poivre noir), Myristica Fragrans (Noix de muscade), Anthemis Nobilis (Camomille romaine), Beta-Caryophyllene, Geraniol, Linalool, Alpha-Bisabolol, Humulene, Cannabis Extract.<\/p>\n<\/div>\n","protected":false},"featured_media":266338,"comment_status":"open","ping_status":"closed","template":"","meta":{"_acf_changed":false,"site-sidebar-layout":"default","site-content-layout":"","ast-site-content-layout":"default","site-content-style":"default","site-sidebar-style":"default","ast-global-header-display":"","ast-banner-title-visibility":"","ast-main-header-display":"","ast-hfb-above-header-display":"","ast-hfb-below-header-display":"","ast-hfb-mobile-header-display":"","site-post-title":"","ast-breadcrumbs-content":"","ast-featured-img":"","footer-sml-layout":"","ast-disable-related-posts":"","theme-transparent-header-meta":"default","adv-header-id-meta":"","stick-header-meta":"","header-above-stick-meta":"","header-main-stick-meta":"","header-below-stick-meta":"","astra-migrate-meta-layouts":"set","ast-page-background-enabled":"default","ast-page-background-meta":{"desktop":{"background-color":"var(--ast-global-color-4)","background-image":"","background-repeat":"repeat","background-position":"center center","background-size":"auto","background-attachment":"scroll","background-type":"","background-media":"","overlay-type":"","overlay-color":"","overlay-opacity":"","overlay-gradient":""},"tablet":{"background-color":"","background-image":"","background-repeat":"repeat","background-position":"center center","background-size":"auto","background-attachment":"scroll","background-type":"","background-media":"","overlay-type":"","overlay-color":"","overlay-opacity":"","overlay-gradient":""},"mobile":{"background-color":"","background-image":"","background-repeat":"repeat","background-position":"center center","background-size":"auto","background-attachment":"scroll","background-type":"","background-media":"","overlay-type":"","overlay-color":"","overlay-opacity":"","overlay-gradient":""}},"ast-content-background-meta":{"desktop":{"background-color":"var(--ast-global-color-5)","background-image":"","background-repeat":"repeat","background-position":"center center","background-size":"auto","background-attachment":"scroll","background-type":"","background-media":"","overlay-type":"","overlay-color":"","overlay-opacity":"","overlay-gradient":""},"tablet":{"background-color":"var(--ast-global-color-5)","background-image":"","background-repeat":"repeat","background-position":"center center","background-size":"auto","background-attachment":"scroll","background-type":"","background-media":"","overlay-type":"","overlay-color":"","overlay-opacity":"","overlay-gradient":""},"mobile":{"background-color":"var(--ast-global-color-5)","background-image":"","background-repeat":"repeat","background-position":"center center","background-size":"auto","background-attachment":"scroll","background-type":"","background-media":"","overlay-type":"","overlay-color":"","overlay-opacity":"","overlay-gradient":""}}},"product_brand":[],"product_cat":[1152,1150],"product_tag":[],"product_format_filter":[6366],"class_list":{"0":"post-266346","1":"product","2":"type-product","3":"status-publish","4":"has-post-thumbnail","6":"product_cat-bains","7":"product_cat-topiques","8":"pa_intensity-cbd-moyen","9":"pa_marques-blunt-botanicals-fr","10":"pa_origin-alberta-fr","11":"pa_type-de-plante-cbd-fr","12":"product_format_filter-1units","13":"desktop-align-left","14":"tablet-align-left","15":"mobile-align-left","17":"first","18":"instock","19":"taxable","20":"shipping-taxable","21":"purchasable","22":"product-type-simple"},"group_of_quantity":0,"min_quantity":0,"max_quantity":"","exclude_order_quantity_value_rules":"no","exclude_category_quantity_rules":"no","combine_variations":"no","acf":[],"_links":{"self":[{"href":"https:\/\/mendomedical.ca\/fr\/wp-json\/wp\/v2\/product\/266346","targetHints":{"allow":["GET"]}}],"collection":[{"href":"https:\/\/mendomedical.ca\/fr\/wp-json\/wp\/v2\/product"}],"about":[{"href":"https:\/\/mendomedical.ca\/fr\/wp-json\/wp\/v2\/types\/product"}],"replies":[{"embeddable":true,"href":"https:\/\/mendomedical.ca\/fr\/wp-json\/wp\/v2\/comments?post=266346"}],"wp:featuredmedia":[{"embeddable":true,"href":"https:\/\/mendomedical.ca\/fr\/wp-json\/wp\/v2\/media\/266338"}],"wp:attachment":[{"href":"https:\/\/mendomedical.ca\/fr\/wp-json\/wp\/v2\/media?parent=266346"}],"wp:term":[{"taxonomy":"product_brand","embeddable":true,"href":"https:\/\/mendomedical.ca\/fr\/wp-json\/wp\/v2\/product_brand?post=266346"},{"taxonomy":"product_cat","embeddable":true,"href":"https:\/\/mendomedical.ca\/fr\/wp-json\/wp\/v2\/product_cat?post=266346"},{"taxonomy":"product_tag","embeddable":true,"href":"https:\/\/mendomedical.ca\/fr\/wp-json\/wp\/v2\/product_tag?post=266346"},{"taxonomy":"product_format_filter","embeddable":true,"href":"https:\/\/mendomedical.ca\/fr\/wp-json\/wp\/v2\/product_format_filter?post=266346"}],"curies":[{"name":"wp","href":"https:\/\/api.w.org\/{rel}","templated":true}]}}