{"id":266118,"date":"2025-09-19T19:10:44","date_gmt":"2025-09-19T23:10:44","guid":{"rendered":"https:\/\/mendomedical.ca\/product\/crystal-caviar-pre-rolls-30x0-5g\/"},"modified":"2026-03-26T13:11:29","modified_gmt":"2026-03-26T17:11:29","slug":"crystal-caviar-pre-rolls-30x0-5g","status":"publish","type":"product","link":"https:\/\/mendomedical.ca\/fr\/produit\/crystal-caviar-pre-rolls-30x0-5g\/","title":{"rendered":"Crystal Caviar Pr\u00e9-rolls 30&#215;0.5g"},"content":{"rendered":"","protected":false},"excerpt":{"rendered":"<div class=\"ExternalClass08D4362746B740B39BE97FFA1DA7586C\">\n<h3>Crystal Caviar Pr\u00e9-rolls (30&#215;0.5g)<\/h3>\n<p>Faites l&rsquo;exp\u00e9rience de la qualit\u00e9 sup\u00e9rieure des Pr\u00e9-rolls Crystal Caviar de Six One Charlie&rsquo;s, qui pr\u00e9sentent un m\u00e9lange savamment \u00e9labor\u00e9 de g\u00e9n\u00e9tiques Dark Matter x Cali Diesel x God. D\u00e9velopp\u00e9s dans les Kootenays par l&rsquo;\u00e9quipe de s\u00e9lection de Kootenay Quantum, ces Pr\u00e9-rolls \u00e0 dominante sativa offrent une exp\u00e9rience puissante de 25 \u00e0 30 % de THC, avec des saveurs de mandarine acidul\u00e9e distinctives et des effets stimulants. Chaque paquet contient 30 Pr\u00e9-rolls pratiques de 0,5g, parfaits pour les consommateurs de cannabis m\u00e9dical \u00e0 la recherche d&rsquo;un dosage constant et d&rsquo;une qualit\u00e9 exceptionnelle.<\/p>\n<h4>Caract\u00e9ristiques principales<\/h4>\n<ul>\n<li>G\u00e9n\u00e9tique hybride de premi\u00e8re qualit\u00e9 : Dark Matter x Cali Diesel x God combinaison de souches<\/li>\n<li>Puissance \u00e9lev\u00e9e avec une teneur en THC de 25 \u00e0 30 % pour les utilisateurs exp\u00e9riment\u00e9s<\/li>\n<li>Profil de saveur distinctif de mandarine acide avec des notes de houblon et de banane.<\/li>\n<li>Format pratique de 30 paquets avec des Pr\u00e9-rolls de 0,5g pour un dosage pr\u00e9cis.<\/li>\n<li>Les effets dominants de la sativa peuvent aider \u00e0 soutenir l&rsquo;\u00e9nergie cr\u00e9ative et la concentration.<\/li>\n<\/ul>\n<h4>Saveur, ar\u00f4me et profil cannabique<\/h4>\n<p>Le Crystal Caviar offre une exp\u00e9rience aromatique intense, avec un nez puissant aux notes de mandarine acide, de houblon et de banane qui emplissent des pi\u00e8ces enti\u00e8res d\u00e8s l&rsquo;ouverture. Le profil aromatique conserve ces caract\u00e9ristiques distinctives du d\u00e9but \u00e0 la fin, avec une explosion suppl\u00e9mentaire d&rsquo;agrumes au milieu de la consommation. Ce cultivar pr\u00e9sente une gamme compl\u00e8te de terp\u00e8nes, dont le terpinol\u00e8ne, le myrc\u00e8ne, le caryophyll\u00e8ne, le limon\u00e8ne et le cym\u00e8ne, qui contribuent \u00e0 son profil aromatique et gustatif complexe, tout en am\u00e9liorant potentiellement l&rsquo;exp\u00e9rience th\u00e9rapeutique globale.<\/p>\n<h4>Pourquoi choisir les pr\u00e9-rolls ?<\/h4>\n<p>Les Pr\u00e9-rolls offrent aux consommateurs de cannabis m\u00e9dical une commodit\u00e9 ultime et un dosage coh\u00e9rent sans avoir besoin de moudre ou de rouler. Le format de 0,5 g permet un contr\u00f4le pr\u00e9cis des portions, ce qui facilite la gestion de votre r\u00e9gime th\u00e9rapeutique tout en garantissant un cannabis frais et pr\u00e9par\u00e9 de mani\u00e8re professionnelle \u00e0 chaque fois.<\/p>\n<h4>Exp\u00e9dition dans tout le Canada<\/h4>\n<p>Les Pr\u00e9-rolls Crystal Caviar sont exp\u00e9di\u00e9s rapidement \u00e0 travers le Canada avec une livraison rapide et discr\u00e8te \u00e0 votre porte. Profitez de la livraison gratuite pour les commandes de plus de 150 $, ce qui rend pratique et abordable le maintien de votre approvisionnement en cannabis m\u00e9dical dans tout le pays.<\/p>\n<h4>Avantages et couverture pour les anciens combattants<\/h4>\n<p>Les Pr\u00e9-rolls Crystal Caviar sont admissibles \u00e0 la couverture d&rsquo;ACC (Anciens Combattants Canada) avec une facturation directe disponible par l&rsquo;interm\u00e9diaire de la Croix Bleue, garantissant l&rsquo;absence de frais pour les anciens combattants admissibles. Si vous n&rsquo;avez pas encore de carte de cannabis m\u00e9dical, vous pouvez <a href=\"https:\/\/mendomedical.ca\/fr\/carte-medicale\/\">obtenir votre carte m\u00e9dicale gratuite rapidement et facilement<\/a> pour acc\u00e9der \u00e0 ces avantages et commencer votre traitement.<\/p>\n<div>\n<h5><em>61 Charlie a \u00e9t\u00e9 cr\u00e9\u00e9 par des v\u00e9t\u00e9rans pour des v\u00e9t\u00e9rans. Nous mettons un point d&rsquo;honneur \u00e0 s\u00e9lectionner nos produits avec le plus grand soin et la plus grande attention. En tant que patients et v\u00e9t\u00e9rans impartiaux, nous avons eu l&rsquo;occasion unique d&rsquo;explorer les meilleures offres de cannabis m\u00e9dical disponibles sur le march\u00e9, en veillant \u00e0 n&rsquo;accepter que les produits qui r\u00e9pondent \u00e0 nos normes rigoureuses - dix sur dix, \u00e0 chaque fois. Notre mission est claire : fournir des solutions efficaces aux anciens combattants et \u00e0 ceux qui luttent contre les probl\u00e8mes de sant\u00e9 mentale et de stress post-traumatique. Les fleurs que nous choisissons pour nos sachets sont soigneusement s\u00e9lectionn\u00e9es en fonction de leurs propri\u00e9t\u00e9s uniques et de leur efficacit\u00e9, ainsi que des commentaires des patients, pour lutter contre une vari\u00e9t\u00e9 de sympt\u00f4mes - qu&rsquo;il s&rsquo;agisse de douleurs chroniques, d&rsquo;anxi\u00e9t\u00e9, de d\u00e9pression, de probl\u00e8mes de sommeil, d&rsquo;irritabilit\u00e9 ou de probl\u00e8mes de concentration. Chaque produit que nous proposons est con\u00e7u pour soutenir le parcours de gu\u00e9rison de ceux qui servent courageusement notre pays et de ceux qui cherchent \u00e0 \u00eatre soulag\u00e9s dans leur vie quotidienne. \u00c0 61 Charlie, nous voulons donner \u00e0 notre communaut\u00e9 les outils dont elle a besoin pour retrouver son bien-\u00eatre et s&rsquo;\u00e9panouir.<\/em><\/h5>\n<p>&nbsp;<\/p>\n<\/div>\n<\/div>\n","protected":false},"featured_media":266108,"comment_status":"open","ping_status":"closed","template":"","meta":{"_acf_changed":false,"site-sidebar-layout":"default","site-content-layout":"","ast-site-content-layout":"default","site-content-style":"default","site-sidebar-style":"default","ast-global-header-display":"","ast-banner-title-visibility":"","ast-main-header-display":"","ast-hfb-above-header-display":"","ast-hfb-below-header-display":"","ast-hfb-mobile-header-display":"","site-post-title":"","ast-breadcrumbs-content":"","ast-featured-img":"","footer-sml-layout":"","ast-disable-related-posts":"","theme-transparent-header-meta":"default","adv-header-id-meta":"","stick-header-meta":"","header-above-stick-meta":"","header-main-stick-meta":"","header-below-stick-meta":"","astra-migrate-meta-layouts":"set","ast-page-background-enabled":"default","ast-page-background-meta":{"desktop":{"background-color":"var(--ast-global-color-4)","background-image":"","background-repeat":"repeat","background-position":"center center","background-size":"auto","background-attachment":"scroll","background-type":"","background-media":"","overlay-type":"","overlay-color":"","overlay-opacity":"","overlay-gradient":""},"tablet":{"background-color":"","background-image":"","background-repeat":"repeat","background-position":"center center","background-size":"auto","background-attachment":"scroll","background-type":"","background-media":"","overlay-type":"","overlay-color":"","overlay-opacity":"","overlay-gradient":""},"mobile":{"background-color":"","background-image":"","background-repeat":"repeat","background-position":"center center","background-size":"auto","background-attachment":"scroll","background-type":"","background-media":"","overlay-type":"","overlay-color":"","overlay-opacity":"","overlay-gradient":""}},"ast-content-background-meta":{"desktop":{"background-color":"var(--ast-global-color-5)","background-image":"","background-repeat":"repeat","background-position":"center center","background-size":"auto","background-attachment":"scroll","background-type":"","background-media":"","overlay-type":"","overlay-color":"","overlay-opacity":"","overlay-gradient":""},"tablet":{"background-color":"var(--ast-global-color-5)","background-image":"","background-repeat":"repeat","background-position":"center center","background-size":"auto","background-attachment":"scroll","background-type":"","background-media":"","overlay-type":"","overlay-color":"","overlay-opacity":"","overlay-gradient":""},"mobile":{"background-color":"var(--ast-global-color-5)","background-image":"","background-repeat":"repeat","background-position":"center center","background-size":"auto","background-attachment":"scroll","background-type":"","background-media":"","overlay-type":"","overlay-color":"","overlay-opacity":"","overlay-gradient":""}}},"product_brand":[],"product_cat":[4803,1144],"product_tag":[],"product_format_filter":[6374],"class_list":{"0":"post-266118","1":"product","2":"type-product","3":"status-publish","4":"has-post-thumbnail","6":"product_cat-pre-rolls-non-infuses","7":"product_cat-pre-roules","8":"pa_flavours-mandarine-aigre","9":"pa_intensity-thc-eleve","10":"pa_marques-six-one-charlie-fr","11":"pa_origin-colombie-britannique-fr","12":"pa_profil-terpene-caryophyllene","13":"pa_profil-terpene-linalol-fr","14":"pa_profil-terpene-myrcene","15":"pa_profil-terpene-terpinolene-fr","16":"pa_type-de-plante-hybride-sativa-fr","17":"product_format_filter-0-5g","18":"desktop-align-left","19":"tablet-align-left","20":"mobile-align-left","22":"first","23":"instock","24":"taxable","25":"shipping-taxable","26":"purchasable","27":"product-type-simple"},"group_of_quantity":0,"min_quantity":0,"max_quantity":"","exclude_order_quantity_value_rules":"no","exclude_category_quantity_rules":"no","combine_variations":"no","acf":[],"_links":{"self":[{"href":"https:\/\/mendomedical.ca\/fr\/wp-json\/wp\/v2\/product\/266118","targetHints":{"allow":["GET"]}}],"collection":[{"href":"https:\/\/mendomedical.ca\/fr\/wp-json\/wp\/v2\/product"}],"about":[{"href":"https:\/\/mendomedical.ca\/fr\/wp-json\/wp\/v2\/types\/product"}],"replies":[{"embeddable":true,"href":"https:\/\/mendomedical.ca\/fr\/wp-json\/wp\/v2\/comments?post=266118"}],"wp:featuredmedia":[{"embeddable":true,"href":"https:\/\/mendomedical.ca\/fr\/wp-json\/wp\/v2\/media\/266108"}],"wp:attachment":[{"href":"https:\/\/mendomedical.ca\/fr\/wp-json\/wp\/v2\/media?parent=266118"}],"wp:term":[{"taxonomy":"product_brand","embeddable":true,"href":"https:\/\/mendomedical.ca\/fr\/wp-json\/wp\/v2\/product_brand?post=266118"},{"taxonomy":"product_cat","embeddable":true,"href":"https:\/\/mendomedical.ca\/fr\/wp-json\/wp\/v2\/product_cat?post=266118"},{"taxonomy":"product_tag","embeddable":true,"href":"https:\/\/mendomedical.ca\/fr\/wp-json\/wp\/v2\/product_tag?post=266118"},{"taxonomy":"product_format_filter","embeddable":true,"href":"https:\/\/mendomedical.ca\/fr\/wp-json\/wp\/v2\/product_format_filter?post=266118"}],"curies":[{"name":"wp","href":"https:\/\/api.w.org\/{rel}","templated":true}]}}