{"id":266052,"date":"2025-09-01T16:45:48","date_gmt":"2025-09-01T20:45:48","guid":{"rendered":"https:\/\/mendomedical.ca\/?post_type=product&#038;p=266052"},"modified":"2026-04-20T00:18:16","modified_gmt":"2026-04-20T04:18:16","slug":"blackberry-thcthcv-full-spectrum-vape","status":"publish","type":"product","link":"https:\/\/mendomedical.ca\/fr\/produit\/blackberry-thcthcv-full-spectrum-vape\/","title":{"rendered":"Blackberry THC+THCv Full Spectrum Vape"},"content":{"rendered":"","protected":false},"excerpt":{"rendered":"<div class=\"ExternalClass46A9D898F6E54ADF8AA181B55FA08F53\">\n<h3>THC+THCv Full Spectrum Vape - 1g by Orchard<\/h3>\n<h3>Terp\u00e8nes totaux 9.32%<\/h3>\n<p>D\u00e9couvrez la puissante combinaison de THC et de THCv avec la cartouche de vaporisation Orchard&rsquo;s premium Blackberry THCv. Cette vape de cannabis \u00e0 spectre complet d\u00e9livre jusqu&rsquo;\u00e0 60 % de THC et 20 % de THCv, offrant aux utilisateurs m\u00e9dicaux une exp\u00e9rience puissante et lucide. Cultiv\u00e9e et extraite sur place \u00e0 Saanichton sous un ensoleillement naturel, cette cartouche de 1 gramme offre une qualit\u00e9 et une constance exceptionnelles \u00e0 ceux qui recherchent un soulagement cibl\u00e9.<\/p>\n<h4>Caract\u00e9ristiques principales et points forts du produit<\/h4>\n<ul>\n<li>Formule tr\u00e8s puissante contenant jusqu&rsquo;\u00e0 60 % de THC et 20 % de THCv pour des effets th\u00e9rapeutiques accrus<\/li>\n<li>Profil de cannabino\u00efdes \u00e0 spectre complet, y compris CBG et CBC, pour des b\u00e9n\u00e9fices complets.<\/li>\n<li>Cultiv\u00e9 et trait\u00e9 sur place par Orchard, le cultivar Blackberry THCv est d&rsquo;origine unique.<\/li>\n<li>Cartouche de 1 gramme de premi\u00e8re qualit\u00e9 pour une utilisation prolong\u00e9e et une valeur ajout\u00e9e<\/li>\n<li>Am\u00e9lior\u00e9 par les terp\u00e8nes de la Cannabis Native Series d&rsquo;Abstrax Tech, issus de la botanique.<\/li>\n<\/ul>\n<h4>Saveur, ar\u00f4me et profil cannabique<\/h4>\n<p>La vari\u00e9t\u00e9 Blackberry THCv offre une exp\u00e9rience sensorielle d\u00e9licieuse avec des ar\u00f4mes de raisin sucr\u00e9s et funky, compl\u00e9t\u00e9s par des nuances riches. Les utilisateurs peuvent s&rsquo;attendre \u00e0 des notes de baies, cr\u00e9meuses, fruit\u00e9es et sucr\u00e9es qui cr\u00e9ent une exp\u00e9rience de vapotage agr\u00e9able.<\/p>\n<p>Cette vape \u00e0 spectre complet contient un profil cannabino\u00efde robuste comprenant jusqu&rsquo;\u00e0 60% de THC, jusqu&rsquo;\u00e0 20% de THCv et jusqu&rsquo;\u00e0 3% de CBG et CBC combin\u00e9s. Le profil terp\u00e9nique totalise 9,32 %, les trois terp\u00e8nes les plus importants \u00e9tant le b\u00eata-caryophyll\u00e8ne, le farn\u00e9s\u00e8ne et le limon\u00e8ne. Cette combinaison peut avoir des effets stimulants, concentr\u00e9s, lucides et motiv\u00e9s, avec des sensations de picotement et de corps l\u00e9ger.<\/p>\n<h4>Pourquoi choisir Vapes ?<\/h4>\n<p>Les cartouches de vaporisation offrent aux consommateurs de cannabis m\u00e9dical un contr\u00f4le pr\u00e9cis du dosage et une apparition rapide des effets, ce qui les rend id\u00e9ales pour g\u00e9rer les sympt\u00f4mes tout au long de la journ\u00e9e. La nature discr\u00e8te et la commodit\u00e9 des vapes permettent une administration facile tout en pr\u00e9servant l&rsquo;intimit\u00e9 et la portabilit\u00e9 pour un soulagement en d\u00e9placement.<\/p>\n<h4>Exp\u00e9dition dans tout le Canada<\/h4>\n<p>THC+THCv Full Cannabinoid Spectrum Vape - 1g est exp\u00e9di\u00e9 rapidement \u00e0 travers le Canada avec une livraison rapide et fiable. Profitez de la livraison gratuite pour les commandes de plus de 150 $, ce qui facilite l&rsquo;acc\u00e8s \u00e0 vos besoins en cannabis m\u00e9dical sans frais suppl\u00e9mentaires.<\/p>\n<h4>Avantages et couverture pour les anciens combattants<\/h4>\n<p>THC+THCv Full Cannabinoid Spectrum Vape - 1g est admissible \u00e0 la couverture d&rsquo;Anciens Combattants Canada (ACC) et \u00e0 la facturation directe par l&rsquo;entremise de la Croix Bleue, ce qui fait en sorte que les anciens combattants admissibles n&rsquo;ont pas \u00e0 d\u00e9bourser d&rsquo;argent. Si vous n&rsquo;avez pas encore de carte m\u00e9dicale, vous pouvez <a href=\"https:\/\/mendomedical.ca\/fr\/carte-medicale\/\">obtenir votre carte m\u00e9dicale gratuite rapidement et facilement<\/a> pour acc\u00e9der \u00e0 ces avantages.<\/p>\n<h4>Ingr\u00e9dients<\/h4>\n<p>Extrait de cannabis \u00e0 spectre complet, terp\u00e8nes d&rsquo;origine botanique \u00ab\u00a0Cannabis Native Series\u00a0\u00bb d&rsquo;Abstrax Tech<\/p>\n<\/div>\n","protected":false},"featured_media":265979,"comment_status":"open","ping_status":"closed","template":"","meta":{"_acf_changed":false,"site-sidebar-layout":"default","site-content-layout":"","ast-site-content-layout":"default","site-content-style":"default","site-sidebar-style":"default","ast-global-header-display":"","ast-banner-title-visibility":"","ast-main-header-display":"","ast-hfb-above-header-display":"","ast-hfb-below-header-display":"","ast-hfb-mobile-header-display":"","site-post-title":"","ast-breadcrumbs-content":"","ast-featured-img":"","footer-sml-layout":"","ast-disable-related-posts":"","theme-transparent-header-meta":"default","adv-header-id-meta":"","stick-header-meta":"","header-above-stick-meta":"","header-main-stick-meta":"","header-below-stick-meta":"","astra-migrate-meta-layouts":"set","ast-page-background-enabled":"default","ast-page-background-meta":{"desktop":{"background-color":"var(--ast-global-color-4)","background-image":"","background-repeat":"repeat","background-position":"center center","background-size":"auto","background-attachment":"scroll","background-type":"","background-media":"","overlay-type":"","overlay-color":"","overlay-opacity":"","overlay-gradient":""},"tablet":{"background-color":"","background-image":"","background-repeat":"repeat","background-position":"center center","background-size":"auto","background-attachment":"scroll","background-type":"","background-media":"","overlay-type":"","overlay-color":"","overlay-opacity":"","overlay-gradient":""},"mobile":{"background-color":"","background-image":"","background-repeat":"repeat","background-position":"center center","background-size":"auto","background-attachment":"scroll","background-type":"","background-media":"","overlay-type":"","overlay-color":"","overlay-opacity":"","overlay-gradient":""}},"ast-content-background-meta":{"desktop":{"background-color":"var(--ast-global-color-5)","background-image":"","background-repeat":"repeat","background-position":"center center","background-size":"auto","background-attachment":"scroll","background-type":"","background-media":"","overlay-type":"","overlay-color":"","overlay-opacity":"","overlay-gradient":""},"tablet":{"background-color":"var(--ast-global-color-5)","background-image":"","background-repeat":"repeat","background-position":"center center","background-size":"auto","background-attachment":"scroll","background-type":"","background-media":"","overlay-type":"","overlay-color":"","overlay-opacity":"","overlay-gradient":""},"mobile":{"background-color":"var(--ast-global-color-5)","background-image":"","background-repeat":"repeat","background-position":"center center","background-size":"auto","background-attachment":"scroll","background-type":"","background-media":"","overlay-type":"","overlay-color":"","overlay-opacity":"","overlay-gradient":""}}},"product_brand":[],"product_cat":[2334,1160,1530,1159],"product_tag":[],"product_format_filter":[6369],"class_list":{"0":"post-266052","1":"product","2":"type-product","3":"status-publish","4":"has-post-thumbnail","6":"product_cat-cannabinoides-mineurs","7":"product_cat-cart-fil-510","8":"product_cat-spectre-complet1","9":"product_cat-vapoteuses","10":"pa_flavours-baies","11":"pa_flavours-cremeux","12":"pa_flavours-fruite","13":"pa_flavours-doux","14":"pa_intensity-low-thcv-fr","15":"pa_intensity-thc-eleve","16":"pa_intensity-low-cbg-fr","17":"pa_marques-orchard-fr","18":"pa_origin-colombie-britannique-fr","19":"pa_profil-terpene-caryophyllene","20":"pa_profil-terpene-farnesene-fr","21":"pa_profil-terpene-limonene-fr","22":"pa_type-de-plante-hybride-sativa-fr","23":"product_format_filter-1g","24":"desktop-align-left","25":"tablet-align-left","26":"mobile-align-left","28":"first","29":"instock","30":"taxable","31":"shipping-taxable","32":"purchasable","33":"product-type-simple"},"group_of_quantity":0,"min_quantity":0,"max_quantity":"","exclude_order_quantity_value_rules":"no","exclude_category_quantity_rules":"no","combine_variations":"no","acf":[],"_links":{"self":[{"href":"https:\/\/mendomedical.ca\/fr\/wp-json\/wp\/v2\/product\/266052","targetHints":{"allow":["GET"]}}],"collection":[{"href":"https:\/\/mendomedical.ca\/fr\/wp-json\/wp\/v2\/product"}],"about":[{"href":"https:\/\/mendomedical.ca\/fr\/wp-json\/wp\/v2\/types\/product"}],"replies":[{"embeddable":true,"href":"https:\/\/mendomedical.ca\/fr\/wp-json\/wp\/v2\/comments?post=266052"}],"wp:featuredmedia":[{"embeddable":true,"href":"https:\/\/mendomedical.ca\/fr\/wp-json\/wp\/v2\/media\/265979"}],"wp:attachment":[{"href":"https:\/\/mendomedical.ca\/fr\/wp-json\/wp\/v2\/media?parent=266052"}],"wp:term":[{"taxonomy":"product_brand","embeddable":true,"href":"https:\/\/mendomedical.ca\/fr\/wp-json\/wp\/v2\/product_brand?post=266052"},{"taxonomy":"product_cat","embeddable":true,"href":"https:\/\/mendomedical.ca\/fr\/wp-json\/wp\/v2\/product_cat?post=266052"},{"taxonomy":"product_tag","embeddable":true,"href":"https:\/\/mendomedical.ca\/fr\/wp-json\/wp\/v2\/product_tag?post=266052"},{"taxonomy":"product_format_filter","embeddable":true,"href":"https:\/\/mendomedical.ca\/fr\/wp-json\/wp\/v2\/product_format_filter?post=266052"}],"curies":[{"name":"wp","href":"https:\/\/api.w.org\/{rel}","templated":true}]}}