{"id":265521,"date":"2025-08-31T16:05:25","date_gmt":"2025-08-31T20:05:25","guid":{"rendered":"https:\/\/mendomedical.ca\/?post_type=product&#038;p=265521"},"modified":"2026-04-20T09:54:25","modified_gmt":"2026-04-20T13:54:25","slug":"pineapple-garlic-live-rosin","status":"publish","type":"product","link":"https:\/\/mendomedical.ca\/fr\/produit\/pineapple-garlic-live-rosin\/","title":{"rendered":"Pineapple Garlic Live Rosin (Rosine vivante d&rsquo;ananas et d&rsquo;ail)"},"content":{"rendered":"","protected":false},"excerpt":{"rendered":"<div class=\"ExternalClassBCC6FA4035B04228A42387605F60B36E\">\n<h3>Pineapple Garlic Live Rosin - EarthWolf Farms<br \/>\nTerp\u00e8nes totaux 7,6%.<\/h3>\n<p>D\u00e9couvrez la qualit\u00e9 exceptionnelle de Pineapple Garlic Live Rosin d&rsquo;EarthWolf Farms, un concentr\u00e9 haut de gamme de 1 gramme qui combine magistralement la douceur tropicale de l&rsquo;ananas et les nuances distinctives de l&rsquo;ail. Ce concentr\u00e9 sans solvant est fabriqu\u00e9 \u00e0 partir de fleurs biologiques cultiv\u00e9es au soleil en utilisant des m\u00e9thodes traditionnelles d&rsquo;extraction \u00e0 l&rsquo;eau glac\u00e9e, offrant une puissante teneur en THC de 66 % avec un impressionnant profil de terp\u00e8nes totaux de 7,6 %. <\/p>\n<h4>Caract\u00e9ristiques principales<\/h4>\n<ul>\n<li>Rosine vivante de premi\u00e8re qualit\u00e9 extraite uniquement \u00e0 l&rsquo;aide de glace, d&rsquo;eau et d&rsquo;une chaleur douce.<\/li>\n<li>Fabriqu\u00e9 \u00e0 partir de fleurs de cannabis biologiques cultiv\u00e9es au soleil<\/li>\n<li>Haute puissance avec 66% de THC, 2,8% de CBG et 2,2% de THCV<\/li>\n<li>Profil terp\u00e9nique riche avec 7,6 % de terp\u00e8nes totaux.<\/li>\n<li>Combinaison unique de saveurs d&rsquo;ananas tropical et de notes d&rsquo;ail funky<\/li>\n<\/ul>\n<h4>Saveur, ar\u00f4me et profil cannabique<\/h4>\n<p>Cette Live Rosin distinctive offre un voyage gustatif complexe avec des notes tropicales fruit\u00e9es \u00e9quilibr\u00e9es par des nuances herbac\u00e9es et musqu\u00e9es. Le profil sucr\u00e9 de l&rsquo;ananas est compl\u00e9t\u00e9 par des notes funky d&rsquo;ail et de gaz, cr\u00e9ant un ar\u00f4me terreux et sucr\u00e9. Avec 66 % de THC comme cannabino\u00efde dominant, ce concentr\u00e9 contient \u00e9galement 2,8 % de CBG et 2,2 % de THCV, ainsi qu&rsquo;une robuste teneur en terp\u00e8nes totaux de 7,6 %. Les effets potentiels peuvent inclure des sensations euphoriques, une cr\u00e9ativit\u00e9 accrue et une stimulation de l&rsquo;app\u00e9tit.   <\/p>\n<h4>Pourquoi choisir les concentr\u00e9s ?<\/h4>\n<p>Les concentr\u00e9s de cannabis comme le Live Rosin offrent aux utilisateurs m\u00e9dicaux un dosage pr\u00e9cis et des effets \u00e0 action rapide. Le processus d&rsquo;extraction sans solvant pr\u00e9serve le spectre complet des cannabino\u00efdes et des terp\u00e8nes, ce qui peut am\u00e9liorer les b\u00e9n\u00e9fices th\u00e9rapeutiques gr\u00e2ce \u00e0 l&rsquo;effet d&rsquo;entourage. <\/p>\n<h4>Exp\u00e9dition dans tout le Canada<\/h4>\n<p>Pineapple Garlic Live Rosin est exp\u00e9di\u00e9 rapidement dans tout le Canada, avec une livraison gratuite pour les commandes de plus de 150 $. Notre emballage s\u00e9curis\u00e9 garantit que votre concentr\u00e9 arrive dans des conditions optimales et qu&rsquo;il conserve sa puissance et sa qualit\u00e9 pendant le transport. <\/p>\n<h4>Avantages et couverture pour les anciens combattants<\/h4>\n<p>Ce Pineapple Garlic Live Rosin est admissible \u00e0 la couverture d&rsquo;Anciens Combattants Canada (ACC) et \u00e0 la facturation directe par l&rsquo;entremise de la Croix Bleue, ce qui fait en sorte que les anciens combattants admissibles n&rsquo;ont aucuns frais \u00e0 d\u00e9bourser. Si vous n&rsquo;avez pas encore de carte m\u00e9dicale, vous pouvez l&rsquo;obtenir rapidement et facilement gr\u00e2ce \u00e0 notre <a href=\"https:\/\/mendomedical.ca\/fr\/carte-medicale\/\">processus de demande simplifi\u00e9<\/a>. <\/p>\n<h4>Ingr\u00e9dients<\/h4>\n<p>Bubble hash biologique<\/p>\n<\/div>\n","protected":false},"featured_media":265527,"comment_status":"open","ping_status":"closed","template":"","meta":{"_acf_changed":false,"site-sidebar-layout":"default","site-content-layout":"","ast-site-content-layout":"default","site-content-style":"default","site-sidebar-style":"default","ast-global-header-display":"","ast-banner-title-visibility":"","ast-main-header-display":"","ast-hfb-above-header-display":"","ast-hfb-below-header-display":"","ast-hfb-mobile-header-display":"","site-post-title":"","ast-breadcrumbs-content":"","ast-featured-img":"","footer-sml-layout":"","ast-disable-related-posts":"","theme-transparent-header-meta":"default","adv-header-id-meta":"","stick-header-meta":"","header-above-stick-meta":"","header-main-stick-meta":"","header-below-stick-meta":"","astra-migrate-meta-layouts":"set","ast-page-background-enabled":"default","ast-page-background-meta":{"desktop":{"background-color":"var(--ast-global-color-4)","background-image":"","background-repeat":"repeat","background-position":"center center","background-size":"auto","background-attachment":"scroll","background-type":"","background-media":"","overlay-type":"","overlay-color":"","overlay-opacity":"","overlay-gradient":""},"tablet":{"background-color":"","background-image":"","background-repeat":"repeat","background-position":"center center","background-size":"auto","background-attachment":"scroll","background-type":"","background-media":"","overlay-type":"","overlay-color":"","overlay-opacity":"","overlay-gradient":""},"mobile":{"background-color":"","background-image":"","background-repeat":"repeat","background-position":"center center","background-size":"auto","background-attachment":"scroll","background-type":"","background-media":"","overlay-type":"","overlay-color":"","overlay-opacity":"","overlay-gradient":""}},"ast-content-background-meta":{"desktop":{"background-color":"var(--ast-global-color-5)","background-image":"","background-repeat":"repeat","background-position":"center center","background-size":"auto","background-attachment":"scroll","background-type":"","background-media":"","overlay-type":"","overlay-color":"","overlay-opacity":"","overlay-gradient":""},"tablet":{"background-color":"var(--ast-global-color-5)","background-image":"","background-repeat":"repeat","background-position":"center center","background-size":"auto","background-attachment":"scroll","background-type":"","background-media":"","overlay-type":"","overlay-color":"","overlay-opacity":"","overlay-gradient":""},"mobile":{"background-color":"var(--ast-global-color-5)","background-image":"","background-repeat":"repeat","background-position":"center center","background-size":"auto","background-attachment":"scroll","background-type":"","background-media":"","overlay-type":"","overlay-color":"","overlay-opacity":"","overlay-gradient":""}}},"product_brand":[],"product_cat":[3926,1125,1118,1119],"product_tag":[],"product_format_filter":[6369],"class_list":{"0":"post-265521","1":"product","2":"type-product","3":"status-publish","4":"has-post-thumbnail","6":"product_cat-cbd-minors-2-fr","7":"product_cat-rosin-vivante","8":"product_cat-concentres","9":"product_cat-tout-sans-solvant","10":"pa_flavours-fruite","11":"pa_flavours-a-base-de-plantes","12":"pa_flavours-musky","13":"pa_flavours-doux","14":"pa_flavours-tropical-fr","15":"pa_intensity-low-thcv-fr","16":"pa_intensity-thc-eleve","17":"pa_intensity-low-cbg-fr","18":"pa_marques-earthwolf-farms-fr","19":"pa_origin-colombie-britannique-fr","20":"pa_type-de-plante-hybride-fr","21":"pa_type-de-plante-thc-fr","22":"product_format_filter-1g","23":"desktop-align-left","24":"tablet-align-left","25":"mobile-align-left","27":"first","28":"instock","29":"taxable","30":"shipping-taxable","31":"purchasable","32":"product-type-simple"},"group_of_quantity":0,"min_quantity":0,"max_quantity":"","exclude_order_quantity_value_rules":"no","exclude_category_quantity_rules":"no","combine_variations":"no","acf":[],"_links":{"self":[{"href":"https:\/\/mendomedical.ca\/fr\/wp-json\/wp\/v2\/product\/265521","targetHints":{"allow":["GET"]}}],"collection":[{"href":"https:\/\/mendomedical.ca\/fr\/wp-json\/wp\/v2\/product"}],"about":[{"href":"https:\/\/mendomedical.ca\/fr\/wp-json\/wp\/v2\/types\/product"}],"replies":[{"embeddable":true,"href":"https:\/\/mendomedical.ca\/fr\/wp-json\/wp\/v2\/comments?post=265521"}],"wp:featuredmedia":[{"embeddable":true,"href":"https:\/\/mendomedical.ca\/fr\/wp-json\/wp\/v2\/media\/265527"}],"wp:attachment":[{"href":"https:\/\/mendomedical.ca\/fr\/wp-json\/wp\/v2\/media?parent=265521"}],"wp:term":[{"taxonomy":"product_brand","embeddable":true,"href":"https:\/\/mendomedical.ca\/fr\/wp-json\/wp\/v2\/product_brand?post=265521"},{"taxonomy":"product_cat","embeddable":true,"href":"https:\/\/mendomedical.ca\/fr\/wp-json\/wp\/v2\/product_cat?post=265521"},{"taxonomy":"product_tag","embeddable":true,"href":"https:\/\/mendomedical.ca\/fr\/wp-json\/wp\/v2\/product_tag?post=265521"},{"taxonomy":"product_format_filter","embeddable":true,"href":"https:\/\/mendomedical.ca\/fr\/wp-json\/wp\/v2\/product_format_filter?post=265521"}],"curies":[{"name":"wp","href":"https:\/\/api.w.org\/{rel}","templated":true}]}}