{"id":265133,"date":"2025-08-26T07:00:02","date_gmt":"2025-08-26T11:00:02","guid":{"rendered":"https:\/\/mendomedical.ca\/product\/moments-de-repos-cbdcbncbg-paquet-de-30\/"},"modified":"2026-03-18T11:45:59","modified_gmt":"2026-03-18T15:45:59","slug":"rest-moment-cbdcbncbg-paquet-de-30","status":"publish","type":"product","link":"https:\/\/mendomedical.ca\/fr\/produit\/rest-moment-cbdcbncbg-paquet-de-30\/","title":{"rendered":"Moments de repos (CBD:CBN:CBG) (Paquet de 30)"},"content":{"rendered":"","protected":false},"excerpt":{"rendered":"<div class=\"ExternalClassB2E0D8CDF28F4F998C1ADA933896C7C4\">\n<h3>Moments de repos (CBD:CBN:CBG) (30 Pack) par UFEELU<\/h3>\n<p>Les Rest Moments d&rsquo;Ufeelu offrent un m\u00e9lange soigneusement \u00e9labor\u00e9 de CBD, CBN et CBG dans des comprim\u00e9s nano-\u00e9mulsifi\u00e9s pratiques con\u00e7us pour favoriser la relaxation et un sommeil r\u00e9parateur. Chaque paquet contient 30 comprim\u00e9s \u00e0 action rapide et \u00e0 avaler, formul\u00e9s avec la nanotechnologie RapidSense\u2122 pour une biodisponibilit\u00e9 am\u00e9lior\u00e9e. Ces comprim\u00e9s v\u00e9g\u00e9taliens, sans sucre et sans gluten combinent des cannabino\u00efdes de premi\u00e8re qualit\u00e9 avec un m\u00e9lange exclusif de 32 terp\u00e8nes REST, offrant aux consommateurs de cannabis m\u00e9dical une solution pratique et efficace pour leur routine de bien-\u00eatre du soir.  <\/p>\n<h4>Caract\u00e9ristiques principales<\/h4>\n<ul>\n<li>Technologie RapidSense\u2122 nano-\u00e9mulsifi\u00e9e pour une biodisponibilit\u00e9 sup\u00e9rieure et un d\u00e9but d&rsquo;action plus rapide.<\/li>\n<li>Formule triple cannabino\u00efde avec 450 mg de CBD, 150 mg de CBN et 30 mg de CBG par paquet<\/li>\n<li>Enrichi d&rsquo;un m\u00e9lange exclusif de 32 terp\u00e8nes REST pour un soutien complet \u00e0 la relaxation.<\/li>\n<li>Formule v\u00e9g\u00e9talienne, sans sucre et sans gluten convenant \u00e0 divers r\u00e9gimes alimentaires<\/li>\n<li>Emballage pratique de 30 comprim\u00e9s de 0,4 g pour un dosage constant et pr\u00e9cis<\/li>\n<\/ul>\n<h4>Profil des cannabino\u00efdes et des terp\u00e8nes<\/h4>\n<p>Chaque paquet de 30 contient 450 mg de CBD, 150 mg de CBN et 30 mg de CBG, cr\u00e9ant un m\u00e9lange synergique \u00e9tudi\u00e9 pour ses propri\u00e9t\u00e9s somnif\u00e8res et anti-inflammatoires potentielles. La formulation est am\u00e9lior\u00e9e par le m\u00e9lange REST de 32 terp\u00e8nes, signature d&rsquo;Ufeelu, sp\u00e9cialement con\u00e7u pour compl\u00e9ter les effets relaxants et s\u00e9datifs du profil cannabino\u00efde. Cette combinaison peut aider \u00e0 soutenir les cycles naturels du sommeil et \u00e0 promouvoir une exp\u00e9rience apaisante en soir\u00e9e pour les consommateurs de cannabis m\u00e9dical qui recherchent un repos r\u00e9parateur.  <\/p>\n<h4>Pourquoi choisir les g\u00e9lules ?<\/h4>\n<p>Les g\u00e9lules offrent aux utilisateurs m\u00e9dicaux un dosage pr\u00e9cis, une consommation discr\u00e8te et des effets constants sans qu&rsquo;il soit n\u00e9cessaire de les inhaler. La technologie nano-\u00e9mulsifi\u00e9e de Rest Moments permet une absorption plus rapide que les g\u00e9lules traditionnelles, ce qui les rend id\u00e9ales pour les patients qui ont besoin d&rsquo;un soulagement fiable et pr\u00e9visible pour le sommeil et la relaxation. <\/p>\n<h4>Exp\u00e9dition dans tout le Canada<\/h4>\n<p>Rest Moments (CBD:CBN:CBG) est exp\u00e9di\u00e9 rapidement \u00e0 travers le Canada avec une livraison rapide et fiable \u00e0 votre porte. Nous offrons la livraison gratuite pour toutes les commandes de plus de 150 $, ce qui rend pratique et rentable le maintien de votre routine de bien-\u00eatre. Les commandes sont trait\u00e9es efficacement afin que vous receviez vos produits au moment o\u00f9 vous en avez le plus besoin.  <\/p>\n<h4>Avantages et couverture pour les anciens combattants<\/h4>\n<p>Rest Moments (CBD:CBN:CBG) est admissible \u00e0 la couverture d&rsquo;Anciens Combattants Canada (ACC) et \u00e0 la facturation directe par l&rsquo;entremise de la Croix Bleue, ce qui permet aux anciens combattants admissibles de ne pas avoir \u00e0 d\u00e9bourser d&rsquo;argent. Si vous n&rsquo;avez pas encore votre carte de cannabis m\u00e9dical, vous pouvez l&rsquo;obtenir rapidement et facilement par le biais de notre processus simplifi\u00e9 \u00e0 <a href=\"https:\/\/mendomedical.ca\/fr\/carte-medicale\/\">https:\/\/mendomedical.ca\/medical-card\/<\/a> afin d&rsquo;acc\u00e9der \u00e0 ces avantages pr\u00e9cieux et \u00e0 ces options de couverture. <\/p>\n<h4>Ingr\u00e9dients<\/h4>\n<p>Betadex, cellulose microcristalline, extrait de cannabis, copovidone, st\u00e9arate de magn\u00e9sium, crosscarmellose sodique, dioxyde de silicone, acide ascorbique, agent aromatique, terp\u00e8nes botaniques.<\/p>\n<\/div>\n","protected":false},"featured_media":265132,"comment_status":"open","ping_status":"closed","template":"","meta":{"_acf_changed":false,"site-sidebar-layout":"default","site-content-layout":"","ast-site-content-layout":"default","site-content-style":"default","site-sidebar-style":"default","ast-global-header-display":"","ast-banner-title-visibility":"","ast-main-header-display":"","ast-hfb-above-header-display":"","ast-hfb-below-header-display":"","ast-hfb-mobile-header-display":"","site-post-title":"","ast-breadcrumbs-content":"","ast-featured-img":"","footer-sml-layout":"","ast-disable-related-posts":"","theme-transparent-header-meta":"default","adv-header-id-meta":"","stick-header-meta":"","header-above-stick-meta":"","header-main-stick-meta":"","header-below-stick-meta":"","astra-migrate-meta-layouts":"set","ast-page-background-enabled":"default","ast-page-background-meta":{"desktop":{"background-color":"var(--ast-global-color-4)","background-image":"","background-repeat":"repeat","background-position":"center center","background-size":"auto","background-attachment":"scroll","background-type":"","background-media":"","overlay-type":"","overlay-color":"","overlay-opacity":"","overlay-gradient":""},"tablet":{"background-color":"","background-image":"","background-repeat":"repeat","background-position":"center center","background-size":"auto","background-attachment":"scroll","background-type":"","background-media":"","overlay-type":"","overlay-color":"","overlay-opacity":"","overlay-gradient":""},"mobile":{"background-color":"","background-image":"","background-repeat":"repeat","background-position":"center center","background-size":"auto","background-attachment":"scroll","background-type":"","background-media":"","overlay-type":"","overlay-color":"","overlay-opacity":"","overlay-gradient":""}},"ast-content-background-meta":{"desktop":{"background-color":"var(--ast-global-color-5)","background-image":"","background-repeat":"repeat","background-position":"center center","background-size":"auto","background-attachment":"scroll","background-type":"","background-media":"","overlay-type":"","overlay-color":"","overlay-opacity":"","overlay-gradient":""},"tablet":{"background-color":"var(--ast-global-color-5)","background-image":"","background-repeat":"repeat","background-position":"center center","background-size":"auto","background-attachment":"scroll","background-type":"","background-media":"","overlay-type":"","overlay-color":"","overlay-opacity":"","overlay-gradient":""},"mobile":{"background-color":"var(--ast-global-color-5)","background-image":"","background-repeat":"repeat","background-position":"center center","background-size":"auto","background-attachment":"scroll","background-type":"","background-media":"","overlay-type":"","overlay-color":"","overlay-opacity":"","overlay-gradient":""}}},"product_brand":[],"product_cat":[1115,3853,1114],"product_tag":[],"product_format_filter":[6392],"class_list":{"0":"post-265133","1":"product","2":"type-product","3":"status-publish","4":"has-post-thumbnail","6":"product_cat-gelules-fr","7":"product_cat-cbd-minors-5-fr","8":"product_cat-gelules","9":"pa_intensity-eleve-en-cbd","10":"pa_intensity-low-cbg-fr","11":"pa_intensity-med-cbn-fr","12":"pa_marques-ufeelu-fr","13":"pa_origin-ontario-fr","14":"pa_type-de-plante-cbd-fr","15":"pa_type-de-plante-cbg-fr","16":"pa_type-de-plante-cbn-fr","17":"product_format_filter-3units","18":"desktop-align-left","19":"tablet-align-left","20":"mobile-align-left","22":"first","23":"outofstock","24":"taxable","25":"shipping-taxable","26":"purchasable","27":"product-type-simple"},"group_of_quantity":0,"min_quantity":0,"max_quantity":"","exclude_order_quantity_value_rules":"no","exclude_category_quantity_rules":"no","combine_variations":"no","acf":[],"_links":{"self":[{"href":"https:\/\/mendomedical.ca\/fr\/wp-json\/wp\/v2\/product\/265133","targetHints":{"allow":["GET"]}}],"collection":[{"href":"https:\/\/mendomedical.ca\/fr\/wp-json\/wp\/v2\/product"}],"about":[{"href":"https:\/\/mendomedical.ca\/fr\/wp-json\/wp\/v2\/types\/product"}],"replies":[{"embeddable":true,"href":"https:\/\/mendomedical.ca\/fr\/wp-json\/wp\/v2\/comments?post=265133"}],"wp:featuredmedia":[{"embeddable":true,"href":"https:\/\/mendomedical.ca\/fr\/wp-json\/wp\/v2\/media\/265132"}],"wp:attachment":[{"href":"https:\/\/mendomedical.ca\/fr\/wp-json\/wp\/v2\/media?parent=265133"}],"wp:term":[{"taxonomy":"product_brand","embeddable":true,"href":"https:\/\/mendomedical.ca\/fr\/wp-json\/wp\/v2\/product_brand?post=265133"},{"taxonomy":"product_cat","embeddable":true,"href":"https:\/\/mendomedical.ca\/fr\/wp-json\/wp\/v2\/product_cat?post=265133"},{"taxonomy":"product_tag","embeddable":true,"href":"https:\/\/mendomedical.ca\/fr\/wp-json\/wp\/v2\/product_tag?post=265133"},{"taxonomy":"product_format_filter","embeddable":true,"href":"https:\/\/mendomedical.ca\/fr\/wp-json\/wp\/v2\/product_format_filter?post=265133"}],"curies":[{"name":"wp","href":"https:\/\/api.w.org\/{rel}","templated":true}]}}