{"id":265130,"date":"2025-08-26T07:05:12","date_gmt":"2025-08-26T11:05:12","guid":{"rendered":"https:\/\/mendomedical.ca\/product\/focus-moments-cbdcbccbg-paquet-de-30\/"},"modified":"2026-04-07T14:41:28","modified_gmt":"2026-04-07T18:41:28","slug":"focus-moments-cbdcbccbg-paquet-de-30","status":"publish","type":"product","link":"https:\/\/mendomedical.ca\/fr\/produit\/focus-moments-cbdcbccbg-paquet-de-30\/","title":{"rendered":"Focus Moments (CBD:CBC:CBG) (Paquet de 30)"},"content":{"rendered":"","protected":false},"excerpt":{"rendered":"<div class=\"ExternalClassA97E7995744449DC94FF47D4221C23E2\">\n<h3>Focus Moments (CBD:CBC:CBG) (30 Pack) par Ufeelu<\/h3>\n<p>Focus Moments d&rsquo;Ufeelu sont des capsules nano-\u00e9mulsionn\u00e9es avanc\u00e9es con\u00e7ues pour soutenir la concentration et la clart\u00e9 mentale pendant la journ\u00e9e. Chaque paquet contient 30 comprim\u00e9s \u00e0 action rapide pr\u00e9sentant une combinaison soigneusement \u00e9quilibr\u00e9e de cannabino\u00efdes CBD, CBC et CBG, am\u00e9lior\u00e9e par la technologie RapidSense\u2122 pour une biodisponibilit\u00e9 sup\u00e9rieure. Ces g\u00e9lules v\u00e9g\u00e9taliennes, sans sucre et sans gluten offrent un moyen pratique d&rsquo;incorporer les cannabino\u00efdes dans votre routine quotidienne de bien-\u00eatre tout en maintenant l&rsquo;\u00e9nergie et la concentration tout au long de la journ\u00e9e.<\/p>\n<h4>Caract\u00e9ristiques principales et points forts du produit<\/h4>\n<ul>\n<li>Technologie de nano-\u00e9mulsification RapidSense\u2122 pour une biodisponibilit\u00e9 am\u00e9lior\u00e9e et un d\u00e9but d&rsquo;action plus rapide.<\/li>\n<li>Profil \u00e9quilibr\u00e9 de cannabino\u00efdes avec 300 mg de CBD, 150 mg de CBG et 150 mg de CBC par paquet.<\/li>\n<li>M\u00e9lange de 36 terp\u00e8nes FOCUS sp\u00e9cialement formul\u00e9 pour une utilisation diurne<\/li>\n<li>Formule v\u00e9g\u00e9talienne, sans sucre et sans gluten convenant \u00e0 divers r\u00e9gimes alimentaires<\/li>\n<li>30 g\u00e9lules pratiques de 0,4 g pour un dosage r\u00e9gulier et mesur\u00e9<\/li>\n<\/ul>\n<h4>Profil des cannabino\u00efdes et des terp\u00e8nes<\/h4>\n<p>Chaque paquet de 30 Focus Moments contient un total de 300 mg de CBD, 150 mg de CBG et 150 mg de CBC, soit 10 mg de CBD, 5 mg de CBG et 5 mg de CBC par paquet. Ce ratio \u00e9quilibr\u00e9 est compl\u00e9t\u00e9 par un m\u00e9lange exclusif de 36 terp\u00e8nes FOCUS, con\u00e7u pour travailler en synergie avec les cannabino\u00efdes. Cette combinaison peut aider \u00e0 soutenir des effets stimulants, concentr\u00e9s, cr\u00e9atifs, lucides, \u00e9nergiques et \u00e9quilibr\u00e9s, ce qui rend ces g\u00e9lules id\u00e9ales pour une utilisation diurne lorsque la clart\u00e9 mentale est essentielle.<\/p>\n<h4>Pourquoi choisir les g\u00e9lules ?<\/h4>\n<p>Les capsules de cannabis offrent aux utilisateurs m\u00e9dicaux un dosage pr\u00e9cis et coh\u00e9rent avec la commodit\u00e9 des suppl\u00e9ments traditionnels. Leur format discret et leur go\u00fbt neutre les rendent id\u00e9ales pour les patients qui recherchent un apport fiable en cannabino\u00efdes sans la variabilit\u00e9 des autres m\u00e9thodes de consommation. La formule nano-\u00e9mulsionn\u00e9e de Focus Moments permet une action plus rapide que les g\u00e9lules traditionnelles, tout en conservant les effets durables dont les patients ont besoin.<\/p>\n<h4>Exp\u00e9dition dans tout le Canada<\/h4>\n<p>Les capsules Focus Moments (CBD:CBC:CBG) sont exp\u00e9di\u00e9es rapidement \u00e0 travers le Canada gr\u00e2ce \u00e0 notre r\u00e9seau de distribution fiable. Nous offrons une livraison gratuite pour toutes les commandes de plus de 150 $, ce qui rend pratique et rentable le maintien de votre routine de bien-\u00eatre. Notre emballage s\u00e9curis\u00e9 garantit que votre commande arrive en toute s\u00e9curit\u00e9 et en toute discr\u00e9tion \u00e0 votre porte.<\/p>\n<h4>Avantages et couverture pour les anciens combattants<\/h4>\n<p>Les capsules Focus Moments sont admissibles \u00e0 la couverture d&rsquo;Anciens Combattants Canada (ACC) et nous offrons une facturation directe par l&rsquo;entremise de la Croix Bleue, ce qui permet aux anciens combattants admissibles de ne pas avoir \u00e0 d\u00e9bourser d&rsquo;argent. Si vous n&rsquo;avez pas encore de carte de cannabis m\u00e9dical, vous pouvez en obtenir une rapidement et facilement gr\u00e2ce \u00e0 notre service partenaire <a href=\"https:\/\/mendomedical.ca\/fr\/carte-medicale\/\">Mendo Medical Card Services<\/a>, ce qui simplifiera votre acc\u00e8s \u00e0 ces suppl\u00e9ments cannabino\u00efdes b\u00e9n\u00e9fiques.<\/p>\n<h4>Ingr\u00e9dients<\/h4>\n<p>Betadex, cellulose microcristalline, extrait de cannabis, copovidone, st\u00e9arate de magn\u00e9sium, crosscarmellose sodique, dioxyde de silicone, acide ascorbique, agent aromatique, terp\u00e8nes botaniques.<\/p>\n<\/div>\n","protected":false},"featured_media":265129,"comment_status":"open","ping_status":"closed","template":"","meta":{"_acf_changed":false,"site-sidebar-layout":"default","site-content-layout":"","ast-site-content-layout":"default","site-content-style":"default","site-sidebar-style":"default","ast-global-header-display":"","ast-banner-title-visibility":"","ast-main-header-display":"","ast-hfb-above-header-display":"","ast-hfb-below-header-display":"","ast-hfb-mobile-header-display":"","site-post-title":"","ast-breadcrumbs-content":"","ast-featured-img":"","footer-sml-layout":"","ast-disable-related-posts":"","theme-transparent-header-meta":"default","adv-header-id-meta":"","stick-header-meta":"","header-above-stick-meta":"","header-main-stick-meta":"","header-below-stick-meta":"","astra-migrate-meta-layouts":"set","ast-page-background-enabled":"default","ast-page-background-meta":{"desktop":{"background-color":"var(--ast-global-color-4)","background-image":"","background-repeat":"repeat","background-position":"center center","background-size":"auto","background-attachment":"scroll","background-type":"","background-media":"","overlay-type":"","overlay-color":"","overlay-opacity":"","overlay-gradient":""},"tablet":{"background-color":"","background-image":"","background-repeat":"repeat","background-position":"center center","background-size":"auto","background-attachment":"scroll","background-type":"","background-media":"","overlay-type":"","overlay-color":"","overlay-opacity":"","overlay-gradient":""},"mobile":{"background-color":"","background-image":"","background-repeat":"repeat","background-position":"center center","background-size":"auto","background-attachment":"scroll","background-type":"","background-media":"","overlay-type":"","overlay-color":"","overlay-opacity":"","overlay-gradient":""}},"ast-content-background-meta":{"desktop":{"background-color":"var(--ast-global-color-5)","background-image":"","background-repeat":"repeat","background-position":"center center","background-size":"auto","background-attachment":"scroll","background-type":"","background-media":"","overlay-type":"","overlay-color":"","overlay-opacity":"","overlay-gradient":""},"tablet":{"background-color":"var(--ast-global-color-5)","background-image":"","background-repeat":"repeat","background-position":"center center","background-size":"auto","background-attachment":"scroll","background-type":"","background-media":"","overlay-type":"","overlay-color":"","overlay-opacity":"","overlay-gradient":""},"mobile":{"background-color":"var(--ast-global-color-5)","background-image":"","background-repeat":"repeat","background-position":"center center","background-size":"auto","background-attachment":"scroll","background-type":"","background-media":"","overlay-type":"","overlay-color":"","overlay-opacity":"","overlay-gradient":""}}},"product_brand":[],"product_cat":[1115,3853,1114],"product_tag":[],"product_format_filter":[6392],"class_list":{"0":"post-265130","1":"product","2":"type-product","3":"status-publish","4":"has-post-thumbnail","6":"product_cat-gelules-fr","7":"product_cat-cbd-minors-5-fr","8":"product_cat-gelules","9":"pa_intensity-eleve-en-cbd","10":"pa_intensity-med-cbc-fr","11":"pa_intensity-med-cbg-fr","12":"pa_marques-ufeelu-fr","13":"pa_origin-ontario-fr","14":"pa_type-de-plante-cbc-fr","15":"pa_type-de-plante-cbd-fr","16":"pa_type-de-plante-cbg-fr","17":"product_format_filter-3units","18":"desktop-align-left","19":"tablet-align-left","20":"mobile-align-left","22":"first","23":"outofstock","24":"taxable","25":"shipping-taxable","26":"purchasable","27":"product-type-simple"},"group_of_quantity":0,"min_quantity":0,"max_quantity":"","exclude_order_quantity_value_rules":"no","exclude_category_quantity_rules":"no","combine_variations":"no","acf":[],"_links":{"self":[{"href":"https:\/\/mendomedical.ca\/fr\/wp-json\/wp\/v2\/product\/265130","targetHints":{"allow":["GET"]}}],"collection":[{"href":"https:\/\/mendomedical.ca\/fr\/wp-json\/wp\/v2\/product"}],"about":[{"href":"https:\/\/mendomedical.ca\/fr\/wp-json\/wp\/v2\/types\/product"}],"replies":[{"embeddable":true,"href":"https:\/\/mendomedical.ca\/fr\/wp-json\/wp\/v2\/comments?post=265130"}],"wp:featuredmedia":[{"embeddable":true,"href":"https:\/\/mendomedical.ca\/fr\/wp-json\/wp\/v2\/media\/265129"}],"wp:attachment":[{"href":"https:\/\/mendomedical.ca\/fr\/wp-json\/wp\/v2\/media?parent=265130"}],"wp:term":[{"taxonomy":"product_brand","embeddable":true,"href":"https:\/\/mendomedical.ca\/fr\/wp-json\/wp\/v2\/product_brand?post=265130"},{"taxonomy":"product_cat","embeddable":true,"href":"https:\/\/mendomedical.ca\/fr\/wp-json\/wp\/v2\/product_cat?post=265130"},{"taxonomy":"product_tag","embeddable":true,"href":"https:\/\/mendomedical.ca\/fr\/wp-json\/wp\/v2\/product_tag?post=265130"},{"taxonomy":"product_format_filter","embeddable":true,"href":"https:\/\/mendomedical.ca\/fr\/wp-json\/wp\/v2\/product_format_filter?post=265130"}],"curies":[{"name":"wp","href":"https:\/\/api.w.org\/{rel}","templated":true}]}}